{"id":109841,"date":"2026-04-01T10:39:16","date_gmt":"2026-04-01T08:39:16","guid":{"rendered":"https:\/\/zatureczkimarcell.ddns.net\/wordpress\/?post_type=product&#038;p=109841"},"modified":"2026-04-01T10:40:02","modified_gmt":"2026-04-01T08:40:02","slug":"modeka-kyalami-tesztgyoztes-borkabat-extra-kulso-alu-protektorokkal","status":"publish","type":"product","link":"https:\/\/zatureczkimarcell.ddns.net\/wordpress\/termek\/modeka-kyalami-tesztgyoztes-borkabat-extra-kulso-alu-protektorokkal\/","title":{"rendered":"Modeka Kyalami tesztgy\u0151ztes b\u0151rkab\u00e1t extra k\u00fcls\u0151 alu protektorokkal"},"content":{"rendered":"<\/p>\n<p><span style=\"color:#FF0000;\"><strong>A Modeka Kyalami a a legnagyobb p&eacute;ld&aacute;nysz&aacute;m&uacute; nemzetk&ouml;zi Motorrad magazin tesztj&eacute;n &quot;SEHR GUT&quot; min\u0151s&iacute;t&eacute;st kapott.<\/strong><\/span><\/p>\n<p><strong>A Magazin munkat&aacute;rsai a kab&aacute;t k&eacute;nyelm&eacute;t &eacute;s magas szint\u0171 v&eacute;delm&eacute;t emelt&eacute;k ki.&nbsp;<\/strong><\/p>\n<p><span style=\"color:#FF0000;\"><strong>Sportos b\u0151rkab&aacute;t SAS-TEC Level2-es (A level2&nbsp; jelenleg a legmagasabb v&eacute;delmi szabv&aacute;ny a vil&aacute;gon) &nbsp;v&aacute;ll, k&ouml;ny&ouml;k &eacute;s gerincprotektorral, ezen fel&uuml;l, k&uuml;ls\u0151 tit&aacute;n f&eacute;m bet&eacute;tes v&aacute;ll &eacute;s k&ouml;ny&ouml;kv&eacute;d\u0151kkel. Teh&aacute;t gy&aacute;rilag a legmagasabb v&eacute;delmi szintet kapod a kab&aacute;tban!&nbsp;<\/strong><\/span><\/p>\n<p><strong>-K&eacute;nyelmes, marhab\u0151r motoros kab&aacute;t t&ouml;bb ponton nyithat&oacute; <span style=\"color:#FF0000;\">AIRVENT rendszer\u0171 szell\u0151z\u0151kkel &eacute;s perfor&aacute;lt szell\u0151z\u0151&nbsp;<\/span><\/strong><\/p>\n<p><span style=\"color:#FF0000;\"><strong>&nbsp;r&eacute;szekkel .&nbsp;<\/strong><\/span><\/p>\n<p><strong>-Schoeller Keprotec k&eacute;nyelmi bet&eacute;tek&nbsp;<\/strong><\/p>\n<p><strong>-Nadr&aacute;ggal &ouml;sszecipz&aacute;razhat&oacute;&nbsp;<\/strong><\/p>\n<p><strong>-Biztons&aacute;gi , er\u0151s&iacute;tett &quot;Safety &quot; varr&aacute;ssal k&eacute;sz&uuml;lt kab&aacute;t&nbsp;<\/strong><\/p>\n<p><strong>-3M f&eacute;nyvisszaver\u0151 bet&eacute;ttel&nbsp;<\/strong><\/p>\n<p><strong>Figyelem ! Korl&aacute;tozott m&eacute;ret &eacute;s darabsz&aacute;mban el&eacute;rhet\u0151 !&nbsp;<\/strong><\/p>\n<p><strong>48-50-&nbsp;52&nbsp;es m&eacute;retek&nbsp;<\/strong><\/p>\n<p style=\"box-sizing: border-box; margin: 0px 0px 10px; max-width: 100%; font-family: Roboto, sans-serif; font-size: 16px; line-height: 22.8571px;\">Tov&aacute;bbi term&eacute;ktulajdons&aacute;gok&eacute;rt l&aacute;togasd meg az anyaglexikon men&uuml;pontunkat !<\/p>\n<p style=\"box-sizing: border-box; margin: 0px 0px 10px; max-width: 100%; font-family: Roboto, sans-serif; font-size: 16px; line-height: 22.8571px;\"><strong style=\"font-family: Roboto, sans-serif; font-size: 16px; box-sizing: border-box; max-width: 100%;\">Haszn&aacute;lati &eacute;s kezel&eacute;si &uacute;tmutat&oacute; a term&eacute;khez&nbsp;el&eacute;rhet\u0151 ide kattintva:&nbsp;<a href=\"https:\/\/darazsgarazs.hu\/index.php\/termek\/hasznalati-utmutato.1155.html\">https:\/\/darazsgarazs.hu\/index.php\/termek\/hasznalati-utmutato.1155.html<\/a><\/strong><\/p>\n<p style=\"box-sizing: border-box; margin: 0px 0px 10px; max-width: 100%; font-family: Roboto, sans-serif; font-size: 16px;\">A term&eacute;k haszn&aacute;lat&aacute;hoz aj&aacute;nljuk a MODEKA M&eacute;hviaszos b\u0151r &aacute;pol&oacute; term&eacute;k&eacute;t! A speci&aacute;lis k&eacute;sz&iacute;tm&eacute;ny haszn&aacute;lat&aacute;val a motoros term&eacute;kek megv&eacute;dhet\u0151ek az id\u0151 el\u0151tti elhaszn&aacute;l&oacute;d&aacute;st&oacute;l, es\u0151 ut&aacute;ni sz&aacute;rad&aacute;sn&aacute;l a kirepedez&eacute;st\u0151l!<\/p>\n<p style=\"box-sizing: border-box; margin: 0px 0px 10px; max-width: 100%; font-family: Roboto, sans-serif; font-size: 16px;\">A Modeka m&eacute;hviaszos term&eacute;k el&eacute;rhet\u0151 az al&aacute;bbi linkre kattintva :<\/p>\n<p style=\"box-sizing: border-box; margin: 0px 0px 10px; max-width: 100%; font-family: Roboto, sans-serif; font-size: 16px;\"><a href=\"http:\/\/darazsgarazs.hu\/termek\/modeka-borapolo-50ml-motoros-ruhazat-apolas-bortisztitas-borruha.378.html\" style=\"box-sizing: border-box; background-color: transparent; color: rgb(51, 122, 183); text-decoration-line: none; max-width: 100%;\">http:\/\/darazsgarazs.hu\/termek\/modeka-borapolo-50ml-motoros-ruhazat-apolas-bortisztitas-borruha.378.html<\/a><\/p><\/p>\n","protected":false},"excerpt":{"rendered":"<p>A Modeka Kyalami a a legnagyobb p&eacute;ld&aacute;nysz&aacute;m&uacute; nemzetk&ouml;zi Motorrad magazin tesztj&eacute;n &quot;SEHR GUT&quot; min\u0151s&iacute;t&eacute;st kapott. A Magazin munkat&aacute;rsai a kab&aacute;t [&hellip;]<\/p>\n","protected":false},"featured_media":105168,"template":"","meta":{"site-sidebar-layout":"default","site-content-layout":"","ast-site-content-layout":"default","site-content-style":"default","site-sidebar-style":"default","ast-global-header-display":"","ast-banner-title-visibility":"","ast-main-header-display":"","ast-hfb-above-header-display":"","ast-hfb-below-header-display":"","ast-hfb-mobile-header-display":"","site-post-title":"","ast-breadcrumbs-content":"","ast-featured-img":"","footer-sml-layout":"","ast-disable-related-posts":"","theme-transparent-header-meta":"","adv-header-id-meta":"","stick-header-meta":"","header-above-stick-meta":"","header-main-stick-meta":"","header-below-stick-meta":"","astra-migrate-meta-layouts":"default","ast-page-background-enabled":"default","ast-page-background-meta":{"desktop":{"background-color":"var(--ast-global-color-5)","background-image":"","background-repeat":"repeat","background-position":"center center","background-size":"auto","background-attachment":"scroll","background-type":"","background-media":"","overlay-type":"","overlay-color":"","overlay-opacity":"","overlay-gradient":""},"tablet":{"background-color":"","background-image":"","background-repeat":"repeat","background-position":"center center","background-size":"auto","background-attachment":"scroll","background-type":"","background-media":"","overlay-type":"","overlay-color":"","overlay-opacity":"","overlay-gradient":""},"mobile":{"background-color":"","background-image":"","background-repeat":"repeat","background-position":"center center","background-size":"auto","background-attachment":"scroll","background-type":"","background-media":"","overlay-type":"","overlay-color":"","overlay-opacity":"","overlay-gradient":""}},"ast-content-background-meta":{"desktop":{"background-color":"var(--ast-global-color-4)","background-image":"","background-repeat":"repeat","background-position":"center center","background-size":"auto","background-attachment":"scroll","background-type":"","background-media":"","overlay-type":"","overlay-color":"","overlay-opacity":"","overlay-gradient":""},"tablet":{"background-color":"var(--ast-global-color-4)","background-image":"","background-repeat":"repeat","background-position":"center center","background-size":"auto","background-attachment":"scroll","background-type":"","background-media":"","overlay-type":"","overlay-color":"","overlay-opacity":"","overlay-gradient":""},"mobile":{"background-color":"var(--ast-global-color-4)","background-image":"","background-repeat":"repeat","background-position":"center center","background-size":"auto","background-attachment":"scroll","background-type":"","background-media":"","overlay-type":"","overlay-color":"","overlay-opacity":"","overlay-gradient":""}}},"product_brand":[],"product_cat":[147,139],"product_tag":[],"class_list":{"0":"post-109841","1":"product","2":"type-product","3":"status-publish","4":"has-post-thumbnail","6":"product_cat-kabatok","7":"product_cat-motoros-ruhazat","8":"desktop-align-left","9":"tablet-align-left","10":"mobile-align-left","12":"first","13":"instock","14":"sale","15":"shipping-taxable","16":"purchasable","17":"product-type-simple"},"jetpack_sharing_enabled":true,"_links":{"self":[{"href":"https:\/\/zatureczkimarcell.ddns.net\/wordpress\/wp-json\/wp\/v2\/product\/109841","targetHints":{"allow":["GET"]}}],"collection":[{"href":"https:\/\/zatureczkimarcell.ddns.net\/wordpress\/wp-json\/wp\/v2\/product"}],"about":[{"href":"https:\/\/zatureczkimarcell.ddns.net\/wordpress\/wp-json\/wp\/v2\/types\/product"}],"wp:featuredmedia":[{"embeddable":true,"href":"https:\/\/zatureczkimarcell.ddns.net\/wordpress\/wp-json\/wp\/v2\/media\/105168"}],"wp:attachment":[{"href":"https:\/\/zatureczkimarcell.ddns.net\/wordpress\/wp-json\/wp\/v2\/media?parent=109841"}],"wp:term":[{"taxonomy":"product_brand","embeddable":true,"href":"https:\/\/zatureczkimarcell.ddns.net\/wordpress\/wp-json\/wp\/v2\/product_brand?post=109841"},{"taxonomy":"product_cat","embeddable":true,"href":"https:\/\/zatureczkimarcell.ddns.net\/wordpress\/wp-json\/wp\/v2\/product_cat?post=109841"},{"taxonomy":"product_tag","embeddable":true,"href":"https:\/\/zatureczkimarcell.ddns.net\/wordpress\/wp-json\/wp\/v2\/product_tag?post=109841"}],"curies":[{"name":"wp","href":"https:\/\/api.w.org\/{rel}","templated":true}]}}