{"id":109837,"date":"2026-04-01T10:39:12","date_gmt":"2026-04-01T08:39:12","guid":{"rendered":"https:\/\/zatureczkimarcell.ddns.net\/wordpress\/?post_type=product&#038;p=109837"},"modified":"2026-04-01T10:39:39","modified_gmt":"2026-04-01T08:39:39","slug":"kyne-altalunk-is-tesztelt-termek-videoval","status":"publish","type":"product","link":"https:\/\/zatureczkimarcell.ddns.net\/wordpress\/termek\/kyne-altalunk-is-tesztelt-termek-videoval\/","title":{"rendered":"Kyne -\u00c1ltalunk is tesztelt term\u00e9k!-Vide\u00f3val"},"content":{"rendered":"<p><strong>Amara bet&eacute;tekkel k&eacute;sz&uuml;lt sportos motoros cip\u0151 <span style=\"color:#FF0000;\">bokav&eacute;delemmel &eacute;s er\u0151s&iacute;tett, cs&uacute;sz&aacute;smentes talpr&eacute;sszel.&nbsp;<\/span><\/strong><\/p>\n<p><strong>A cip\u0151 orr&aacute;n koptat&oacute; bet&eacute;t.&nbsp;<\/strong><\/p>\n<p><span style=\"color:#FF0000;\"><strong>K&eacute;nyelmi bet&eacute;ttel a sarokr&eacute;szn&eacute;l hogy k&ouml;nnyebb legyen a felv&eacute;tel.&nbsp;<\/strong><\/span><\/p>\n<p><strong>Er\u0151s&iacute;tett sarok &eacute;s orr&eacute;sz<\/strong><\/p>\n<p><strong>V&aacute;lt&oacute;v&eacute;delemmel<\/strong><\/p>\n<p><strong>F\u0171z\u0151s &eacute;s a bokar&eacute;szn&eacute;l t&eacute;p\u0151z&aacute;ras r&ouml;gz&iacute;t&eacute;s.&nbsp;<\/strong><\/p>\n<p><strong>M&eacute;retek: 36-t&oacute;l,47-ig<\/strong><\/p>\n<p><strong>El&eacute;rhet\u0151 sz&iacute;nek:<\/strong><\/p>\n<p><strong>-Feh&eacute;r-fekete<\/strong><\/p>\n<p><strong>-Fekete-Piros&nbsp;<\/strong><\/p>\n<p><strong style=\"font-family: Roboto, sans-serif; font-size: 16px; box-sizing: border-box; max-width: 100%;\">Haszn&aacute;lati &eacute;s kezel&eacute;si &uacute;tmutat&oacute; a term&eacute;khez&nbsp;el&eacute;rhet\u0151 ide kattintva:&nbsp;<a href=\"https:\/\/darazsgarazs.hu\/index.php\/termek\/hasznalati-utmutato.1155.html\">https:\/\/darazsgarazs.hu\/index.php\/termek\/hasznalati-utmutato.1155.html<\/a><\/strong><\/p>\n<p><b style=\"box-sizing: border-box; max-width: 100%; font-family: Roboto, sans-serif; font-size: 16px;\"><span style=\"box-sizing: border-box; max-width: 100%; color: rgb(255, 0, 0);\">Figyelem!<\/span>&nbsp;Koll&eacute;g&aacute;nk is haszn&aacute;lja , &eacute;s aj&aacute;nlja a Modeka Kyne motoros cip\u0151t! <\/b><\/p>\n<p><b style=\"box-sizing: border-box; max-width: 100%; font-family: Roboto, sans-serif; font-size: 16px;\">V&eacute;lem&eacute;nye honlapunkon a &quot;Saj&aacute;t tesztel&eacute;s\u0171 term&eacute;kek &quot; men&uuml;pontban, ide kattintva olvashat&oacute;:<\/b><\/p>\n<p><a href=\"https:\/\/darazsgarazs.hu\/index.php\/termek\/modeka-kyne-motoros-cipo-teszt.1006.html\"><b style=\"box-sizing: border-box; max-width: 100%; font-family: Roboto, sans-serif; font-size: 16px;\">https:\/\/darazsgarazs.hu\/index.php\/termek\/modeka-kyne-motoros-cipo-teszt.1006.html<\/b><\/a><\/p>\n<div style=\"position:relative;padding-bottom:56.25%;padding-top:30px;height:0;overflow:hidden;\"><iframe loading=\"lazy\" allowfullscreen=\"\" frameborder=\"0\" height=\"360\" src=\"\/\/www.youtube.com\/embed\/WyGu9V6uWAU?rel=0\" style=\"position: absolute;top: 0;left: 0;width: 100%;height: 100%;\" width=\"640\"><\/iframe><\/div><\/p>\n","protected":false},"excerpt":{"rendered":"<p>Amara bet&eacute;tekkel k&eacute;sz&uuml;lt sportos motoros cip\u0151 bokav&eacute;delemmel &eacute;s er\u0151s&iacute;tett, cs&uacute;sz&aacute;smentes talpr&eacute;sszel.&nbsp; A cip\u0151 orr&aacute;n koptat&oacute; bet&eacute;t.&nbsp; K&eacute;nyelmi bet&eacute;ttel a sarokr&eacute;szn&eacute;l [&hellip;]<\/p>\n","protected":false},"featured_media":108172,"template":"","meta":{"site-sidebar-layout":"default","site-content-layout":"","ast-site-content-layout":"default","site-content-style":"default","site-sidebar-style":"default","ast-global-header-display":"","ast-banner-title-visibility":"","ast-main-header-display":"","ast-hfb-above-header-display":"","ast-hfb-below-header-display":"","ast-hfb-mobile-header-display":"","site-post-title":"","ast-breadcrumbs-content":"","ast-featured-img":"","footer-sml-layout":"","ast-disable-related-posts":"","theme-transparent-header-meta":"","adv-header-id-meta":"","stick-header-meta":"","header-above-stick-meta":"","header-main-stick-meta":"","header-below-stick-meta":"","astra-migrate-meta-layouts":"default","ast-page-background-enabled":"default","ast-page-background-meta":{"desktop":{"background-color":"var(--ast-global-color-5)","background-image":"","background-repeat":"repeat","background-position":"center center","background-size":"auto","background-attachment":"scroll","background-type":"","background-media":"","overlay-type":"","overlay-color":"","overlay-opacity":"","overlay-gradient":""},"tablet":{"background-color":"","background-image":"","background-repeat":"repeat","background-position":"center center","background-size":"auto","background-attachment":"scroll","background-type":"","background-media":"","overlay-type":"","overlay-color":"","overlay-opacity":"","overlay-gradient":""},"mobile":{"background-color":"","background-image":"","background-repeat":"repeat","background-position":"center center","background-size":"auto","background-attachment":"scroll","background-type":"","background-media":"","overlay-type":"","overlay-color":"","overlay-opacity":"","overlay-gradient":""}},"ast-content-background-meta":{"desktop":{"background-color":"var(--ast-global-color-4)","background-image":"","background-repeat":"repeat","background-position":"center center","background-size":"auto","background-attachment":"scroll","background-type":"","background-media":"","overlay-type":"","overlay-color":"","overlay-opacity":"","overlay-gradient":""},"tablet":{"background-color":"var(--ast-global-color-4)","background-image":"","background-repeat":"repeat","background-position":"center center","background-size":"auto","background-attachment":"scroll","background-type":"","background-media":"","overlay-type":"","overlay-color":"","overlay-opacity":"","overlay-gradient":""},"mobile":{"background-color":"var(--ast-global-color-4)","background-image":"","background-repeat":"repeat","background-position":"center center","background-size":"auto","background-attachment":"scroll","background-type":"","background-media":"","overlay-type":"","overlay-color":"","overlay-opacity":"","overlay-gradient":""}}},"product_brand":[],"product_cat":[148,139,146],"product_tag":[],"class_list":{"0":"post-109837","1":"product","2":"type-product","3":"status-publish","4":"has-post-thumbnail","6":"product_cat-cipok-csizmak","7":"product_cat-motoros-ruhazat","8":"product_cat-orias-meretu-motoros-ruhazat","9":"desktop-align-left","10":"tablet-align-left","11":"mobile-align-left","13":"first","14":"instock","15":"shipping-taxable","16":"purchasable","17":"product-type-simple"},"jetpack_sharing_enabled":true,"_links":{"self":[{"href":"https:\/\/zatureczkimarcell.ddns.net\/wordpress\/wp-json\/wp\/v2\/product\/109837","targetHints":{"allow":["GET"]}}],"collection":[{"href":"https:\/\/zatureczkimarcell.ddns.net\/wordpress\/wp-json\/wp\/v2\/product"}],"about":[{"href":"https:\/\/zatureczkimarcell.ddns.net\/wordpress\/wp-json\/wp\/v2\/types\/product"}],"wp:featuredmedia":[{"embeddable":true,"href":"https:\/\/zatureczkimarcell.ddns.net\/wordpress\/wp-json\/wp\/v2\/media\/108172"}],"wp:attachment":[{"href":"https:\/\/zatureczkimarcell.ddns.net\/wordpress\/wp-json\/wp\/v2\/media?parent=109837"}],"wp:term":[{"taxonomy":"product_brand","embeddable":true,"href":"https:\/\/zatureczkimarcell.ddns.net\/wordpress\/wp-json\/wp\/v2\/product_brand?post=109837"},{"taxonomy":"product_cat","embeddable":true,"href":"https:\/\/zatureczkimarcell.ddns.net\/wordpress\/wp-json\/wp\/v2\/product_cat?post=109837"},{"taxonomy":"product_tag","embeddable":true,"href":"https:\/\/zatureczkimarcell.ddns.net\/wordpress\/wp-json\/wp\/v2\/product_tag?post=109837"}],"curies":[{"name":"wp","href":"https:\/\/api.w.org\/{rel}","templated":true}]}}