{"id":109836,"date":"2026-04-01T10:39:12","date_gmt":"2026-04-01T08:39:12","guid":{"rendered":"https:\/\/zatureczkimarcell.ddns.net\/wordpress\/?post_type=product&#038;p=109836"},"modified":"2026-04-01T10:39:38","modified_gmt":"2026-04-01T08:39:38","slug":"modeka-eloy-bemutato-videoval","status":"publish","type":"product","link":"https:\/\/zatureczkimarcell.ddns.net\/wordpress\/termek\/modeka-eloy-bemutato-videoval\/","title":{"rendered":"Modeka Eloy-Bemutat\u00f3 vide\u00f3val!"},"content":{"rendered":"<p><span style=\"font-size:16px;\"><strong>4 &eacute;vszakos, h&aacute;rom r&eacute;teg\u0171, v&iacute;z&aacute;ll&oacute; motoros dzseki.&nbsp;<\/strong><\/span><\/p>\n<p><strong style=\"box-sizing: border-box; max-width: 100%; font-family: Roboto, sans-serif; font-size: 16px;\"><span style=\"color:#FF0000;\">-Nyithat&oacute; nagym&eacute;ret\u0171 &quot;Airvent&quot; szell\u0151z\u0151k<\/span> a kab&aacute;t t&ouml;bb pontj&aacute;n melyek kinyitva l&aacute;that&oacute;s&aacute;gi sz&iacute;n\u0171 bet&eacute;teket tartalmaznak&nbsp;.&nbsp;<\/strong><\/p>\n<p><strong><span style=\"font-size:16px;\">-V&aacute;ll &eacute;s k&ouml;ny&ouml;k protektorral.&nbsp;A k&ouml;ny&ouml;kprotektor helyzete &aacute;ll&iacute;that&oacute;, &iacute;gy a be&aacute;ll&iacute;t&aacute;st k&ouml;vet\u0151en mindenki sz&aacute;m&aacute;ra azonnal t&ouml;k&eacute;letes helyen lesz a protektor!&nbsp;<\/span><\/strong><\/p>\n<p><strong><span style=\"font-size:16px;\">-Gerincprotektor r&eacute;sz&eacute;re gy&aacute;rilag kialak&iacute;tott protektorzseb.&nbsp;<\/span><\/strong><\/p>\n<p><span style=\"font-size:16px;\"><span style=\"color:#FF0000;\"><strong>-Kivehet\u0151 thermo b&eacute;l&eacute;ssel&nbsp;<\/strong><\/span><\/span><\/p>\n<p><span style=\"font-size:16px;\"><strong>&#8211;<span style=\"color:#FF0000;\">Kivehet\u0151 100% sz&eacute;l &eacute;s v&iacute;z&aacute;ll&oacute; Hitex membr&aacute;nnal <\/span>(A Hitex membr&aacute;nr&oacute;l&nbsp;&nbsp;az &quot;Anyaglexikon &quot; men&uuml;pontban olvashat )<\/strong><\/span><\/p>\n<p><span style=\"font-size:16px;\"><strong>-A kab&aacute;t t&ouml;bb ponton &aacute;ll&iacute;that&oacute;, testre szabhat&oacute;. A k&ouml;ny&ouml;k r&eacute;szen k&eacute;nyelmi bet&eacute;t, amely a behajl&iacute;tott kar tart&aacute;sn&aacute;l is garant&aacute;lja a maxim&aacute;lis k&eacute;nyelmet &eacute;s illeszked&eacute;st.&nbsp;<\/strong><\/span><\/p>\n<p><span style=\"font-size:16px;\"><strong>-A kab&aacute;t t&ouml;bb pontj&aacute;n f&eacute;nyvisszaver\u0151 bet&eacute;tek n&ouml;velik a biztons&aacute;got.&nbsp;<\/strong><\/span><\/p>\n<p><strong style=\"font-family: Roboto, sans-serif; font-size: 16px; box-sizing: border-box; max-width: 100%;\">-Magas min\u0151s&eacute;g\u0171 YKK cipz&aacute;rral<\/strong><\/p>\n<p><span style=\"font-size:16px;\"><strong>M&eacute;retek: S, M, L, XL, 2XL, 3XL, 4XL&nbsp;<\/strong><\/span><\/p>\n<p><strong style=\"font-family: Roboto, sans-serif; font-size: 16px; box-sizing: border-box; max-width: 100%;\">Haszn&aacute;lati &eacute;s kezel&eacute;si &uacute;tmutat&oacute; a term&eacute;khez&nbsp;el&eacute;rhet\u0151 ide kattintva:&nbsp;<a href=\"https:\/\/darazsgarazs.hu\/index.php\/termek\/hasznalati-utmutato.1155.html\">https:\/\/darazsgarazs.hu\/index.php\/termek\/hasznalati-utmutato.1155.html<\/a><\/strong><\/p>\n<p style=\"box-sizing: border-box; margin: 0px 0px 10px; max-width: 100%; font-family: Roboto, sans-serif; font-size: 16px;\"><span style=\"box-sizing: border-box; max-width: 100%; font-family: Roboto, sans-serif; font-size: 16px;\">A term&eacute;k rendeltet&eacute;sszer\u0171 haszn&aacute;lat sor&aacute;n&nbsp;speci&aacute;lis mos&oacute;szerrel tiszt&iacute;that&oacute; !&nbsp;A mos&oacute;szer speci&aacute;lisan technikai &ndash; motoros ruh&aacute;zathoz lett fejlesztve,<\/span><span style=\"box-sizing: border-box; max-width: 100%; font-family: Roboto, sans-serif; font-size: 16px;\">haszn&aacute;lat&aacute;val a term&eacute;kek nem csak tiszt&aacute;n tarthat&oacute;ak, de v&aacute;rhat&oacute; haszn&aacute;lati idej&uuml;k is n&ouml;vekszik! &Uuml;zlet&uuml;nkben megv&aacute;s&aacute;rolhat&oacute;ak a mos&oacute;szerek motoros ruh&aacute;zat k&uuml;ls\u0151 r&eacute;sz&eacute;hez &eacute;s a bels\u0151 membr&aacute;nhoz is.&nbsp;<\/span><\/p>\n<p style=\"box-sizing: border-box; margin: 0px 0px 10px; max-width: 100%; font-family: Roboto, sans-serif; font-size: 16px;\"><strong>A term&eacute;kr\u0151l bemutat&oacute; vide&oacute; ide kattintva tekinthet\u0151 meg:&nbsp;<\/strong><\/p>\n<div style=\"position:relative;padding-bottom:56.25%;padding-top:30px;height:0;overflow:hidden;\"><iframe loading=\"lazy\" allowfullscreen=\"\" frameborder=\"0\" height=\"360\" src=\"\/\/www.youtube.com\/embed\/c7vXTfHWd9s?rel=0\" style=\"position: absolute;top: 0;left: 0;width: 100%;height: 100%;\" width=\"640\"><\/iframe><\/div><\/p>\n","protected":false},"excerpt":{"rendered":"<p>4 &eacute;vszakos, h&aacute;rom r&eacute;teg\u0171, v&iacute;z&aacute;ll&oacute; motoros dzseki.&nbsp; -Nyithat&oacute; nagym&eacute;ret\u0171 &quot;Airvent&quot; szell\u0151z\u0151k a kab&aacute;t t&ouml;bb pontj&aacute;n melyek kinyitva l&aacute;that&oacute;s&aacute;gi sz&iacute;n\u0171 bet&eacute;teket [&hellip;]<\/p>\n","protected":false},"featured_media":108399,"template":"","meta":{"site-sidebar-layout":"default","site-content-layout":"","ast-site-content-layout":"default","site-content-style":"default","site-sidebar-style":"default","ast-global-header-display":"","ast-banner-title-visibility":"","ast-main-header-display":"","ast-hfb-above-header-display":"","ast-hfb-below-header-display":"","ast-hfb-mobile-header-display":"","site-post-title":"","ast-breadcrumbs-content":"","ast-featured-img":"","footer-sml-layout":"","ast-disable-related-posts":"","theme-transparent-header-meta":"","adv-header-id-meta":"","stick-header-meta":"","header-above-stick-meta":"","header-main-stick-meta":"","header-below-stick-meta":"","astra-migrate-meta-layouts":"default","ast-page-background-enabled":"default","ast-page-background-meta":{"desktop":{"background-color":"var(--ast-global-color-5)","background-image":"","background-repeat":"repeat","background-position":"center center","background-size":"auto","background-attachment":"scroll","background-type":"","background-media":"","overlay-type":"","overlay-color":"","overlay-opacity":"","overlay-gradient":""},"tablet":{"background-color":"","background-image":"","background-repeat":"repeat","background-position":"center center","background-size":"auto","background-attachment":"scroll","background-type":"","background-media":"","overlay-type":"","overlay-color":"","overlay-opacity":"","overlay-gradient":""},"mobile":{"background-color":"","background-image":"","background-repeat":"repeat","background-position":"center center","background-size":"auto","background-attachment":"scroll","background-type":"","background-media":"","overlay-type":"","overlay-color":"","overlay-opacity":"","overlay-gradient":""}},"ast-content-background-meta":{"desktop":{"background-color":"var(--ast-global-color-4)","background-image":"","background-repeat":"repeat","background-position":"center center","background-size":"auto","background-attachment":"scroll","background-type":"","background-media":"","overlay-type":"","overlay-color":"","overlay-opacity":"","overlay-gradient":""},"tablet":{"background-color":"var(--ast-global-color-4)","background-image":"","background-repeat":"repeat","background-position":"center center","background-size":"auto","background-attachment":"scroll","background-type":"","background-media":"","overlay-type":"","overlay-color":"","overlay-opacity":"","overlay-gradient":""},"mobile":{"background-color":"var(--ast-global-color-4)","background-image":"","background-repeat":"repeat","background-position":"center center","background-size":"auto","background-attachment":"scroll","background-type":"","background-media":"","overlay-type":"","overlay-color":"","overlay-opacity":"","overlay-gradient":""}}},"product_brand":[],"product_cat":[147,139],"product_tag":[],"class_list":{"0":"post-109836","1":"product","2":"type-product","3":"status-publish","4":"has-post-thumbnail","6":"product_cat-kabatok","7":"product_cat-motoros-ruhazat","8":"desktop-align-left","9":"tablet-align-left","10":"mobile-align-left","12":"first","13":"instock","14":"sale","15":"shipping-taxable","16":"purchasable","17":"product-type-simple"},"jetpack_sharing_enabled":true,"_links":{"self":[{"href":"https:\/\/zatureczkimarcell.ddns.net\/wordpress\/wp-json\/wp\/v2\/product\/109836","targetHints":{"allow":["GET"]}}],"collection":[{"href":"https:\/\/zatureczkimarcell.ddns.net\/wordpress\/wp-json\/wp\/v2\/product"}],"about":[{"href":"https:\/\/zatureczkimarcell.ddns.net\/wordpress\/wp-json\/wp\/v2\/types\/product"}],"wp:featuredmedia":[{"embeddable":true,"href":"https:\/\/zatureczkimarcell.ddns.net\/wordpress\/wp-json\/wp\/v2\/media\/108399"}],"wp:attachment":[{"href":"https:\/\/zatureczkimarcell.ddns.net\/wordpress\/wp-json\/wp\/v2\/media?parent=109836"}],"wp:term":[{"taxonomy":"product_brand","embeddable":true,"href":"https:\/\/zatureczkimarcell.ddns.net\/wordpress\/wp-json\/wp\/v2\/product_brand?post=109836"},{"taxonomy":"product_cat","embeddable":true,"href":"https:\/\/zatureczkimarcell.ddns.net\/wordpress\/wp-json\/wp\/v2\/product_cat?post=109836"},{"taxonomy":"product_tag","embeddable":true,"href":"https:\/\/zatureczkimarcell.ddns.net\/wordpress\/wp-json\/wp\/v2\/product_tag?post=109836"}],"curies":[{"name":"wp","href":"https:\/\/api.w.org\/{rel}","templated":true}]}}