{"id":109831,"date":"2026-04-01T10:39:08","date_gmt":"2026-04-01T08:39:08","guid":{"rendered":"https:\/\/zatureczkimarcell.ddns.net\/wordpress\/?post_type=product&#038;p=109831"},"modified":"2026-04-01T10:39:34","modified_gmt":"2026-04-01T08:39:34","slug":"modeka-belastar-lady-tesztgyoztes-harom-retegu-halos-noi-motoros-nadrag","status":"publish","type":"product","link":"https:\/\/zatureczkimarcell.ddns.net\/wordpress\/termek\/modeka-belastar-lady-tesztgyoztes-harom-retegu-halos-noi-motoros-nadrag\/","title":{"rendered":"Modeka Belastar Lady tesztgy\u0151ztes h\u00e1rom r\u00e9teg\u0171 h\u00e1l\u00f3s n\u0151i motoros nadr\u00e1g"},"content":{"rendered":"<p><span style=\"font-size: 16px;\"><strong>A H&aacute;l&oacute;s fel&uuml;let\u0171, ez&aacute;ltal <span style=\"color:#FF0000;\">kiv&aacute;l&oacute;an szell\u0151z\u0151<\/span> &eacute;s kivehet\u0151 membr&aacute;nnal ell&aacute;tott nadr&aacute;gok, rendk&iacute;v&uuml;li komfort&eacute;rzetet biztos&iacute;tanak.&nbsp;<\/strong><\/span><\/p>\n<p><span style=\"font-size: 16px;\"><strong>Tesztjeink szerint &bdquo;Naked&rdquo; motoron viselve , m&aacute;r 20Km\/h sebess&eacute;gt\u0151l nem &eacute;rzed hogy motoros nadr&aacute;g van rajtad, annyira szell\u0151s!<\/strong><\/span><\/p>\n<p><span style=\"font-size: 16px;\"><strong>A ny&aacute;ri k&aacute;nikul&aacute;ban, egy ilyen nadr&aacute;got viselve, maxim&aacute;lis biztons&aacute;gban vagyunk a protektoroknak k&ouml;sz&ouml;nhet\u0151en, m&eacute;gis olyan &eacute;rz&eacute;s lesz m&aacute;r kis sebess&eacute;gn&eacute;l is motorozni, mintha nem is lenne rajtad motoros nadr&aacute;g.<\/strong><\/span><\/p>\n<p><span style=\"font-size: 16px;\"><strong>Rendk&iacute;v&uuml;l j&oacute; szell\u0151z&eacute;st biztos&iacute;t ! Amellett hogy a protektorok megv&eacute;dik, nem izzad bele visel\u0151je. S\u0151t!&nbsp;<\/strong><\/span><\/p>\n<p><span style=\"color:#FF0000;\"><span style=\"font-size: 16px;\"><strong>A becipz&aacute;rozhat&oacute; es\u0151 &eacute;s sz&eacute;lz&aacute;r&oacute; membr&aacute;n &eacute;s a thermo bet&eacute;t a h\u0171v&ouml;sebb reggeleken, vagy az es\u0151 ellen is v&eacute;delmet ny&uacute;jt.<\/strong><\/span><\/span><\/p>\n<p><span style=\"font-size: 16px;\"><strong>Teh&aacute;t hi&aacute;ba f&uacute;j a sz&eacute;l, a membr&aacute;n megv&eacute;d . Hi&aacute;ba esik az es\u0151, a membr&aacute;n v&eacute;d az es\u0151 ellen. A Belastar Lady term&eacute;kek viszont ,m&eacute;g egy kivehet\u0151 thermo b&eacute;l&eacute;st is tartalmaznak, &iacute;gy val&oacute;ban 4 &eacute;vszakos viseletet biztos&iacute;tanak &eacute;s maxim&aacute;lis vari&aacute;lhat&oacute;s&aacute;got.&nbsp;&nbsp;Emellett&nbsp;amikor a legnagyobb melegekben motorozol, akkor sem izzadsz meg , ha a nadr&aacute;gb&oacute;l kiveszed&nbsp; a thermo r&eacute;szt &eacute;s az es\u0151 &eacute;s sz&eacute;l&aacute;ll&oacute; membr&aacute;nt.<\/strong><\/span><\/p>\n<p><span style=\"font-size: 16px;\"><strong>Protektoros v&eacute;delem &eacute;s maxim&aacute;lis komfort m&eacute;g a legnagyobb ny&aacute;ri k&aacute;nikul&aacute;ban is!&nbsp;<\/strong><\/span><\/p>\n<p style=\"box-sizing: border-box; margin: 0px 0px 10px; max-width: 100%; font-family: Roboto, sans-serif; font-size: 16px;\">\n<p style=\"box-sizing: border-box; margin: 0px 0px 10px; max-width: 100%; font-family: Roboto, sans-serif; font-size: 16px;\"><strong style=\"color: rgb(255, 0, 0);\">A term&eacute;k a Motorrad Reisen magazin tesztj&eacute;n kapott &quot;GUT&quot; min\u0151s&iacute;t&eacute;st!<\/strong><\/p>\n<p style=\"box-sizing: border-box; margin: 0px 0px 10px; max-width: 100%; font-family: Roboto, sans-serif; font-size: 16px;\"><strong style=\"box-sizing: border-box; max-width: 100%;\">H&aacute;rom r&eacute;teg\u0171 eleg&aacute;ns n\u0151i motoros nadr&aacute;g , p&aacute;ratlan k&eacute;nyelmet biztos&iacute;t&oacute; Tactel sz&ouml;vetb\u0151l. (A Tactel anyag tulajdons&aacute;gait az &quot;Anyaglexikon&quot; men&uuml;pontban olvashatod.)<\/strong><\/p>\n<p style=\"box-sizing: border-box; margin: 0px 0px 10px; max-width: 100%; font-family: Roboto, sans-serif; font-size: 16px;\"><strong style=\"box-sizing: border-box; max-width: 100%;\">-Az ig&eacute;nybevett r&eacute;szeken extra meger\u0151s&iacute;t&eacute;s.&nbsp;<\/strong><\/p>\n<p style=\"box-sizing: border-box; margin: 0px 0px 10px; max-width: 100%; font-family: Roboto, sans-serif; font-size: 16px;\"><strong style=\"box-sizing: border-box; max-width: 100%;\">-H&aacute;l&oacute;s bet&eacute;tek a hat&eacute;kony szell\u0151z&eacute;s &eacute;rdek&eacute;ben<\/strong><\/p>\n<p style=\"box-sizing: border-box; margin: 0px 0px 10px; max-width: 100%; font-family: Roboto, sans-serif; font-size: 16px;\"><strong style=\"box-sizing: border-box; max-width: 100%;\">-A h&aacute;l&oacute;s bet&eacute;teken fel&uuml;l szab&aacute;lyozhat&oacute;&nbsp;Airvent rendszer\u0171 szell\u0151z&eacute;s<\/strong><\/p>\n<p style=\"box-sizing: border-box; margin: 0px 0px 10px; max-width: 100%; font-family: Roboto, sans-serif; font-size: 16px;\"><strong style=\"box-sizing: border-box; max-width: 100%;\">-Kivehet\u0151 100% v&iacute;z &eacute;s sz&eacute;l&aacute;ll&oacute;&nbsp;Sympatex membr&aacute;n (a membr&aacute;n tud&aacute;sa az anyaglexikon men&uuml;pontunkban olvashat&oacute;)&nbsp;<\/strong><\/p>\n<p style=\"box-sizing: border-box; margin: 0px 0px 10px; max-width: 100%; font-family: Roboto, sans-serif; font-size: 16px;\"><strong style=\"box-sizing: border-box; max-width: 100%;\">-Kivehet\u0151 thermo b&eacute;l&eacute;s<\/strong><\/p>\n<p style=\"box-sizing: border-box; margin: 0px 0px 10px; max-width: 100%; font-family: Roboto, sans-serif; font-size: 16px;\"><strong style=\"box-sizing: border-box; max-width: 100%;\">-3M F&eacute;nyvisszaver\u0151 bet&eacute;tekkel<\/strong><\/p>\n<p style=\"box-sizing: border-box; margin: 0px 0px 10px; max-width: 100%; font-family: Roboto, sans-serif; font-size: 16px;\"><span style=\"font-size:16px;\"><strong style=\"box-sizing: border-box; max-width: 100%;\">&#8211;<\/strong>A nadr&aacute;gban a t&eacute;rdprotektor helyzete &aacute;ll&iacute;that&oacute;, &iacute;gy a be&aacute;ll&iacute;t&aacute;st k&ouml;vet\u0151en mindenki sz&aacute;m&aacute;ra azonnal t&ouml;k&eacute;letes helyen lesz a protektor .<strong style=\"box-sizing: border-box; max-width: 100%;\">&nbsp;<\/strong><\/span><\/p>\n<p style=\"box-sizing: border-box; margin: 0px 0px 10px; max-width: 100%; font-family: Roboto, sans-serif; font-size: 16px;\"><strong style=\"box-sizing: border-box; max-width: 100%;\">-Cs&iacute;p\u0151v&eacute;d\u0151 protektornak kialak&iacute;tott protektorzseb .<\/strong><\/p>\n<p style=\"box-sizing: border-box; margin: 0px 0px 10px; max-width: 100%; font-family: Roboto, sans-serif; font-size: 16px;\"><strong style=\"box-sizing: border-box; max-width: 100%;\">-Er\u0151s&iacute;tett biztons&aacute;gi &quot;Safety&quot; var&aacute;ssal&nbsp;<\/strong><\/p>\n<p style=\"box-sizing: border-box; margin: 0px 0px 10px; max-width: 100%; font-family: Roboto, sans-serif; font-size: 16px;\"><b>-DuPont kevl&aacute;r h\u0151v&eacute;d\u0151 pajzsok a nadr&aacute;gon.<\/b><\/p>\n<p style=\"box-sizing: border-box; margin: 0px 0px 10px; max-width: 100%; font-family: Roboto, sans-serif; font-size: 16px;\"><strong style=\"box-sizing: border-box; max-width: 100%;\">-Kab&aacute;ttal &ouml;sszecipz&aacute;razhat&oacute; :&nbsp;<\/strong><\/p>\n<p style=\"box-sizing: border-box; margin: 0px 0px 10px; max-width: 100%; font-family: Roboto, sans-serif; font-size: 16px;\"><b style=\"box-sizing: border-box; max-width: 100%;\">A term&eacute;khez el&eacute;rhet\u0151 kab&aacute;t&nbsp; az al&aacute;bbi linken tekinthet\u0151 meg honlapunkon:&nbsp;<\/b><\/p>\n<p style=\"box-sizing: border-box; margin: 0px 0px 10px; max-width: 100%; font-family: Roboto, sans-serif; font-size: 16px;\"><b style=\"box-sizing: border-box; max-width: 100%;\"><a href=\"https:\/\/darazsgarazs.hu\/index.php\/termek\/modeka-belastar-lady-harom-retegu-noi-motoros-kabat.967.html\">https:\/\/darazsgarazs.hu\/index.php\/termek\/modeka-belastar-lady-harom-retegu-noi-motoros-kabat.967.html<\/a><\/b><\/p>\n<p style=\"box-sizing: border-box; margin: 0px 0px 10px; max-width: 100%; font-family: Roboto, sans-serif; font-size: 16px;\">\n<p style=\"box-sizing: border-box; margin: 0px 0px 10px; max-width: 100%; font-family: Roboto, sans-serif; font-size: 16px;\"><strong style=\"box-sizing: border-box; max-width: 100%;\">El&eacute;rhet\u0151 m&eacute;retek: 34-46<\/strong><\/p>\n<p style=\"box-sizing: border-box; margin: 0px 0px 10px; max-width: 100%; font-family: Roboto, sans-serif; font-size: 16px;\"><strong style=\"box-sizing: border-box; max-width: 100%;\">R&ouml;vid&iacute;tett m&eacute;retek (A nadr&aacute;g hossza 5 centivel r&ouml;videbb a norm&aacute;l m&eacute;retekn&eacute;l) csak fekete sz&iacute;nben &eacute;rhet\u0151ek el.&nbsp;<\/strong><\/p>\n<p style=\"box-sizing: border-box; margin: 0px 0px 10px; max-width: 100%; font-family: Roboto, sans-serif; font-size: 16px;\">19-es m&eacute;ret : 38-as norm&aacute;l m&eacute;retnek felel meg 5centivel r&ouml;videbb sz&aacute;rhosszal&nbsp;<\/p>\n<p style=\"box-sizing: border-box; margin: 0px 0px 10px; max-width: 100%; font-family: Roboto, sans-serif; font-size: 16px;\">20-as m&eacute;ret: 40-es&nbsp;<span style=\"font-family: Roboto, sans-serif; font-size: 16px;\">norm&aacute;l m&eacute;retnek felel meg 5centivel r&ouml;videbb sz&aacute;rhosszal<\/span><\/p>\n<p style=\"box-sizing: border-box; margin: 0px 0px 10px; max-width: 100%; font-family: Roboto, sans-serif; font-size: 16px;\">21-es m&eacute;ret 42-es&nbsp;<span style=\"font-family: Roboto, sans-serif; font-size: 16px;\">norm&aacute;l m&eacute;retnek felel meg 5centivel r&ouml;videbb sz&aacute;rhosszal<\/span><\/p>\n<p style=\"box-sizing: border-box; margin: 0px 0px 10px; max-width: 100%; font-family: Roboto, sans-serif; font-size: 16px;\"><span style=\"font-family: Roboto, sans-serif; font-size: 16px;\">22-es m&eacute;ret 44-es&nbsp;norm&aacute;l m&eacute;retnek felel meg 5centivel r&ouml;videbb sz&aacute;rhosszal<\/span><\/p>\n<p style=\"box-sizing: border-box; margin: 0px 0px 10px; max-width: 100%; font-family: Roboto, sans-serif; font-size: 16px;\">23-as m&eacute;ret 46-os&nbsp;<span style=\"font-family: Roboto, sans-serif; font-size: 16px;\">norm&aacute;l m&eacute;retnek felel meg 5centivel r&ouml;videbb sz&aacute;rhosszal<\/span><\/p>\n<p style=\"box-sizing: border-box; margin: 0px 0px 10px; max-width: 100%; font-family: Roboto, sans-serif; font-size: 16px;\">\n<p style=\"font-size: 16px; box-sizing: border-box; margin: 0px 0px 10px; max-width: 100%; font-family: Roboto, sans-serif;\"><strong style=\"font-family: Roboto, sans-serif; font-size: 16px; box-sizing: border-box; max-width: 100%;\">Haszn&aacute;lati &eacute;s kezel&eacute;si &uacute;tmutat&oacute; a term&eacute;khez&nbsp;el&eacute;rhet\u0151 ide kattintva:&nbsp;<a href=\"https:\/\/darazsgarazs.hu\/index.php\/termek\/hasznalati-utmutato.1155.html\">https:\/\/darazsgarazs.hu\/index.php\/termek\/hasznalati-utmutato.1155.html<\/a><\/strong><\/p>\n<p style=\"font-size: 16px; box-sizing: border-box; margin: 0px 0px 10px; max-width: 100%; font-family: Roboto, sans-serif;\">Tov&aacute;bbi term&eacute;ktulajdons&aacute;gok&eacute;rt l&aacute;togasd meg az anyaglexikon men&uuml;pontunkat .<\/p>\n<p style=\"font-size: 16px; box-sizing: border-box; margin: 0px 0px 10px; max-width: 100%; font-family: Roboto, sans-serif;\">A term&eacute;k rendeltet&eacute;sszer\u0171 haszn&aacute;lat sor&aacute;n&nbsp;speci&aacute;lis mos&oacute;szerrel tiszt&iacute;that&oacute; !<\/p>\n<p style=\"font-size: 16px; box-sizing: border-box; margin: 0px 0px 10px; max-width: 100%; font-family: Roboto, sans-serif;\">A mos&oacute;szer speci&aacute;lisan technikai &ndash; motoros ruh&aacute;zathoz lett fejlesztve, haszn&aacute;lat&aacute;val a term&eacute;kek nem csak tiszt&aacute;n tarthat&oacute;ak, de v&aacute;rhat&oacute; haszn&aacute;lati idej&uuml;k is n&ouml;vekszik!<\/p>\n<p style=\"font-size: 16px; box-sizing: border-box; margin: 0px 0px 10px; max-width: 100%; font-family: Roboto, sans-serif;\">A Speci&aacute;lis motoros ruh&aacute;zathoz fejlesztett mos&oacute;szert az al&aacute;bbi linkre kattintva &eacute;rheti el:<\/p>\n<p style=\"font-size: 16px; box-sizing: border-box; margin: 0px 0px 10px; max-width: 100%; font-family: Roboto, sans-serif;\">&nbsp;<a href=\"http:\/\/darazsgarazs.hu\/termek\/hey-sports-combi-wash-250-ml-funkcionalis-mososzer.494.html\" style=\"color: rgb(51, 122, 183); box-sizing: border-box; background-color: transparent; text-decoration-line: none; outline: -webkit-focus-ring-color auto 5px; outline-offset: -2px; max-width: 100%;\">http:\/\/darazsgarazs.hu\/termek\/hey-sports-combi-wash-250-ml-funkcionalis-mososzer.494.html<\/a><\/p>\n<p style=\"font-size: 16px; box-sizing: border-box; margin: 0px 0px 10px; max-width: 100%; font-family: Roboto, sans-serif;\">Az es\u0151 &eacute;s sz&eacute;lz&aacute;r&oacute; membr&aacute;n tiszt&iacute;t&aacute;s&aacute;hoz az al&aacute;bbi term&eacute;ket sz&uuml;ks&eacute;ges haszn&aacute;lni:&nbsp;<\/p>\n<p style=\"font-size: 16px; box-sizing: border-box; margin: 0px 0px 10px; max-width: 100%; font-family: Roboto, sans-serif;\"><a href=\"https:\/\/darazsgarazs.hu\/termek\/mososzer-motoros-ruhazathoz.911.html\" style=\"color: rgb(51, 122, 183); box-sizing: border-box; background-color: transparent; text-decoration-line: none; max-width: 100%;\">https:\/\/darazsgarazs.hu\/termek\/mososzer-motoros-ruhazathoz.911.html<\/a><\/p>\n<p style=\"box-sizing: border-box; margin: 0px 0px 10px; max-width: 100%; font-family: Roboto, sans-serif; font-size: 16px;\">\n","protected":false},"excerpt":{"rendered":"<p>A H&aacute;l&oacute;s fel&uuml;let\u0171, ez&aacute;ltal kiv&aacute;l&oacute;an szell\u0151z\u0151 &eacute;s kivehet\u0151 membr&aacute;nnal ell&aacute;tott nadr&aacute;gok, rendk&iacute;v&uuml;li komfort&eacute;rzetet biztos&iacute;tanak.&nbsp; Tesztjeink szerint &bdquo;Naked&rdquo; motoron viselve , [&hellip;]<\/p>\n","protected":false},"featured_media":103563,"template":"","meta":{"site-sidebar-layout":"default","site-content-layout":"","ast-site-content-layout":"default","site-content-style":"default","site-sidebar-style":"default","ast-global-header-display":"","ast-banner-title-visibility":"","ast-main-header-display":"","ast-hfb-above-header-display":"","ast-hfb-below-header-display":"","ast-hfb-mobile-header-display":"","site-post-title":"","ast-breadcrumbs-content":"","ast-featured-img":"","footer-sml-layout":"","ast-disable-related-posts":"","theme-transparent-header-meta":"","adv-header-id-meta":"","stick-header-meta":"","header-above-stick-meta":"","header-main-stick-meta":"","header-below-stick-meta":"","astra-migrate-meta-layouts":"default","ast-page-background-enabled":"default","ast-page-background-meta":{"desktop":{"background-color":"var(--ast-global-color-5)","background-image":"","background-repeat":"repeat","background-position":"center center","background-size":"auto","background-attachment":"scroll","background-type":"","background-media":"","overlay-type":"","overlay-color":"","overlay-opacity":"","overlay-gradient":""},"tablet":{"background-color":"","background-image":"","background-repeat":"repeat","background-position":"center center","background-size":"auto","background-attachment":"scroll","background-type":"","background-media":"","overlay-type":"","overlay-color":"","overlay-opacity":"","overlay-gradient":""},"mobile":{"background-color":"","background-image":"","background-repeat":"repeat","background-position":"center center","background-size":"auto","background-attachment":"scroll","background-type":"","background-media":"","overlay-type":"","overlay-color":"","overlay-opacity":"","overlay-gradient":""}},"ast-content-background-meta":{"desktop":{"background-color":"var(--ast-global-color-4)","background-image":"","background-repeat":"repeat","background-position":"center center","background-size":"auto","background-attachment":"scroll","background-type":"","background-media":"","overlay-type":"","overlay-color":"","overlay-opacity":"","overlay-gradient":""},"tablet":{"background-color":"var(--ast-global-color-4)","background-image":"","background-repeat":"repeat","background-position":"center center","background-size":"auto","background-attachment":"scroll","background-type":"","background-media":"","overlay-type":"","overlay-color":"","overlay-opacity":"","overlay-gradient":""},"mobile":{"background-color":"var(--ast-global-color-4)","background-image":"","background-repeat":"repeat","background-position":"center center","background-size":"auto","background-attachment":"scroll","background-type":"","background-media":"","overlay-type":"","overlay-color":"","overlay-opacity":"","overlay-gradient":""}}},"product_brand":[],"product_cat":[139,138],"product_tag":[],"class_list":{"0":"post-109831","1":"product","2":"type-product","3":"status-publish","4":"has-post-thumbnail","6":"product_cat-motoros-ruhazat","7":"product_cat-nadragok","8":"desktop-align-left","9":"tablet-align-left","10":"mobile-align-left","12":"first","13":"instock","14":"shipping-taxable","15":"purchasable","16":"product-type-simple"},"jetpack_sharing_enabled":true,"_links":{"self":[{"href":"https:\/\/zatureczkimarcell.ddns.net\/wordpress\/wp-json\/wp\/v2\/product\/109831","targetHints":{"allow":["GET"]}}],"collection":[{"href":"https:\/\/zatureczkimarcell.ddns.net\/wordpress\/wp-json\/wp\/v2\/product"}],"about":[{"href":"https:\/\/zatureczkimarcell.ddns.net\/wordpress\/wp-json\/wp\/v2\/types\/product"}],"wp:featuredmedia":[{"embeddable":true,"href":"https:\/\/zatureczkimarcell.ddns.net\/wordpress\/wp-json\/wp\/v2\/media\/103563"}],"wp:attachment":[{"href":"https:\/\/zatureczkimarcell.ddns.net\/wordpress\/wp-json\/wp\/v2\/media?parent=109831"}],"wp:term":[{"taxonomy":"product_brand","embeddable":true,"href":"https:\/\/zatureczkimarcell.ddns.net\/wordpress\/wp-json\/wp\/v2\/product_brand?post=109831"},{"taxonomy":"product_cat","embeddable":true,"href":"https:\/\/zatureczkimarcell.ddns.net\/wordpress\/wp-json\/wp\/v2\/product_cat?post=109831"},{"taxonomy":"product_tag","embeddable":true,"href":"https:\/\/zatureczkimarcell.ddns.net\/wordpress\/wp-json\/wp\/v2\/product_tag?post=109831"}],"curies":[{"name":"wp","href":"https:\/\/api.w.org\/{rel}","templated":true}]}}