{"id":109829,"date":"2026-04-01T10:39:06","date_gmt":"2026-04-01T08:39:06","guid":{"rendered":"https:\/\/zatureczkimarcell.ddns.net\/wordpress\/?post_type=product&#038;p=109829"},"modified":"2026-04-01T10:39:32","modified_gmt":"2026-04-01T08:39:32","slug":"modeka-dry-pack-22-literes-esoallo-motoros-hatizsak","status":"publish","type":"product","link":"https:\/\/zatureczkimarcell.ddns.net\/wordpress\/termek\/modeka-dry-pack-22-literes-esoallo-motoros-hatizsak\/","title":{"rendered":"Modeka Dry Pack 22 literes es\u0151\u00e1ll\u00f3 motoros h\u00e1tizs\u00e1k"},"content":{"rendered":"<p><span style=\"font-size:16px;\"><strong>Massz&iacute;v , az es\u0151nek ellen&aacute;ll&oacute; anyagb&oacute;l k&eacute;sz&uuml;lt , tenger&eacute;szzs&aacute;k z&aacute;r&aacute;s&uacute; motoros h&aacute;tizs&aacute;k, amelyben minden olyan dolog elf&eacute;r amit a h&eacute;tk&ouml;znapokban magunkkal akarunk vinni.&nbsp;<\/strong><\/span><\/p>\n<p><span style=\"font-size:16px;\"><strong>22 literes t&aacute;rol&oacute;kapacit&aacute;s&nbsp;<\/strong><\/span><\/p>\n<p><span style=\"font-size:16px;\"><strong>Lez&aacute;rt,&nbsp;heggesztett varratokkal k&eacute;sz&uuml;lt.&nbsp;<\/strong><\/span><\/p>\n<p><span style=\"font-size:16px;\"><strong>F&eacute;nyvisszaver\u0151 bet&eacute;tek a jobb l&aacute;that&oacute;s&aacute;g&eacute;rt .&nbsp;<\/strong><\/span><\/p>\n<p><span style=\"font-size:16px;\"><strong>T&ouml;bb ponton &aacute;ll&iacute;that&oacute;&nbsp;<\/strong><\/span><\/p>\n<p><span style=\"font-size:16px;\"><strong>M&eacute;retek: 24X46X12&nbsp;<\/strong><\/span><\/p>\n<p><strong style=\"box-sizing: border-box; max-width: 100%; font-family: Roboto, sans-serif; font-size: 16px;\">Haszn&aacute;lati &eacute;s kezel&eacute;si &uacute;tmutat&oacute; a term&eacute;khez el&eacute;rhet\u0151 ide kattintva:&nbsp;<a href=\"https:\/\/darazsgarazs.hu\/index.php\/termek\/hasznalati-utmutato-taskak-dobozok.1157.html\">https:\/\/darazsgarazs.hu\/index.php\/termek\/hasznalati-utmutato-taskak-dobozok.1157.html<\/a><\/strong><\/p>\n","protected":false},"excerpt":{"rendered":"<p>Massz&iacute;v , az es\u0151nek ellen&aacute;ll&oacute; anyagb&oacute;l k&eacute;sz&uuml;lt , tenger&eacute;szzs&aacute;k z&aacute;r&aacute;s&uacute; motoros h&aacute;tizs&aacute;k, amelyben minden olyan dolog elf&eacute;r amit a h&eacute;tk&ouml;znapokban [&hellip;]<\/p>\n","protected":false},"featured_media":103762,"template":"","meta":{"site-sidebar-layout":"default","site-content-layout":"","ast-site-content-layout":"default","site-content-style":"default","site-sidebar-style":"default","ast-global-header-display":"","ast-banner-title-visibility":"","ast-main-header-display":"","ast-hfb-above-header-display":"","ast-hfb-below-header-display":"","ast-hfb-mobile-header-display":"","site-post-title":"","ast-breadcrumbs-content":"","ast-featured-img":"","footer-sml-layout":"","ast-disable-related-posts":"","theme-transparent-header-meta":"","adv-header-id-meta":"","stick-header-meta":"","header-above-stick-meta":"","header-main-stick-meta":"","header-below-stick-meta":"","astra-migrate-meta-layouts":"default","ast-page-background-enabled":"default","ast-page-background-meta":{"desktop":{"background-color":"var(--ast-global-color-5)","background-image":"","background-repeat":"repeat","background-position":"center center","background-size":"auto","background-attachment":"scroll","background-type":"","background-media":"","overlay-type":"","overlay-color":"","overlay-opacity":"","overlay-gradient":""},"tablet":{"background-color":"","background-image":"","background-repeat":"repeat","background-position":"center center","background-size":"auto","background-attachment":"scroll","background-type":"","background-media":"","overlay-type":"","overlay-color":"","overlay-opacity":"","overlay-gradient":""},"mobile":{"background-color":"","background-image":"","background-repeat":"repeat","background-position":"center center","background-size":"auto","background-attachment":"scroll","background-type":"","background-media":"","overlay-type":"","overlay-color":"","overlay-opacity":"","overlay-gradient":""}},"ast-content-background-meta":{"desktop":{"background-color":"var(--ast-global-color-4)","background-image":"","background-repeat":"repeat","background-position":"center center","background-size":"auto","background-attachment":"scroll","background-type":"","background-media":"","overlay-type":"","overlay-color":"","overlay-opacity":"","overlay-gradient":""},"tablet":{"background-color":"var(--ast-global-color-4)","background-image":"","background-repeat":"repeat","background-position":"center center","background-size":"auto","background-attachment":"scroll","background-type":"","background-media":"","overlay-type":"","overlay-color":"","overlay-opacity":"","overlay-gradient":""},"mobile":{"background-color":"var(--ast-global-color-4)","background-image":"","background-repeat":"repeat","background-position":"center center","background-size":"auto","background-attachment":"scroll","background-type":"","background-media":"","overlay-type":"","overlay-color":"","overlay-opacity":"","overlay-gradient":""}}},"product_brand":[],"product_cat":[134],"product_tag":[],"class_list":{"0":"post-109829","1":"product","2":"type-product","3":"status-publish","4":"has-post-thumbnail","6":"product_cat-taskak-dobozok","7":"desktop-align-left","8":"tablet-align-left","9":"mobile-align-left","11":"first","12":"instock","13":"shipping-taxable","14":"purchasable","15":"product-type-simple"},"jetpack_sharing_enabled":true,"_links":{"self":[{"href":"https:\/\/zatureczkimarcell.ddns.net\/wordpress\/wp-json\/wp\/v2\/product\/109829","targetHints":{"allow":["GET"]}}],"collection":[{"href":"https:\/\/zatureczkimarcell.ddns.net\/wordpress\/wp-json\/wp\/v2\/product"}],"about":[{"href":"https:\/\/zatureczkimarcell.ddns.net\/wordpress\/wp-json\/wp\/v2\/types\/product"}],"wp:featuredmedia":[{"embeddable":true,"href":"https:\/\/zatureczkimarcell.ddns.net\/wordpress\/wp-json\/wp\/v2\/media\/103762"}],"wp:attachment":[{"href":"https:\/\/zatureczkimarcell.ddns.net\/wordpress\/wp-json\/wp\/v2\/media?parent=109829"}],"wp:term":[{"taxonomy":"product_brand","embeddable":true,"href":"https:\/\/zatureczkimarcell.ddns.net\/wordpress\/wp-json\/wp\/v2\/product_brand?post=109829"},{"taxonomy":"product_cat","embeddable":true,"href":"https:\/\/zatureczkimarcell.ddns.net\/wordpress\/wp-json\/wp\/v2\/product_cat?post=109829"},{"taxonomy":"product_tag","embeddable":true,"href":"https:\/\/zatureczkimarcell.ddns.net\/wordpress\/wp-json\/wp\/v2\/product_tag?post=109829"}],"curies":[{"name":"wp","href":"https:\/\/api.w.org\/{rel}","templated":true}]}}