{"id":109828,"date":"2026-04-01T10:39:06","date_gmt":"2026-04-01T08:39:06","guid":{"rendered":"https:\/\/zatureczkimarcell.ddns.net\/wordpress\/?post_type=product&#038;p=109828"},"modified":"2026-04-01T10:39:31","modified_gmt":"2026-04-01T08:39:31","slug":"modeka-x-vent-kids-nyari-halos-membranos-gyermek-motoros-kabat","status":"publish","type":"product","link":"https:\/\/zatureczkimarcell.ddns.net\/wordpress\/termek\/modeka-x-vent-kids-nyari-halos-membranos-gyermek-motoros-kabat\/","title":{"rendered":"Modeka X-Vent kids Ny\u00e1ri h\u00e1l\u00f3s-membr\u00e1nos gyermek motoros kab\u00e1t"},"content":{"rendered":"<\/p>\n<p><span style=\"font-size:16px;\"><strong>A Feln\u0151tt X-Vent modellhez hasonl&oacute;an ez a kab&aacute;t is <span style=\"color:#FF0000;\">t&ouml;k&eacute;letes komfortot biztos&iacute;t m&eacute;g a legmelegebb k&aacute;nikulai napokon is!&nbsp;<\/span><\/strong><\/span><\/p>\n<p style=\"box-sizing: border-box; margin: 0px 0px 5px; font-size: 16px; border: 0px none; outline: none 0px; padding: 0px; vertical-align: baseline; color: rgb(0, 0, 0); font-family: Arial, Helvetica, sans-serif; line-height: 20px;\"><strong>A H&aacute;l&oacute;s fel&uuml;let\u0171, ez&aacute;ltal kiv&aacute;l&oacute;an szell\u0151z\u0151 &eacute;s kivehet\u0151 membr&aacute;nnal ell&aacute;tott kab&aacute;tok, rendk&iacute;v&uuml;li komfort&eacute;rzetet biztos&iacute;tanak.&nbsp;<\/strong><\/p>\n<p><span style=\"font-size: 16px;\"><strong>Tesztjeink szerint &bdquo;Naked&rdquo; motoron viselve , m&aacute;r 20Km\/h sebess&eacute;gt\u0151l nem &eacute;rzed hogy kab&aacute;t van rajtad, annyira szell\u0151s!<\/strong><\/span><\/p>\n<p><span style=\"font-size: 16px;\"><strong>A ny&aacute;ri k&aacute;nikul&aacute;ban, egy ilyen kab&aacute;tot viselve, maxim&aacute;lis biztons&aacute;gban vagyunk a protektoroknak k&ouml;sz&ouml;nhet\u0151en, m&eacute;gis olyan &eacute;rz&eacute;s lesz m&aacute;r kis sebess&eacute;gn&eacute;l is motorozni, mintha nem is lenne rajtad motoros kab&aacute;t .<\/strong><\/span><\/p>\n<p><span style=\"font-size: 16px;\"><strong>Rendk&iacute;v&uuml;l j&oacute; szell\u0151z&eacute;st biztos&iacute;t ! Amellett hogy a protektorok megv&eacute;dik, nem izzad bele visel\u0151je. S\u0151t!&nbsp;<\/strong><\/span><\/p>\n<p><span style=\"font-size: 16px;\"><strong>A becipz&aacute;rozhat&oacute; es\u0151 &eacute;s sz&eacute;lz&aacute;r&oacute; membr&aacute;n a h\u0171v&ouml;sebb reggeleken, vagy az es\u0151 ellen is v&eacute;delmet ny&uacute;jt.<\/strong><\/span><\/p>\n<p><span style=\"font-size: 16px;\"><strong>Teh&aacute;t hi&aacute;ba f&uacute;j a sz&eacute;l, a membr&aacute;n megv&eacute;d . Hi&aacute;ba esik az es\u0151, a membr&aacute;n v&eacute;d az es\u0151 ellen. Viszont amikor a legnagyobb melegekben motorozol, akkor sem izzadsz meg , ha a kab&aacute;tb&oacute;l kiveszed az es\u0151 &eacute;s sz&eacute;l&aacute;ll&oacute; membr&aacute;nt.&nbsp;<\/strong><\/span><\/p>\n<p><span style=\"font-size: 16px;\"><strong>Protektoros v&eacute;delem &eacute;s maxim&aacute;lis komfort m&eacute;g a legnagyobb ny&aacute;ri k&aacute;nikul&aacute;ban is!&nbsp;<\/strong><\/span><\/p>\n<div style=\"box-sizing: border-box; font-family: Roboto, sans-serif; font-size: 16px;\"><\/div>\n<p><span style=\"font-size:16px;\"><strong>A kab&aacute;t teljes fel&uuml;lete AirFlow h&aacute;l&oacute;s, &iacute;gy a menetsz&eacute;l k&ouml;nnyen mozog benne.&nbsp;<\/strong><\/span><\/p>\n<p><span style=\"font-size:16px;\"><strong>Kivehet\u0151 es\u0151 &eacute;s sz&eacute;lz&aacute;r&oacute; Hitex&nbsp;membr&aacute;n a h\u0171v&ouml;s reggelekre vagy ha elered az es\u0151 a motoros kir&aacute;ndul&aacute;s k&ouml;zben.&nbsp;<\/strong><\/span><\/p>\n<p><span style=\"font-size:16px;\"><strong>V&aacute;ll, k&ouml;ny&ouml;k &eacute;s gerincprotektorral.&nbsp;<\/strong><\/span><\/p>\n<p><span style=\"font-size:16px;\"><strong>A kab&aacute;t t&ouml;bb ponton &aacute;ll&iacute;that&oacute;- testre szabhat&oacute; !&nbsp;<\/strong><\/span><\/p>\n<p><span style=\"font-size:16px;\"><span style=\"color:#FF0000;\"><strong>Figyelem! A Kab&aacute;t &uacute;jj&aacute;n egy &ouml;tletes cipz&aacute;r seg&iacute;ts&eacute;g&eacute;vel , ak&aacute;r 5 cm-t is tudunk &aacute;ll&iacute;tani, &iacute;gy nem kell minden &eacute;vben &uacute;j kab&aacute;tot venni a gyermeknek, hanem a cipz&aacute;r megnyit&aacute;s&aacute;val, a karhossz 5 cm-el n&ouml;velhet\u0151!&nbsp;<\/strong><\/span><\/span><\/p>\n<p><strong style=\"font-family: Roboto, sans-serif; font-size: 16px; box-sizing: border-box; max-width: 100%;\">Haszn&aacute;lati &eacute;s kezel&eacute;si &uacute;tmutat&oacute; a term&eacute;khez&nbsp;el&eacute;rhet\u0151 ide kattintva:&nbsp;<a href=\"https:\/\/darazsgarazs.hu\/index.php\/termek\/hasznalati-utmutato.1155.html\">https:\/\/darazsgarazs.hu\/index.php\/termek\/hasznalati-utmutato.1155.html<\/a><\/strong><\/p>\n","protected":false},"excerpt":{"rendered":"<p>A Feln\u0151tt X-Vent modellhez hasonl&oacute;an ez a kab&aacute;t is t&ouml;k&eacute;letes komfortot biztos&iacute;t m&eacute;g a legmelegebb k&aacute;nikulai napokon is!&nbsp; A H&aacute;l&oacute;s [&hellip;]<\/p>\n","protected":false},"featured_media":107747,"template":"","meta":{"site-sidebar-layout":"default","site-content-layout":"","ast-site-content-layout":"default","site-content-style":"default","site-sidebar-style":"default","ast-global-header-display":"","ast-banner-title-visibility":"","ast-main-header-display":"","ast-hfb-above-header-display":"","ast-hfb-below-header-display":"","ast-hfb-mobile-header-display":"","site-post-title":"","ast-breadcrumbs-content":"","ast-featured-img":"","footer-sml-layout":"","ast-disable-related-posts":"","theme-transparent-header-meta":"","adv-header-id-meta":"","stick-header-meta":"","header-above-stick-meta":"","header-main-stick-meta":"","header-below-stick-meta":"","astra-migrate-meta-layouts":"default","ast-page-background-enabled":"default","ast-page-background-meta":{"desktop":{"background-color":"var(--ast-global-color-5)","background-image":"","background-repeat":"repeat","background-position":"center center","background-size":"auto","background-attachment":"scroll","background-type":"","background-media":"","overlay-type":"","overlay-color":"","overlay-opacity":"","overlay-gradient":""},"tablet":{"background-color":"","background-image":"","background-repeat":"repeat","background-position":"center center","background-size":"auto","background-attachment":"scroll","background-type":"","background-media":"","overlay-type":"","overlay-color":"","overlay-opacity":"","overlay-gradient":""},"mobile":{"background-color":"","background-image":"","background-repeat":"repeat","background-position":"center center","background-size":"auto","background-attachment":"scroll","background-type":"","background-media":"","overlay-type":"","overlay-color":"","overlay-opacity":"","overlay-gradient":""}},"ast-content-background-meta":{"desktop":{"background-color":"var(--ast-global-color-4)","background-image":"","background-repeat":"repeat","background-position":"center center","background-size":"auto","background-attachment":"scroll","background-type":"","background-media":"","overlay-type":"","overlay-color":"","overlay-opacity":"","overlay-gradient":""},"tablet":{"background-color":"var(--ast-global-color-4)","background-image":"","background-repeat":"repeat","background-position":"center center","background-size":"auto","background-attachment":"scroll","background-type":"","background-media":"","overlay-type":"","overlay-color":"","overlay-opacity":"","overlay-gradient":""},"mobile":{"background-color":"var(--ast-global-color-4)","background-image":"","background-repeat":"repeat","background-position":"center center","background-size":"auto","background-attachment":"scroll","background-type":"","background-media":"","overlay-type":"","overlay-color":"","overlay-opacity":"","overlay-gradient":""}}},"product_brand":[],"product_cat":[147,139],"product_tag":[],"class_list":{"0":"post-109828","1":"product","2":"type-product","3":"status-publish","4":"has-post-thumbnail","6":"product_cat-kabatok","7":"product_cat-motoros-ruhazat","8":"desktop-align-left","9":"tablet-align-left","10":"mobile-align-left","12":"first","13":"instock","14":"shipping-taxable","15":"purchasable","16":"product-type-simple"},"jetpack_sharing_enabled":true,"_links":{"self":[{"href":"https:\/\/zatureczkimarcell.ddns.net\/wordpress\/wp-json\/wp\/v2\/product\/109828","targetHints":{"allow":["GET"]}}],"collection":[{"href":"https:\/\/zatureczkimarcell.ddns.net\/wordpress\/wp-json\/wp\/v2\/product"}],"about":[{"href":"https:\/\/zatureczkimarcell.ddns.net\/wordpress\/wp-json\/wp\/v2\/types\/product"}],"wp:featuredmedia":[{"embeddable":true,"href":"https:\/\/zatureczkimarcell.ddns.net\/wordpress\/wp-json\/wp\/v2\/media\/107747"}],"wp:attachment":[{"href":"https:\/\/zatureczkimarcell.ddns.net\/wordpress\/wp-json\/wp\/v2\/media?parent=109828"}],"wp:term":[{"taxonomy":"product_brand","embeddable":true,"href":"https:\/\/zatureczkimarcell.ddns.net\/wordpress\/wp-json\/wp\/v2\/product_brand?post=109828"},{"taxonomy":"product_cat","embeddable":true,"href":"https:\/\/zatureczkimarcell.ddns.net\/wordpress\/wp-json\/wp\/v2\/product_cat?post=109828"},{"taxonomy":"product_tag","embeddable":true,"href":"https:\/\/zatureczkimarcell.ddns.net\/wordpress\/wp-json\/wp\/v2\/product_tag?post=109828"}],"curies":[{"name":"wp","href":"https:\/\/api.w.org\/{rel}","templated":true}]}}