{"id":109826,"date":"2026-04-01T10:39:04","date_gmt":"2026-04-01T08:39:04","guid":{"rendered":"https:\/\/zatureczkimarcell.ddns.net\/wordpress\/?post_type=product&#038;p=109826"},"modified":"2026-04-01T10:39:29","modified_gmt":"2026-04-01T08:39:29","slug":"marushin-999-napszemuveges-uvegszalas-tesztgyoztes-videos-teszt","status":"publish","type":"product","link":"https:\/\/zatureczkimarcell.ddns.net\/wordpress\/termek\/marushin-999-napszemuveges-uvegszalas-tesztgyoztes-videos-teszt\/","title":{"rendered":"Marushin 999 Napszem\u00fcveges \u00fcvegsz\u00e1las tesztgy\u0151ztes-Vide\u00f3s teszt!"},"content":{"rendered":"<p><strong>999 Laser Feh&eacute;r-Piros&nbsp;<\/strong><\/p>\n<p><strong>A 999RS &eacute;vek &oacute;ta az egyik legn&eacute;pszer\u0171bb modell a Jap&aacute;n Marushin c&eacute;g sisakjai k&ouml;z&uuml;l. <\/strong><\/p>\n<p><strong><span style=\"color:#FF0000;\">Sz&aacute;mtalan nemzetk&ouml;zi tesztet nyert a 999RS modell, &eacute;s minden nagy nevet maga m&ouml;g&eacute; utas&iacute;tott (L&aacute;sd a mell&eacute;kelt k&eacute;pek)&nbsp;<\/span>&nbsp;amelyet most tov&aacute;bb fejlesztettek .<\/strong><\/p>\n<p><strong>A legfrissebb &nbsp;teszten is kiv&aacute;l&oacute;an szerepelt a sisak , a nemzetk&ouml;zi Motorrad Reisen magazinn&aacute;l &eacute;s &quot;Sehr Gut&quot; min\u0151s&iacute;t&eacute;st kapott:&nbsp;<\/strong><\/p>\n<p><b>A magazin munkat&aacute;rsainak v&eacute;lem&eacute;nye:&nbsp;<\/b><\/p>\n<div><i>&quot;A sisak nagyon k&ouml;nny\u0171.<\/i><\/div>\n<div><i>&nbsp;K&eacute;nyelmes bels\u0151 r&eacute;sszel, amely k&ouml;nnyed&eacute;n fogadja be a szem&uuml;veget is, &iacute;gy a szem&uuml;veges motorosok sz&aacute;m&aacute;ra is kiv&aacute;l&oacute; v&aacute;laszt&aacute;s .<\/i><\/div>\n<div><i>&nbsp;Pinlock haszn&aacute;lat&aacute;val t&ouml;k&eacute;letesen p&aacute;ramentes a nagy m&eacute;ret\u0171 l&aacute;t&oacute;t&eacute;r.&nbsp;<\/i><\/div>\n<div><i>&nbsp;A sisak kimagasl&oacute;an j&oacute;l szell\u0151zik, ennek ellen&eacute;re csendes .&nbsp;<\/i><\/div>\n<div><i>&nbsp;Nagyobb sebess&eacute;gn&eacute;l is megtartja &aacute;tlagon fel&uuml;li csendess&eacute;g&eacute;t .<\/i><\/div>\n<div><i>&nbsp;A sisak szell\u0151z\u0151i m&eacute;g keszty\u0171ben is nagyon k&ouml;nnyen kezelhet\u0151ek. &quot;&nbsp;<\/i><\/div>\n<div>(Motorrad Reisen&nbsp;test)&nbsp;<\/div>\n<p><strong>A 999RS Comfort modellben m&aacute;r be&eacute;p&iacute;tett napszem&uuml;veg &eacute;s k&eacute;nyelmes, k&ouml;nnyen kezelhet\u0151 mikrometrikus &ndash; racsnis csattrendszer kapott helyet. Ezekkel az &uacute;j&iacute;t&aacute;sokkal a 999RS comfort &eacute;len j&aacute;r a k&eacute;nyelemben, funkcionalit&aacute;sban &nbsp;&eacute;s a biztons&aacute;gban.<\/strong><\/p>\n<p><span style=\"color:#FF0000;\"><strong>Kompakt , kis m&eacute;ret\u0171 h&eacute;jszerkezet <\/strong><\/span><\/p>\n<p><span style=\"color:#FF0000;\"><strong>K&eacute;nyelmes- szem&uuml;vegbar&aacute;t bels\u0151 r&eacute;sz &nbsp;<\/strong><\/span><\/p>\n<p><span style=\"color:#FF0000;\"><strong>Sisakbesz&eacute;l\u0151 rendszernek kialak&iacute;tott bels\u0151 s&uuml;llyeszt&eacute;s <\/strong><\/span><\/p>\n<p><span style=\"color:#FF0000;\"><strong>Rendk&iacute;v&uuml;l k&ouml;nny\u0171 , &eacute;s maxim&aacute;lis t&ouml;r&eacute;steszt eredm&eacute;nyt el&eacute;r\u0151 &uuml;vegsz&aacute;las h&eacute;jszerkezet. <\/strong><\/span><\/p>\n<p><span style=\"color:#FF0000;\"><strong>Sz&eacute;lcsatorn&aacute;ban optimaliz&aacute;lt szell\u0151z\u0151 rendszer amely lehet\u0151v&eacute; teszi m&eacute;g t&ouml;bb leveg\u0151 be&aacute;raml&aacute;s&aacute;t a sisakba. <\/strong><\/span><\/p>\n<p><strong style=\"box-sizing: border-box; font-family: Roboto, sans-serif; font-size: 16px;\">A Jap&aacute;n Marushin saj&aacute;t fejleszt&eacute;s\u0171- lev&eacute;dett szabadalm&uacute; Marushin Cool inner liner&nbsp;antibakteri&aacute;lis , kivehet\u0151 moshat&oacute; bels\u0151 r&eacute;szt alkalmaz ebben a sisakban is, amely t&ouml;k&eacute;letesen k&ouml;rbe&ouml;leli a motoros fej&eacute;t &eacute;s a legjobb izzadts&aacute;gelvezet&eacute;st biztos&iacute;tja.&nbsp;<\/strong><\/p>\n<p><strong>A Marushin saj&aacute;t szabadalma az M.A.R.O&nbsp; technol&oacute;gia biztos&iacute;tja, hogy egy esetleges baleset sor&aacute;n a legkisebb a val&oacute;sz&iacute;n\u0171s&eacute;ge annak hogy a sisak leg&ouml;rd&uuml;lj&ouml;n a visel\u0151je fej&eacute;r\u0151l .<\/strong><\/p>\n<p><strong>A sisak bels\u0151 r&eacute;sze &bdquo;Emergency Strap&rdquo; rendszerrel egyszer\u0171en elt&aacute;vol&iacute;that&oacute; egy esetleges baleset ut&aacute;n, &iacute;gy k&ouml;nny&iacute;tve a seg&iacute;ts&eacute;get ny&uacute;jt&oacute;k munk&aacute;j&aacute;t!<\/strong><\/p>\n<p><strong>A sisak &aacute;llr&eacute;sz&eacute;n&eacute;l az &uacute;gynevezett &bdquo;bog&aacute;rv&eacute;d\u0151 h&aacute;l&oacute;&rdquo; g&aacute;tolja&nbsp; a sz&eacute;lzaj kialakul&aacute;s&aacute;t.<\/strong><\/p>\n<p><strong>Gy&aacute;ri tartoz&eacute;k a sisakhoz az Orr-p&aacute;ra l&eacute;gterel\u0151 bet&eacute;t amely a kil&eacute;legzett leveg\u0151t eltereli a sisak plexij&eacute;r\u0151l, &iacute;gy g&aacute;tolva a p&aacute;r&aacute;sod&aacute;st.<\/strong><\/p>\n<p><strong>A sisak plexije Pinlock el\u0151k&eacute;sz&iacute;tett , karcmentes r&eacute;teggel ell&aacute;tott plexi amely szersz&aacute;m n&eacute;lk&uuml;l&nbsp; egyszer\u0171en cser&eacute;lhet\u0151<\/strong><\/p>\n<p><strong>Racsnis , mikrometrikus csatt<\/strong><\/p>\n<p><strong>A sisak s&uacute;lya mind&ouml;ssze 1290g<\/strong><\/p>\n<p><strong>El&eacute;rhet\u0151 m&eacute;retek: XS, S, M, L, XL , 2XL<\/strong><\/p>\n<p><strong>Haszn&aacute;lati &eacute;s kezel&eacute;si &uacute;tmutat&oacute; a term&eacute;khez el&eacute;rhet\u0151 ide kattintva:&nbsp;<a href=\"https:\/\/darazsgarazs.hu\/index.php\/termek\/bukosisak-hasznalati-kezelesi-utmutato.1408.html\">https:\/\/darazsgarazs.hu\/index.php\/termek\/bukosisak-hasznalati-kezelesi-utmutato.1408.html<\/a><\/strong><\/p>\n<p><b><span style=\"color: rgb(255, 0, 0);\">Figyelem!<\/span>&nbsp;Koll&eacute;g&aacute;nk is haszn&aacute;lja , &eacute;s aj&aacute;nlja a Marushin 999RS comfort sisakot! V&eacute;lem&eacute;nye honlapunkon a &quot;Saj&aacute;t tesztel&eacute;s\u0171 term&eacute;kek &quot; men&uuml;pontban, ide kattintva olvashat&oacute;:&nbsp;<\/b><\/p>\n<p><a href=\"https:\/\/darazsgarazs.hu\/index.php\/termek\/marushin-999rs-comfort-uvegszalas-bukosisak-teszt.1005.html\">https:\/\/darazsgarazs.hu\/index.php\/termek\/marushin-999rs-comfort-uvegszalas-bukosisak-teszt.1005.html<\/a><\/p>\n<p><strong>A Marushin durva balesetben is bizony&iacute;tott! &Uuml;gyfel&uuml;nk balesete &eacute;s fot&oacute;i ide kattintva &eacute;rhet\u0151ek el:<\/strong><\/p>\n<p><a href=\"https:\/\/darazsgarazs.hu\/index.php\/termek\/marushin-durva-motoros-balesetben.1159.html\"><strong>https:\/\/darazsgarazs.hu\/index.php\/termek\/marushin-durva-motoros-balesetben.1159.html<\/strong><\/a><\/p>\n<p><strong style=\"box-sizing: border-box; max-width: 100%; font-family: Roboto, sans-serif; font-size: 16px;\">Tekintsd meg extr&eacute;m cs&uacute;sz&aacute;sos balesetet szimul&aacute;l&oacute; vide&oacute;nkat, melyben a Marushin t&ouml;k&eacute;letesen vizsg&aacute;zott:&nbsp;<\/strong><\/p>\n<p><a href=\"https:\/\/darazsgarazs.hu\/index.php\/termek\/aszfalton-csuszas-extrem-videos-teszt.1110.html\"><strong style=\"box-sizing: border-box; max-width: 100%; font-family: Roboto, sans-serif; font-size: 16px;\">https:\/\/darazsgarazs.hu\/index.php\/termek\/aszfalton-csuszas-extrem-videos-teszt.1110.html<\/strong><\/a><\/p>\n<p><strong>Koll&eacute;g&aacute;nk, kisfi&aacute;t is a MARUSHIN 999-es sisakban &eacute;rzi biztons&aacute;gban. Kattints ide ez&eacute;rt a teszt&eacute;rt:&nbsp;<\/strong><\/p>\n<p><a href=\"https:\/\/darazsgarazs.hu\/index.php\/termek\/marushin-999-teszt.1243.html\">https:\/\/darazsgarazs.hu\/index.php\/termek\/marushin-999-teszt.1243.html<\/a><\/p>\n<\/p>\n<p><strong>A sisakhoz el&eacute;rhet\u0151 kieg&eacute;sz&iacute;t\u0151k:<\/strong><\/p>\n<p><strong>&Uuml;zlet&uuml;nkben el&eacute;rhet\u0151 a sisakhoz tartoz&oacute; pinlock p&aacute;ramentes&iacute;t\u0151 bet&eacute;t az al&aacute;bbi linkre kattintva :<\/strong><\/p>\n<p><a href=\"https:\/\/darazsgarazs.hu\/termek\/marushin-pinlock-paramentesito-betet.949.html\">https:\/\/darazsgarazs.hu\/termek\/marushin-pinlock-paramentesito-betet.949.html<\/a><\/p>\n<p><strong>S&ouml;t&eacute;t&iacute;tett vagy s&ouml;t&eacute;t &#8211; t&uuml;kr&ouml;s fel&uuml;let\u0171 plexi el&eacute;rhet\u0151 &uuml;zlet&uuml;nkben az al&aacute;bbi linkre kattintva :<\/strong><\/p>\n<p><strong>S&ouml;t&eacute;t Plexi:&nbsp;<\/strong><a href=\"https:\/\/darazsgarazs.hu\/termek\/marushin-sotet-plexi.948.html\">https:\/\/darazsgarazs.hu\/termek\/marushin-sotet-plexi.948.html<\/a><\/p>\n<p><strong>T&uuml;kr&ouml;s Plexi:&nbsp;<\/strong><a href=\"https:\/\/darazsgarazs.hu\/termek\/szinezett-pelxi-minden-marushin-sisakhoz-tobbfele-szinben.203.html\">https:\/\/darazsgarazs.hu\/termek\/szinezett-pelxi-minden-marushin-sisakhoz-tobbfele-szinben.203.html<\/a><\/p>\n<div style=\"position:relative;padding-bottom:56.25%;padding-top:30px;height:0;overflow:hidden;\"><iframe loading=\"lazy\" allowfullscreen=\"\" frameborder=\"0\" height=\"360\" src=\"\/\/www.youtube.com\/embed\/CyMhrqu0MT4?rel=0\" style=\"position: absolute;top: 0;left: 0;width: 100%;height: 100%;\" width=\"640\"><\/iframe><\/div>\n<div style=\"position:relative;padding-bottom:56.25%;padding-top:30px;height:0;overflow:hidden;\"><span style=\"font-size:16px;\"><strong>Durva tesztvide&oacute;:&nbsp;<\/strong><\/span><\/p>\n<div style=\"position:relative;padding-bottom:56.25%;padding-top:30px;height:0;overflow:hidden;\"><iframe loading=\"lazy\" allowfullscreen=\"\" frameborder=\"0\" height=\"360\" src=\"\/\/www.youtube.com\/embed\/S31cgSzG-cQ?rel=0\" style=\"position: absolute;top: 0;left: 0;width: 100%;height: 100%;\" width=\"640\"><\/iframe><\/div>\n<\/div>\n","protected":false},"excerpt":{"rendered":"<p>999 Laser Feh&eacute;r-Piros&nbsp; A 999RS &eacute;vek &oacute;ta az egyik legn&eacute;pszer\u0171bb modell a Jap&aacute;n Marushin c&eacute;g sisakjai k&ouml;z&uuml;l. Sz&aacute;mtalan nemzetk&ouml;zi tesztet [&hellip;]<\/p>\n","protected":false},"featured_media":103010,"template":"","meta":{"site-sidebar-layout":"default","site-content-layout":"","ast-site-content-layout":"default","site-content-style":"default","site-sidebar-style":"default","ast-global-header-display":"","ast-banner-title-visibility":"","ast-main-header-display":"","ast-hfb-above-header-display":"","ast-hfb-below-header-display":"","ast-hfb-mobile-header-display":"","site-post-title":"","ast-breadcrumbs-content":"","ast-featured-img":"","footer-sml-layout":"","ast-disable-related-posts":"","theme-transparent-header-meta":"","adv-header-id-meta":"","stick-header-meta":"","header-above-stick-meta":"","header-main-stick-meta":"","header-below-stick-meta":"","astra-migrate-meta-layouts":"default","ast-page-background-enabled":"default","ast-page-background-meta":{"desktop":{"background-color":"var(--ast-global-color-5)","background-image":"","background-repeat":"repeat","background-position":"center center","background-size":"auto","background-attachment":"scroll","background-type":"","background-media":"","overlay-type":"","overlay-color":"","overlay-opacity":"","overlay-gradient":""},"tablet":{"background-color":"","background-image":"","background-repeat":"repeat","background-position":"center center","background-size":"auto","background-attachment":"scroll","background-type":"","background-media":"","overlay-type":"","overlay-color":"","overlay-opacity":"","overlay-gradient":""},"mobile":{"background-color":"","background-image":"","background-repeat":"repeat","background-position":"center center","background-size":"auto","background-attachment":"scroll","background-type":"","background-media":"","overlay-type":"","overlay-color":"","overlay-opacity":"","overlay-gradient":""}},"ast-content-background-meta":{"desktop":{"background-color":"var(--ast-global-color-4)","background-image":"","background-repeat":"repeat","background-position":"center center","background-size":"auto","background-attachment":"scroll","background-type":"","background-media":"","overlay-type":"","overlay-color":"","overlay-opacity":"","overlay-gradient":""},"tablet":{"background-color":"var(--ast-global-color-4)","background-image":"","background-repeat":"repeat","background-position":"center center","background-size":"auto","background-attachment":"scroll","background-type":"","background-media":"","overlay-type":"","overlay-color":"","overlay-opacity":"","overlay-gradient":""},"mobile":{"background-color":"var(--ast-global-color-4)","background-image":"","background-repeat":"repeat","background-position":"center center","background-size":"auto","background-attachment":"scroll","background-type":"","background-media":"","overlay-type":"","overlay-color":"","overlay-opacity":"","overlay-gradient":""}}},"product_brand":[],"product_cat":[121,150],"product_tag":[],"class_list":{"0":"post-109826","1":"product","2":"type-product","3":"status-publish","4":"has-post-thumbnail","6":"product_cat-bukosisakok","7":"product_cat-zart-bukosisakok","8":"desktop-align-left","9":"tablet-align-left","10":"mobile-align-left","12":"first","13":"instock","14":"sale","15":"shipping-taxable","16":"purchasable","17":"product-type-simple"},"jetpack_sharing_enabled":true,"_links":{"self":[{"href":"https:\/\/zatureczkimarcell.ddns.net\/wordpress\/wp-json\/wp\/v2\/product\/109826","targetHints":{"allow":["GET"]}}],"collection":[{"href":"https:\/\/zatureczkimarcell.ddns.net\/wordpress\/wp-json\/wp\/v2\/product"}],"about":[{"href":"https:\/\/zatureczkimarcell.ddns.net\/wordpress\/wp-json\/wp\/v2\/types\/product"}],"wp:featuredmedia":[{"embeddable":true,"href":"https:\/\/zatureczkimarcell.ddns.net\/wordpress\/wp-json\/wp\/v2\/media\/103010"}],"wp:attachment":[{"href":"https:\/\/zatureczkimarcell.ddns.net\/wordpress\/wp-json\/wp\/v2\/media?parent=109826"}],"wp:term":[{"taxonomy":"product_brand","embeddable":true,"href":"https:\/\/zatureczkimarcell.ddns.net\/wordpress\/wp-json\/wp\/v2\/product_brand?post=109826"},{"taxonomy":"product_cat","embeddable":true,"href":"https:\/\/zatureczkimarcell.ddns.net\/wordpress\/wp-json\/wp\/v2\/product_cat?post=109826"},{"taxonomy":"product_tag","embeddable":true,"href":"https:\/\/zatureczkimarcell.ddns.net\/wordpress\/wp-json\/wp\/v2\/product_tag?post=109826"}],"curies":[{"name":"wp","href":"https:\/\/api.w.org\/{rel}","templated":true}]}}