{"id":109819,"date":"2026-04-01T10:38:38","date_gmt":"2026-04-01T08:38:38","guid":{"rendered":"https:\/\/zatureczkimarcell.ddns.net\/wordpress\/?post_type=product&#038;p=109819"},"modified":"2026-04-01T10:39:24","modified_gmt":"2026-04-01T08:39:24","slug":"mososzer-membranos-ruhazathoz-vasarloi-visszajelzes","status":"publish","type":"product","link":"https:\/\/zatureczkimarcell.ddns.net\/wordpress\/termek\/mososzer-membranos-ruhazathoz-vasarloi-visszajelzes\/","title":{"rendered":"Mos\u00f3szer membr\u00e1nos ruh\u00e1zathoz &#8211; v\u00e1s\u00e1rl\u00f3i visszajelz\u00e9s"},"content":{"rendered":"<p><strong>Az &aacute;ltalunk forgalmazott membr&aacute;nos ruh&aacute;khoz haszn&aacute;lhat&oacute; mos&oacute;szer, nem csak motoros ruh&aacute;zathoz, hanem minden membr&aacute;ntechnol&oacute;gi&aacute;t haszn&aacute;l&oacute; ruh&aacute;hoz (pl.: S&iacute;felszerel&eacute;s, snowboard ,vad&aacute;szat , lovagl&aacute;s &eacute;s&nbsp;t&uacute;raruh&aacute;zat) is alkalmazhat&oacute;! <\/strong><\/p>\n<p><strong>El&eacute;gedett &uuml;gyfel&uuml;nk k&uuml;ldte el ne&uuml;nk ezt a levelet &eacute;s a k&eacute;peket:&nbsp;<\/strong><\/p>\n<p><strong>&quot;Sziasztok!<\/strong><\/p>\n<p><strong>Ma vettem t\u0151letek a membr&aacute;nos cordura ruha mos&aacute;s&aacute;ra alkalmas mos&oacute;szert.<\/strong><\/p>\n<p><strong>K&eacute;t k&eacute;pet csatoltam. <\/strong><\/p>\n<p><strong>Az egyiken l&aacute;that&oacute;, hogy milyen hat&eacute;kony &eacute;s hogy az &aacute;ltalam viszonylag tiszt&aacute;nak &iacute;t&eacute;lt ruh&aacute;ra, r&aacute;f&eacute;rt a mos&aacute;s. <\/strong><\/p>\n<p><strong>A sz&iacute;nei &eacute;l&eacute;nkebbek lettek, b&aacute;r m&eacute;g nem sz&aacute;radt meg, illetve el\u0151ker&uuml;ltek eddig rejt\u0151zk&ouml;d\u0151 f&eacute;nyvisszaver\u0151 cs&iacute;kok is. <\/strong><\/p>\n<p><strong>Le a kalappal a cucc el\u0151tt. <\/strong><\/p>\n<p><strong>Sz&oacute;val a ruha szakszer\u0171 mos&aacute;sa nem csak higi&eacute;niai szempontok miatt fontos hanem biztons&aacute;gi okokb&oacute;l is. B&aacute;r &uacute;gy sejtem ezzel nektek nem mondtam &uacute;jat. \ud83d\ude42 <\/strong><\/p>\n<p><strong>A l&eacute;nyeg, hogy rendben van a kab&aacute;t &eacute;s &uacute;jj&aacute;var&aacute;zsolta a mos&oacute;szeretek. :)&quot;<\/strong><\/p>\n<\/p>\n<p><strong>A term&eacute;k el&eacute;rhet\u0151 honlapunkon erre a linkre kattintva:&nbsp;<\/strong><\/p>\n<p><strong><a href=\"https:\/\/darazsgarazs.hu\/termek\/mososzer-motoros-ruhazathoz.911.html\">https:\/\/darazsgarazs.hu\/termek\/mososzer-motoros-ruhazathoz.911.html<\/a><\/strong><\/p>\n","protected":false},"excerpt":{"rendered":"<p>Az &aacute;ltalunk forgalmazott membr&aacute;nos ruh&aacute;khoz haszn&aacute;lhat&oacute; mos&oacute;szer, nem csak motoros ruh&aacute;zathoz, hanem minden membr&aacute;ntechnol&oacute;gi&aacute;t haszn&aacute;l&oacute; ruh&aacute;hoz (pl.: S&iacute;felszerel&eacute;s, snowboard ,vad&aacute;szat [&hellip;]<\/p>\n","protected":false},"featured_media":103660,"template":"","meta":{"site-sidebar-layout":"default","site-content-layout":"","ast-site-content-layout":"default","site-content-style":"default","site-sidebar-style":"default","ast-global-header-display":"","ast-banner-title-visibility":"","ast-main-header-display":"","ast-hfb-above-header-display":"","ast-hfb-below-header-display":"","ast-hfb-mobile-header-display":"","site-post-title":"","ast-breadcrumbs-content":"","ast-featured-img":"","footer-sml-layout":"","ast-disable-related-posts":"","theme-transparent-header-meta":"","adv-header-id-meta":"","stick-header-meta":"","header-above-stick-meta":"","header-main-stick-meta":"","header-below-stick-meta":"","astra-migrate-meta-layouts":"default","ast-page-background-enabled":"default","ast-page-background-meta":{"desktop":{"background-color":"var(--ast-global-color-5)","background-image":"","background-repeat":"repeat","background-position":"center center","background-size":"auto","background-attachment":"scroll","background-type":"","background-media":"","overlay-type":"","overlay-color":"","overlay-opacity":"","overlay-gradient":""},"tablet":{"background-color":"","background-image":"","background-repeat":"repeat","background-position":"center center","background-size":"auto","background-attachment":"scroll","background-type":"","background-media":"","overlay-type":"","overlay-color":"","overlay-opacity":"","overlay-gradient":""},"mobile":{"background-color":"","background-image":"","background-repeat":"repeat","background-position":"center center","background-size":"auto","background-attachment":"scroll","background-type":"","background-media":"","overlay-type":"","overlay-color":"","overlay-opacity":"","overlay-gradient":""}},"ast-content-background-meta":{"desktop":{"background-color":"var(--ast-global-color-4)","background-image":"","background-repeat":"repeat","background-position":"center center","background-size":"auto","background-attachment":"scroll","background-type":"","background-media":"","overlay-type":"","overlay-color":"","overlay-opacity":"","overlay-gradient":""},"tablet":{"background-color":"var(--ast-global-color-4)","background-image":"","background-repeat":"repeat","background-position":"center center","background-size":"auto","background-attachment":"scroll","background-type":"","background-media":"","overlay-type":"","overlay-color":"","overlay-opacity":"","overlay-gradient":""},"mobile":{"background-color":"var(--ast-global-color-4)","background-image":"","background-repeat":"repeat","background-position":"center center","background-size":"auto","background-attachment":"scroll","background-type":"","background-media":"","overlay-type":"","overlay-color":"","overlay-opacity":"","overlay-gradient":""}}},"product_brand":[],"product_cat":[153],"product_tag":[],"class_list":{"0":"post-109819","1":"product","2":"type-product","3":"status-publish","4":"has-post-thumbnail","6":"product_cat-sajat-tesztelesu-termekek","7":"desktop-align-left","8":"tablet-align-left","9":"mobile-align-left","11":"first","12":"instock","13":"shipping-taxable","14":"product-type-simple"},"jetpack_sharing_enabled":true,"_links":{"self":[{"href":"https:\/\/zatureczkimarcell.ddns.net\/wordpress\/wp-json\/wp\/v2\/product\/109819","targetHints":{"allow":["GET"]}}],"collection":[{"href":"https:\/\/zatureczkimarcell.ddns.net\/wordpress\/wp-json\/wp\/v2\/product"}],"about":[{"href":"https:\/\/zatureczkimarcell.ddns.net\/wordpress\/wp-json\/wp\/v2\/types\/product"}],"wp:featuredmedia":[{"embeddable":true,"href":"https:\/\/zatureczkimarcell.ddns.net\/wordpress\/wp-json\/wp\/v2\/media\/103660"}],"wp:attachment":[{"href":"https:\/\/zatureczkimarcell.ddns.net\/wordpress\/wp-json\/wp\/v2\/media?parent=109819"}],"wp:term":[{"taxonomy":"product_brand","embeddable":true,"href":"https:\/\/zatureczkimarcell.ddns.net\/wordpress\/wp-json\/wp\/v2\/product_brand?post=109819"},{"taxonomy":"product_cat","embeddable":true,"href":"https:\/\/zatureczkimarcell.ddns.net\/wordpress\/wp-json\/wp\/v2\/product_cat?post=109819"},{"taxonomy":"product_tag","embeddable":true,"href":"https:\/\/zatureczkimarcell.ddns.net\/wordpress\/wp-json\/wp\/v2\/product_tag?post=109819"}],"curies":[{"name":"wp","href":"https:\/\/api.w.org\/{rel}","templated":true}]}}