{"id":109818,"date":"2026-04-01T10:38:37","date_gmt":"2026-04-01T08:38:37","guid":{"rendered":"https:\/\/zatureczkimarcell.ddns.net\/wordpress\/?post_type=product&#038;p=109818"},"modified":"2026-04-01T10:39:23","modified_gmt":"2026-04-01T08:39:23","slug":"forcefield-tornado-advance-szelallo-thermo-nyakmelegito","status":"publish","type":"product","link":"https:\/\/zatureczkimarcell.ddns.net\/wordpress\/termek\/forcefield-tornado-advance-szelallo-thermo-nyakmelegito\/","title":{"rendered":"Forcefield Tornado Advance sz\u00e9l\u00e1ll\u00f3 thermo nyakmeleg\u00edt\u0151"},"content":{"rendered":"<p><span style=\"color:#000000;\"><strong><span open=\"\" sans=\"\" style=\"font-family: \">Motoroz&aacute;s k&ouml;zben kiemelt jelent\u0151s&eacute;ge van a komfort&eacute;rzetnek. Ha menetk&ouml;zben f&aacute;zunk &ndash; m&aacute;rpedig a menetsz&eacute;l egy kellemesnek t\u0171n\u0151 napon is gyorsan &aacute;th\u0171thet -,&nbsp; az nem csak az &eacute;lm&eacute;nyt rontja, hanem elvonja a figyelmet a vezet&eacute;sr\u0151l, lass&iacute;tja a reflexeket. Ez balesetvesz&eacute;lyt is mag&aacute;ban hordoz. A hideg &eacute;s a menetsz&eacute;l, valamint a kab&aacute;t nyakr&eacute;sz&eacute;n&eacute;l esetleg besziv&aacute;rg&oacute; nedvess&eacute;g elleni v&eacute;dekez&eacute;sk&eacute;nt haszn&aacute;lhatjuk a Forcefield sz&eacute;l&aacute;ll&oacute;, v&iacute;zleperget\u0151 &eacute;s thermo tulajdons&aacute;gokkal b&iacute;r&oacute; term&eacute;kcsal&aacute;dj&aacute;t, a Tornado Advance-t.<\/span><\/strong><\/span><\/p>\n<p open=\"\" sans=\"\" style=\"box-sizing: inherit; margin: 0px; color: rgb(98, 98, 98); font-family: \"><span style=\"color:#000000;\"><strong>A Forcefield Tornado Advance sz&eacute;l&aacute;ll&oacute; thermo nyakmeleg&iacute;t\u0151 tov&aacute;bbi jellemz\u0151i:<\/strong><\/span><\/p>\n<ul open=\"\" sans=\"\" style=\"box-sizing: inherit; margin: 0px 0px 26px 25px; padding-right: 0px; padding-left: 0px; list-style-position: initial; list-style-image: initial; color: rgb(98, 98, 98); font-family: \">\n<li style=\"box-sizing: inherit;\"><span style=\"color:#000000;\"><strong>a megn&ouml;velt pal&aacute;stot sz&eacute;l&aacute;ll&oacute; &eacute;s v&iacute;zleperget\u0151 Defender r&eacute;teg bor&iacute;tja (a kab&aacute;ton esetleg besziv&aacute;rg&oacute;, maximum 8000mm v&iacute;zoszlopnak megfelel\u0151 nyom&aacute;st &aacute;t&aacute;z&aacute;s n&eacute;lk&uuml;l kib&iacute;rja)<\/strong><\/span><\/li>\n<li style=\"box-sizing: inherit;\"><span style=\"color:#000000;\"><strong>a nyakmeleg&iacute;t\u0151 alapj&aacute;t a kiv&aacute;l&oacute; h\u0151szigetel\u0151 k&eacute;pess&eacute;g\u0171, m&eacute;gis nagyon k&ouml;nny\u0171 Thermolite pol&aacute;r anyag adja<\/strong><\/span><\/li>\n<li style=\"box-sizing: inherit;\"><span style=\"color:#000000;\"><strong>flatlock (fektetett varr&aacute;s) a k&eacute;nyelem &eacute;rdek&eacute;ben<\/strong><\/span><\/li>\n<li style=\"box-sizing: inherit;\"><span style=\"color:#000000;\"><strong>k&eacute;nyelmes viselet, motoroz&aacute;shoz optimaliz&aacute;lt szab&aacute;s<\/strong><\/span><\/li>\n<li style=\"box-sizing: inherit;\"><span style=\"color:#000000;\"><strong>extra magas&iacute;tott nyakr&eacute;sz<\/strong><\/span><\/li>\n<li style=\"box-sizing: inherit;\"><span style=\"color:#000000;\"><strong>szell\u0151z\u0151 a sz&aacute;jn&aacute;l, hogy a p&aacute;r&aacute;s leveg\u0151 k&ouml;nnyen t&aacute;vozhasson<\/strong><\/span><\/li>\n<li style=\"box-sizing: inherit;\"><span style=\"color:#000000;\"><strong>antibakteri&aacute;lis, nem sz&iacute;vja mag&aacute;ba a kellemetlen szagokat<\/strong><\/span><\/li>\n<li style=\"box-sizing: inherit;\"><span style=\"color:#000000;\"><strong>antiallerg&eacute;n &eacute;s ellen&aacute;ll az UV sug&aacute;rz&aacute;snak<\/strong><\/span><\/li>\n<li style=\"box-sizing: inherit;\"><span style=\"color:#000000;\"><strong>mos&oacute;g&eacute;pben moshat&oacute;<\/strong><\/span><\/li>\n<li style=\"box-sizing: inherit;\"><span style=\"color:#000000;\"><strong>kis helyen elf&eacute;r, sokkal kisebb a t&eacute;rfogata, mint egy j&oacute;val gyeng&eacute;bb szigetel&eacute;st ny&uacute;jt&oacute; s&aacute;lnak<\/strong><\/span><\/li>\n<li style=\"box-sizing: inherit;\"><span style=\"color:#000000;\"><strong>gyorsan sz&aacute;rad<\/strong><\/span><\/li>\n<li style=\"box-sizing: inherit;\"><span style=\"color:#000000;\"><strong>a szezon nagy r&eacute;sz&eacute;ben hasznos kieg&eacute;sz&iacute;t\u0151<\/strong><\/span><\/li>\n<\/ul>\n<p style=\"box-sizing: inherit;\"><strong style=\"font-family: Roboto, sans-serif; font-size: 16px; box-sizing: border-box; max-width: 100%;\">Haszn&aacute;lati &eacute;s kezel&eacute;si &uacute;tmutat&oacute; a term&eacute;khez&nbsp;el&eacute;rhet\u0151 ide kattintva:&nbsp;<a href=\"https:\/\/darazsgarazs.hu\/index.php\/termek\/hasznalati-utmutato.1155.html\">https:\/\/darazsgarazs.hu\/index.php\/termek\/hasznalati-utmutato.1155.html<\/a><\/strong><\/p>\n","protected":false},"excerpt":{"rendered":"<p>Motoroz&aacute;s k&ouml;zben kiemelt jelent\u0151s&eacute;ge van a komfort&eacute;rzetnek. Ha menetk&ouml;zben f&aacute;zunk &ndash; m&aacute;rpedig a menetsz&eacute;l egy kellemesnek t\u0171n\u0151 napon is gyorsan [&hellip;]<\/p>\n","protected":false},"featured_media":102840,"template":"","meta":{"site-sidebar-layout":"default","site-content-layout":"","ast-site-content-layout":"default","site-content-style":"default","site-sidebar-style":"default","ast-global-header-display":"","ast-banner-title-visibility":"","ast-main-header-display":"","ast-hfb-above-header-display":"","ast-hfb-below-header-display":"","ast-hfb-mobile-header-display":"","site-post-title":"","ast-breadcrumbs-content":"","ast-featured-img":"","footer-sml-layout":"","ast-disable-related-posts":"","theme-transparent-header-meta":"","adv-header-id-meta":"","stick-header-meta":"","header-above-stick-meta":"","header-main-stick-meta":"","header-below-stick-meta":"","astra-migrate-meta-layouts":"default","ast-page-background-enabled":"default","ast-page-background-meta":{"desktop":{"background-color":"var(--ast-global-color-5)","background-image":"","background-repeat":"repeat","background-position":"center center","background-size":"auto","background-attachment":"scroll","background-type":"","background-media":"","overlay-type":"","overlay-color":"","overlay-opacity":"","overlay-gradient":""},"tablet":{"background-color":"","background-image":"","background-repeat":"repeat","background-position":"center center","background-size":"auto","background-attachment":"scroll","background-type":"","background-media":"","overlay-type":"","overlay-color":"","overlay-opacity":"","overlay-gradient":""},"mobile":{"background-color":"","background-image":"","background-repeat":"repeat","background-position":"center center","background-size":"auto","background-attachment":"scroll","background-type":"","background-media":"","overlay-type":"","overlay-color":"","overlay-opacity":"","overlay-gradient":""}},"ast-content-background-meta":{"desktop":{"background-color":"var(--ast-global-color-4)","background-image":"","background-repeat":"repeat","background-position":"center center","background-size":"auto","background-attachment":"scroll","background-type":"","background-media":"","overlay-type":"","overlay-color":"","overlay-opacity":"","overlay-gradient":""},"tablet":{"background-color":"var(--ast-global-color-4)","background-image":"","background-repeat":"repeat","background-position":"center center","background-size":"auto","background-attachment":"scroll","background-type":"","background-media":"","overlay-type":"","overlay-color":"","overlay-opacity":"","overlay-gradient":""},"mobile":{"background-color":"var(--ast-global-color-4)","background-image":"","background-repeat":"repeat","background-position":"center center","background-size":"auto","background-attachment":"scroll","background-type":"","background-media":"","overlay-type":"","overlay-color":"","overlay-opacity":"","overlay-gradient":""}}},"product_brand":[],"product_cat":[142,139],"product_tag":[],"class_list":{"0":"post-109818","1":"product","2":"type-product","3":"status-publish","4":"has-post-thumbnail","6":"product_cat-hideg-elleni-termekek","7":"product_cat-motoros-ruhazat","8":"desktop-align-left","9":"tablet-align-left","10":"mobile-align-left","12":"first","13":"instock","14":"shipping-taxable","15":"purchasable","16":"product-type-simple"},"jetpack_sharing_enabled":true,"_links":{"self":[{"href":"https:\/\/zatureczkimarcell.ddns.net\/wordpress\/wp-json\/wp\/v2\/product\/109818","targetHints":{"allow":["GET"]}}],"collection":[{"href":"https:\/\/zatureczkimarcell.ddns.net\/wordpress\/wp-json\/wp\/v2\/product"}],"about":[{"href":"https:\/\/zatureczkimarcell.ddns.net\/wordpress\/wp-json\/wp\/v2\/types\/product"}],"wp:featuredmedia":[{"embeddable":true,"href":"https:\/\/zatureczkimarcell.ddns.net\/wordpress\/wp-json\/wp\/v2\/media\/102840"}],"wp:attachment":[{"href":"https:\/\/zatureczkimarcell.ddns.net\/wordpress\/wp-json\/wp\/v2\/media?parent=109818"}],"wp:term":[{"taxonomy":"product_brand","embeddable":true,"href":"https:\/\/zatureczkimarcell.ddns.net\/wordpress\/wp-json\/wp\/v2\/product_brand?post=109818"},{"taxonomy":"product_cat","embeddable":true,"href":"https:\/\/zatureczkimarcell.ddns.net\/wordpress\/wp-json\/wp\/v2\/product_cat?post=109818"},{"taxonomy":"product_tag","embeddable":true,"href":"https:\/\/zatureczkimarcell.ddns.net\/wordpress\/wp-json\/wp\/v2\/product_tag?post=109818"}],"curies":[{"name":"wp","href":"https:\/\/api.w.org\/{rel}","templated":true}]}}