{"id":109817,"date":"2026-04-01T10:38:35","date_gmt":"2026-04-01T08:38:35","guid":{"rendered":"https:\/\/zatureczkimarcell.ddns.net\/wordpress\/?post_type=product&#038;p=109817"},"modified":"2026-04-01T10:39:22","modified_gmt":"2026-04-01T08:39:22","slug":"modeka-janika-lady-noi-harom-retegu-motoros-kabat-videoval-2","status":"publish","type":"product","link":"https:\/\/zatureczkimarcell.ddns.net\/wordpress\/termek\/modeka-janika-lady-noi-harom-retegu-motoros-kabat-videoval-2\/","title":{"rendered":"MODEKA JANIKA LADY N\u0150I H\u00c1ROM R\u00c9TEG\u0170 MOTOROS KAB\u00c1T-Vide\u00f3val"},"content":{"rendered":"<p style=\"box-sizing: border-box; margin: 0px 0px 10px; font-family: Roboto, sans-serif; font-size: 16px;\"><strong style=\"box-sizing: border-box;\"><span style=\"box-sizing: border-box; color: rgb(255, 0, 0);\">H&aacute;rom r&eacute;teg\u0171,n&eacute;gy &eacute;vszakos<\/span>&nbsp;k&eacute;nyelmes n\u0151i motoros kab&aacute;t.<\/strong><\/p>\n<p style=\"box-sizing: border-box; margin: 0px 0px 10px; font-family: Roboto, sans-serif; font-size: 16px;\"><strong style=\"box-sizing: border-box;\">A kab&aacute;t k&uuml;ls\u0151 r&eacute;sze nem csak a nyithat&oacute; szell\u0151z\u0151k&ouml;n kereszt&uuml;l szell\u0151zik, hanem az anyag&ouml;sszet&eacute;tel&eacute;nek k&ouml;sz&ouml;nhet\u0151en a k&uuml;ls\u0151 r&eacute;sz teljes&nbsp;fel&uuml;let&eacute;n. A ny&aacute;ri napokon &iacute;gy a hossz&uacute; t&uacute;r&aacute;kon &eacute;s a r&ouml;videbb utakon egyar&aacute;nt komfortos viselet.&nbsp;&nbsp;A k&uuml;ls\u0151 r&eacute;sz alatt kicipz&aacute;rozhat&oacute; sz&eacute;l &eacute;s es\u0151z&aacute;r&oacute; Hitex membr&aacute;n akad&aacute;lyozza meg az es\u0151 &eacute;s a sz&eacute;l bejut&aacute;s&aacute;t . Fontos kihangs&uacute;lyozni hogy a Hitex membr&aacute;n azokon a napokon is hasznos lehet, amikor tudjuk hogy hajnalban indulunk, vagy k&eacute;s\u0151 este &eacute;r&uuml;nk haza &eacute;s a&nbsp; kab&aacute;t&nbsp; k&uuml;ls\u0151 r&eacute;sze &iacute;gy esetleg m&aacute;r h\u0171v&ouml;s lenne. Ilyenkor becipz&aacute;rozhatjuk ezt a k&ouml;z&eacute;ps\u0151 sz&eacute;l &eacute;s es\u0151z&aacute;r&oacute; l&eacute;legz\u0151 membr&aacute;n r&eacute;szt &iacute;gy nem fogunk f&aacute;zni.&nbsp; A membr&aacute;nt egyszer\u0171 mozdulattal ki lehet venni a kab&aacute;tb&oacute;l &eacute;s a visszahelyez&eacute;se is gyorsan k&ouml;nnyen megoldhat&oacute;.&nbsp; Az igaz&aacute;n hideg id\u0151ben is t&ouml;k&eacute;letes viselet lehet ez a kab&aacute;t, hiszen a Hitex membr&aacute;n alatt a szint&eacute;n kicipz&aacute;rozhat&oacute; meleg thermo r&eacute;sz bent tartja a testh\u0151t.&nbsp;<span style=\"box-sizing: border-box; color: rgb(255, 0, 0);\">A t&ouml;bb r&eacute;teg\u0171 fel&eacute;p&iacute;t&eacute;s minden id\u0151j&aacute;r&aacute;si k&ouml;r&uuml;lm&eacute;nyre megfelel\u0151 v&aacute;laszt ad a motoroz&aacute;s k&ouml;zben.&nbsp;<\/span><\/strong><\/p>\n<p style=\"box-sizing: border-box; margin: 0px 0px 10px; font-family: Roboto, sans-serif; font-size: 16px;\"><strong style=\"box-sizing: border-box;\">R&eacute;szletek:<\/strong><\/p>\n<p style=\"box-sizing: border-box; margin: 0px 0px 10px; font-family: Roboto, sans-serif; font-size: 16px;\"><strong style=\"box-sizing: border-box;\">H&aacute;rom r&eacute;teg\u0171, k&eacute;nyelmes n\u0151i motoros kab&aacute;t.<\/strong><\/p>\n<p style=\"box-sizing: border-box; margin: 0px 0px 10px; font-family: Roboto, sans-serif; font-size: 16px;\"><strong style=\"box-sizing: border-box;\">Kivehet\u0151 thermo bet&eacute;t<\/strong><\/p>\n<p style=\"box-sizing: border-box; margin: 0px 0px 10px; font-family: Roboto, sans-serif; font-size: 16px;\"><strong style=\"box-sizing: border-box;\">Kivehet\u0151 100% es\u0151 &eacute;s sz&eacute;lz&aacute;r&oacute;, dinamikus l&eacute;legz\u0151 HITEX <\/strong><strong>(2.500mm tud&aacute;s&uacute;)&nbsp;<\/strong><strong style=\"box-sizing: border-box;\">membr&aacute;n<\/strong><\/p>\n<p style=\"box-sizing: border-box; margin: 0px 0px 10px; font-family: Roboto, sans-serif; font-size: 16px;\"><strong style=\"box-sizing: border-box;\">F&eacute;nyvisszaver\u0151 bert&eacute;tek a kab&aacute;t t&ouml;bb pontj&aacute;n.<\/strong><\/p>\n<p style=\"box-sizing: border-box; margin: 0px 0px 10px; font-family: Roboto, sans-serif; font-size: 16px;\"><strong style=\"box-sizing: border-box;\">Nyithat&oacute; AIRVENT szell\u0151z\u0151rendszer.<\/strong><\/p>\n<p style=\"box-sizing: border-box; margin: 0px 0px 10px; font-family: Roboto, sans-serif; font-size: 16px;\"><strong>V&aacute;ll &eacute;s k&ouml;ny&ouml;k protektorral.&nbsp;<span style=\"font-size:16px;\">A k&ouml;ny&ouml;kprotektor helyzete &aacute;ll&iacute;that&oacute;, &iacute;gy a be&aacute;ll&iacute;t&aacute;st k&ouml;vet\u0151en mindenki sz&aacute;m&aacute;ra azonnal t&ouml;k&eacute;letes helyen lesz a protektor!&nbsp;<\/span><\/strong><\/p>\n<p style=\"box-sizing: border-box; margin: 0px 0px 10px; font-family: Roboto, sans-serif; font-size: 16px;\"><strong>Gerincprotektor r&eacute;sz&eacute;re kialak&iacute;tott protektorzseb.&nbsp;<\/strong><\/p>\n<p style=\"box-sizing: border-box; margin: 0px 0px 10px; font-family: Roboto, sans-serif; font-size: 16px;\"><strong style=\"box-sizing: border-box;\">Nadr&aacute;ggal &ouml;sszekapcsolhat&oacute;<\/strong><\/p>\n<p style=\"box-sizing: border-box; margin: 0px 0px 10px; font-family: Roboto, sans-serif; font-size: 16px;\"><strong style=\"box-sizing: border-box;\">El&eacute;rhet\u0151 sz&iacute;nek:<\/strong><\/p>\n<p style=\"box-sizing: border-box; margin: 0px 0px 10px; font-family: Roboto, sans-serif; font-size: 16px;\"><strong style=\"box-sizing: border-box;\">Fekete, <\/strong><\/p>\n<p style=\"box-sizing: border-box; margin: 0px 0px 10px; font-family: Roboto, sans-serif; font-size: 16px;\"><strong style=\"box-sizing: border-box;\">Fekete-Piros,&nbsp; <\/strong><\/p>\n<p style=\"box-sizing: border-box; margin: 0px 0px 10px; font-family: Roboto, sans-serif; font-size: 16px;\"><strong style=\"box-sizing: border-box;\">Fekete-r&oacute;zsasz&iacute;n&nbsp;<\/strong><\/p>\n<p style=\"box-sizing: border-box; margin: 0px 0px 10px; font-family: Roboto, sans-serif; font-size: 16px;\"><strong style=\"box-sizing: border-box;\">Vil&aacute;gos&nbsp;<\/strong><\/p>\n<p style=\"box-sizing: border-box; margin: 0px 0px 10px; font-family: Roboto, sans-serif; font-size: 16px;\"><strong>M&eacute;retek: 32,34,36,38,40,42,44,46<\/strong><\/p>\n<p style=\"box-sizing: border-box; margin: 0px 0px 10px; font-family: Roboto, sans-serif; font-size: 16px;\"><strong style=\"font-family: Roboto, sans-serif; font-size: 16px; box-sizing: border-box; max-width: 100%;\">Haszn&aacute;lati &eacute;s kezel&eacute;si &uacute;tmutat&oacute; a term&eacute;khez&nbsp;el&eacute;rhet\u0151 ide kattintva:&nbsp;<a href=\"https:\/\/darazsgarazs.hu\/index.php\/termek\/hasznalati-utmutato.1155.html\">https:\/\/darazsgarazs.hu\/index.php\/termek\/hasznalati-utmutato.1155.html<\/a><\/strong><\/p>\n<p style=\"box-sizing: border-box; margin: 0px 0px 10px; font-family: Roboto, sans-serif; font-size: 16px;\"><strong style=\"box-sizing: border-box;\">A term&eacute;khez el&eacute;rhet\u0151 a Janika Lady nadr&aacute;g &eacute;s keszty\u0171 is, melyek az al&aacute;bbi linkekre kattintva tekinthet\u0151ek meg:&nbsp;<\/strong><\/p>\n<p style=\"box-sizing: border-box; margin: 0px 0px 10px; font-family: Roboto, sans-serif; font-size: 16px;\"><strong style=\"box-sizing: border-box;\">Nadr&aacute;g:&nbsp;<a href=\"http:\/\/darazsgarazs.hu\/termek\/janika-lady-noi-harom-retegu-motoros-nadrag.727.html\" style=\"box-sizing: border-box; background-color: transparent; color: rgb(51, 122, 183); text-decoration-line: none;\">http:\/\/darazsgarazs.hu\/termek\/janika-lady-noi-harom-retegu-motoros-nadrag.727.html<\/a><\/strong><\/p>\n<p style=\"font-size: 16px; box-sizing: border-box; margin: 0px 0px 10px; font-family: Roboto, sans-serif;\"><strong style=\"box-sizing: border-box;\">Keszty\u0171 Fekete-Piros&nbsp;:&nbsp;<a href=\"http:\/\/darazsgarazs.hu\/termek\/janika-lady-noi-motoros-kesztyu.728.html\">http:\/\/darazsgarazs.hu\/termek\/janika-lady-noi-motoros-kesztyu.728.html<\/a><\/strong><\/p>\n<p style=\"font-size: 16px; box-sizing: border-box; margin: 0px 0px 10px; font-family: Roboto, sans-serif;\"><strong style=\"box-sizing: border-box;\">Keszty\u0171 Fekete:&nbsp;<\/strong><a href=\"https:\/\/darazsgarazs.hu\/index.php\/termek\/janika-lady-noi-motoros-kesztyu.758.html\">https:\/\/darazsgarazs.hu\/index.php\/termek\/janika-lady-noi-motoros-kesztyu.758.html<\/a><\/p>\n<p style=\"box-sizing: border-box; margin: 0px 0px 10px; font-family: Roboto, sans-serif; font-size: 16px;\">\n<p style=\"box-sizing: border-box; margin: 0px 0px 10px; max-width: 100%; font-family: Roboto, sans-serif; font-size: 16px;\">Tov&aacute;bbi term&eacute;ktulajdons&aacute;gok&eacute;rt l&aacute;togasd meg az anyaglexikon men&uuml;pontunkat !<\/p>\n<p style=\"box-sizing: border-box; margin: 0px 0px 10px; max-width: 100%; font-family: Roboto, sans-serif; font-size: 16px;\">A term&eacute;k rendeltet&eacute;sszer\u0171 haszn&aacute;lat sor&aacute;n&nbsp;speci&aacute;lis mos&oacute;szerrel tiszt&iacute;that&oacute; !<\/p>\n<p style=\"box-sizing: border-box; margin: 0px 0px 10px; max-width: 100%; font-family: Roboto, sans-serif; font-size: 16px;\">A mos&oacute;szer speci&aacute;lisan technikai &ndash; motoros ruh&aacute;zathoz lett fejlesztve, haszn&aacute;lat&aacute;val a term&eacute;kek nem csak tiszt&aacute;n tarthat&oacute;ak, de v&aacute;rhat&oacute; haszn&aacute;lati idej&uuml;k is n&ouml;vekszik!<\/p>\n<p style=\"box-sizing: border-box; margin: 0px 0px 10px; max-width: 100%; font-family: Roboto, sans-serif; font-size: 16px;\">A Speci&aacute;lis motoros ruh&aacute;zathoz fejlesztett mos&oacute;szert az al&aacute;bbi linkre kattintva &eacute;rheti el:<\/p>\n<p style=\"box-sizing: border-box; margin: 0px 0px 10px; max-width: 100%; font-family: Roboto, sans-serif; font-size: 16px;\">&nbsp;<a href=\"http:\/\/darazsgarazs.hu\/termek\/hey-sports-combi-wash-250-ml-funkcionalis-mososzer.494.html\" style=\"box-sizing: border-box; background-color: transparent; color: rgb(51, 122, 183); text-decoration-line: none; outline: -webkit-focus-ring-color auto 5px; outline-offset: -2px; max-width: 100%;\">http:\/\/darazsgarazs.hu\/termek\/hey-sports-combi-wash-250-ml-funkcionalis-mososzer.494.html<\/a><\/p>\n<p style=\"box-sizing: border-box; margin: 0px 0px 10px; max-width: 100%; font-family: Roboto, sans-serif; font-size: 16px;\">Az es\u0151 &eacute;s sz&eacute;lz&aacute;r&oacute; membr&aacute;n tiszt&iacute;t&aacute;s&aacute;hoz az al&aacute;bbi term&eacute;ket sz&uuml;ks&eacute;ges haszn&aacute;lni:&nbsp;<\/p>\n<p style=\"box-sizing: border-box; margin: 0px 0px 10px; max-width: 100%; font-family: Roboto, sans-serif; font-size: 16px;\"><a href=\"https:\/\/darazsgarazs.hu\/termek\/mososzer-motoros-ruhazathoz.911.html\" style=\"box-sizing: border-box; background-color: transparent; color: rgb(51, 122, 183); text-decoration-line: none; max-width: 100%;\">https:\/\/darazsgarazs.hu\/termek\/mososzer-motoros-ruhazathoz.911.html<\/a><\/p>\n<p style=\"box-sizing: border-box; margin: 0px 0px 10px; max-width: 100%; font-family: Roboto, sans-serif; font-size: 16px;\"><strong>Vide&oacute;n is megtekinthet&oacute; a term&eacute;k:&nbsp;<\/strong><\/p>\n<p style=\"box-sizing: border-box; margin: 0px 0px 10px; max-width: 100%; font-family: Roboto, sans-serif; font-size: 16px;\">\n<div style=\"position:relative;padding-bottom:56.25%;padding-top:30px;height:0;overflow:hidden;\"><iframe loading=\"lazy\" allowfullscreen=\"\" frameborder=\"0\" height=\"360\" src=\"\/\/www.youtube.com\/embed\/Zf6FRqbeS0s?rel=0\" style=\"position: absolute;top: 0;left: 0;width: 100%;height: 100%;\" width=\"640\"><\/iframe><\/div>\n<p style=\"box-sizing: border-box; margin: 0px 0px 10px; font-family: Roboto, sans-serif; font-size: 16px;\">\n","protected":false},"excerpt":{"rendered":"<p>H&aacute;rom r&eacute;teg\u0171,n&eacute;gy &eacute;vszakos&nbsp;k&eacute;nyelmes n\u0151i motoros kab&aacute;t. A kab&aacute;t k&uuml;ls\u0151 r&eacute;sze nem csak a nyithat&oacute; szell\u0151z\u0151k&ouml;n kereszt&uuml;l szell\u0151zik, hanem az anyag&ouml;sszet&eacute;tel&eacute;nek [&hellip;]<\/p>\n","protected":false},"featured_media":105621,"template":"","meta":{"site-sidebar-layout":"default","site-content-layout":"","ast-site-content-layout":"default","site-content-style":"default","site-sidebar-style":"default","ast-global-header-display":"","ast-banner-title-visibility":"","ast-main-header-display":"","ast-hfb-above-header-display":"","ast-hfb-below-header-display":"","ast-hfb-mobile-header-display":"","site-post-title":"","ast-breadcrumbs-content":"","ast-featured-img":"","footer-sml-layout":"","ast-disable-related-posts":"","theme-transparent-header-meta":"","adv-header-id-meta":"","stick-header-meta":"","header-above-stick-meta":"","header-main-stick-meta":"","header-below-stick-meta":"","astra-migrate-meta-layouts":"default","ast-page-background-enabled":"default","ast-page-background-meta":{"desktop":{"background-color":"var(--ast-global-color-5)","background-image":"","background-repeat":"repeat","background-position":"center center","background-size":"auto","background-attachment":"scroll","background-type":"","background-media":"","overlay-type":"","overlay-color":"","overlay-opacity":"","overlay-gradient":""},"tablet":{"background-color":"","background-image":"","background-repeat":"repeat","background-position":"center center","background-size":"auto","background-attachment":"scroll","background-type":"","background-media":"","overlay-type":"","overlay-color":"","overlay-opacity":"","overlay-gradient":""},"mobile":{"background-color":"","background-image":"","background-repeat":"repeat","background-position":"center center","background-size":"auto","background-attachment":"scroll","background-type":"","background-media":"","overlay-type":"","overlay-color":"","overlay-opacity":"","overlay-gradient":""}},"ast-content-background-meta":{"desktop":{"background-color":"var(--ast-global-color-4)","background-image":"","background-repeat":"repeat","background-position":"center center","background-size":"auto","background-attachment":"scroll","background-type":"","background-media":"","overlay-type":"","overlay-color":"","overlay-opacity":"","overlay-gradient":""},"tablet":{"background-color":"var(--ast-global-color-4)","background-image":"","background-repeat":"repeat","background-position":"center center","background-size":"auto","background-attachment":"scroll","background-type":"","background-media":"","overlay-type":"","overlay-color":"","overlay-opacity":"","overlay-gradient":""},"mobile":{"background-color":"var(--ast-global-color-4)","background-image":"","background-repeat":"repeat","background-position":"center center","background-size":"auto","background-attachment":"scroll","background-type":"","background-media":"","overlay-type":"","overlay-color":"","overlay-opacity":"","overlay-gradient":""}}},"product_brand":[],"product_cat":[147,139],"product_tag":[],"class_list":{"0":"post-109817","1":"product","2":"type-product","3":"status-publish","4":"has-post-thumbnail","6":"product_cat-kabatok","7":"product_cat-motoros-ruhazat","8":"desktop-align-left","9":"tablet-align-left","10":"mobile-align-left","12":"first","13":"instock","14":"shipping-taxable","15":"purchasable","16":"product-type-simple"},"jetpack_sharing_enabled":true,"_links":{"self":[{"href":"https:\/\/zatureczkimarcell.ddns.net\/wordpress\/wp-json\/wp\/v2\/product\/109817","targetHints":{"allow":["GET"]}}],"collection":[{"href":"https:\/\/zatureczkimarcell.ddns.net\/wordpress\/wp-json\/wp\/v2\/product"}],"about":[{"href":"https:\/\/zatureczkimarcell.ddns.net\/wordpress\/wp-json\/wp\/v2\/types\/product"}],"wp:featuredmedia":[{"embeddable":true,"href":"https:\/\/zatureczkimarcell.ddns.net\/wordpress\/wp-json\/wp\/v2\/media\/105621"}],"wp:attachment":[{"href":"https:\/\/zatureczkimarcell.ddns.net\/wordpress\/wp-json\/wp\/v2\/media?parent=109817"}],"wp:term":[{"taxonomy":"product_brand","embeddable":true,"href":"https:\/\/zatureczkimarcell.ddns.net\/wordpress\/wp-json\/wp\/v2\/product_brand?post=109817"},{"taxonomy":"product_cat","embeddable":true,"href":"https:\/\/zatureczkimarcell.ddns.net\/wordpress\/wp-json\/wp\/v2\/product_cat?post=109817"},{"taxonomy":"product_tag","embeddable":true,"href":"https:\/\/zatureczkimarcell.ddns.net\/wordpress\/wp-json\/wp\/v2\/product_tag?post=109817"}],"curies":[{"name":"wp","href":"https:\/\/api.w.org\/{rel}","templated":true}]}}