{"id":109816,"date":"2026-04-01T10:38:34","date_gmt":"2026-04-01T08:38:34","guid":{"rendered":"https:\/\/zatureczkimarcell.ddns.net\/wordpress\/?post_type=product&#038;p=109816"},"modified":"2026-04-01T10:39:21","modified_gmt":"2026-04-01T08:39:21","slug":"forcefield-ar-kulso-terdvedo-teszt","status":"publish","type":"product","link":"https:\/\/zatureczkimarcell.ddns.net\/wordpress\/termek\/forcefield-ar-kulso-terdvedo-teszt\/","title":{"rendered":"Forcefield AR k\u00fcls\u0151 t\u00e9rdv\u00e9d\u0151 teszt"},"content":{"rendered":"<p><strong>A Forcefield term&eacute;kek a legmagasabb szint\u0171 v&eacute;delmet garant&aacute;lj&aacute;k, ezt eddig is tudtuk! A gy&aacute;rt&oacute; ugyanakkor nem el&eacute;gedett meg azzal hogy a protektorai a v&eacute;delemben a legjobbat tudj&aacute;k, a k&eacute;nyelemre is nagy hangs&uacute;lyt fektet. Az ut&oacute;bbi &eacute;vekben az eddig is pr&eacute;mium term&eacute;kek, m&eacute;g egy szintet l&eacute;ptek felfel&eacute; ezen a ter&uuml;leten is.<\/strong><\/p>\n<p><strong>&Uuml;zlet&uuml;nk mindk&eacute;t munkat&aacute;rsa elvitte mag&aacute;val&nbsp;tesztre a t&eacute;rdv&eacute;d\u0151k cs&uacute;cs&aacute;nak sz&aacute;m&iacute;t&oacute; Forcefield AR felcsatolhat&oacute; t&eacute;rdprotektort .<\/strong><\/p>\n<p><strong>Egybehangz&oacute; v&eacute;lem&eacute;ny&uuml;nk a teszt&uacute;t ut&aacute;n:<\/strong><\/p>\n<p><strong>A Forcefield AR-t k&eacute;zbe v&eacute;ve azonnal szembet\u0171n\u0151 hogy a nagy hangs&uacute;lyt fektetettek a r&eacute;szletek kidolgoz&aacute;s&aacute;ra is a felhaszn&aacute;lt anyagokkal. Nagyon j&oacute;l be&aacute;ll&iacute;that&oacute; minden t&eacute;rdform&aacute;ra &eacute;s m&eacute;retre. A testre szab&aacute;sa nagyon egyszer\u0171 , fel &eacute;s lev&eacute;tele k&ouml;nny\u0171-teljesen mag&aacute;t&oacute;l &eacute;rtet\u0151d\u0151.A k&uuml;ls\u0151 er\u0151s, kop&aacute;s&aacute;ll&oacute; anyag miatt&nbsp;sok&aacute;ig haszn&aacute;lhat&oacute; lesz a term&eacute;k.&nbsp;&nbsp;<\/strong><\/p>\n<p><strong>Az els\u0151 felv&eacute;tel hozza el &aacute;ltal&aacute;ban az &uuml;gyfelekn&eacute;l is, de n&aacute;lunk is a legnagyobb r&aacute;csod&aacute;lkoz&aacute;st.<\/strong><\/p>\n<p><strong>T&ouml;k&eacute;letesen illeszkedik, &nbsp;a t&eacute;rdet teljesen k&ouml;rbe&ouml;lelte. <\/strong><\/p>\n<p><strong>&Eacute;rezni a biztons&aacute;got, de ennek ellen&eacute;re nem egy zavar&oacute; &bdquo;t&eacute;rdg&eacute;p &bdquo; &eacute;rz&eacute;st ad, hanem szinte csak egy m&aacute;sodik b\u0151rk&eacute;nt k&ouml;veti t&ouml;k&eacute;letesen a motoron a mozdulatokat. <\/strong><\/p>\n<p><strong>A l&aacute;mp&aacute;kn&aacute;l meg&aacute;llva, majd onnan ism&eacute;t elindulva ahogyan a motoron kiny&uacute;jtjuk a l&aacute;bat majd ism&eacute;t behaj&iacute;tjuk, eddig nagyon sok t&eacute;rdv&eacute;d\u0151n&eacute;l megvolt, egyfajta k&eacute;nyelmetlen &eacute;rzet, amelyet a biztons&aacute;g&eacute;rt cser&eacute;be k&eacute;nytelen elviselni az ember. Itt az AR eset&eacute;ben err\u0151l sz&oacute; sincs. Szinte teljesen &eacute;szrev&eacute;tlen a legmagasabb szint\u0171 LEVEL 2-es v&eacute;delmet ny&uacute;jt&oacute; protektoroz&aacute;s mellett is.<\/strong><\/p>\n<p><strong>A motorr&oacute;l lesz&aacute;llva , m&eacute;g s&eacute;ta k&ouml;zben sem volt olyan &eacute;rz&eacute;s&uuml;nk hogy azonnal le kell venni a t&eacute;rdv&eacute;d\u0151t.<\/strong><\/p>\n<p><strong>Gyalogosan a motoros t&uacute;r&aacute;n meg&aacute;ll&aacute;skor sem volt egy&aacute;ltal&aacute;n zavar&oacute; viselet &eacute;s ezt csak nagyon kev&eacute;s protektorr&oacute;l lehet elmondani!<\/strong><\/p>\n<p><strong>A Forcefield AR t&eacute;rdprotektor akci&oacute;s &aacute;ra 35.000Ft helyett: 31.490Ft , &iacute;gy mint minden Forcefield term&eacute;k,ez is&nbsp;a Dar&aacute;zsgar&aacute;zs motoros boltban a legolcs&oacute;bb az orsz&aacute;gban!<\/strong><\/p>\n<p><strong>Az AR t&eacute;rdprotektor technikai adatair&oacute;l itt olvashatsz :<\/strong><\/p>\n<p><a href=\"https:\/\/darazsgarazs.hu\/termek\/forcefield-ar-kulso-terdvedo-akcio-level-2.892.html\"><strong>https:\/\/darazsgarazs.hu\/termek\/forcefield-ar-kulso-terdvedo-akcio-level-2.892.html<\/strong><\/a><\/p>\n","protected":false},"excerpt":{"rendered":"<p>A Forcefield term&eacute;kek a legmagasabb szint\u0171 v&eacute;delmet garant&aacute;lj&aacute;k, ezt eddig is tudtuk! A gy&aacute;rt&oacute; ugyanakkor nem el&eacute;gedett meg azzal hogy [&hellip;]<\/p>\n","protected":false},"featured_media":106742,"template":"","meta":{"site-sidebar-layout":"default","site-content-layout":"","ast-site-content-layout":"default","site-content-style":"default","site-sidebar-style":"default","ast-global-header-display":"","ast-banner-title-visibility":"","ast-main-header-display":"","ast-hfb-above-header-display":"","ast-hfb-below-header-display":"","ast-hfb-mobile-header-display":"","site-post-title":"","ast-breadcrumbs-content":"","ast-featured-img":"","footer-sml-layout":"","ast-disable-related-posts":"","theme-transparent-header-meta":"","adv-header-id-meta":"","stick-header-meta":"","header-above-stick-meta":"","header-main-stick-meta":"","header-below-stick-meta":"","astra-migrate-meta-layouts":"default","ast-page-background-enabled":"default","ast-page-background-meta":{"desktop":{"background-color":"var(--ast-global-color-5)","background-image":"","background-repeat":"repeat","background-position":"center center","background-size":"auto","background-attachment":"scroll","background-type":"","background-media":"","overlay-type":"","overlay-color":"","overlay-opacity":"","overlay-gradient":""},"tablet":{"background-color":"","background-image":"","background-repeat":"repeat","background-position":"center center","background-size":"auto","background-attachment":"scroll","background-type":"","background-media":"","overlay-type":"","overlay-color":"","overlay-opacity":"","overlay-gradient":""},"mobile":{"background-color":"","background-image":"","background-repeat":"repeat","background-position":"center center","background-size":"auto","background-attachment":"scroll","background-type":"","background-media":"","overlay-type":"","overlay-color":"","overlay-opacity":"","overlay-gradient":""}},"ast-content-background-meta":{"desktop":{"background-color":"var(--ast-global-color-4)","background-image":"","background-repeat":"repeat","background-position":"center center","background-size":"auto","background-attachment":"scroll","background-type":"","background-media":"","overlay-type":"","overlay-color":"","overlay-opacity":"","overlay-gradient":""},"tablet":{"background-color":"var(--ast-global-color-4)","background-image":"","background-repeat":"repeat","background-position":"center center","background-size":"auto","background-attachment":"scroll","background-type":"","background-media":"","overlay-type":"","overlay-color":"","overlay-opacity":"","overlay-gradient":""},"mobile":{"background-color":"var(--ast-global-color-4)","background-image":"","background-repeat":"repeat","background-position":"center center","background-size":"auto","background-attachment":"scroll","background-type":"","background-media":"","overlay-type":"","overlay-color":"","overlay-opacity":"","overlay-gradient":""}}},"product_brand":[],"product_cat":[153],"product_tag":[],"class_list":{"0":"post-109816","1":"product","2":"type-product","3":"status-publish","4":"has-post-thumbnail","6":"product_cat-sajat-tesztelesu-termekek","7":"desktop-align-left","8":"tablet-align-left","9":"mobile-align-left","11":"first","12":"instock","13":"shipping-taxable","14":"product-type-simple"},"jetpack_sharing_enabled":true,"_links":{"self":[{"href":"https:\/\/zatureczkimarcell.ddns.net\/wordpress\/wp-json\/wp\/v2\/product\/109816","targetHints":{"allow":["GET"]}}],"collection":[{"href":"https:\/\/zatureczkimarcell.ddns.net\/wordpress\/wp-json\/wp\/v2\/product"}],"about":[{"href":"https:\/\/zatureczkimarcell.ddns.net\/wordpress\/wp-json\/wp\/v2\/types\/product"}],"wp:featuredmedia":[{"embeddable":true,"href":"https:\/\/zatureczkimarcell.ddns.net\/wordpress\/wp-json\/wp\/v2\/media\/106742"}],"wp:attachment":[{"href":"https:\/\/zatureczkimarcell.ddns.net\/wordpress\/wp-json\/wp\/v2\/media?parent=109816"}],"wp:term":[{"taxonomy":"product_brand","embeddable":true,"href":"https:\/\/zatureczkimarcell.ddns.net\/wordpress\/wp-json\/wp\/v2\/product_brand?post=109816"},{"taxonomy":"product_cat","embeddable":true,"href":"https:\/\/zatureczkimarcell.ddns.net\/wordpress\/wp-json\/wp\/v2\/product_cat?post=109816"},{"taxonomy":"product_tag","embeddable":true,"href":"https:\/\/zatureczkimarcell.ddns.net\/wordpress\/wp-json\/wp\/v2\/product_tag?post=109816"}],"curies":[{"name":"wp","href":"https:\/\/api.w.org\/{rel}","templated":true}]}}