{"id":109810,"date":"2026-04-01T10:38:30","date_gmt":"2026-04-01T08:38:30","guid":{"rendered":"https:\/\/zatureczkimarcell.ddns.net\/wordpress\/?post_type=product&#038;p=109810"},"modified":"2026-04-01T10:38:55","modified_gmt":"2026-04-01T08:38:55","slug":"mososzer-membranos-motoros-ruhazathoz","status":"publish","type":"product","link":"https:\/\/zatureczkimarcell.ddns.net\/wordpress\/termek\/mososzer-membranos-motoros-ruhazathoz\/","title":{"rendered":"Mos\u00f3szer membr\u00e1nos motoros ruh\u00e1zathoz"},"content":{"rendered":"<p><strong>Speci&aacute;lisan technikai ruh&aacute;zathoz kifejlesztett mos&oacute;szer, amely alkalmas minden membr&aacute;ntechnol&oacute;gi&aacute;s motoros ruh&aacute;zat tiszt&iacute;t&aacute;s&aacute;hoz.<\/strong><\/p>\n<p><strong style=\"box-sizing: border-box; font-family: Roboto, sans-serif; font-size: 16px;\">Az &aacute;ltalunk forgalmazott membr&aacute;nos ruh&aacute;khoz haszn&aacute;lhat&oacute; mos&oacute;szer, nem csak motoros ruh&aacute;zathoz, hanem minden membr&aacute;ntechnol&oacute;gi&aacute;t haszn&aacute;l&oacute; ruh&aacute;hoz (pl.: S&iacute;felszerel&eacute;s, snowboard ,vad&aacute;szat , lovagl&aacute;s &eacute;s&nbsp;t&uacute;raruh&aacute;zat) is alkalmazhat&oacute;!<\/strong><\/p>\n<p><strong>Kellemes illat&aacute;val frisses&eacute;get k&ouml;lcs&ouml;n&ouml;z a tiszt&iacute;tott motoros ruh&aacute;zat sz&aacute;m&aacute;ra &eacute;s meg&oacute;vja az alkalmazott membr&aacute;n technol&oacute;gi&aacute;t is.&nbsp;<\/strong><\/p>\n<p><strong>Haszn&aacute;lata sor&aacute;n szembe-sz&aacute;jba nem ker&uuml;lhet, kisgyermek el\u0151l elz&aacute;rva tartand&oacute;!&nbsp;<\/strong><\/p>\n<div><strong><span style=\"font-size: 13px;\">K&eacute;zi &eacute;s g&eacute;pi mos&aacute;sra egyar&aacute;nt alkalmas<\/span><\/strong><\/div>\n<div><strong><span style=\"font-size: 13px;\">Ahogyan a vide&oacute; v&eacute;g&eacute;n is l&aacute;that&oacute;, a nemzetk&ouml;zi Motorrad magazin &aacute;r-&eacute;rt&eacute;k aj&aacute;nl&aacute;s&aacute;t kapta a term&eacute;k!&nbsp;<\/span><\/strong><\/div>\n<div><strong><span style=\"font-size: 13px;\">A term&eacute;kr\u0151l v&aacute;s&aacute;rl&oacute;i visszajelz&eacute;s az al&aacute;bbi linkre kattintva olvashat&oacute;:&nbsp;<\/span><\/strong><\/div>\n<div><a href=\"https:\/\/darazsgarazs.hu\/termek\/membranos-ruhazathoz-mososzer-vasarloi-visszajelzes.944.html\"><strong><span style=\"font-size: 13px;\">https:\/\/darazsgarazs.hu\/termek\/membranos-ruhazathoz-mososzer-vasarloi-visszajelzes.944.html<\/span><\/strong><\/a><\/div>\n<div><\/div>\n<div><\/div>\n<div><\/div>\n<div><\/div>\n<div><strong style=\"box-sizing: border-box; max-width: 100%; font-family: Roboto, sans-serif; font-size: 16px;\">A Ruh&aacute;zat tiszt&iacute;t&aacute;s&aacute;hoz haszn&aacute;lati-kezel&eacute;si &uacute;tmutat&oacute; itt &eacute;rhet\u0151 el:&nbsp;<a href=\"https:\/\/darazsgarazs.hu\/index.php\/termek\/hasznalati-utmutato.1155.html\">https:\/\/darazsgarazs.hu\/index.php\/termek\/hasznalati-utmutato.1155.html<\/a><\/strong><\/div>\n<div>\n<div style=\"position:relative;padding-bottom:56.25%;padding-top:30px;height:0;overflow:hidden;\"><\/div>\n<div style=\"position:relative;padding-bottom:56.25%;padding-top:30px;height:0;overflow:hidden;\"><\/div>\n<\/div>\n","protected":false},"excerpt":{"rendered":"<p>Speci&aacute;lisan technikai ruh&aacute;zathoz kifejlesztett mos&oacute;szer, amely alkalmas minden membr&aacute;ntechnol&oacute;gi&aacute;s motoros ruh&aacute;zat tiszt&iacute;t&aacute;s&aacute;hoz. Az &aacute;ltalunk forgalmazott membr&aacute;nos ruh&aacute;khoz haszn&aacute;lhat&oacute; mos&oacute;szer, nem [&hellip;]<\/p>\n","protected":false},"featured_media":105705,"template":"","meta":{"site-sidebar-layout":"default","site-content-layout":"","ast-site-content-layout":"default","site-content-style":"default","site-sidebar-style":"default","ast-global-header-display":"","ast-banner-title-visibility":"","ast-main-header-display":"","ast-hfb-above-header-display":"","ast-hfb-below-header-display":"","ast-hfb-mobile-header-display":"","site-post-title":"","ast-breadcrumbs-content":"","ast-featured-img":"","footer-sml-layout":"","ast-disable-related-posts":"","theme-transparent-header-meta":"","adv-header-id-meta":"","stick-header-meta":"","header-above-stick-meta":"","header-main-stick-meta":"","header-below-stick-meta":"","astra-migrate-meta-layouts":"default","ast-page-background-enabled":"default","ast-page-background-meta":{"desktop":{"background-color":"var(--ast-global-color-5)","background-image":"","background-repeat":"repeat","background-position":"center center","background-size":"auto","background-attachment":"scroll","background-type":"","background-media":"","overlay-type":"","overlay-color":"","overlay-opacity":"","overlay-gradient":""},"tablet":{"background-color":"","background-image":"","background-repeat":"repeat","background-position":"center center","background-size":"auto","background-attachment":"scroll","background-type":"","background-media":"","overlay-type":"","overlay-color":"","overlay-opacity":"","overlay-gradient":""},"mobile":{"background-color":"","background-image":"","background-repeat":"repeat","background-position":"center center","background-size":"auto","background-attachment":"scroll","background-type":"","background-media":"","overlay-type":"","overlay-color":"","overlay-opacity":"","overlay-gradient":""}},"ast-content-background-meta":{"desktop":{"background-color":"var(--ast-global-color-4)","background-image":"","background-repeat":"repeat","background-position":"center center","background-size":"auto","background-attachment":"scroll","background-type":"","background-media":"","overlay-type":"","overlay-color":"","overlay-opacity":"","overlay-gradient":""},"tablet":{"background-color":"var(--ast-global-color-4)","background-image":"","background-repeat":"repeat","background-position":"center center","background-size":"auto","background-attachment":"scroll","background-type":"","background-media":"","overlay-type":"","overlay-color":"","overlay-opacity":"","overlay-gradient":""},"mobile":{"background-color":"var(--ast-global-color-4)","background-image":"","background-repeat":"repeat","background-position":"center center","background-size":"auto","background-attachment":"scroll","background-type":"","background-media":"","overlay-type":"","overlay-color":"","overlay-opacity":"","overlay-gradient":""}}},"product_brand":[],"product_cat":[127,149,147,139,138,145],"product_tag":[],"class_list":{"0":"post-109810","1":"product","2":"type-product","3":"status-publish","4":"has-post-thumbnail","6":"product_cat-apolas","7":"product_cat-eso-ruhazat","8":"product_cat-kabatok","9":"product_cat-motoros-ruhazat","10":"product_cat-nadragok","11":"product_cat-varosi-stilusu-motoros-ruhazat","12":"desktop-align-left","13":"tablet-align-left","14":"mobile-align-left","16":"first","17":"instock","18":"shipping-taxable","19":"purchasable","20":"product-type-simple"},"jetpack_sharing_enabled":true,"_links":{"self":[{"href":"https:\/\/zatureczkimarcell.ddns.net\/wordpress\/wp-json\/wp\/v2\/product\/109810","targetHints":{"allow":["GET"]}}],"collection":[{"href":"https:\/\/zatureczkimarcell.ddns.net\/wordpress\/wp-json\/wp\/v2\/product"}],"about":[{"href":"https:\/\/zatureczkimarcell.ddns.net\/wordpress\/wp-json\/wp\/v2\/types\/product"}],"wp:featuredmedia":[{"embeddable":true,"href":"https:\/\/zatureczkimarcell.ddns.net\/wordpress\/wp-json\/wp\/v2\/media\/105705"}],"wp:attachment":[{"href":"https:\/\/zatureczkimarcell.ddns.net\/wordpress\/wp-json\/wp\/v2\/media?parent=109810"}],"wp:term":[{"taxonomy":"product_brand","embeddable":true,"href":"https:\/\/zatureczkimarcell.ddns.net\/wordpress\/wp-json\/wp\/v2\/product_brand?post=109810"},{"taxonomy":"product_cat","embeddable":true,"href":"https:\/\/zatureczkimarcell.ddns.net\/wordpress\/wp-json\/wp\/v2\/product_cat?post=109810"},{"taxonomy":"product_tag","embeddable":true,"href":"https:\/\/zatureczkimarcell.ddns.net\/wordpress\/wp-json\/wp\/v2\/product_tag?post=109810"}],"curies":[{"name":"wp","href":"https:\/\/api.w.org\/{rel}","templated":true}]}}