{"id":109807,"date":"2026-04-01T10:38:28","date_gmt":"2026-04-01T08:38:28","guid":{"rendered":"https:\/\/zatureczkimarcell.ddns.net\/wordpress\/?post_type=product&#038;p=109807"},"modified":"2026-04-01T10:38:52","modified_gmt":"2026-04-01T08:38:52","slug":"modeka-el-chango-gyermek-motoros-kabat","status":"publish","type":"product","link":"https:\/\/zatureczkimarcell.ddns.net\/wordpress\/termek\/modeka-el-chango-gyermek-motoros-kabat\/","title":{"rendered":"Modeka El Chango gyermek motoros kab\u00e1t"},"content":{"rendered":"<p><span style=\"color:#FF0000;\"><strong>K&eacute;nyelmes &eacute;s er\u0151s v&eacute;delmet ad&oacute; gyermek motoros kab&aacute;t, amely rendk&iacute;v&uuml;l &ouml;tletes megold&aacute;sk&eacute;nt egy cipz&aacute;r seg&iacute;ts&eacute;g&eacute;vel a&nbsp;karr&eacute;szen &aacute;ll&iacute;that&oacute; hossz&uacute;s&aacute;g&uacute;. <\/strong><\/span><\/p>\n<p><span style=\"color:#FF0000;\"><strong>&Iacute;gy amikor a gyermek n&ouml;v&eacute;sben van, nem kell minden &eacute;vben &uacute;j kab&aacute;tot v&aacute;s&aacute;rolni, el&eacute;g csak az karr&eacute;szen &aacute;ll&iacute;tani.&nbsp;<\/strong><\/span><\/p>\n<p><strong>Technikai inform&aacute;ci&oacute;k:&nbsp;<\/strong><\/p>\n<p><strong>-600D er\u0151ss&eacute;g\u0171 ellen&aacute;ll&oacute; k&uuml;ls\u0151 r&eacute;sz<\/strong><\/p>\n<p><strong>-Nyithat&oacute; Airvent rendszer\u0171 szell\u0151z\u0151 cipz&aacute;rak&nbsp;<\/strong><\/p>\n<p><strong>-F&eacute;nyvisszaver\u0151 bet&eacute;tekkel a jobb l&aacute;that&oacute;s&aacute;g&eacute;rt&nbsp;<\/strong><\/p>\n<p><strong>-Be&eacute;p&iacute;tett Hitex sz&eacute;l &eacute;s es\u0151z&aacute;r&oacute; membr&aacute;nnal (A Hitex membr&aacute;n le&iacute;r&aacute;s&aacute;&eacute;rt kattints az anyaglexikon men&uuml;pontunkra)&nbsp;<\/strong><\/p>\n<p><strong>-Kivehet\u0151 thermo membr&aacute;n&nbsp;<\/strong><\/p>\n<p><strong>-&Uuml;t&eacute;selnyel\u0151 protektorokkal&nbsp;<\/strong><\/p>\n<p><strong>El&eacute;rhet\u0151 m&eacute;retek: 116,128,140, 152, 164&nbsp;<\/strong><\/p>\n<p><strong style=\"font-family: Roboto, sans-serif; font-size: 16px; box-sizing: border-box; max-width: 100%;\">Haszn&aacute;lati &eacute;s kezel&eacute;si &uacute;tmutat&oacute; a term&eacute;khez&nbsp;el&eacute;rhet\u0151 ide kattintva:&nbsp;<a href=\"https:\/\/darazsgarazs.hu\/index.php\/termek\/hasznalati-utmutato.1155.html\">https:\/\/darazsgarazs.hu\/index.php\/termek\/hasznalati-utmutato.1155.html<\/a><\/strong><\/p>\n<p><strong>A term&eacute;khez aj&aacute;nljuk a speci&aacute;lis mos&oacute;szer haszn&aacute;lat&aacute;t. A mos&oacute;szer az al&aacute;bbi linkre kattintva &eacute;rhet\u0151 el:&nbsp;<\/strong><\/p>\n<p><a href=\"https:\/\/darazsgarazs.hu\/index.php\/termek\/mososzer-motoros-ruhazathoz.911.html\">https:\/\/darazsgarazs.hu\/index.php\/termek\/mososzer-motoros-ruhazathoz.911.html<\/a><\/p>\n","protected":false},"excerpt":{"rendered":"<p>K&eacute;nyelmes &eacute;s er\u0151s v&eacute;delmet ad&oacute; gyermek motoros kab&aacute;t, amely rendk&iacute;v&uuml;l &ouml;tletes megold&aacute;sk&eacute;nt egy cipz&aacute;r seg&iacute;ts&eacute;g&eacute;vel a&nbsp;karr&eacute;szen &aacute;ll&iacute;that&oacute; hossz&uacute;s&aacute;g&uacute;. &Iacute;gy amikor [&hellip;]<\/p>\n","protected":false},"featured_media":108572,"template":"","meta":{"site-sidebar-layout":"default","site-content-layout":"","ast-site-content-layout":"default","site-content-style":"default","site-sidebar-style":"default","ast-global-header-display":"","ast-banner-title-visibility":"","ast-main-header-display":"","ast-hfb-above-header-display":"","ast-hfb-below-header-display":"","ast-hfb-mobile-header-display":"","site-post-title":"","ast-breadcrumbs-content":"","ast-featured-img":"","footer-sml-layout":"","ast-disable-related-posts":"","theme-transparent-header-meta":"","adv-header-id-meta":"","stick-header-meta":"","header-above-stick-meta":"","header-main-stick-meta":"","header-below-stick-meta":"","astra-migrate-meta-layouts":"default","ast-page-background-enabled":"default","ast-page-background-meta":{"desktop":{"background-color":"var(--ast-global-color-5)","background-image":"","background-repeat":"repeat","background-position":"center center","background-size":"auto","background-attachment":"scroll","background-type":"","background-media":"","overlay-type":"","overlay-color":"","overlay-opacity":"","overlay-gradient":""},"tablet":{"background-color":"","background-image":"","background-repeat":"repeat","background-position":"center center","background-size":"auto","background-attachment":"scroll","background-type":"","background-media":"","overlay-type":"","overlay-color":"","overlay-opacity":"","overlay-gradient":""},"mobile":{"background-color":"","background-image":"","background-repeat":"repeat","background-position":"center center","background-size":"auto","background-attachment":"scroll","background-type":"","background-media":"","overlay-type":"","overlay-color":"","overlay-opacity":"","overlay-gradient":""}},"ast-content-background-meta":{"desktop":{"background-color":"var(--ast-global-color-4)","background-image":"","background-repeat":"repeat","background-position":"center center","background-size":"auto","background-attachment":"scroll","background-type":"","background-media":"","overlay-type":"","overlay-color":"","overlay-opacity":"","overlay-gradient":""},"tablet":{"background-color":"var(--ast-global-color-4)","background-image":"","background-repeat":"repeat","background-position":"center center","background-size":"auto","background-attachment":"scroll","background-type":"","background-media":"","overlay-type":"","overlay-color":"","overlay-opacity":"","overlay-gradient":""},"mobile":{"background-color":"var(--ast-global-color-4)","background-image":"","background-repeat":"repeat","background-position":"center center","background-size":"auto","background-attachment":"scroll","background-type":"","background-media":"","overlay-type":"","overlay-color":"","overlay-opacity":"","overlay-gradient":""}}},"product_brand":[],"product_cat":[147,139],"product_tag":[],"class_list":{"0":"post-109807","1":"product","2":"type-product","3":"status-publish","4":"has-post-thumbnail","6":"product_cat-kabatok","7":"product_cat-motoros-ruhazat","8":"desktop-align-left","9":"tablet-align-left","10":"mobile-align-left","12":"first","13":"instock","14":"shipping-taxable","15":"purchasable","16":"product-type-simple"},"jetpack_sharing_enabled":true,"_links":{"self":[{"href":"https:\/\/zatureczkimarcell.ddns.net\/wordpress\/wp-json\/wp\/v2\/product\/109807","targetHints":{"allow":["GET"]}}],"collection":[{"href":"https:\/\/zatureczkimarcell.ddns.net\/wordpress\/wp-json\/wp\/v2\/product"}],"about":[{"href":"https:\/\/zatureczkimarcell.ddns.net\/wordpress\/wp-json\/wp\/v2\/types\/product"}],"wp:featuredmedia":[{"embeddable":true,"href":"https:\/\/zatureczkimarcell.ddns.net\/wordpress\/wp-json\/wp\/v2\/media\/108572"}],"wp:attachment":[{"href":"https:\/\/zatureczkimarcell.ddns.net\/wordpress\/wp-json\/wp\/v2\/media?parent=109807"}],"wp:term":[{"taxonomy":"product_brand","embeddable":true,"href":"https:\/\/zatureczkimarcell.ddns.net\/wordpress\/wp-json\/wp\/v2\/product_brand?post=109807"},{"taxonomy":"product_cat","embeddable":true,"href":"https:\/\/zatureczkimarcell.ddns.net\/wordpress\/wp-json\/wp\/v2\/product_cat?post=109807"},{"taxonomy":"product_tag","embeddable":true,"href":"https:\/\/zatureczkimarcell.ddns.net\/wordpress\/wp-json\/wp\/v2\/product_tag?post=109807"}],"curies":[{"name":"wp","href":"https:\/\/api.w.org\/{rel}","templated":true}]}}