{"id":109805,"date":"2026-04-01T10:38:27","date_gmt":"2026-04-01T08:38:27","guid":{"rendered":"https:\/\/zatureczkimarcell.ddns.net\/wordpress\/?post_type=product&#038;p=109805"},"modified":"2026-04-01T10:38:51","modified_gmt":"2026-04-01T08:38:51","slug":"modeka-panamericana-noi-tesztgyoztes-negy-evszakos-motoros-kabat","status":"publish","type":"product","link":"https:\/\/zatureczkimarcell.ddns.net\/wordpress\/termek\/modeka-panamericana-noi-tesztgyoztes-negy-evszakos-motoros-kabat\/","title":{"rendered":"Modeka Panamericana N\u0151i tesztgy\u0151ztes n\u00e9gy \u00e9vszakos motoros kab\u00e1t"},"content":{"rendered":"<p style=\"box-sizing: border-box; margin: 0px 0px 10px; font-family: Roboto, sans-serif; font-size: 16px;\"><span style=\"color:#FF0000;\"><span style=\"box-sizing: border-box;\"><strong style=\"box-sizing: border-box;\">Figyelem ! A Modeka Panamericana Lady a Motorrad magazinn&aacute;l SEHR GUT min\u0151s&iacute;t&eacute;st szerzett!&nbsp;<\/strong><\/span><\/span><\/p>\n<p style=\"box-sizing: border-box; margin: 0px 0px 10px; font-family: Roboto, sans-serif; font-size: 16px;\"><span style=\"color:#FF0000;\"><span style=\"box-sizing: border-box;\"><strong style=\"box-sizing: border-box;\">A legnagyobb p&eacute;ld&aacute;nysz&aacute;m&uacute; eur&oacute;pai magazin kiemelte a term&eacute;k magas tud&aacute;s&aacute;t &eacute;s k&eacute;nyelm&eacute;t!&nbsp;<\/strong><\/span><\/span><\/p>\n<p style=\"box-sizing: border-box; margin: 0px 0px 10px; font-family: Roboto, sans-serif; font-size: 16px;\">\n<p style=\"box-sizing: border-box; margin: 0px 0px 10px; font-family: Roboto, sans-serif; font-size: 16px;\"><span style=\"box-sizing: border-box;\"><strong style=\"box-sizing: border-box;\">4 &eacute;vszakos h&aacute;rom r&eacute;teg\u0171 pr&eacute;mium min\u0151s&eacute;g\u0171 motoros kab&aacute;t k&uuml;l&ouml;n&ouml;sen k&eacute;nyelmes Tactel anyagb&oacute;l.&nbsp;<\/strong><\/span><\/p>\n<p style=\"box-sizing: border-box; margin: 0px 0px 10px; font-family: Roboto, sans-serif; font-size: 16px;\"><span style=\"box-sizing: border-box; color: rgb(255, 0, 0);\"><span style=\"box-sizing: border-box;\"><strong style=\"box-sizing: border-box;\">Az egym&aacute;sra &eacute;p&uuml;l\u0151 r&eacute;tegeknek k&ouml;sz&ouml;nhet\u0151en m&aacute;r 0 Celsiust&oacute;l , ak&aacute;r plusz 30 Celsius h\u0151m&eacute;rs&eacute;kletig is viselhet\u0151 , &iacute;gy val&oacute;ban teljes &eacute;vben haszn&aacute;lhat&oacute; !<\/strong><\/span><\/span><\/p>\n<p style=\"box-sizing: border-box; margin: 0px 0px 10px; font-family: Roboto, sans-serif; font-size: 16px;\"><strong><span style=\"font-family: Roboto, sans-serif; font-size: 14px;\">A term&eacute;k k&eacute;nyelm&eacute;re &eacute;s kiv&aacute;l&oacute; szell\u0151z&eacute;s&eacute;re jellemz\u0151 hogy t&ouml;bb kedves &uuml;gyfel&uuml;nk a sivatagban<\/span><\/strong><span style=\"font-size: 14px; font-family: Roboto, sans-serif;\"><strong>&nbsp;is motorozott Panamericana szettben! A k&eacute;peket a term&eacute;k k&eacute;pei k&ouml;z&ouml;tt megtekintheted.<\/strong><\/span><\/p>\n<p style=\"box-sizing: border-box; margin: 0px 0px 10px; font-family: Roboto, sans-serif; font-size: 16px;\"><span style=\"box-sizing: border-box;\"><strong style=\"box-sizing: border-box;\">Az er\u0151sen ig&eacute;nybevett pontokon 1000D er\u0151ss&eacute;g\u0171 Cordura meger\u0151s&iacute;t&eacute;sekkel<\/strong><\/span><\/p>\n<p style=\"box-sizing: border-box; margin: 0px 0px 10px; font-family: Roboto, sans-serif; font-size: 16px;\"><span style=\"box-sizing: border-box;\"><strong style=\"box-sizing: border-box;\">&quot;Air Draft&quot; szell\u0151z\u0151 rendszer\u0171 zsebek<\/strong><\/span><strong style=\"box-sizing: border-box;\">&#8211; &Oacute;ri&aacute;si nyithat&oacute; h&aacute;l&oacute;s fel&uuml;let<\/strong><\/p>\n<p style=\"box-sizing: border-box; margin: 0px 0px 10px; font-family: Roboto, sans-serif; font-size: 16px;\"><span style=\"box-sizing: border-box;\"><strong style=\"box-sizing: border-box;\">Air vent nyithat&oacute; szell\u0151z\u0151k&nbsp;<\/strong><\/span><strong style=\"box-sizing: border-box;\">&#8211; A karr&eacute;szen p&eacute;ld&aacute;ul,extra hossz&uacute;&nbsp;nyithat&oacute; szell\u0151z\u0151 tal&aacute;lhat&oacute;!<\/strong><\/p>\n<p style=\"box-sizing: border-box; margin: 0px 0px 10px; font-family: Roboto, sans-serif; font-size: 16px;\"><span style=\"box-sizing: border-box; color: rgb(255, 0, 0);\"><strong style=\"box-sizing: border-box;\">&nbsp;A&nbsp;kab&aacute;t nem csak a nyithat&oacute; szell\u0151z\u0151k&ouml;n kereszt&uuml;l, hanem a TACTEL sz&ouml;vet speci&aacute;lis sz&ouml;v&eacute;s&eacute;nek k&ouml;sz&ouml;nhet\u0151en a teljes k&uuml;ls\u0151 r&eacute;sz&eacute;n&nbsp;&aacute;t szell\u0151zik!<\/strong><\/span><\/p>\n<p style=\"box-sizing: border-box; margin: 0px 0px 10px; font-family: Roboto, sans-serif; font-size: 16px;\"><span style=\"box-sizing: border-box; color: rgb(0, 0, 0);\"><span style=\"box-sizing: border-box;\"><strong style=\"box-sizing: border-box;\">Kivehet\u0151 Sympatex sz&eacute;l &eacute;s es\u0151&aacute;ll&oacute;, dinamikus l&eacute;legz\u0151 membr&aacute;n!&nbsp;<\/strong><\/span><\/span><span style=\"box-sizing: border-box; color: rgb(255, 0, 0);\"><span style=\"box-sizing: border-box;\"><strong style=\"box-sizing: border-box;\">A Sympatex membr&aacute;nt a term&eacute;k le&iacute;r&aacute;s alatt, r&eacute;szletesebben is bemutatjuk! JELENLEG A LEGMAGASABB SZINT\u0170 MEMBR&Aacute;NTECHNOL&Oacute;GIA A VIL&Aacute;GON AMIT EZ A KAB&Aacute;T TARTALMAZ! 45.000mm v&iacute;zoszlop nyom&aacute;s&aacute;nak is ellen&aacute;ll 24 &oacute;ra id\u0151tartam alatt!&nbsp;<\/strong><\/span><\/span><\/p>\n<p style=\"box-sizing: border-box; margin: 0px 0px 10px; font-family: Roboto, sans-serif; font-size: 16px;\"><span style=\"box-sizing: border-box;\"><strong style=\"box-sizing: border-box;\"><span style=\"box-sizing: border-box; color: rgb(0, 0, 0);\">A Sympatex membr&aacute;n alatt tal&aacute;lhat&oacute;, szint&eacute;n&nbsp;<\/span><span style=\"box-sizing: border-box; color: rgb(255, 0, 0);\">kivehet\u0151 thermo r&eacute;sz mell&eacute;nyk&eacute;nt k&uuml;l&ouml;n is viselhet\u0151&nbsp;<\/span><span style=\"box-sizing: border-box; color: rgb(0, 0, 0);\">rendk&iacute;v\u0171l ig&eacute;nyes kidolgoz&aacute;s&aacute;nak k&ouml;sz&ouml;nhet\u0151en !<\/span><\/strong><\/span><\/p>\n<p style=\"box-sizing: border-box; margin: 0px 0px 10px; font-family: Roboto, sans-serif; font-size: 16px;\"><strong style=\"font-family: Roboto, sans-serif; font-size: 16px; box-sizing: border-box; color: rgb(255, 0, 0);\">JELENLEG A LEVEL 2 A L&Eacute;TEZ\u0150 LEGMAGASABB V&Eacute;DELMI SZABV&Aacute;NY! A MODEKA PANAMERICANA RUH&Aacute;ZATBAN A LEGJOBB PROTEKTOROZ&Aacute;ST KAPOD! M&Eacute;G A GERINC PROTEKTOR IS LEVEL2-ES AMI BENNE VAN!&nbsp;<\/strong><\/p>\n<div><\/div>\n<div><span style=\"font-size:16px;\"><strong>A k&ouml;ny&ouml;kprotektor helyzete &aacute;ll&iacute;that&oacute;, &iacute;gy a be&aacute;ll&iacute;t&aacute;st k&ouml;vet\u0151en mindenki sz&aacute;m&aacute;ra azonnal t&ouml;k&eacute;letes helyen lesz a protektor!&nbsp;<\/strong><\/span><\/div>\n<p style=\"box-sizing: border-box; margin: 0px 0px 10px; font-family: Roboto, sans-serif; font-size: 16px;\"><strong style=\"box-sizing: border-box;\">2 v&iacute;z&aacute;ll&oacute; k&uuml;ls\u0151 zsebbel, 1 v&iacute;z&aacute;ll&oacute; bels\u0151 zsebbel<\/strong><\/p>\n<p style=\"box-sizing: border-box; margin: 0px 0px 10px; font-family: Roboto, sans-serif; font-size: 16px;\"><span style=\"box-sizing: border-box;\"><strong style=\"box-sizing: border-box;\">3M f&eacute;nyvisszaver\u0151 bet&eacute;tekkel<\/strong><\/span><\/p>\n<p style=\"box-sizing: border-box; margin: 0px 0px 10px; font-family: Roboto, sans-serif; font-size: 16px;\"><strong style=\"font-size: 16px;\">YKK a vil&aacute;g legjobb min\u0151s&eacute;g\u0171 cipz&aacute;rj&aacute;val.<\/strong><\/p>\n<p style=\"box-sizing: border-box; margin: 0px 0px 10px; font-family: Roboto, sans-serif; font-size: 16px;\"><span style=\"box-sizing: border-box;\"><strong style=\"box-sizing: border-box;\">Biztons&aacute;gi, er\u0151s&iacute;tett varr&aacute;ssal k&eacute;sz&uuml;lt term&eacute;k<\/strong><\/span><\/p>\n<p style=\"box-sizing: border-box; margin: 0px 0px 10px; font-family: Roboto, sans-serif; font-size: 16px;\"><span style=\"box-sizing: border-box;\"><strong style=\"box-sizing: border-box;\">El&eacute;rhet\u0151 m&eacute;retek: 34, 36, 38, 40, 42, 44, 46-os m&eacute;retekben&nbsp;<\/strong><\/span><\/p>\n<p style=\"box-sizing: border-box; margin: 0px 0px 10px; font-family: Roboto, sans-serif; font-size: 16px;\"><span style=\"box-sizing: border-box;\"><strong style=\"box-sizing: border-box;\">Nadr&aacute;ggal &ouml;sszekapcsolhat&oacute;!&nbsp;<\/strong><\/span><\/p>\n<p style=\"box-sizing: border-box; margin: 0px 0px 10px; font-family: Roboto, sans-serif; font-size: 16px;\"><span style=\"box-sizing: border-box;\"><strong style=\"box-sizing: border-box;\">A Panamericana n\u0151i kab&aacute;thoz tartoz&oacute; nadr&aacute;got az al&aacute;bbi linkekre kattintva tal&aacute;lod:&nbsp;<\/strong><\/span><\/p>\n<p style=\"box-sizing: border-box; margin: 0px 0px 10px; font-family: Roboto, sans-serif; font-size: 16px;\"><a href=\"https:\/\/darazsgarazs.hu\/termek\/modeka-panamericana-negy-evszakos-noi-motoros-nadrag-sympatex-membrannal.904.html\">https:\/\/darazsgarazs.hu\/termek\/modeka-panamericana-negy-evszakos-noi-motoros-nadrag-sympatex-membrannal.904.html<\/a><\/p>\n<p style=\"box-sizing: border-box; margin: 0px 0px 10px; font-family: Roboto, sans-serif; font-size: 16px;\">\n<p style=\"box-sizing: border-box; margin: 0px 0px 10px; font-family: Roboto, sans-serif; font-size: 16px;\"><span style=\"box-sizing: border-box;\"><strong style=\"box-sizing: border-box;\">A Panamericana term&eacute;kcsal&aacute;d keszty\u0171j&eacute;t az al&aacute;bbi linkre kattintva tekintheted meg:&nbsp;<\/strong><\/span><\/p>\n<p style=\"box-sizing: border-box; margin: 0px 0px 10px; font-family: Roboto, sans-serif; font-size: 16px;\"><span style=\"box-sizing: border-box;\"><strong style=\"box-sizing: border-box;\"><a href=\"https:\/\/darazsgarazs.hu\/termek\/modeka-panamericana-motoros-kesztyu.750.html\" style=\"box-sizing: border-box; background-color: transparent; color: rgb(51, 122, 183); text-decoration-line: none;\">https:\/\/darazsgarazs.hu\/termek\/modeka-panamericana-motoros-kesztyu.750.html<\/a><\/strong><\/span><\/p>\n<p style=\"box-sizing: border-box; margin: 0px 0px 10px; font-family: Roboto, sans-serif; font-size: 16px;\">\n<p style=\"box-sizing: border-box; margin: 0px 0px 10px; font-family: Roboto, sans-serif; font-size: 16px;\"><span style=\"box-sizing: border-box;\"><strong style=\"box-sizing: border-box;\">A Modeka Panamerica szettr\u0151l v&aacute;s&aacute;rl&oacute;i v&eacute;lem&eacute;nyt olvashatsz ide kattintva:&nbsp;<a href=\"http:\/\/darazsgarazs.hu\/termek\/modeka-panamericana-vasarloi-teszt.796.html\" style=\"box-sizing: border-box; background-color: transparent; color: rgb(51, 122, 183); text-decoration-line: none;\">http:\/\/darazsgarazs.hu\/termek\/modeka-panamericana-vasarloi-teszt.796.html<\/a><\/strong><\/span><\/p>\n<p style=\"box-sizing: border-box; margin: 0px 0px 10px; font-family: Roboto, sans-serif; font-size: 16px;\"><span style=\"box-sizing: border-box; color: rgb(255, 0, 0);\"><strong style=\"box-sizing: border-box;\">Figyelem! Amit a Sympatex membr&aacute;nr&oacute;l tudni &eacute;rdemes:&nbsp;<\/strong><\/span><\/p>\n<p style=\"box-sizing: border-box; margin: 0px 0px 10px; font-family: Roboto, sans-serif; font-size: 16px;\"><span style=\"font-family: Roboto, sans-serif; font-size: 16px; box-sizing: border-box; color: rgb(255, 0, 0);\"><strong style=\"box-sizing: border-box;\">Sympatex membr&aacute;n&reg;&nbsp;<\/strong><\/span><span style=\"font-family: Roboto, sans-serif; font-size: 16px;\"><strong><span segoe=\"\" style=\"color: rgb(68, 68, 68);\" ui=\"\">K&ouml;nny\u0171, ultrav&eacute;kony&nbsp;membr&aacute;n, ami teljesen v&iacute;z- &eacute;s sz&eacute;l&aacute;ll&oacute;, valamint maxim&aacute;lisan l&eacute;legz\u0151. Ez a r&eacute;teg a b&eacute;l&eacute;s &eacute;s ruh&aacute;zat k&uuml;ls\u0151 r&eacute;tege k&ouml;z&ouml;tt egy falat jelent a nedvess&eacute;gnek de a dinamikus membr&aacute;ntechnol&oacute;gi&aacute;nak k&ouml;sz&ouml;nhet\u0151en kiengedi a p&aacute;r&aacute;t, &iacute;gy a tested teljes fel&uuml;let&eacute;n l&eacute;legezhet.&nbsp;<\/span><\/strong><\/span><span style=\"font-family: Roboto, sans-serif; font-size: 16px;\"><strong style=\"font-size: 14px; box-sizing: border-box; max-width: 100%;\"><span open=\"\" sans=\"\" style=\"box-sizing: border-box; max-width: 100%; color: rgb(0, 0, 0);\">A legt&ouml;bb membr&aacute;ntechnol&oacute;gi&aacute;val ellent&eacute;tben nem por&oacute;zus membr&aacute;n, azaz nem csak fizikai, hanem k&eacute;miai elven is m\u0171k&ouml;dik. A membr&aacute;n v&iacute;zsz&iacute;v&oacute; r&eacute;sze felveszi a nedvess&eacute;get a test fel\u0151l, &aacute;tvezeti mag&aacute;n, &eacute;s a k&uuml;ls\u0151 felsz&iacute;n&eacute;n engedi elp&aacute;rologni. Ilyenkor a molekul&aacute;ris p&aacute;raszemcs&eacute;ket hidrofil molekul&aacute;ris l&aacute;ncok sz&aacute;ll&iacute;tj&aacute;k kifel&eacute;. A membr&aacute;n molekul&aacute;ris strukt&uacute;r&aacute;ja nedvess&eacute;g hat&aacute;s&aacute;ra megduzzad, &iacute;gy&nbsp;helyet biztos&iacute;t a v&iacute;zg\u0151z gyors &aacute;thalad&aacute;s&aacute;hoz &eacute;s elp&aacute;rolg&aacute;s&aacute;hoz. Ez a hat&aacute;s a h\u0151m&eacute;rs&eacute;klet-k&uuml;l&ouml;nbs&eacute;g &eacute;s a termel\u0151d&ouml;tt p&aacute;ra mennyis&eacute;g&eacute;vel ar&aacute;nyosan fokoz&oacute;dik.<\/span><\/strong><\/span><br segoe=\"\" style=\"font-family: Roboto, sans-serif; font-size: 16px; box-sizing: inherit; color: rgb(68, 68, 68);\" ui=\"\" \/><br \/>\n<span style=\"font-family: Roboto, sans-serif; font-size: 16px;\"><strong><span segoe=\"\" style=\"color: rgb(68, 68, 68);\" ui=\"\">Teh&aacute;t a&nbsp;Sympatex membr&aacute;n &eacute;rz&eacute;keli az izzadts&aacute;got &eacute;s a&nbsp;nedvess&eacute;get t&ouml;k&eacute;letesen elvezeti a testfel&uuml;letr\u0151l. A DIN EN ISO 9237 tan&uacute;s&iacute;tv&aacute;ny szerint a membr&aacute;n teljesen sz&eacute;l&aacute;ll&oacute;&nbsp;<\/span><\/strong><\/span><strong style=\"font-family: Roboto, sans-serif; font-size: 16px;\"><span segoe=\"\" style=\"color: rgb(68, 68, 68);\" ui=\"\">(azaz 0 liter\/m&sup2;)<\/span><\/strong><span style=\"font-family: Roboto, sans-serif; font-size: 16px;\"><strong><span segoe=\"\" style=\"color: rgb(68, 68, 68);\" ui=\"\">, egy&aacute;ltal&aacute;n nem jut &aacute;t rajta a menetsz&eacute;l&nbsp;, &iacute;gy az nem mozgatja el a testet k&ouml;r&uuml;lvev\u0151 melegebb l&eacute;gr&eacute;teget. Az anyag a v&iacute;z&aacute;ll&oacute;s&aacute;g ter&eacute;n is kimagasl&oacute; tulajdons&aacute;gokkal rendelkezik. Az EN 343 szabv&aacute;ny &eacute;rtelm&eacute;ben egy membr&aacute;n akkor tekinthet\u0151 v&iacute;zhatlannak, ha ellen&aacute;ll egy 1300 mm magas v&iacute;zoszlop nyom&aacute;s&aacute;nak. Az ISO 811 tan&uacute;s&iacute;tv&aacute;ny szerint a Sympatex membr&aacute;n messze fel&uuml;lm&uacute;lja ezt a k&ouml;vetelm&eacute;nyt, hiszen 45 000 mm magas v&iacute;zoszlop nyom&aacute;s&aacute;nak is k&eacute;pes ellen&aacute;llni &iacute;gy jelenleg <\/span><span style=\"color:#FF0000;\"><span segoe=\"\" ui=\"\">a vil&aacute;g legmagasabb tud&aacute;s&uacute; membr&aacute;n technol&oacute;gi&aacute;ja!<\/span><\/span><\/strong><\/span><\/p>\n<p style=\"box-sizing: border-box; margin: 0px 0px 10px; font-family: Roboto, sans-serif; font-size: 14px; line-height: 15.6pt;\">Tov&aacute;bbi term&eacute;ktulajdons&aacute;gok&eacute;rt l&aacute;togasd meg az anyaglexikon men&uuml;pontunkat !<\/p>\n<p><strong style=\"font-family: Roboto, sans-serif; font-size: 16px; box-sizing: border-box; max-width: 100%;\">Haszn&aacute;lati &eacute;s kezel&eacute;si &uacute;tmutat&oacute; a term&eacute;khez&nbsp;el&eacute;rhet\u0151 ide kattintva:&nbsp;<a href=\"https:\/\/darazsgarazs.hu\/index.php\/termek\/hasznalati-utmutato.1155.html\">https:\/\/darazsgarazs.hu\/index.php\/termek\/hasznalati-utmutato.1155.html<\/a><\/strong><\/p>\n<p style=\"font-family: Roboto, sans-serif; font-size: 16px;\">A term&eacute;k rendeltet&eacute;sszer\u0171 haszn&aacute;lat sor&aacute;n&nbsp;speci&aacute;lis mos&oacute;szerrel tiszt&iacute;that&oacute; !<\/p>\n<p style=\"font-family: Roboto, sans-serif; font-size: 16px;\">A mos&oacute;szer speci&aacute;lisan technikai &ndash; motoros ruh&aacute;zathoz lett fejlesztve, haszn&aacute;lat&aacute;val a term&eacute;kek nem csak tiszt&aacute;n tarthat&oacute;ak, de v&aacute;rhat&oacute; haszn&aacute;lati idej&uuml;k is n&ouml;vekszik!<\/p>\n<p style=\"font-family: Roboto, sans-serif; font-size: 16px;\">A Speci&aacute;lis motoros ruh&aacute;zathoz fejlesztett mos&oacute;szert az al&aacute;bbi linkre kattintva &eacute;rheti el:<\/p>\n<p style=\"font-family: Roboto, sans-serif; font-size: 16px; box-sizing: border-box; margin: 0px 0px 10px;\">&nbsp;<a href=\"http:\/\/darazsgarazs.hu\/termek\/hey-sports-combi-wash-250-ml-funkcionalis-mososzer.494.html\">http:\/\/darazsgarazs.hu\/termek\/hey-sports-combi-wash-250-ml-funkcionalis-mososzer.494.html<\/a><\/p>\n<p style=\"font-family: Roboto, sans-serif; font-size: 16px; box-sizing: border-box; margin: 0px 0px 10px;\">Az es\u0151 &eacute;s sz&eacute;lz&aacute;r&oacute; membr&aacute;n tiszt&iacute;t&aacute;s&aacute;hoz az al&aacute;bbi term&eacute;ket sz&uuml;ks&eacute;ges haszn&aacute;lni:&nbsp;<\/p>\n<p style=\"font-family: Roboto, sans-serif; font-size: 16px; box-sizing: border-box; margin: 0px 0px 10px;\"><a href=\"https:\/\/darazsgarazs.hu\/termek\/mososzer-motoros-ruhazathoz.911.html\">https:\/\/darazsgarazs.hu\/termek\/mososzer-motoros-ruhazathoz.911.html<\/a><\/p><\/p>\n","protected":false},"excerpt":{"rendered":"<p>Figyelem ! A Modeka Panamericana Lady a Motorrad magazinn&aacute;l SEHR GUT min\u0151s&iacute;t&eacute;st szerzett!&nbsp; A legnagyobb p&eacute;ld&aacute;nysz&aacute;m&uacute; eur&oacute;pai magazin kiemelte a [&hellip;]<\/p>\n","protected":false},"featured_media":107536,"template":"","meta":{"site-sidebar-layout":"default","site-content-layout":"","ast-site-content-layout":"default","site-content-style":"default","site-sidebar-style":"default","ast-global-header-display":"","ast-banner-title-visibility":"","ast-main-header-display":"","ast-hfb-above-header-display":"","ast-hfb-below-header-display":"","ast-hfb-mobile-header-display":"","site-post-title":"","ast-breadcrumbs-content":"","ast-featured-img":"","footer-sml-layout":"","ast-disable-related-posts":"","theme-transparent-header-meta":"","adv-header-id-meta":"","stick-header-meta":"","header-above-stick-meta":"","header-main-stick-meta":"","header-below-stick-meta":"","astra-migrate-meta-layouts":"default","ast-page-background-enabled":"default","ast-page-background-meta":{"desktop":{"background-color":"var(--ast-global-color-5)","background-image":"","background-repeat":"repeat","background-position":"center center","background-size":"auto","background-attachment":"scroll","background-type":"","background-media":"","overlay-type":"","overlay-color":"","overlay-opacity":"","overlay-gradient":""},"tablet":{"background-color":"","background-image":"","background-repeat":"repeat","background-position":"center center","background-size":"auto","background-attachment":"scroll","background-type":"","background-media":"","overlay-type":"","overlay-color":"","overlay-opacity":"","overlay-gradient":""},"mobile":{"background-color":"","background-image":"","background-repeat":"repeat","background-position":"center center","background-size":"auto","background-attachment":"scroll","background-type":"","background-media":"","overlay-type":"","overlay-color":"","overlay-opacity":"","overlay-gradient":""}},"ast-content-background-meta":{"desktop":{"background-color":"var(--ast-global-color-4)","background-image":"","background-repeat":"repeat","background-position":"center center","background-size":"auto","background-attachment":"scroll","background-type":"","background-media":"","overlay-type":"","overlay-color":"","overlay-opacity":"","overlay-gradient":""},"tablet":{"background-color":"var(--ast-global-color-4)","background-image":"","background-repeat":"repeat","background-position":"center center","background-size":"auto","background-attachment":"scroll","background-type":"","background-media":"","overlay-type":"","overlay-color":"","overlay-opacity":"","overlay-gradient":""},"mobile":{"background-color":"var(--ast-global-color-4)","background-image":"","background-repeat":"repeat","background-position":"center center","background-size":"auto","background-attachment":"scroll","background-type":"","background-media":"","overlay-type":"","overlay-color":"","overlay-opacity":"","overlay-gradient":""}}},"product_brand":[],"product_cat":[147,139],"product_tag":[],"class_list":{"0":"post-109805","1":"product","2":"type-product","3":"status-publish","4":"has-post-thumbnail","6":"product_cat-kabatok","7":"product_cat-motoros-ruhazat","8":"desktop-align-left","9":"tablet-align-left","10":"mobile-align-left","12":"first","13":"instock","14":"sale","15":"shipping-taxable","16":"purchasable","17":"product-type-simple"},"jetpack_sharing_enabled":true,"_links":{"self":[{"href":"https:\/\/zatureczkimarcell.ddns.net\/wordpress\/wp-json\/wp\/v2\/product\/109805","targetHints":{"allow":["GET"]}}],"collection":[{"href":"https:\/\/zatureczkimarcell.ddns.net\/wordpress\/wp-json\/wp\/v2\/product"}],"about":[{"href":"https:\/\/zatureczkimarcell.ddns.net\/wordpress\/wp-json\/wp\/v2\/types\/product"}],"wp:featuredmedia":[{"embeddable":true,"href":"https:\/\/zatureczkimarcell.ddns.net\/wordpress\/wp-json\/wp\/v2\/media\/107536"}],"wp:attachment":[{"href":"https:\/\/zatureczkimarcell.ddns.net\/wordpress\/wp-json\/wp\/v2\/media?parent=109805"}],"wp:term":[{"taxonomy":"product_brand","embeddable":true,"href":"https:\/\/zatureczkimarcell.ddns.net\/wordpress\/wp-json\/wp\/v2\/product_brand?post=109805"},{"taxonomy":"product_cat","embeddable":true,"href":"https:\/\/zatureczkimarcell.ddns.net\/wordpress\/wp-json\/wp\/v2\/product_cat?post=109805"},{"taxonomy":"product_tag","embeddable":true,"href":"https:\/\/zatureczkimarcell.ddns.net\/wordpress\/wp-json\/wp\/v2\/product_tag?post=109805"}],"curies":[{"name":"wp","href":"https:\/\/api.w.org\/{rel}","templated":true}]}}