{"id":109802,"date":"2026-04-01T10:38:25","date_gmt":"2026-04-01T08:38:25","guid":{"rendered":"https:\/\/zatureczkimarcell.ddns.net\/wordpress\/?post_type=product&#038;p=109802"},"modified":"2026-04-01T10:38:48","modified_gmt":"2026-04-01T08:38:48","slug":"modeka-air-ride-kesztyu-teszt","status":"publish","type":"product","link":"https:\/\/zatureczkimarcell.ddns.net\/wordpress\/termek\/modeka-air-ride-kesztyu-teszt\/","title":{"rendered":"Modeka Air Ride keszty\u0171 teszt"},"content":{"rendered":"<p><strong>Az Air Ride keszty\u0171 a tavalyi &eacute;vben val&oacute;s&aacute;gos sl&aacute;ger term&eacute;k volt &uuml;zlet&uuml;nkben. <\/strong><\/p>\n<p><strong>Koll&eacute;g&aacute;nk aki haszn&aacute;lja , elmondta ez nem is csoda, hiszen ez a legk&eacute;nyelmesebb motoros keszty\u0171 ami a kez&eacute;n volt. Pedig volt m&aacute;r p&aacute;r f&eacute;le keszty\u0171 a kez&eacute;n az elm&uacute;lt &eacute;vtizedek sor&aacute;n. Elmondta amikor az &uuml;zletben a term&eacute;kr\u0151l besz&eacute;lgett&uuml;nk, hogy olyan k&eacute;nyelmes, mintha nem is lenne a visel\u0151j&eacute;n. Teljesen &eacute;szrev&eacute;tlen tud maradni, ami igaz&aacute;n nagy sz&oacute; egy protektoros motoros keszty\u0171t\u0151l. <\/strong><\/p>\n<p><strong>Amikor a teszt &uacute;t sor&aacute;n a term&eacute;k szell\u0151z&eacute;s&eacute;t pr&oacute;b&aacute;lgatta, nem csak a k&eacute;zfej r&eacute;szen, hanem a menetsz&eacute;lbe tartva a teny&eacute;rr&eacute;szt , a keszty\u0171 bels\u0151 oldal&aacute;n is azonnal &eacute;rezhet\u0151 az &aacute;tszell\u0151z&eacute;s. <\/strong><\/p>\n<p><strong>Az Air Ride n&eacute;pszer\u0171s&eacute;ge tov&aacute;bbra is t&ouml;retlen, ami tud&aacute;s&aacute;t &eacute;s k&eacute;nyelm&eacute;t tekintve nem is meglep\u0151. <\/strong><\/p>\n<p><span style=\"box-sizing: border-box;\"><strong style=\"box-sizing: border-box;\">Az Air Ride keszty\u0171 honlapunkon az al&aacute;bbi linkre kattintva &eacute;rhet\u0151 el:&nbsp;<a href=\"https:\/\/darazsgarazs.hu\/termek\/modeka-air-ride-protektoros-motoros-kesztyu-akcio.487.html\">https:\/\/darazsgarazs.hu\/termek\/modeka-air-ride-protektoros-motoros-kesztyu-akcio.487.html<\/a><\/strong><\/span><\/p>\n","protected":false},"excerpt":{"rendered":"<p>Az Air Ride keszty\u0171 a tavalyi &eacute;vben val&oacute;s&aacute;gos sl&aacute;ger term&eacute;k volt &uuml;zlet&uuml;nkben. Koll&eacute;g&aacute;nk aki haszn&aacute;lja , elmondta ez nem is [&hellip;]<\/p>\n","protected":false},"featured_media":109107,"template":"","meta":{"site-sidebar-layout":"default","site-content-layout":"","ast-site-content-layout":"default","site-content-style":"default","site-sidebar-style":"default","ast-global-header-display":"","ast-banner-title-visibility":"","ast-main-header-display":"","ast-hfb-above-header-display":"","ast-hfb-below-header-display":"","ast-hfb-mobile-header-display":"","site-post-title":"","ast-breadcrumbs-content":"","ast-featured-img":"","footer-sml-layout":"","ast-disable-related-posts":"","theme-transparent-header-meta":"","adv-header-id-meta":"","stick-header-meta":"","header-above-stick-meta":"","header-main-stick-meta":"","header-below-stick-meta":"","astra-migrate-meta-layouts":"default","ast-page-background-enabled":"default","ast-page-background-meta":{"desktop":{"background-color":"var(--ast-global-color-5)","background-image":"","background-repeat":"repeat","background-position":"center center","background-size":"auto","background-attachment":"scroll","background-type":"","background-media":"","overlay-type":"","overlay-color":"","overlay-opacity":"","overlay-gradient":""},"tablet":{"background-color":"","background-image":"","background-repeat":"repeat","background-position":"center center","background-size":"auto","background-attachment":"scroll","background-type":"","background-media":"","overlay-type":"","overlay-color":"","overlay-opacity":"","overlay-gradient":""},"mobile":{"background-color":"","background-image":"","background-repeat":"repeat","background-position":"center center","background-size":"auto","background-attachment":"scroll","background-type":"","background-media":"","overlay-type":"","overlay-color":"","overlay-opacity":"","overlay-gradient":""}},"ast-content-background-meta":{"desktop":{"background-color":"var(--ast-global-color-4)","background-image":"","background-repeat":"repeat","background-position":"center center","background-size":"auto","background-attachment":"scroll","background-type":"","background-media":"","overlay-type":"","overlay-color":"","overlay-opacity":"","overlay-gradient":""},"tablet":{"background-color":"var(--ast-global-color-4)","background-image":"","background-repeat":"repeat","background-position":"center center","background-size":"auto","background-attachment":"scroll","background-type":"","background-media":"","overlay-type":"","overlay-color":"","overlay-opacity":"","overlay-gradient":""},"mobile":{"background-color":"var(--ast-global-color-4)","background-image":"","background-repeat":"repeat","background-position":"center center","background-size":"auto","background-attachment":"scroll","background-type":"","background-media":"","overlay-type":"","overlay-color":"","overlay-opacity":"","overlay-gradient":""}}},"product_brand":[],"product_cat":[153],"product_tag":[],"class_list":{"0":"post-109802","1":"product","2":"type-product","3":"status-publish","4":"has-post-thumbnail","6":"product_cat-sajat-tesztelesu-termekek","7":"desktop-align-left","8":"tablet-align-left","9":"mobile-align-left","11":"first","12":"instock","13":"shipping-taxable","14":"product-type-simple"},"jetpack_sharing_enabled":true,"_links":{"self":[{"href":"https:\/\/zatureczkimarcell.ddns.net\/wordpress\/wp-json\/wp\/v2\/product\/109802","targetHints":{"allow":["GET"]}}],"collection":[{"href":"https:\/\/zatureczkimarcell.ddns.net\/wordpress\/wp-json\/wp\/v2\/product"}],"about":[{"href":"https:\/\/zatureczkimarcell.ddns.net\/wordpress\/wp-json\/wp\/v2\/types\/product"}],"wp:featuredmedia":[{"embeddable":true,"href":"https:\/\/zatureczkimarcell.ddns.net\/wordpress\/wp-json\/wp\/v2\/media\/109107"}],"wp:attachment":[{"href":"https:\/\/zatureczkimarcell.ddns.net\/wordpress\/wp-json\/wp\/v2\/media?parent=109802"}],"wp:term":[{"taxonomy":"product_brand","embeddable":true,"href":"https:\/\/zatureczkimarcell.ddns.net\/wordpress\/wp-json\/wp\/v2\/product_brand?post=109802"},{"taxonomy":"product_cat","embeddable":true,"href":"https:\/\/zatureczkimarcell.ddns.net\/wordpress\/wp-json\/wp\/v2\/product_cat?post=109802"},{"taxonomy":"product_tag","embeddable":true,"href":"https:\/\/zatureczkimarcell.ddns.net\/wordpress\/wp-json\/wp\/v2\/product_tag?post=109802"}],"curies":[{"name":"wp","href":"https:\/\/api.w.org\/{rel}","templated":true}]}}