{"id":109800,"date":"2026-04-01T10:38:23","date_gmt":"2026-04-01T08:38:23","guid":{"rendered":"https:\/\/zatureczkimarcell.ddns.net\/wordpress\/?post_type=product&#038;p=109800"},"modified":"2026-04-01T10:38:47","modified_gmt":"2026-04-01T08:38:47","slug":"modeka-hot-classic-kesztyu-teszt","status":"publish","type":"product","link":"https:\/\/zatureczkimarcell.ddns.net\/wordpress\/termek\/modeka-hot-classic-kesztyu-teszt\/","title":{"rendered":"Modeka Hot Classic keszty\u0171 teszt"},"content":{"rendered":"<p><strong>Ahogyan a neve is mutatja, klasszikus megjelen&eacute;s\u0171, st&iacute;lusos b\u0151r motoros keszty\u0171. <\/strong><\/p>\n<p><strong>Nem csak eleg&aacute;ns megjelen&eacute;st biztos&iacute;t, hanem a teljes fel&uuml;let&eacute;n perfor&aacute;lt kialak&iacute;t&aacute;snak k&ouml;sz&ouml;nhet\u0151en, kiv&aacute;l&oacute; szell\u0151z&eacute;se van. <\/strong><\/p>\n<p><strong>M&aacute;r az els\u0151 felv&eacute;telkor &eacute;rezni a pr&eacute;mium anyaghaszn&aacute;latot. Nagyon k&eacute;nyelmes, a korm&aacute;ny kezel\u0151szerveit is t&ouml;k&eacute;letesen &eacute;rezni benne. <\/strong><\/p>\n<p><strong>Nagyszer\u0171en szell\u0151z&ouml;tt a k&aacute;nikulai napokon kipr&oacute;b&aacute;lva. T&uacute;ratemp&oacute;n&aacute;l semmilyen k&ouml;r&uuml;lm&eacute;nyek k&ouml;z&ouml;tt nem f&uuml;lledt be a k&eacute;zfejem.<\/strong><\/p>\n<p><strong>A Hot Classic keszty\u0171 k&eacute;tf&eacute;le sz&iacute;nben &eacute;rhet\u0151 el &uuml;zlet&uuml;nkben. A tesztben szerepl\u0151 barna &eacute;s egysz&iacute;n\u0171 fekete.&nbsp;<\/strong><\/p>\n<p><strong>A keszty\u0171t honlapunkon az al&aacute;bbi linkre kattintva tal&aacute;lod:&nbsp;<\/strong><\/p>\n<p><strong><a href=\"https:\/\/darazsgarazs.hu\/termek\/hot-classic-tesztgyoztes-termek.678.html\">https:\/\/darazsgarazs.hu\/termek\/hot-classic-tesztgyoztes-termek.678.html<\/a><\/strong><\/p>\n","protected":false},"excerpt":{"rendered":"<p>Ahogyan a neve is mutatja, klasszikus megjelen&eacute;s\u0171, st&iacute;lusos b\u0151r motoros keszty\u0171. Nem csak eleg&aacute;ns megjelen&eacute;st biztos&iacute;t, hanem a teljes fel&uuml;let&eacute;n [&hellip;]<\/p>\n","protected":false},"featured_media":104464,"template":"","meta":{"site-sidebar-layout":"default","site-content-layout":"","ast-site-content-layout":"default","site-content-style":"default","site-sidebar-style":"default","ast-global-header-display":"","ast-banner-title-visibility":"","ast-main-header-display":"","ast-hfb-above-header-display":"","ast-hfb-below-header-display":"","ast-hfb-mobile-header-display":"","site-post-title":"","ast-breadcrumbs-content":"","ast-featured-img":"","footer-sml-layout":"","ast-disable-related-posts":"","theme-transparent-header-meta":"","adv-header-id-meta":"","stick-header-meta":"","header-above-stick-meta":"","header-main-stick-meta":"","header-below-stick-meta":"","astra-migrate-meta-layouts":"default","ast-page-background-enabled":"default","ast-page-background-meta":{"desktop":{"background-color":"var(--ast-global-color-5)","background-image":"","background-repeat":"repeat","background-position":"center center","background-size":"auto","background-attachment":"scroll","background-type":"","background-media":"","overlay-type":"","overlay-color":"","overlay-opacity":"","overlay-gradient":""},"tablet":{"background-color":"","background-image":"","background-repeat":"repeat","background-position":"center center","background-size":"auto","background-attachment":"scroll","background-type":"","background-media":"","overlay-type":"","overlay-color":"","overlay-opacity":"","overlay-gradient":""},"mobile":{"background-color":"","background-image":"","background-repeat":"repeat","background-position":"center center","background-size":"auto","background-attachment":"scroll","background-type":"","background-media":"","overlay-type":"","overlay-color":"","overlay-opacity":"","overlay-gradient":""}},"ast-content-background-meta":{"desktop":{"background-color":"var(--ast-global-color-4)","background-image":"","background-repeat":"repeat","background-position":"center center","background-size":"auto","background-attachment":"scroll","background-type":"","background-media":"","overlay-type":"","overlay-color":"","overlay-opacity":"","overlay-gradient":""},"tablet":{"background-color":"var(--ast-global-color-4)","background-image":"","background-repeat":"repeat","background-position":"center center","background-size":"auto","background-attachment":"scroll","background-type":"","background-media":"","overlay-type":"","overlay-color":"","overlay-opacity":"","overlay-gradient":""},"mobile":{"background-color":"var(--ast-global-color-4)","background-image":"","background-repeat":"repeat","background-position":"center center","background-size":"auto","background-attachment":"scroll","background-type":"","background-media":"","overlay-type":"","overlay-color":"","overlay-opacity":"","overlay-gradient":""}}},"product_brand":[],"product_cat":[153],"product_tag":[],"class_list":{"0":"post-109800","1":"product","2":"type-product","3":"status-publish","4":"has-post-thumbnail","6":"product_cat-sajat-tesztelesu-termekek","7":"desktop-align-left","8":"tablet-align-left","9":"mobile-align-left","11":"first","12":"instock","13":"shipping-taxable","14":"product-type-simple"},"jetpack_sharing_enabled":true,"_links":{"self":[{"href":"https:\/\/zatureczkimarcell.ddns.net\/wordpress\/wp-json\/wp\/v2\/product\/109800","targetHints":{"allow":["GET"]}}],"collection":[{"href":"https:\/\/zatureczkimarcell.ddns.net\/wordpress\/wp-json\/wp\/v2\/product"}],"about":[{"href":"https:\/\/zatureczkimarcell.ddns.net\/wordpress\/wp-json\/wp\/v2\/types\/product"}],"wp:featuredmedia":[{"embeddable":true,"href":"https:\/\/zatureczkimarcell.ddns.net\/wordpress\/wp-json\/wp\/v2\/media\/104464"}],"wp:attachment":[{"href":"https:\/\/zatureczkimarcell.ddns.net\/wordpress\/wp-json\/wp\/v2\/media?parent=109800"}],"wp:term":[{"taxonomy":"product_brand","embeddable":true,"href":"https:\/\/zatureczkimarcell.ddns.net\/wordpress\/wp-json\/wp\/v2\/product_brand?post=109800"},{"taxonomy":"product_cat","embeddable":true,"href":"https:\/\/zatureczkimarcell.ddns.net\/wordpress\/wp-json\/wp\/v2\/product_cat?post=109800"},{"taxonomy":"product_tag","embeddable":true,"href":"https:\/\/zatureczkimarcell.ddns.net\/wordpress\/wp-json\/wp\/v2\/product_tag?post=109800"}],"curies":[{"name":"wp","href":"https:\/\/api.w.org\/{rel}","templated":true}]}}