{"id":109799,"date":"2026-04-01T10:38:22","date_gmt":"2026-04-01T08:38:22","guid":{"rendered":"https:\/\/zatureczkimarcell.ddns.net\/wordpress\/?post_type=product&#038;p=109799"},"modified":"2026-04-01T10:38:46","modified_gmt":"2026-04-01T08:38:46","slug":"modeka-upswing-kabat-es-nadrag-teszt","status":"publish","type":"product","link":"https:\/\/zatureczkimarcell.ddns.net\/wordpress\/termek\/modeka-upswing-kabat-es-nadrag-teszt\/","title":{"rendered":"Modeka Upswing kab\u00e1t \u00e9s nadr\u00e1g teszt"},"content":{"rendered":"<p><strong>Mivel minden &eacute;vben egyre komolyabb a h\u0151s&eacute;g ny&aacute;ron, &iacute;gy a h&aacute;l&oacute;s k&aacute;nikula motoros ruh&aacute;kb&oacute;l is igyeksz&uuml;nk t&ouml;bbf&eacute;l&eacute;t letesztelni, hogy mindenkinek megfelel\u0151 term&eacute;ket tudjunk aj&aacute;nlani. A Modeka Upswing h&aacute;l&oacute;s ny&aacute;ri kab&aacute;t &eacute;s nadr&aacute;g a teljes fel&uuml;let&eacute;n &aacute;tszell\u0151zik, &iacute;gy a legnagyobb k&aacute;nikul&aacute;ban is ide&aacute;lis viselet. Koll&eacute;g&aacute;nk &iacute;rja le tapasztalatait :<\/strong><\/p>\n<p><strong>&bdquo; Az Upswing kab&aacute;t &eacute;s nadr&aacute;g az &aacute;tlagn&aacute;l jobb megjelen&eacute;s\u0171 &eacute;s most &iacute;gy a teszt ut&aacute;n m&aacute;r azt is kijelenthetem, t&uacute;lteljes&iacute;tette az elv&aacute;r&aacute;saimat. A lassan hagyom&aacute;nyosnak mondhat&oacute; p&uuml;nk&ouml;sdi c&eacute;ges t&uacute;r&aacute;nkon az id\u0151j&aacute;r&aacute;s adott volt ennek a term&eacute;knek a tesztj&eacute;hez! Sehol egy felh\u0151 az &eacute;gen ,&eacute;s m&aacute;r reggel is el&eacute;g f&uuml;lledt id\u0151ben indultunk el. Az Alpok h&aacute;g&oacute;i ez&uacute;ttal szint&eacute;n kedveztek a tesztnek, hiszen itt is ragyog&oacute; naps&uuml;t&eacute;s fogadott minket &eacute;s 30 celsius feletti h\u0151m&eacute;rs&eacute;klet. Amint elindultam a kab&aacute;tban &uacute;gy &eacute;reztem magam mintha csak az alatta l&eacute;v\u0151 pol&oacute; lenne rajtam, a nadr&aacute;gban meg &uacute;gy, mintha r&ouml;vidnadr&aacute;gban motorozn&eacute;k csak &iacute;gy a motoros ruh&aacute;ban sokkal biztons&aacute;gosabban! A kab&aacute;tban &eacute;s a nadr&aacute;gban m&eacute;g meg&aacute;ll&aacute;skor sem ker&uuml;lgetett a h\u0151guta. &nbsp;Naked motoron amint elindultam , szinte azonnal olyan &eacute;rz&eacute;sem volt mintha ventill&aacute;tor el&eacute; &aacute;lln&eacute;k.<\/strong><\/p>\n<p><strong>Nagyon el&eacute;gedett vagyok a term&eacute;kekkel , nem csak ami a szell\u0151z&eacute;st illeti, hanem a k&eacute;nyelem ter&uuml;let&eacute;n is. Mindenkinek aj&aacute;nlom akinek elege van a csak &aacute;tlagos szell\u0151z&eacute;st k&iacute;n&aacute;l&oacute; motoros term&eacute;kekb\u0151l.&quot;<\/strong><\/p>\n<\/p>\n<p><strong>Az upswing term&eacute;kek oldalunkon el&eacute;rhet\u0151ek az al&aacute;bbi linkre kattintva :<\/strong><\/p>\n<p><strong><a href=\"https:\/\/darazsgarazs.hu\/search_in?search_for=upswing\">https:\/\/darazsgarazs.hu\/search_in?search_for=upswing<\/a><\/strong><\/p>\n","protected":false},"excerpt":{"rendered":"<p>Mivel minden &eacute;vben egyre komolyabb a h\u0151s&eacute;g ny&aacute;ron, &iacute;gy a h&aacute;l&oacute;s k&aacute;nikula motoros ruh&aacute;kb&oacute;l is igyeksz&uuml;nk t&ouml;bbf&eacute;l&eacute;t letesztelni, hogy mindenkinek [&hellip;]<\/p>\n","protected":false},"featured_media":105606,"template":"","meta":{"site-sidebar-layout":"default","site-content-layout":"","ast-site-content-layout":"default","site-content-style":"default","site-sidebar-style":"default","ast-global-header-display":"","ast-banner-title-visibility":"","ast-main-header-display":"","ast-hfb-above-header-display":"","ast-hfb-below-header-display":"","ast-hfb-mobile-header-display":"","site-post-title":"","ast-breadcrumbs-content":"","ast-featured-img":"","footer-sml-layout":"","ast-disable-related-posts":"","theme-transparent-header-meta":"","adv-header-id-meta":"","stick-header-meta":"","header-above-stick-meta":"","header-main-stick-meta":"","header-below-stick-meta":"","astra-migrate-meta-layouts":"default","ast-page-background-enabled":"default","ast-page-background-meta":{"desktop":{"background-color":"var(--ast-global-color-5)","background-image":"","background-repeat":"repeat","background-position":"center center","background-size":"auto","background-attachment":"scroll","background-type":"","background-media":"","overlay-type":"","overlay-color":"","overlay-opacity":"","overlay-gradient":""},"tablet":{"background-color":"","background-image":"","background-repeat":"repeat","background-position":"center center","background-size":"auto","background-attachment":"scroll","background-type":"","background-media":"","overlay-type":"","overlay-color":"","overlay-opacity":"","overlay-gradient":""},"mobile":{"background-color":"","background-image":"","background-repeat":"repeat","background-position":"center center","background-size":"auto","background-attachment":"scroll","background-type":"","background-media":"","overlay-type":"","overlay-color":"","overlay-opacity":"","overlay-gradient":""}},"ast-content-background-meta":{"desktop":{"background-color":"var(--ast-global-color-4)","background-image":"","background-repeat":"repeat","background-position":"center center","background-size":"auto","background-attachment":"scroll","background-type":"","background-media":"","overlay-type":"","overlay-color":"","overlay-opacity":"","overlay-gradient":""},"tablet":{"background-color":"var(--ast-global-color-4)","background-image":"","background-repeat":"repeat","background-position":"center center","background-size":"auto","background-attachment":"scroll","background-type":"","background-media":"","overlay-type":"","overlay-color":"","overlay-opacity":"","overlay-gradient":""},"mobile":{"background-color":"var(--ast-global-color-4)","background-image":"","background-repeat":"repeat","background-position":"center center","background-size":"auto","background-attachment":"scroll","background-type":"","background-media":"","overlay-type":"","overlay-color":"","overlay-opacity":"","overlay-gradient":""}}},"product_brand":[],"product_cat":[153],"product_tag":[],"class_list":{"0":"post-109799","1":"product","2":"type-product","3":"status-publish","4":"has-post-thumbnail","6":"product_cat-sajat-tesztelesu-termekek","7":"desktop-align-left","8":"tablet-align-left","9":"mobile-align-left","11":"first","12":"instock","13":"shipping-taxable","14":"product-type-simple"},"jetpack_sharing_enabled":true,"_links":{"self":[{"href":"https:\/\/zatureczkimarcell.ddns.net\/wordpress\/wp-json\/wp\/v2\/product\/109799","targetHints":{"allow":["GET"]}}],"collection":[{"href":"https:\/\/zatureczkimarcell.ddns.net\/wordpress\/wp-json\/wp\/v2\/product"}],"about":[{"href":"https:\/\/zatureczkimarcell.ddns.net\/wordpress\/wp-json\/wp\/v2\/types\/product"}],"wp:featuredmedia":[{"embeddable":true,"href":"https:\/\/zatureczkimarcell.ddns.net\/wordpress\/wp-json\/wp\/v2\/media\/105606"}],"wp:attachment":[{"href":"https:\/\/zatureczkimarcell.ddns.net\/wordpress\/wp-json\/wp\/v2\/media?parent=109799"}],"wp:term":[{"taxonomy":"product_brand","embeddable":true,"href":"https:\/\/zatureczkimarcell.ddns.net\/wordpress\/wp-json\/wp\/v2\/product_brand?post=109799"},{"taxonomy":"product_cat","embeddable":true,"href":"https:\/\/zatureczkimarcell.ddns.net\/wordpress\/wp-json\/wp\/v2\/product_cat?post=109799"},{"taxonomy":"product_tag","embeddable":true,"href":"https:\/\/zatureczkimarcell.ddns.net\/wordpress\/wp-json\/wp\/v2\/product_tag?post=109799"}],"curies":[{"name":"wp","href":"https:\/\/api.w.org\/{rel}","templated":true}]}}