{"id":109798,"date":"2026-04-01T10:38:22","date_gmt":"2026-04-01T08:38:22","guid":{"rendered":"https:\/\/zatureczkimarcell.ddns.net\/wordpress\/?post_type=product&#038;p=109798"},"modified":"2026-04-01T10:38:46","modified_gmt":"2026-04-01T08:38:46","slug":"vasarlas-utanvetes-atvetelkor-fizetessel","status":"publish","type":"product","link":"https:\/\/zatureczkimarcell.ddns.net\/wordpress\/termek\/vasarlas-utanvetes-atvetelkor-fizetessel\/","title":{"rendered":"V\u00e1s\u00e1rl\u00e1s ut\u00e1nv\u00e9tes-\u00e1tv\u00e9telkor fizet\u00e9ssel"},"content":{"rendered":"<p><strong>&Uuml;zlet&uuml;nkben nem csak szem&eacute;lyes v&aacute;s&aacute;rl&aacute;s lehets&eacute;ges!<\/strong><\/p>\n<p><strong>K&eacute;r&eacute;sedre fut&aacute;rszolg&aacute;lattal a v&aacute;lasztott term&eacute;keket az &aacute;ltalad megadott c&iacute;mre kisz&aacute;ll&iacute;tjuk.<\/strong><\/p>\n<p><strong>Ut&aacute;nv&eacute;tes sz&aacute;ll&iacute;t&aacute;s eset&eacute;n&nbsp;(Ebben az esetben a term&eacute;kek &aacute;tv&eacute;telekor a fut&aacute;rn&aacute;l kell fizetni)&nbsp; a h&aacute;zhoz sz&aacute;ll&iacute;t&aacute;s k&ouml;lts&eacute;ge egy &aacute;tlagos m&eacute;ret\u0171 csomag eset&eacute;ben&nbsp;mind&ouml;ssze 2.790Ft.<\/strong><\/p>\n<p><strong>Figyelem! Nagyobb m&eacute;ret\u0171 csomag illetve 100.000Ft feletti ut&aacute;nv&eacute;tes rendel&eacute;s eset&eacute;n a sz&aacute;ll&iacute;t&aacute;si k&ouml;lts&eacute;g 3.790Ft.&nbsp;<\/strong><\/p>\n<\/p>\n<p><span style=\"color:#FF0000;\"><strong>Rendel&eacute;sed leadhatod&nbsp;telefonon vagy e-mail &uuml;zenetben egyar&aacute;nt.<\/strong><\/span><\/p>\n<p><strong>Telefonsz&aacute;munk ahol nyitvatart&aacute;si id\u0151n bel&uuml;l a rendel&eacute;sed fogadjuk: 06702467150<\/strong><\/p>\n<p><strong>E-mail c&iacute;m&uuml;nk: <a href=\"mailto:motorosszakuzlet@gmail.com\">motorosszakuzlet@gmail.com<\/a><\/strong><\/p>\n<\/p>\n<p><strong>A h&aacute;zhoz sz&aacute;ll&iacute;t&aacute;st &uuml;zlet&uuml;nkb\u0151l az &aacute;ltalad megadott c&iacute;mre, a GLS nemzetk&ouml;zi fut&aacute;rszolg&aacute;lat v&eacute;gzi.<\/strong><\/p>\n<\/p>\n<p><strong>A sz&aacute;ll&iacute;t&aacute;si k&ouml;lts&eacute;g minden esetben a term&eacute;k vagy term&eacute;kek &aacute;r&aacute;hoz ad&oacute;dik hozz&aacute;.<\/strong><\/p>\n<p><strong>T&ouml;bb term&eacute;k egy&uuml;ttes rendel&eacute;se eset&eacute;n, term&eacute;szetesen csak egy sz&aacute;ll&iacute;t&aacute;si k&ouml;lts&eacute;ggel kell sz&aacute;molni!<\/strong><\/p>\n<\/p>\n<p><strong>Amennyiben ut&aacute;nv&eacute;ttel szeretn&eacute;d a term&eacute;keket megkapni, k&eacute;rj&uuml;k jelezd sz&aacute;munkra, &iacute;gy azonnal &aacute;t tudjuk \u0151ket adni a fut&aacute;rszolg&aacute;lat r&eacute;sz&eacute;re.&nbsp;<\/strong><\/p>\n<p><strong>Fontos hogy olyan c&iacute;met adj meg r&eacute;sz&uuml;nkre ahol napk&ouml;zben a fut&aacute;r &aacute;t tudja adni a megrendelt term&eacute;keket tartalmaz&oacute; csomagot.&nbsp;K&eacute;r&uuml;nk hogy k&uuml;ldj r&eacute;sz&uuml;nkre egy olyan telefonsz&aacute;mot is, amit a csomagon felt&uuml;ntethet&uuml;nk.<\/strong><\/p>\n<p><strong>&Uuml;dv&ouml;zlettel: <a href=\"http:\/\/www.darazsgarazs.hu\/\">www.darazsgarazs.hu<\/a><\/strong><\/p><\/p>\n","protected":false},"excerpt":{"rendered":"<p>&Uuml;zlet&uuml;nkben nem csak szem&eacute;lyes v&aacute;s&aacute;rl&aacute;s lehets&eacute;ges! K&eacute;r&eacute;sedre fut&aacute;rszolg&aacute;lattal a v&aacute;lasztott term&eacute;keket az &aacute;ltalad megadott c&iacute;mre kisz&aacute;ll&iacute;tjuk. Ut&aacute;nv&eacute;tes sz&aacute;ll&iacute;t&aacute;s eset&eacute;n&nbsp;(Ebben az [&hellip;]<\/p>\n","protected":false},"featured_media":105005,"template":"","meta":{"site-sidebar-layout":"default","site-content-layout":"","ast-site-content-layout":"default","site-content-style":"default","site-sidebar-style":"default","ast-global-header-display":"","ast-banner-title-visibility":"","ast-main-header-display":"","ast-hfb-above-header-display":"","ast-hfb-below-header-display":"","ast-hfb-mobile-header-display":"","site-post-title":"","ast-breadcrumbs-content":"","ast-featured-img":"","footer-sml-layout":"","ast-disable-related-posts":"","theme-transparent-header-meta":"","adv-header-id-meta":"","stick-header-meta":"","header-above-stick-meta":"","header-main-stick-meta":"","header-below-stick-meta":"","astra-migrate-meta-layouts":"default","ast-page-background-enabled":"default","ast-page-background-meta":{"desktop":{"background-color":"var(--ast-global-color-5)","background-image":"","background-repeat":"repeat","background-position":"center center","background-size":"auto","background-attachment":"scroll","background-type":"","background-media":"","overlay-type":"","overlay-color":"","overlay-opacity":"","overlay-gradient":""},"tablet":{"background-color":"","background-image":"","background-repeat":"repeat","background-position":"center center","background-size":"auto","background-attachment":"scroll","background-type":"","background-media":"","overlay-type":"","overlay-color":"","overlay-opacity":"","overlay-gradient":""},"mobile":{"background-color":"","background-image":"","background-repeat":"repeat","background-position":"center center","background-size":"auto","background-attachment":"scroll","background-type":"","background-media":"","overlay-type":"","overlay-color":"","overlay-opacity":"","overlay-gradient":""}},"ast-content-background-meta":{"desktop":{"background-color":"var(--ast-global-color-4)","background-image":"","background-repeat":"repeat","background-position":"center center","background-size":"auto","background-attachment":"scroll","background-type":"","background-media":"","overlay-type":"","overlay-color":"","overlay-opacity":"","overlay-gradient":""},"tablet":{"background-color":"var(--ast-global-color-4)","background-image":"","background-repeat":"repeat","background-position":"center center","background-size":"auto","background-attachment":"scroll","background-type":"","background-media":"","overlay-type":"","overlay-color":"","overlay-opacity":"","overlay-gradient":""},"mobile":{"background-color":"var(--ast-global-color-4)","background-image":"","background-repeat":"repeat","background-position":"center center","background-size":"auto","background-attachment":"scroll","background-type":"","background-media":"","overlay-type":"","overlay-color":"","overlay-opacity":"","overlay-gradient":""}}},"product_brand":[],"product_cat":[154],"product_tag":[],"class_list":{"0":"post-109798","1":"product","2":"type-product","3":"status-publish","4":"has-post-thumbnail","6":"product_cat-a-vasarlas-arurendeles-menete","7":"desktop-align-left","8":"tablet-align-left","9":"mobile-align-left","11":"first","12":"instock","13":"shipping-taxable","14":"purchasable","15":"product-type-simple"},"jetpack_sharing_enabled":true,"_links":{"self":[{"href":"https:\/\/zatureczkimarcell.ddns.net\/wordpress\/wp-json\/wp\/v2\/product\/109798","targetHints":{"allow":["GET"]}}],"collection":[{"href":"https:\/\/zatureczkimarcell.ddns.net\/wordpress\/wp-json\/wp\/v2\/product"}],"about":[{"href":"https:\/\/zatureczkimarcell.ddns.net\/wordpress\/wp-json\/wp\/v2\/types\/product"}],"wp:featuredmedia":[{"embeddable":true,"href":"https:\/\/zatureczkimarcell.ddns.net\/wordpress\/wp-json\/wp\/v2\/media\/105005"}],"wp:attachment":[{"href":"https:\/\/zatureczkimarcell.ddns.net\/wordpress\/wp-json\/wp\/v2\/media?parent=109798"}],"wp:term":[{"taxonomy":"product_brand","embeddable":true,"href":"https:\/\/zatureczkimarcell.ddns.net\/wordpress\/wp-json\/wp\/v2\/product_brand?post=109798"},{"taxonomy":"product_cat","embeddable":true,"href":"https:\/\/zatureczkimarcell.ddns.net\/wordpress\/wp-json\/wp\/v2\/product_cat?post=109798"},{"taxonomy":"product_tag","embeddable":true,"href":"https:\/\/zatureczkimarcell.ddns.net\/wordpress\/wp-json\/wp\/v2\/product_tag?post=109798"}],"curies":[{"name":"wp","href":"https:\/\/api.w.org\/{rel}","templated":true}]}}