{"id":109797,"date":"2026-04-01T10:38:21","date_gmt":"2026-04-01T08:38:21","guid":{"rendered":"https:\/\/zatureczkimarcell.ddns.net\/wordpress\/?post_type=product&#038;p=109797"},"modified":"2026-04-01T10:38:45","modified_gmt":"2026-04-01T08:38:45","slug":"szemelyes-vasarlas-uzletunkben","status":"publish","type":"product","link":"https:\/\/zatureczkimarcell.ddns.net\/wordpress\/termek\/szemelyes-vasarlas-uzletunkben\/","title":{"rendered":"Szem\u00e9lyes v\u00e1s\u00e1rl\u00e1s \u00fczlet\u00fcnkben"},"content":{"rendered":"<p><strong>&Uuml;zlet&uuml;nk Budapest legk&ouml;nyebben megk&ouml;zel&iacute;thet\u0151 r&eacute;sz&eacute;n, a V&aacute;ci &uacute;ton a 170\/A sz&aacute;m alatt tal&aacute;lhat&oacute;.&nbsp;<\/strong><\/p>\n<p><strong>Amennyiben GPS-t haszn&aacute;lsz, a<\/strong> <em>1138. Budapest V&aacute;ci &uacute;t 170\/A<\/em> <strong>c&iacute;met kell megadnod.&nbsp;<\/strong><\/p>\n<p><strong>T&ouml;megk&ouml;zleked&eacute;ssel is k&ouml;nnyed&eacute;n &eacute;rsz el benn&uuml;nket, hiszen a meg&uacute;jult 3-as metr&oacute; Gy&ouml;ngy&ouml;si utcai meg&aacute;ll&oacute;j&aacute;t&oacute;l, mind&ouml;ssze k&eacute;t sarokra tal&aacute;lsz minket a Duna oldal&aacute;n a belv&aacute;ros fel&eacute;.&nbsp;<\/strong><\/p>\n<p><strong>&Uuml;zlet&uuml;nkben koll&eacute;g&aacute;ink, t&ouml;bb &eacute;vtizedes&nbsp;tapasztalattal seg&iacute;tenek kiv&aacute;lasztani a megfelel\u0151 term&eacute;keket a gondtalan &eacute;s val&oacute;ban &ouml;r&ouml;mteli motoroz&aacute;shoz.&nbsp;<\/strong><\/p>\n<p><strong>B&uuml;szk&eacute;k vagyunk r&aacute; hogy t&ouml;bb olyan term&eacute;keket tudunk &aacute;tadni kedves &uuml;gyfeleinknek, amelyek a nemzetk&ouml;zi motoros sajt&oacute;ban is tesztgy\u0151zelmet tudhatnak maguk&eacute;nak. Saj&aacute;t magunk is haszn&aacute;ljuk term&eacute;keinket, hogy val&oacute;ban hiteles inform&aacute;ci&oacute;t tudjunk &aacute;tadni &uuml;gyfeleink r&eacute;sz&eacute;re.&nbsp;<\/strong><\/p>\n<p><strong>Figyelem!&nbsp;<\/strong><\/p>\n<p><strong>&Uuml;zlet&uuml;nkben nincs k&aacute;rtyaolvas&oacute; termin&aacute;l, &iacute;gy k&aacute;rty&aacute;s fizet&eacute;sre n&aacute;lunk sajnos nincs lehet\u0151s&eacute;g.&nbsp;Az &uuml;zlet k&ouml;zel&eacute;ben t&ouml;bbf&eacute;le ATM tal&aacute;lhat&oacute;.&nbsp;<\/strong><\/p>\n<p><strong>&Uuml;zlet&uuml;nk telefonsz&aacute;ma: 06 70 246 71 50<\/strong><\/p>\n<p><strong>E-mail c&iacute;m&uuml;nk: motorosszakuzlet@gmail.com<\/strong><\/p>\n<p><strong>Nyitvatart&aacute;s :<\/strong><\/p>\n<p><strong>Minden h&eacute;tk&ouml;znap d&eacute;lel\u0151tt 10 &oacute;r&aacute;t&oacute;l , este 19 &oacute;r&aacute;ig tartunk nyitva, illetve Szombaton d&eacute;lel\u0151tt 9-&oacute;r&aacute;t&oacute;l , d&eacute;lut&aacute;n 14 &oacute;r&aacute;ig tudtok szem&eacute;lyesen felkeresni benn&uuml;nket.&nbsp;<\/strong><\/p><\/p>\n","protected":false},"excerpt":{"rendered":"<p>&Uuml;zlet&uuml;nk Budapest legk&ouml;nyebben megk&ouml;zel&iacute;thet\u0151 r&eacute;sz&eacute;n, a V&aacute;ci &uacute;ton a 170\/A sz&aacute;m alatt tal&aacute;lhat&oacute;.&nbsp; Amennyiben GPS-t haszn&aacute;lsz, a 1138. Budapest V&aacute;ci [&hellip;]<\/p>\n","protected":false},"featured_media":102775,"template":"","meta":{"site-sidebar-layout":"default","site-content-layout":"","ast-site-content-layout":"default","site-content-style":"default","site-sidebar-style":"default","ast-global-header-display":"","ast-banner-title-visibility":"","ast-main-header-display":"","ast-hfb-above-header-display":"","ast-hfb-below-header-display":"","ast-hfb-mobile-header-display":"","site-post-title":"","ast-breadcrumbs-content":"","ast-featured-img":"","footer-sml-layout":"","ast-disable-related-posts":"","theme-transparent-header-meta":"","adv-header-id-meta":"","stick-header-meta":"","header-above-stick-meta":"","header-main-stick-meta":"","header-below-stick-meta":"","astra-migrate-meta-layouts":"default","ast-page-background-enabled":"default","ast-page-background-meta":{"desktop":{"background-color":"var(--ast-global-color-5)","background-image":"","background-repeat":"repeat","background-position":"center center","background-size":"auto","background-attachment":"scroll","background-type":"","background-media":"","overlay-type":"","overlay-color":"","overlay-opacity":"","overlay-gradient":""},"tablet":{"background-color":"","background-image":"","background-repeat":"repeat","background-position":"center center","background-size":"auto","background-attachment":"scroll","background-type":"","background-media":"","overlay-type":"","overlay-color":"","overlay-opacity":"","overlay-gradient":""},"mobile":{"background-color":"","background-image":"","background-repeat":"repeat","background-position":"center center","background-size":"auto","background-attachment":"scroll","background-type":"","background-media":"","overlay-type":"","overlay-color":"","overlay-opacity":"","overlay-gradient":""}},"ast-content-background-meta":{"desktop":{"background-color":"var(--ast-global-color-4)","background-image":"","background-repeat":"repeat","background-position":"center center","background-size":"auto","background-attachment":"scroll","background-type":"","background-media":"","overlay-type":"","overlay-color":"","overlay-opacity":"","overlay-gradient":""},"tablet":{"background-color":"var(--ast-global-color-4)","background-image":"","background-repeat":"repeat","background-position":"center center","background-size":"auto","background-attachment":"scroll","background-type":"","background-media":"","overlay-type":"","overlay-color":"","overlay-opacity":"","overlay-gradient":""},"mobile":{"background-color":"var(--ast-global-color-4)","background-image":"","background-repeat":"repeat","background-position":"center center","background-size":"auto","background-attachment":"scroll","background-type":"","background-media":"","overlay-type":"","overlay-color":"","overlay-opacity":"","overlay-gradient":""}}},"product_brand":[],"product_cat":[154],"product_tag":[],"class_list":{"0":"post-109797","1":"product","2":"type-product","3":"status-publish","4":"has-post-thumbnail","6":"product_cat-a-vasarlas-arurendeles-menete","7":"desktop-align-left","8":"tablet-align-left","9":"mobile-align-left","11":"first","12":"instock","13":"shipping-taxable","14":"purchasable","15":"product-type-simple"},"jetpack_sharing_enabled":true,"_links":{"self":[{"href":"https:\/\/zatureczkimarcell.ddns.net\/wordpress\/wp-json\/wp\/v2\/product\/109797","targetHints":{"allow":["GET"]}}],"collection":[{"href":"https:\/\/zatureczkimarcell.ddns.net\/wordpress\/wp-json\/wp\/v2\/product"}],"about":[{"href":"https:\/\/zatureczkimarcell.ddns.net\/wordpress\/wp-json\/wp\/v2\/types\/product"}],"wp:featuredmedia":[{"embeddable":true,"href":"https:\/\/zatureczkimarcell.ddns.net\/wordpress\/wp-json\/wp\/v2\/media\/102775"}],"wp:attachment":[{"href":"https:\/\/zatureczkimarcell.ddns.net\/wordpress\/wp-json\/wp\/v2\/media?parent=109797"}],"wp:term":[{"taxonomy":"product_brand","embeddable":true,"href":"https:\/\/zatureczkimarcell.ddns.net\/wordpress\/wp-json\/wp\/v2\/product_brand?post=109797"},{"taxonomy":"product_cat","embeddable":true,"href":"https:\/\/zatureczkimarcell.ddns.net\/wordpress\/wp-json\/wp\/v2\/product_cat?post=109797"},{"taxonomy":"product_tag","embeddable":true,"href":"https:\/\/zatureczkimarcell.ddns.net\/wordpress\/wp-json\/wp\/v2\/product_tag?post=109797"}],"curies":[{"name":"wp","href":"https:\/\/api.w.org\/{rel}","templated":true}]}}