{"id":109791,"date":"2026-04-01T10:37:56","date_gmt":"2026-04-01T08:37:56","guid":{"rendered":"https:\/\/zatureczkimarcell.ddns.net\/wordpress\/?post_type=product&#038;p=109791"},"modified":"2026-04-01T10:38:40","modified_gmt":"2026-04-01T08:38:40","slug":"modeka-tacoma-negyszeres-tesztgyoztes-nadrag-videos-bemutatassal","status":"publish","type":"product","link":"https:\/\/zatureczkimarcell.ddns.net\/wordpress\/termek\/modeka-tacoma-negyszeres-tesztgyoztes-nadrag-videos-bemutatassal\/","title":{"rendered":"Modeka Tacoma n\u00e9gyszeres tesztgy\u0151ztes nadr\u00e1g-Vide\u00f3s bemutat\u00e1ssal"},"content":{"rendered":"<p style=\"box-sizing: border-box; margin: 0px 0px 10px; font-family: Roboto, sans-serif; font-size: 16px;\"><strong style=\"box-sizing: border-box;\">H&aacute;rom r&eacute;teg\u0171, n&eacute;gy &eacute;vszakos&nbsp;term&eacute;k!&nbsp;<\/strong><\/p>\n<p style=\"box-sizing: border-box; margin: 0px 0px 10px; font-family: Roboto, sans-serif; font-size: 16px;\"><span style=\"box-sizing: border-box; color: rgb(255, 0, 0);\"><strong style=\"box-sizing: border-box;\">A N&eacute;met enduro&nbsp; magazin&nbsp;oda&iacute;t&eacute;lte a Tacoma nadr&aacute;gnak a Legjobb min\u0151s&eacute;g-legjobb &aacute;r d&iacute;jat!<\/strong><\/span><\/p>\n<p style=\"box-sizing: border-box; margin: 0px 0px 10px; font-family: Roboto, sans-serif; font-size: 16px;\"><span style=\"box-sizing: border-box; color: rgb(255, 0, 0);\"><strong style=\"box-sizing: border-box;\">A legjelent\u0151sebb eur&oacute;pai motoros magazinn&aacute;l a Motorrad-n&aacute;l k&eacute;tszeres tersztgy\u0151ztes!&nbsp;<\/strong><\/span><\/p>\n<p style=\"box-sizing: border-box; margin: 0px 0px 10px; font-family: Roboto, sans-serif; font-size: 16px;\"><span style=\"box-sizing: border-box; color: rgb(255, 0, 0);\"><strong style=\"box-sizing: border-box;\">A Term&eacute;k&nbsp;tesztet nyert a Motorrad and Reisen magazinn&aacute;l!<\/strong><\/span><\/p>\n<p style=\"box-sizing: border-box; margin: 0px 0px 10px; font-family: Roboto, sans-serif; font-size: 16px;\"><span style=\"box-sizing: border-box; color: rgb(255, 0, 0);\"><strong style=\"box-sizing: border-box;\">K&uuml;l&ouml;n eml&iacute;t&eacute;st tettek az &aacute;tlagon fel&uuml;li k&eacute;nyelemr\u0151l &eacute;s a t&ouml;k&eacute;letes protektoroz&aacute;sr&oacute;l! Figyelem ! Amennyiben Tacoma nadr&aacute;got v&aacute;lasztasz, nem kell m&aacute;r a protektorok meger\u0151s&iacute;t&eacute;s&eacute;vel foglalkoznod. K&eacute;szen kapod a legmagasabb szint\u0171 LEVEL 2-es v&eacute;delmet! Nem csak &aacute;tlagon fel&uuml;li k&eacute;nyelemben, hanem maxim&aacute;lis biztons&aacute;gban motorozhatsz!&nbsp;<\/strong><\/span><\/p>\n<p style=\"box-sizing: border-box; margin: 0px 0px 10px; font-family: Roboto, sans-serif; font-size: 16px;\"><strong style=\"box-sizing: border-box; color: rgb(255, 0, 0);\">JELENLEG A LEVEL 2 A L&Eacute;TEZ\u0150 LEGMAGASABB V&Eacute;DELMI SZABV&Aacute;NY! A MODEKA TACOMA RUH&Aacute;ZATBAN A LEGJOBB PROTEKTOROZ&Aacute;ST KAPOD!&nbsp;<\/strong><\/p>\n<p style=\"box-sizing: border-box; margin: 0px 0px 10px; font-family: Roboto, sans-serif; font-size: 16px;\"><span style=\"box-sizing: border-box; color: rgb(255, 0, 0);\"><strong style=\"box-sizing: border-box;\">Ez a nadr&aacute;g volt a tesztben szerepl\u0151 term&eacute;kek k&ouml;zt a legjobb szell\u0151z&eacute;st biztos&iacute;t&oacute; nadr&aacute;g . Ez nem csoda, hiszen a Tacoma nem csak a nyithat&oacute; szell\u0151z\u0151k&ouml;n kereszt&uuml;l, hanem a teljes k&uuml;ls\u0151 r&eacute;sz&eacute;n&nbsp;&aacute;t szell\u0151zik!<\/strong><\/span><\/p>\n<p style=\"box-sizing: border-box; margin: 0px 0px 10px; font-family: Roboto, sans-serif; font-size: 16px;\"><strong style=\"box-sizing: border-box;\"><span segoe=\"\" style=\"box-sizing: border-box; color: rgb(68, 68, 68);\" ui=\"\">Felejtsd el azt amit eddig a motoros ruh&aacute;zatodban &eacute;rezt&eacute;l! Ez a term&eacute;k&nbsp;&uacute;jra&iacute;rja a motoroz&aacute;s &eacute;lm&eacute;ny&eacute;t! A l&eacute;tez\u0151 legk&eacute;nyelmesebb motoros ruh&aacute;zat , &uacute;j fejleszt&eacute;s\u0171 extra er\u0151s szak&iacute;t&oacute;szil&aacute;rds&aacute;g&uacute;, extra k&ouml;nnyed &eacute;s k&eacute;nyelmes !&nbsp;<\/span><br segoe=\"\" style=\"box-sizing: inherit; color: rgb(68, 68, 68);\" ui=\"\" \/><br \/>\n<br segoe=\"\" style=\"box-sizing: inherit; color: rgb(68, 68, 68);\" ui=\"\" \/><br \/>\n<span segoe=\"\" style=\"box-sizing: border-box; color: rgb(68, 68, 68);\" ui=\"\">Ezek nem csup&aacute;n rekl&aacute;m szlogenek &eacute;s katal&oacute;gus adatok, hanem a legismertebb nemzetk&ouml;zi motoros magazinok nagy tapasztalattal b&iacute;r&oacute; munkat&aacute;rsai is tesztgy\u0151ztesk&eacute;nt hozt&aacute;k ki a MODEKA TACOMA szettet !&nbsp;<\/span><br segoe=\"\" style=\"box-sizing: inherit; color: rgb(68, 68, 68);\" ui=\"\" \/><br \/>\n<span segoe=\"\" style=\"box-sizing: border-box; color: rgb(68, 68, 68);\" ui=\"\">Nem egy, hanem 4 magazin is a MODEKA TACOMA szettet tal&aacute;lta a legjobbnak!&nbsp;<\/span><br segoe=\"\" style=\"box-sizing: inherit; color: rgb(68, 68, 68);\" ui=\"\" \/><br \/>\n<span segoe=\"\" style=\"box-sizing: border-box; color: rgb(68, 68, 68);\" ui=\"\">Pl: Tourenfahrer magazin, Enduro Magazin, Motorrad end Reisen , &eacute;s a Motorrad !&nbsp;<\/span><br segoe=\"\" style=\"box-sizing: inherit; color: rgb(68, 68, 68);\" ui=\"\" \/><br \/>\n<br segoe=\"\" style=\"box-sizing: inherit; color: rgb(68, 68, 68);\" ui=\"\" \/><br \/>\n<span segoe=\"\" style=\"box-sizing: border-box; color: rgb(68, 68, 68);\" ui=\"\">Ezen fel&uuml;l, saj&aacute;t magunk is tesztelt&uuml;k a term&eacute;ket a k&aacute;nikul&aacute;b&oacute;l, az Alpok cs&uacute;cs&aacute;n kereszt&uuml;l,&nbsp;<\/span><span style=\"box-sizing: border-box; color: rgb(255, 0, 0);\"><span segoe=\"\" style=\"box-sizing: border-box;\" ui=\"\">30 celsius naps&uuml;t&eacute;sben, 0 celsius j&eacute;ges\u0151ben , sz&eacute;lben a szett t&ouml;k&eacute;letes komfortot ny&uacute;jtott! Nem csoda , hiszen n&eacute;gy &eacute;vszakos, h&aacute;rom r&eacute;teg\u0171 motoros ruh&aacute;zatr&oacute;l besz&eacute;l&uuml;nk!&nbsp;<\/span><\/span><\/strong><br segoe=\"\" style=\"box-sizing: inherit; color: rgb(68, 68, 68);\" ui=\"\" \/><br \/>\n<br segoe=\"\" style=\"box-sizing: inherit; color: rgb(68, 68, 68);\" ui=\"\" \/><br \/>\n<strong style=\"box-sizing: border-box;\"><span segoe=\"\" style=\"box-sizing: border-box; color: rgb(68, 68, 68);\" ui=\"\">Minden &uuml;gyfel&uuml;nk aki ezt a term&eacute;ket v&aacute;lasztotta, mosolyogva j&oacute; kedv\u0171en l&eacute;p be a boltba d&iacute;cs&eacute;rve a MODEKA TACOMA szett ny&uacute;jtotta &eacute;lm&eacute;nyt! A Facebook-on is t&ouml;bben visszajeleztek &uuml;zlet&uuml;nk oldal&aacute;n a term&eacute;ket d&iacute;cs&eacute;rve.&nbsp;<\/span><br segoe=\"\" style=\"box-sizing: inherit; color: rgb(68, 68, 68);\" ui=\"\" \/><br \/>\n<span style=\"box-sizing: border-box; color: rgb(255, 0, 0);\"><span segoe=\"\" style=\"box-sizing: border-box;\" ui=\"\">Volt olyan v&aacute;s&aacute;rl&oacute; is&nbsp;&nbsp;aki a Gobi sivatagot is megj&aacute;rta a Tacoma ruh&aacute;zatban.<\/span><\/span><br segoe=\"\" style=\"box-sizing: inherit; color: rgb(68, 68, 68);\" ui=\"\" \/><br \/>\n<br segoe=\"\" style=\"box-sizing: inherit; color: rgb(68, 68, 68);\" ui=\"\" \/><br \/>\n<span segoe=\"\" style=\"box-sizing: border-box; color: rgb(68, 68, 68);\" ui=\"\">A sz&aacute;raz katal&oacute;gus adatok a szem&eacute;lyes &eacute;lm&eacute;nyhez k&eacute;pest elt&ouml;rp&uuml;lnek, de fontosnak tartjuk ezeket is k&ouml;z&ouml;lni:&nbsp;<\/span><\/strong><\/p>\n<p style=\"box-sizing: border-box; margin: 0px 0px 10px; font-family: Roboto, sans-serif; font-size: 16px;\"><br segoe=\"\" style=\"box-sizing: inherit; color: rgb(68, 68, 68);\" ui=\"\" \/><br \/>\n<br segoe=\"\" style=\"box-sizing: inherit; color: rgb(68, 68, 68);\" ui=\"\" \/><br \/>\n<strong style=\"box-sizing: border-box;\"><span segoe=\"\" style=\"box-sizing: border-box; color: rgb(68, 68, 68);\" ui=\"\">MODEKA TACOMA NADR&Aacute;G:&nbsp;<\/span><br segoe=\"\" style=\"box-sizing: inherit; color: rgb(68, 68, 68);\" ui=\"\" \/><br \/>\n<br segoe=\"\" style=\"box-sizing: inherit; color: rgb(68, 68, 68);\" ui=\"\" \/><br \/>\n<span segoe=\"\" style=\"box-sizing: border-box; color: rgb(68, 68, 68);\" ui=\"\">750 D Tactel&reg; a maxim&aacute;lis k&eacute;nyelem&eacute;rt<\/span><br segoe=\"\" style=\"box-sizing: inherit; color: rgb(68, 68, 68);\" ui=\"\" \/><br \/>\n<br segoe=\"\" style=\"box-sizing: inherit; color: rgb(68, 68, 68);\" ui=\"\" \/><br \/>\n<span segoe=\"\" style=\"box-sizing: border-box; color: rgb(68, 68, 68);\" ui=\"\">1000D Cordura meger\u0151s&iacute;t&eacute;sek a baleseti z&oacute;n&aacute;kban<\/span><br segoe=\"\" style=\"box-sizing: inherit; color: rgb(68, 68, 68);\" ui=\"\" \/><br \/>\n<br segoe=\"\" style=\"box-sizing: inherit; color: rgb(68, 68, 68);\" ui=\"\" \/><br \/>\n<span segoe=\"\" style=\"box-sizing: border-box; color: rgb(68, 68, 68);\" ui=\"\">A DuPont &trade; Kevlar&reg; sz&ouml;vet a maxim&aacute;lis v&eacute;delem&eacute;rt<\/span><br segoe=\"\" style=\"box-sizing: inherit; color: rgb(68, 68, 68);\" ui=\"\" \/><br \/>\n<br segoe=\"\" style=\"box-sizing: inherit; color: rgb(68, 68, 68);\" ui=\"\" \/><br \/>\n<span segoe=\"\" style=\"box-sizing: border-box; color: rgb(68, 68, 68);\" ui=\"\">Rejtett h&aacute;l&oacute;s panelek az extra szell\u0151z&eacute;s&eacute;rt<\/span><br segoe=\"\" style=\"box-sizing: inherit; color: rgb(68, 68, 68);\" ui=\"\" \/><br \/>\n<br segoe=\"\" style=\"box-sizing: inherit; color: rgb(68, 68, 68);\" ui=\"\" \/><br \/>\n<span segoe=\"\" style=\"box-sizing: border-box; color: rgb(68, 68, 68);\" ui=\"\">Airvent szell\u0151ztet\u0151 cipz&aacute;rak<\/span><br segoe=\"\" style=\"box-sizing: inherit; color: rgb(68, 68, 68);\" ui=\"\" \/><br \/>\n<br segoe=\"\" style=\"box-sizing: inherit; color: rgb(68, 68, 68);\" ui=\"\" \/><br \/>\n<span segoe=\"\" style=\"box-sizing: border-box; color: rgb(68, 68, 68);\" ui=\"\">3M Scotchlite &trade; f&eacute;nyvisszaver\u0151k<\/span><br segoe=\"\" style=\"box-sizing: inherit; color: rgb(68, 68, 68);\" ui=\"\" \/><br \/>\n<br segoe=\"\" style=\"box-sizing: inherit; color: rgb(68, 68, 68);\" ui=\"\" \/><br \/>\n<span segoe=\"\" style=\"box-sizing: border-box; color: rgb(68, 68, 68);\" ui=\"\">Kivehet\u0151 Humax&reg; membr&aacute;n: 100% v&iacute;z&aacute;ll&oacute;, 100% sz&eacute;l&aacute;ll&oacute;, l&eacute;legz\u0151<\/span><br segoe=\"\" style=\"box-sizing: inherit; color: rgb(68, 68, 68);\" ui=\"\" \/><br \/>\n<br segoe=\"\" style=\"box-sizing: inherit; color: rgb(68, 68, 68);\" ui=\"\" \/><br \/>\n<span segoe=\"\" style=\"box-sizing: border-box; color: rgb(68, 68, 68);\" ui=\"\">Kivehet\u0151 thermo b&eacute;l&eacute;s<\/span><br segoe=\"\" style=\"box-sizing: inherit; color: rgb(68, 68, 68);\" ui=\"\" \/><br \/>\n<br segoe=\"\" style=\"box-sizing: inherit; color: rgb(68, 68, 68);\" ui=\"\" \/><br \/>\n<span segoe=\"\" style=\"box-sizing: border-box; color: rgb(68, 68, 68);\" ui=\"\">&Aacute;ll&iacute;that&oacute; Level 2-es (A legmagasabb v&eacute;delmi szint) t&eacute;rdprotektor<\/span><br segoe=\"\" style=\"box-sizing: inherit; color: rgb(68, 68, 68);\" ui=\"\" \/><br \/>\n<br segoe=\"\" style=\"box-sizing: inherit; color: rgb(68, 68, 68);\" ui=\"\" \/><br \/>\n<span segoe=\"\" style=\"box-sizing: border-box; color: rgb(68, 68, 68);\" ui=\"\">SAS-TEC&reg; cs&iacute;p\u0151v&eacute;d\u0151k<\/span><br segoe=\"\" style=\"box-sizing: inherit; color: rgb(68, 68, 68);\" ui=\"\" \/><br \/>\n<br segoe=\"\" style=\"box-sizing: inherit; color: rgb(68, 68, 68);\" ui=\"\" \/><br \/>\n<span segoe=\"\" style=\"box-sizing: border-box; color: rgb(68, 68, 68);\" ui=\"\">Levehet\u0151 nadr&aacute;gtart&oacute;<\/span><br segoe=\"\" style=\"box-sizing: inherit; color: rgb(68, 68, 68);\" ui=\"\" \/><br \/>\n<br segoe=\"\" style=\"box-sizing: inherit; color: rgb(68, 68, 68);\" ui=\"\" \/><br \/>\n<span segoe=\"\" style=\"box-sizing: border-box; color: rgb(68, 68, 68);\" ui=\"\">2 v&iacute;z&aacute;ll&oacute; k&uuml;ls\u0151 zseb<\/span><\/strong><br segoe=\"\" style=\"box-sizing: inherit; color: rgb(68, 68, 68);\" ui=\"\" \/><br \/>\n<strong style=\"font-family: Roboto, sans-serif; font-size: 16px;\">M&eacute;retek: Korl&aacute;tozott m&eacute;ret &eacute;s darabsz&aacute;mban el&eacute;rhet\u0151 term&eacute;k&uuml;nk. K&eacute;rj&uuml;k &eacute;rdekl\u0151dj el&eacute;rhet\u0151s&eacute;geinken.&nbsp;<\/strong><\/p>\n<p style=\"box-sizing: border-box; margin: 0px 0px 10px; font-family: Roboto, sans-serif; font-size: 16px;\"><strong style=\"box-sizing: border-box;\">Kab&aacute;ttal &ouml;sszecipz&aacute;razhat&oacute;<\/strong><\/p>\n<div class=\"col-sm-14\" style=\"box-sizing: border-box; position: relative; min-height: 1px; padding-left: 8px; padding-right: 7px; float: left; width: 530.799px; font-family: Roboto, sans-serif; font-size: 14px; line-height: 20px;\">\n<div class=\"row\" style=\"box-sizing: border-box; margin-left: -7px; margin-right: -8px;\">\n<div class=\"col-xs-24\" style=\"box-sizing: border-box; position: relative; min-height: 1px; padding-left: 8px; padding-right: 7px; float: left; width: 530.799px;\">\n<div class=\"product-description\" style=\"box-sizing: border-box; font-size: 16px;\">\n<p style=\"box-sizing: border-box; margin: 0px 0px 10px;\"><strong style=\"color: rgb(255, 0, 0); font-family: Roboto, sans-serif; font-size: 16px;\">Figyelem! Tart&oacute;steszt&uuml;nk az al&aacute;bbi linken &eacute;rhet\u0151 el:&nbsp;<a href=\"https:\/\/darazsgarazs.hu\/index.php\/termek\/modeka-tacoma-kabat-es-nadrag.654.html\">https:\/\/darazsgarazs.hu\/index.php\/termek\/modeka-tacoma-kabat-es-nadrag.654.html<\/a><\/strong><\/p>\n<p style=\"box-sizing: border-box; margin: 0px 0px 10px;\">\n<p style=\"box-sizing: border-box; margin: 0px 0px 10px;\">Tov&aacute;bbi term&eacute;ktulajdons&aacute;gok&eacute;rt l&aacute;togasd meg az anyaglexikon men&uuml;pontunkat !<\/p>\n<p style=\"font-family: Roboto, sans-serif; font-size: 16px;\"><span style=\"font-family: Roboto, sans-serif; font-size: 16px;\">A term&eacute;k rendeltet&eacute;sszer\u0171 haszn&aacute;lat sor&aacute;n&nbsp;speci&aacute;lis mos&oacute;szerrel tiszt&iacute;that&oacute; !&nbsp;<\/span><span style=\"font-family: Roboto, sans-serif; font-size: 16px;\">A mos&oacute;szer speci&aacute;lisan technikai &ndash; motoros ruh&aacute;zathoz lett fejlesztve,<\/span><span style=\"font-family: Roboto, sans-serif; font-size: 16px;\">haszn&aacute;lat&aacute;val a term&eacute;kek nem csak tiszt&aacute;n tarthat&oacute;ak, de v&aacute;rhat&oacute; haszn&aacute;lati idej&uuml;k is n&ouml;vekszik! &Uuml;zlet&uuml;nkben megv&aacute;s&aacute;rolhat&oacute;ak a mos&oacute;szerek motoros ruh&aacute;zat k&uuml;ls\u0151 r&eacute;sz&eacute;hez &eacute;s a bels\u0151 membr&aacute;nhoz is.&nbsp;<\/span><\/p>\n<p style=\"font-family: Roboto, sans-serif; font-size: 16px;\"><strong style=\"box-sizing: border-box; max-width: 100%; font-family: Roboto, sans-serif; font-size: 16px;\">Haszn&aacute;lati &eacute;s kezel&eacute;si &uacute;tmutat&oacute; a term&eacute;khez&nbsp;el&eacute;rhet\u0151 ide kattintva:&nbsp;<a href=\"https:\/\/darazsgarazs.hu\/index.php\/termek\/hasznalati-utmutato.1155.html\">https:\/\/darazsgarazs.hu\/index.php\/termek\/hasznalati-utmutato.1155.html<\/a><\/strong><\/p>\n<div style=\"position:relative;padding-bottom:56.25%;padding-top:30px;height:0;overflow:hidden;\"><iframe loading=\"lazy\" allowfullscreen=\"\" frameborder=\"0\" height=\"360\" src=\"\/\/www.youtube.com\/embed\/OcLqE9zWrF8?rel=0\" style=\"position: absolute;top: 0;left: 0;width: 100%;height: 100%;\" width=\"640\"><\/iframe><\/div>\n<\/p>\n<\/div>\n<\/div>\n<\/div>\n<\/div>\n","protected":false},"excerpt":{"rendered":"<p>H&aacute;rom r&eacute;teg\u0171, n&eacute;gy &eacute;vszakos&nbsp;term&eacute;k!&nbsp; A N&eacute;met enduro&nbsp; magazin&nbsp;oda&iacute;t&eacute;lte a Tacoma nadr&aacute;gnak a Legjobb min\u0151s&eacute;g-legjobb &aacute;r d&iacute;jat! A legjelent\u0151sebb eur&oacute;pai motoros [&hellip;]<\/p>\n","protected":false},"featured_media":104604,"template":"","meta":{"site-sidebar-layout":"default","site-content-layout":"","ast-site-content-layout":"default","site-content-style":"default","site-sidebar-style":"default","ast-global-header-display":"","ast-banner-title-visibility":"","ast-main-header-display":"","ast-hfb-above-header-display":"","ast-hfb-below-header-display":"","ast-hfb-mobile-header-display":"","site-post-title":"","ast-breadcrumbs-content":"","ast-featured-img":"","footer-sml-layout":"","ast-disable-related-posts":"","theme-transparent-header-meta":"","adv-header-id-meta":"","stick-header-meta":"","header-above-stick-meta":"","header-main-stick-meta":"","header-below-stick-meta":"","astra-migrate-meta-layouts":"default","ast-page-background-enabled":"default","ast-page-background-meta":{"desktop":{"background-color":"var(--ast-global-color-5)","background-image":"","background-repeat":"repeat","background-position":"center center","background-size":"auto","background-attachment":"scroll","background-type":"","background-media":"","overlay-type":"","overlay-color":"","overlay-opacity":"","overlay-gradient":""},"tablet":{"background-color":"","background-image":"","background-repeat":"repeat","background-position":"center center","background-size":"auto","background-attachment":"scroll","background-type":"","background-media":"","overlay-type":"","overlay-color":"","overlay-opacity":"","overlay-gradient":""},"mobile":{"background-color":"","background-image":"","background-repeat":"repeat","background-position":"center center","background-size":"auto","background-attachment":"scroll","background-type":"","background-media":"","overlay-type":"","overlay-color":"","overlay-opacity":"","overlay-gradient":""}},"ast-content-background-meta":{"desktop":{"background-color":"var(--ast-global-color-4)","background-image":"","background-repeat":"repeat","background-position":"center center","background-size":"auto","background-attachment":"scroll","background-type":"","background-media":"","overlay-type":"","overlay-color":"","overlay-opacity":"","overlay-gradient":""},"tablet":{"background-color":"var(--ast-global-color-4)","background-image":"","background-repeat":"repeat","background-position":"center center","background-size":"auto","background-attachment":"scroll","background-type":"","background-media":"","overlay-type":"","overlay-color":"","overlay-opacity":"","overlay-gradient":""},"mobile":{"background-color":"var(--ast-global-color-4)","background-image":"","background-repeat":"repeat","background-position":"center center","background-size":"auto","background-attachment":"scroll","background-type":"","background-media":"","overlay-type":"","overlay-color":"","overlay-opacity":"","overlay-gradient":""}}},"product_brand":[],"product_cat":[139,138],"product_tag":[],"class_list":{"0":"post-109791","1":"product","2":"type-product","3":"status-publish","4":"has-post-thumbnail","6":"product_cat-motoros-ruhazat","7":"product_cat-nadragok","8":"desktop-align-left","9":"tablet-align-left","10":"mobile-align-left","12":"first","13":"instock","14":"sale","15":"shipping-taxable","16":"purchasable","17":"product-type-simple"},"jetpack_sharing_enabled":true,"_links":{"self":[{"href":"https:\/\/zatureczkimarcell.ddns.net\/wordpress\/wp-json\/wp\/v2\/product\/109791","targetHints":{"allow":["GET"]}}],"collection":[{"href":"https:\/\/zatureczkimarcell.ddns.net\/wordpress\/wp-json\/wp\/v2\/product"}],"about":[{"href":"https:\/\/zatureczkimarcell.ddns.net\/wordpress\/wp-json\/wp\/v2\/types\/product"}],"wp:featuredmedia":[{"embeddable":true,"href":"https:\/\/zatureczkimarcell.ddns.net\/wordpress\/wp-json\/wp\/v2\/media\/104604"}],"wp:attachment":[{"href":"https:\/\/zatureczkimarcell.ddns.net\/wordpress\/wp-json\/wp\/v2\/media?parent=109791"}],"wp:term":[{"taxonomy":"product_brand","embeddable":true,"href":"https:\/\/zatureczkimarcell.ddns.net\/wordpress\/wp-json\/wp\/v2\/product_brand?post=109791"},{"taxonomy":"product_cat","embeddable":true,"href":"https:\/\/zatureczkimarcell.ddns.net\/wordpress\/wp-json\/wp\/v2\/product_cat?post=109791"},{"taxonomy":"product_tag","embeddable":true,"href":"https:\/\/zatureczkimarcell.ddns.net\/wordpress\/wp-json\/wp\/v2\/product_tag?post=109791"}],"curies":[{"name":"wp","href":"https:\/\/api.w.org\/{rel}","templated":true}]}}