{"id":109784,"date":"2026-04-01T10:37:50","date_gmt":"2026-04-01T08:37:50","guid":{"rendered":"https:\/\/zatureczkimarcell.ddns.net\/wordpress\/?post_type=product&#038;p=109784"},"modified":"2026-04-01T10:38:14","modified_gmt":"2026-04-01T08:38:14","slug":"glenn-tesztgyoztes-kevlaros-farmer-altalunk-is-tesztelt-termek","status":"publish","type":"product","link":"https:\/\/zatureczkimarcell.ddns.net\/wordpress\/termek\/glenn-tesztgyoztes-kevlaros-farmer-altalunk-is-tesztelt-termek\/","title":{"rendered":"Glenn tesztgy\u0151ztes Kevl\u00e1ros farmer-\u00c1ltalunk is tesztelt term\u00e9k!"},"content":{"rendered":"<div>\n<p><b><span arial=\"\" style=\"font-family:\">Kevl&aacute;ros farmer&uuml;nk a MOTORRAD magazin 2023\/20-as sz&aacute;m&aacute;ban szerepelt sikerrel, ahol k&uuml;l&ouml;n kiemelt&eacute;k, hogy ezt a nadr&aacute;got k&iacute;v&uuml;lr\u0151l n&eacute;zve senkinek nem t\u0171nik fel, hogy egy komoly v&eacute;delmet ad&oacute; motoros nadr&aacute;got hord visel\u0151je. Teljesen utcai farmernek l&aacute;tszik a magas szint\u0171 v&eacute;delem mellett!&nbsp;<\/span><\/b><span arial=\"\" style=\"font-size:\n6.5pt;font-family:\"><o:p><\/o:p><\/span><\/p>\n<\/div>\n<div><\/div>\n<div><strong><span style=\"font-size: 13px;\">Ellasztikus modern szab&aacute;s&uacute; Kevl&aacute;r er\u0151s&iacute;tett motoros farmer amely <span style=\"color:#FF0000;\">k&eacute;nyelmes viselet a motoron &eacute;s a motorr&oacute;l lesz&aacute;llva is.<\/span><\/span><\/strong><\/div>\n<div><strong><span style=\"font-size: 13px;\">100% DuPont &trade; KEVLAR&reg; bet&eacute;t a nadr&aacute;gon bel&uuml;l a jellemz\u0151 cs&uacute;sz&aacute;si pontokon.&nbsp;<\/span><\/strong><\/div>\n<div><span style=\"font-size:16px;\"><strong>A nadr&aacute;gban a t&eacute;rdprotektor helyzete &aacute;ll&iacute;that&oacute;, &iacute;gy a be&aacute;ll&iacute;t&aacute;st k&ouml;vet\u0151en mindenki sz&aacute;m&aacute;ra azonnal t&ouml;k&eacute;letes helyen lesz a protektor .<\/strong><\/span><\/div>\n<div><strong>Cs&iacute;p\u0151protektornak kialak&iacute;tott hely<\/strong><\/div>\n<div><strong><span style=\"font-size: 13px;\">4 k&uuml;ls\u0151 zseb<\/span><\/strong><\/div>\n<div><\/div>\n<div><strong>El&eacute;rhet\u0151 norm&aacute;l m&eacute;retek: <\/strong><\/div>\n<div><strong>30,32,34,36,38,40<\/strong><\/div>\n<div><\/div>\n<div><span style=\"color:#FF0000;\"><strong>R&ouml;vid&iacute;tett &quot;K&quot; fazon:&nbsp;<\/strong><\/span><\/div>\n<div><span style=\"color:#FF0000;\"><strong>32,34,36,38,40,42,44<\/strong><\/span><\/div>\n<div><span style=\"color:#FF0000;\"><span style=\"font-family: Roboto, sans-serif; font-size: 16px;\"><strong>&nbsp;(A r&ouml;vid&iacute;tett sz&aacute;r el\u0151nye, hogy az alacsony , de der&eacute;kban er\u0151s emberekn&eacute;l is, t&ouml;k&eacute;letes helyre ker&uuml;l a protektoroz&aacute;s)<\/strong>&nbsp;<\/span><\/span><\/div>\n<div><span style=\"color:#FF0000;\"><span style=\"font-family: Roboto, sans-serif; font-size: 16px;\">FIGYELEM! Az extra nagy 42-es m&eacute;rett\u0151l a term&eacute;k akci&oacute;s &aacute;ra 73.000Ft helyett: 65.990Ft.&nbsp;<\/span><\/span><\/div>\n<div><\/div>\n<div><strong>Rendelhet\u0151 m&eacute;retek:&nbsp;<\/strong><\/div>\n<div><strong>32,33,34,36 &quot;L&quot; -es hossz&iacute;tott fazonban. 34-es sz&aacute;rhosszal&nbsp;<\/strong><\/div>\n<div><strong style=\"box-sizing: border-box; max-width: 100%; font-family: Roboto, sans-serif; font-size: 16px;\">Haszn&aacute;lati &eacute;s kezel&eacute;si &uacute;tmutat&oacute; a term&eacute;khez&nbsp;el&eacute;rhet\u0151 ide kattintva:&nbsp;<a href=\"https:\/\/darazsgarazs.hu\/index.php\/termek\/hasznalati-utmutato.1155.html\">https:\/\/darazsgarazs.hu\/index.php\/termek\/hasznalati-utmutato.1155.html<\/a><\/strong><\/div>\n<div>\n<p style=\"box-sizing: border-box; margin: 0px 0px 10px; font-family: Roboto, sans-serif; font-size: 16px;\"><span style=\"box-sizing: border-box; color: rgb(255, 0, 0);\"><strong style=\"box-sizing: border-box;\">FIGYELEM!&nbsp;<\/strong><\/span><\/p>\n<p style=\"box-sizing: border-box; margin: 0px 0px 10px; font-family: Roboto, sans-serif; font-size: 16px;\"><strong style=\"box-sizing: border-box;\">KOLL&Eacute;G&Aacute;NK HASZN&Aacute;LJA A TERM&Eacute;KET! <\/strong><\/p>\n<p style=\"box-sizing: border-box; margin: 0px 0px 10px; font-family: Roboto, sans-serif; font-size: 16px;\"><strong style=\"box-sizing: border-box;\">V&Eacute;LEM&Eacute;NY&Eacute;T A SAJ&Aacute;T TESZTEL&Eacute;S\u0170 TERM&Eacute;KEK MEN\u0170PONTBAN OLVASHATJ&Aacute;K .&nbsp;<\/strong><\/p>\n<p style=\"box-sizing: border-box; margin: 0px 0px 10px; font-family: Roboto, sans-serif; font-size: 16px;\"><strong style=\"box-sizing: border-box;\">A TESZT AZ AL&Aacute;BBI LINKRE KATTINTVA &Eacute;RHET\u0150 EL:&nbsp;<a href=\"https:\/\/darazsgarazs.hu\/termek\/modeka-glenn-kevlaros-farmer-teszt.898.html\">https:\/\/darazsgarazs.hu\/termek\/modeka-glenn-kevlaros-farmer-teszt.898.html<\/a><\/strong><\/p>\n<p style=\"box-sizing: border-box; margin: 0px 0px 10px; font-family: Roboto, sans-serif; font-size: 16px;\"><span style=\"color:#FF0000;\"><strong style=\"box-sizing: border-box;\">A Glenn farmer t&ouml;k&eacute;letesen bizony&iacute;tott egy v&aacute;s&aacute;rl&oacute;nknak is balesete sor&aacute;n! Az \u0151 le&iacute;r&aacute;sa erre a linkre kattintva &eacute;rhet\u0151 el:&nbsp;<\/strong><\/span><\/p>\n<p style=\"box-sizing: border-box; margin: 0px 0px 10px; font-family: Roboto, sans-serif; font-size: 16px;\"><a href=\"https:\/\/darazsgarazs.hu\/termek\/a-modeka-glenn-kevlaros-farmer-mar-balesetben-is-bizonyitott.935.html\"><strong style=\"box-sizing: border-box;\">https:\/\/darazsgarazs.hu\/termek\/a-modeka-glenn-kevlaros-farmer-mar-balesetben-is-bizonyitott.935.html<\/strong><\/a><\/p>\n<\/div>\n<div><\/div>\n<div><\/div>\n","protected":false},"excerpt":{"rendered":"<p>Kevl&aacute;ros farmer&uuml;nk a MOTORRAD magazin 2023\/20-as sz&aacute;m&aacute;ban szerepelt sikerrel, ahol k&uuml;l&ouml;n kiemelt&eacute;k, hogy ezt a nadr&aacute;got k&iacute;v&uuml;lr\u0151l n&eacute;zve senkinek nem [&hellip;]<\/p>\n","protected":false},"featured_media":106306,"template":"","meta":{"site-sidebar-layout":"default","site-content-layout":"","ast-site-content-layout":"default","site-content-style":"default","site-sidebar-style":"default","ast-global-header-display":"","ast-banner-title-visibility":"","ast-main-header-display":"","ast-hfb-above-header-display":"","ast-hfb-below-header-display":"","ast-hfb-mobile-header-display":"","site-post-title":"","ast-breadcrumbs-content":"","ast-featured-img":"","footer-sml-layout":"","ast-disable-related-posts":"","theme-transparent-header-meta":"","adv-header-id-meta":"","stick-header-meta":"","header-above-stick-meta":"","header-main-stick-meta":"","header-below-stick-meta":"","astra-migrate-meta-layouts":"default","ast-page-background-enabled":"default","ast-page-background-meta":{"desktop":{"background-color":"var(--ast-global-color-5)","background-image":"","background-repeat":"repeat","background-position":"center center","background-size":"auto","background-attachment":"scroll","background-type":"","background-media":"","overlay-type":"","overlay-color":"","overlay-opacity":"","overlay-gradient":""},"tablet":{"background-color":"","background-image":"","background-repeat":"repeat","background-position":"center center","background-size":"auto","background-attachment":"scroll","background-type":"","background-media":"","overlay-type":"","overlay-color":"","overlay-opacity":"","overlay-gradient":""},"mobile":{"background-color":"","background-image":"","background-repeat":"repeat","background-position":"center center","background-size":"auto","background-attachment":"scroll","background-type":"","background-media":"","overlay-type":"","overlay-color":"","overlay-opacity":"","overlay-gradient":""}},"ast-content-background-meta":{"desktop":{"background-color":"var(--ast-global-color-4)","background-image":"","background-repeat":"repeat","background-position":"center center","background-size":"auto","background-attachment":"scroll","background-type":"","background-media":"","overlay-type":"","overlay-color":"","overlay-opacity":"","overlay-gradient":""},"tablet":{"background-color":"var(--ast-global-color-4)","background-image":"","background-repeat":"repeat","background-position":"center center","background-size":"auto","background-attachment":"scroll","background-type":"","background-media":"","overlay-type":"","overlay-color":"","overlay-opacity":"","overlay-gradient":""},"mobile":{"background-color":"var(--ast-global-color-4)","background-image":"","background-repeat":"repeat","background-position":"center center","background-size":"auto","background-attachment":"scroll","background-type":"","background-media":"","overlay-type":"","overlay-color":"","overlay-opacity":"","overlay-gradient":""}}},"product_brand":[],"product_cat":[139,138,146,145],"product_tag":[],"class_list":{"0":"post-109784","1":"product","2":"type-product","3":"status-publish","4":"has-post-thumbnail","6":"product_cat-motoros-ruhazat","7":"product_cat-nadragok","8":"product_cat-orias-meretu-motoros-ruhazat","9":"product_cat-varosi-stilusu-motoros-ruhazat","10":"desktop-align-left","11":"tablet-align-left","12":"mobile-align-left","14":"first","15":"instock","16":"sale","17":"shipping-taxable","18":"purchasable","19":"product-type-simple"},"jetpack_sharing_enabled":true,"_links":{"self":[{"href":"https:\/\/zatureczkimarcell.ddns.net\/wordpress\/wp-json\/wp\/v2\/product\/109784","targetHints":{"allow":["GET"]}}],"collection":[{"href":"https:\/\/zatureczkimarcell.ddns.net\/wordpress\/wp-json\/wp\/v2\/product"}],"about":[{"href":"https:\/\/zatureczkimarcell.ddns.net\/wordpress\/wp-json\/wp\/v2\/types\/product"}],"wp:featuredmedia":[{"embeddable":true,"href":"https:\/\/zatureczkimarcell.ddns.net\/wordpress\/wp-json\/wp\/v2\/media\/106306"}],"wp:attachment":[{"href":"https:\/\/zatureczkimarcell.ddns.net\/wordpress\/wp-json\/wp\/v2\/media?parent=109784"}],"wp:term":[{"taxonomy":"product_brand","embeddable":true,"href":"https:\/\/zatureczkimarcell.ddns.net\/wordpress\/wp-json\/wp\/v2\/product_brand?post=109784"},{"taxonomy":"product_cat","embeddable":true,"href":"https:\/\/zatureczkimarcell.ddns.net\/wordpress\/wp-json\/wp\/v2\/product_cat?post=109784"},{"taxonomy":"product_tag","embeddable":true,"href":"https:\/\/zatureczkimarcell.ddns.net\/wordpress\/wp-json\/wp\/v2\/product_tag?post=109784"}],"curies":[{"name":"wp","href":"https:\/\/api.w.org\/{rel}","templated":true}]}}