{"id":109782,"date":"2026-04-01T10:37:49","date_gmt":"2026-04-01T08:37:49","guid":{"rendered":"https:\/\/zatureczkimarcell.ddns.net\/wordpress\/?post_type=product&#038;p=109782"},"modified":"2026-04-01T10:38:12","modified_gmt":"2026-04-01T08:38:12","slug":"a-sajat-tesztunkon-megbukott-termekek","status":"publish","type":"product","link":"https:\/\/zatureczkimarcell.ddns.net\/wordpress\/termek\/a-sajat-tesztunkon-megbukott-termekek\/","title":{"rendered":"A saj\u00e1t teszt\u00fcnk\u00f6n megbukott term\u00e9kek"},"content":{"rendered":"<p><strong>Kedves &uuml;gyfel&uuml;nk!&nbsp;<\/strong><\/p>\n<p><strong>A beszerz&eacute;seink sor&aacute;n a min\u0151s&eacute;ghez tartoz&oacute;&nbsp;&aacute;r-&eacute;rt&eacute;k ar&aacute;nyt vizsg&aacute;ljuk els\u0151dlegesen, hogy a megv&aacute;s&aacute;rolt term&eacute;kek val&oacute;ban &ouml;r&ouml;met okozzanak az &uuml;gyfeleinlnek. A legmegfontoltabb beszerz&eacute;s sor&aacute;n is el\u0151fordul, hogy olyan term&eacute;k ker&uuml;l berendel&eacute;sre, amelyben k&eacute;zbe fogva, vagy egy teszt sor&aacute;n kipr&oacute;b&aacute;lva, mi nem hisz&uuml;nk! Az ilyen term&eacute;k&nbsp;azonnal leker&uuml;l&nbsp;a k&iacute;n&aacute;latunkb&oacute;l!&nbsp;<\/strong><\/p>\n<p><strong>Eddigi tesztjeink sor&aacute;n egy ilyen eset volt. Term&eacute;szetesen nem forgalmaztuk tov&aacute;bb ezt a term&eacute;ket.&nbsp;<\/strong><\/p>\n<p><strong>Amikor n&aacute;lunk v&aacute;s&aacute;rolsz, biztos lehetsz benne hogy szem&eacute;lyes meggy\u0151z\u0151d&eacute;ssel hisz&uuml;nk a term&eacute;keinkben. Amiben nem hisz&uuml;nk, azt nem adjuk el neked, mert fontos nek&uuml;nk hogy holnap, a j&ouml;v\u0151 h&eacute;ten, vagy a j&ouml;v\u0151 &eacute;vben, de mindenk&eacute;pp minket v&aacute;lassz,s aj&aacute;nlj minket ismer\u0151seidnek is! Ezt csak &uacute;gy &eacute;rhetj&uuml;k el, ha a motoros term&eacute;kre sz&aacute;nt- &aacute;ltalad megjel&ouml;lt &ouml;sszeg&eacute;rt- &aacute;r -&eacute;rt&eacute;k r&aacute;nyban a legjobb term&eacute;ket adjuk &aacute;t neked!&nbsp;&nbsp;<\/strong><\/p><\/p>\n","protected":false},"excerpt":{"rendered":"<p>Kedves &uuml;gyfel&uuml;nk!&nbsp; A beszerz&eacute;seink sor&aacute;n a min\u0151s&eacute;ghez tartoz&oacute;&nbsp;&aacute;r-&eacute;rt&eacute;k ar&aacute;nyt vizsg&aacute;ljuk els\u0151dlegesen, hogy a megv&aacute;s&aacute;rolt term&eacute;kek val&oacute;ban &ouml;r&ouml;met okozzanak az &uuml;gyfeleinlnek. [&hellip;]<\/p>\n","protected":false},"featured_media":108954,"template":"","meta":{"site-sidebar-layout":"default","site-content-layout":"","ast-site-content-layout":"default","site-content-style":"default","site-sidebar-style":"default","ast-global-header-display":"","ast-banner-title-visibility":"","ast-main-header-display":"","ast-hfb-above-header-display":"","ast-hfb-below-header-display":"","ast-hfb-mobile-header-display":"","site-post-title":"","ast-breadcrumbs-content":"","ast-featured-img":"","footer-sml-layout":"","ast-disable-related-posts":"","theme-transparent-header-meta":"","adv-header-id-meta":"","stick-header-meta":"","header-above-stick-meta":"","header-main-stick-meta":"","header-below-stick-meta":"","astra-migrate-meta-layouts":"default","ast-page-background-enabled":"default","ast-page-background-meta":{"desktop":{"background-color":"var(--ast-global-color-5)","background-image":"","background-repeat":"repeat","background-position":"center center","background-size":"auto","background-attachment":"scroll","background-type":"","background-media":"","overlay-type":"","overlay-color":"","overlay-opacity":"","overlay-gradient":""},"tablet":{"background-color":"","background-image":"","background-repeat":"repeat","background-position":"center center","background-size":"auto","background-attachment":"scroll","background-type":"","background-media":"","overlay-type":"","overlay-color":"","overlay-opacity":"","overlay-gradient":""},"mobile":{"background-color":"","background-image":"","background-repeat":"repeat","background-position":"center center","background-size":"auto","background-attachment":"scroll","background-type":"","background-media":"","overlay-type":"","overlay-color":"","overlay-opacity":"","overlay-gradient":""}},"ast-content-background-meta":{"desktop":{"background-color":"var(--ast-global-color-4)","background-image":"","background-repeat":"repeat","background-position":"center center","background-size":"auto","background-attachment":"scroll","background-type":"","background-media":"","overlay-type":"","overlay-color":"","overlay-opacity":"","overlay-gradient":""},"tablet":{"background-color":"var(--ast-global-color-4)","background-image":"","background-repeat":"repeat","background-position":"center center","background-size":"auto","background-attachment":"scroll","background-type":"","background-media":"","overlay-type":"","overlay-color":"","overlay-opacity":"","overlay-gradient":""},"mobile":{"background-color":"var(--ast-global-color-4)","background-image":"","background-repeat":"repeat","background-position":"center center","background-size":"auto","background-attachment":"scroll","background-type":"","background-media":"","overlay-type":"","overlay-color":"","overlay-opacity":"","overlay-gradient":""}}},"product_brand":[],"product_cat":[153],"product_tag":[],"class_list":{"0":"post-109782","1":"product","2":"type-product","3":"status-publish","4":"has-post-thumbnail","6":"product_cat-sajat-tesztelesu-termekek","7":"desktop-align-left","8":"tablet-align-left","9":"mobile-align-left","11":"first","12":"instock","13":"shipping-taxable","14":"product-type-simple"},"jetpack_sharing_enabled":true,"_links":{"self":[{"href":"https:\/\/zatureczkimarcell.ddns.net\/wordpress\/wp-json\/wp\/v2\/product\/109782","targetHints":{"allow":["GET"]}}],"collection":[{"href":"https:\/\/zatureczkimarcell.ddns.net\/wordpress\/wp-json\/wp\/v2\/product"}],"about":[{"href":"https:\/\/zatureczkimarcell.ddns.net\/wordpress\/wp-json\/wp\/v2\/types\/product"}],"wp:featuredmedia":[{"embeddable":true,"href":"https:\/\/zatureczkimarcell.ddns.net\/wordpress\/wp-json\/wp\/v2\/media\/108954"}],"wp:attachment":[{"href":"https:\/\/zatureczkimarcell.ddns.net\/wordpress\/wp-json\/wp\/v2\/media?parent=109782"}],"wp:term":[{"taxonomy":"product_brand","embeddable":true,"href":"https:\/\/zatureczkimarcell.ddns.net\/wordpress\/wp-json\/wp\/v2\/product_brand?post=109782"},{"taxonomy":"product_cat","embeddable":true,"href":"https:\/\/zatureczkimarcell.ddns.net\/wordpress\/wp-json\/wp\/v2\/product_cat?post=109782"},{"taxonomy":"product_tag","embeddable":true,"href":"https:\/\/zatureczkimarcell.ddns.net\/wordpress\/wp-json\/wp\/v2\/product_tag?post=109782"}],"curies":[{"name":"wp","href":"https:\/\/api.w.org\/{rel}","templated":true}]}}