{"id":109781,"date":"2026-04-01T10:37:48","date_gmt":"2026-04-01T08:37:48","guid":{"rendered":"https:\/\/zatureczkimarcell.ddns.net\/wordpress\/?post_type=product&#038;p=109781"},"modified":"2026-04-01T10:38:12","modified_gmt":"2026-04-01T08:38:12","slug":"forcefield-level2-csipoprotektor-par-a-legmagasabb-vedelmi-szint","status":"publish","type":"product","link":"https:\/\/zatureczkimarcell.ddns.net\/wordpress\/termek\/forcefield-level2-csipoprotektor-par-a-legmagasabb-vedelmi-szint\/","title":{"rendered":"Forcefield Level2 csip\u0151protektor p\u00e1r -A Legmagasabb v\u00e9delmi szint!"},"content":{"rendered":"<p style=\"box-sizing: border-box; margin: 0px 0px 10px; font-family: Roboto, sans-serif; font-size: 16px;\"><span open=\"\" sans=\"\" style=\"color: rgb(98, 98, 98); font-family: \">A Forcefield Isolator term&eacute;kek eset&eacute;ben a lehet\u0151 legjobb energiaelnyel&eacute;s el&eacute;r&eacute;se volt a c&eacute;l. Az Isolator cs&iacute;p\u0151protektor a legmagasabb v&eacute;delmi szintet a LEVEL2-t teljes&iacute;ti.&nbsp;<\/span><\/p>\n<p style=\"box-sizing: border-box; margin: 0px 0px 10px; font-family: Roboto, sans-serif; font-size: 16px;\"><span open=\"\" sans=\"\" style=\"color: rgb(98, 98, 98); font-family: \">Ezeket a term&eacute;keket els\u0151sorban val&oacute;di Cordura\/b\u0151r motorosruh&aacute;zatban t&ouml;rt&eacute;n\u0151 professzion&aacute;lis\/t&uacute;ra\/verseny felhaszn&aacute;l&aacute;sra aj&aacute;nljuk.&nbsp;<\/span><\/p>\n<p style=\"box-sizing: border-box; margin: 0px 0px 10px; font-family: Roboto, sans-serif; font-size: 16px;\">\n<p style=\"box-sizing: border-box; margin: 0px 0px 10px; font-family: Roboto, sans-serif; font-size: 16px;\"><span open=\"\" sans=\"\" style=\"color: rgb(98, 98, 98); font-size: 15px; font-family: \">Forcefield Isolator protektorok eset&eacute;ben, mint mindig, arra t&ouml;rekedt&uuml;nk, hogy a szabv&aacute;nynak ne csak megfelelj&uuml;nk, hanem min&eacute;l jobban t&uacute;lteljes&iacute;ts&uuml;k azt.<\/span><\/p>\n<div class=\"post-339 product type-product status-publish has-post-thumbnail product_cat-forcefield_protektorok product_tag-forcefield product_tag-protektor pa_meret-konyok pa_meret-vall pa_meret-csipo pa_meret-terd post first instock featured taxable shipping-taxable purchasable product-type-variable has-default-attributes has-children\" id=\"product-339\" open=\"\" sans=\"\" style=\"box-sizing: inherit; position: relative; color: rgb(98, 98, 98); font-family: \">\n<div class=\"woocommerce-tabs wc-tabs-wrapper\" style=\"box-sizing: inherit; clear: both; margin-bottom: 50px;\">\n<div aria-labelledby=\"tab-title-description\" class=\"woocommerce-Tabs-panel woocommerce-Tabs-panel--description panel entry-content wc-tab\" id=\"tab-description\" role=\"tabpanel\" style=\"box-sizing: inherit; padding-top: 25px;\">\n<h1 style=\"box-sizing: inherit; font-size: 29px; margin: 25px 0px; -webkit-font-smoothing: subpixel-antialiased; clear: both; color: rgb(45, 45, 45); font-family: Montserrat, sans-serif; font-weight: 600;\"><span style=\"box-sizing: inherit;\">BIZTONS&Aacute;G:<\/span><\/h1>\n<ul style=\"box-sizing: inherit; margin: 0px 0px 26px 25px; padding-right: 0px; padding-left: 0px; list-style-position: initial; list-style-image: initial;\">\n<li style=\"box-sizing: inherit;\">mind&ouml;ssze 10,6(k&ouml;ny&ouml;k\/t&eacute;rd)-11 kN (v&aacute;ll\/cs&iacute;p\u0151) &aacute;tlagos &aacute;thatol&oacute; er\u0151 50J &uuml;tk&ouml;z&eacute;si energi&aacute;b&oacute;l norm&aacute;l k&ouml;r&uuml;lm&eacute;nyek (23 &deg;C) eset&eacute;n. A v&eacute;gtagprotektorokra vonatkoz&oacute; 1621-1:2012 Level 2 szabv&aacute;ny eset&eacute;n az &aacute;tlagos &aacute;thatol&oacute; er\u0151 nem lehet magasabb 20kN-n&aacute;l, 50J &uuml;tk&ouml;z&eacute;si energi&aacute;b&oacute;l.&nbsp;Legf\u0151bb versenyt&aacute;rsaink 13-15kN k&ouml;z&ouml;tti &eacute;rt&eacute;keket tudnak felmutatni.<\/li>\n<li style=\"box-sizing: inherit;\">a Level 2 szabv&aacute;ny elv&aacute;r&aacute;sait j&oacute;val meghalad&oacute; v&eacute;delem hidegben (-10&nbsp;&deg;C) &eacute;s nedves k&ouml;r&uuml;lm&eacute;nyek k&ouml;z&ouml;tt is*<\/li>\n<li style=\"box-sizing: inherit;\">az esetleges behat&aacute;st k&ouml;vet\u0151en &ndash; ellent&eacute;tben a legt&ouml;bb protektorral &ndash; tov&aacute;bb haszn&aacute;lhat&oacute;, energiaelnyel\u0151 k&eacute;pess&eacute;ge nem cs&ouml;kken sz&aacute;mottev\u0151en<\/li>\n<li style=\"box-sizing: inherit;\">kiv&aacute;ncsiak voltunk, hogy hogyan v&aacute;ltozik az energiaelnyel&eacute;s m&eacute;rt&eacute;ke akkor, ha -ellent&eacute;tben az el\u0151z\u0151 ponttal- a protektornak az &uuml;t&eacute;sek k&ouml;z&ouml;tt nincs ideje visszanyerni eredeti form&aacute;j&aacute;t. V&eacute;gezt&uuml;nk teh&aacute;t egy szorgalmi tesztet is, ahol ugyanazt a pontot nem csak egy &uuml;t&eacute;s &eacute;r, hanem gyors egym&aacute;sut&aacute;nban t&ouml;bb is, mint ahogy az a val&oacute; &eacute;letben is k&ouml;nnyen el\u0151fordulhat nagy sebess&eacute;gn&eacute;l t&ouml;rt&eacute;n\u0151 &uuml;tk&ouml;z&eacute;s\/es&eacute;s\/gurul&aacute;s kombin&aacute;ci&oacute;n&aacute;l. Egy 8 behat&aacute;sb&oacute;l &aacute;ll&oacute; balesetet szimul&aacute;ltunk &ndash; ez m&aacute;r j&oacute;val t&uacute;lmutat egy norm&aacute;l k&ouml;zleked&eacute;si baleseten &ndash; ahol a protektornak nincs ideje visszanyerni ered<span class=\"text_exposed_show\" style=\"box-sizing: inherit;\">eti form&aacute;j&aacute;t a behat&aacute;sok k&ouml;z&ouml;tt &eacute;s mind a 8 &uuml;t&eacute;s ugyanazt a pontot &eacute;ri.<\/span>\n<div class=\"text_exposed_show\" style=\"box-sizing: inherit;\">\n<p style=\"box-sizing: inherit; margin: 0px;\">A norm&aacute;l CE teszt eset&eacute;n a behat&aacute;sok a protektor teljes fel&uuml;let&eacute;n sz&oacute;r&oacute;dnak, az &aacute;tlagos &eacute;rt&eacute;ket ezekb\u0151l sz&aacute;molj&aacute;k (Isolator Level 2: 10.6-11kN) , &iacute;gy sz&uuml;ks&eacute;gszer\u0171en kedvez\u0151bb &eacute;rt&eacute;k j&ouml;n ki, mintha ugyanazt a pontot &uuml;tik meg nyolcszor egym&aacute;s ut&aacute;n.<\/p>\n<p style=\"box-sizing: inherit; margin: 0px;\">A szorgalmi teszt eredm&eacute;nye (Isolator 2 K&ouml;ny&ouml;k\/t&eacute;rdprotektor, norm&aacute;l k&ouml;r&uuml;lm&eacute;nyek, kN)<br style=\"box-sizing: inherit;\" \/><br \/>\n\t10.202, 12.114, 13.192, 13.719, 14.663, 14.737, 16.869, 17.286<\/p>\n<p style=\"box-sizing: inherit; margin: 0px;\">L&aacute;that&oacute; teh&aacute;t, hogy az Isolator protektor m&eacute;g a 8. behat&aacute;sn&aacute;l is k&eacute;nyelmesen teljes&iacute;ti a CE tesztben elv&aacute;rtakat.<\/p>\n<p style=\"box-sizing: inherit; margin: 0px;\">A tesztnek 2 tan&uacute;s&aacute;ga van:<\/p>\n<p style=\"box-sizing: inherit; margin: 0px;\">1. &Eacute;rdemes belegondolni, hogy egy sil&aacute;ny m\u0171anyag protektor, ami az els\u0151 behat&aacute;s sor&aacute;n darabokra t&ouml;rik, hogyan v&eacute;d egy t&ouml;bb behat&aacute;sos balesetn&eacute;l?!<br style=\"box-sizing: inherit;\" \/><br \/>\n\t2. Ha perecelsz, legal&aacute;bb &uacute;j protektorra nem kell k&ouml;ltened ut&aacute;na.<\/p>\n<\/p><\/div>\n<\/li>\n<\/ul>\n<div class=\"text_exposed_show\" style=\"box-sizing: inherit;\">\n<p style=\"box-sizing: inherit; margin: 0px;\">*A norm&aacute;l k&ouml;r&uuml;lm&eacute;nyek (23 Celsius fok) k&ouml;z&ouml;tt m&eacute;rt energiaelnyel&eacute;s nem szorul magyar&aacute;zatra. A nedves k&ouml;r&uuml;lm&eacute;nyek k&ouml;z&ouml;tt m&eacute;rt energiaelnyel&eacute;s nem a b&uacute;v&aacute;roknak fontos, hanem az&eacute;rt, mert egyes gyeng&eacute;bb min\u0151s&eacute;g\u0171 protektorok nedvess&eacute;g (pl. izzadts&aacute;g, es\u0151) hat&aacute;s&aacute;ra megsz&iacute;vj&aacute;k magukat v&iacute;zzel, behat&aacute;skor &ouml;sszenyom&oacute;dni nem tudnak, ez&aacute;ltal az energiaelnyel&eacute;s&uuml;k drasztikusan lecs&ouml;kken.<\/p>\n<p style=\"box-sizing: inherit; margin: 0px;\">A meleg k&ouml;r&uuml;lm&eacute;nyek (+40 Celsius fokra meleg&iacute;tett protektor) k&ouml;z&ouml;tt elv&eacute;gzett vizsg&aacute;lat az extr&eacute;m k&ouml;r&uuml;lm&eacute;nyek egyik v&eacute;glet&eacute;t vizsg&aacute;lja, ahol a h\u0151re t&uacute;lzottan fell&aacute;gyul&oacute; &eacute;s ez&aacute;ltal gyeng&eacute;bb energiaelnyel&eacute;s\u0171 protektorokat sz\u0171ri ki a teszt.<\/p>\n<p style=\"box-sizing: inherit; margin: 0px;\">A hideg k&ouml;r&uuml;lm&eacute;nyek (-10 Celsius fokra h\u0171t&ouml;tt protektor) az extr&eacute;m k&ouml;r&uuml;lm&eacute;nyek m&aacute;sik v&eacute;glete, ahol a teszt sor&aacute;n a hideg hat&aacute;s&aacute;ra t&uacute;lzottan megkem&eacute;nyed\u0151, rideg, ez&aacute;ltal gyeng&eacute;bb energiaelnyel&eacute;s\u0171 protektorok v&eacute;reznek el.<\/p>\n<\/div>\n<p style=\"box-sizing: inherit; margin: 0px;\"><span style=\"box-sizing: inherit; font-weight: 700;\">K&Eacute;NYELEM:<\/span><\/p>\n<p style=\"box-sizing: inherit; margin: 0px;\">Min&eacute;l v&eacute;konyabb egy protektor, jellemz\u0151en ann&aacute;l k&ouml;nnyebb &eacute;s ann&aacute;l jobban tudja k&ouml;vetni visel\u0151j&eacute;nek mozg&aacute;s&aacute;t.<\/p>\n<p style=\"box-sizing: inherit; margin: 0px;\">A Forcefield Isolator protektorok (Level 2) vastags&aacute;ga mind&ouml;ssze 12mm, s&uacute;lya 80 &eacute;s 114 gramm k&ouml;z&ouml;tt van. (Legnagyobb versenyt&aacute;rsunk Level 2-es protektora 20mm vastag, s&uacute;lya 149-194gramm.) A Level 1-es protektoraink vastags&aacute;ga mind&ouml;ssze 8mm, s&uacute;lyuk 57-93gr.<\/p>\n<ul style=\"box-sizing: inherit; margin: 0px 0px 26px 25px; padding-right: 0px; padding-left: 0px; list-style-position: initial; list-style-image: initial;\">\n<li style=\"box-sizing: inherit;\">PU alap&uacute; energiaelnyel\u0151 anyag, amely n&eacute;h&aacute;ny perc haszn&aacute;lat ut&aacute;n a testr\u0151l t&aacute;voz&oacute; h\u0151 hat&aacute;s&aacute;ra felveszi annak form&aacute;j&aacute;t, &iacute;gy val&oacute;di 3 dimenzi&oacute;s mozg&aacute;st tesz lehet\u0151v&eacute;<\/li>\n<li style=\"box-sizing: inherit;\">anat&oacute;miai &eacute;s ergon&oacute;miai szempontok figyelembev&eacute;tel&eacute;vel tervezt&eacute;k, a mozg&aacute;sban nem akad&aacute;lyoz, k&eacute;nyelmes, szinte &eacute;szrev&eacute;tlen viseletet biztos&iacute;t<\/li>\n<li style=\"box-sizing: inherit;\">egyszer\u0171en, egy nedves szivacs seg&iacute;ts&eacute;g&eacute;vel tiszt&aacute;n tarthat&oacute;<\/li>\n<\/ul>\n<p style=\"box-sizing: inherit;\"><strong style=\"font-family: Roboto, sans-serif; font-size: 16px; box-sizing: border-box; max-width: 100%;\">Haszn&aacute;lati &eacute;s kezel&eacute;si &uacute;tmutat&oacute; a term&eacute;khez&nbsp;el&eacute;rhet\u0151 ide kattintva:&nbsp;<a href=\"https:\/\/darazsgarazs.hu\/index.php\/termek\/hasznalati-utmutato-protektorokhoz.1411.html\">https:\/\/darazsgarazs.hu\/index.php\/termek\/hasznalati-utmutato-protektorokhoz.1411.html<\/a><\/strong><\/p>\n<\/div>\n<\/div>\n<\/div>\n","protected":false},"excerpt":{"rendered":"<p>A Forcefield Isolator term&eacute;kek eset&eacute;ben a lehet\u0151 legjobb energiaelnyel&eacute;s el&eacute;r&eacute;se volt a c&eacute;l. Az Isolator cs&iacute;p\u0151protektor a legmagasabb v&eacute;delmi szintet [&hellip;]<\/p>\n","protected":false},"featured_media":107830,"template":"","meta":{"site-sidebar-layout":"default","site-content-layout":"","ast-site-content-layout":"default","site-content-style":"default","site-sidebar-style":"default","ast-global-header-display":"","ast-banner-title-visibility":"","ast-main-header-display":"","ast-hfb-above-header-display":"","ast-hfb-below-header-display":"","ast-hfb-mobile-header-display":"","site-post-title":"","ast-breadcrumbs-content":"","ast-featured-img":"","footer-sml-layout":"","ast-disable-related-posts":"","theme-transparent-header-meta":"","adv-header-id-meta":"","stick-header-meta":"","header-above-stick-meta":"","header-main-stick-meta":"","header-below-stick-meta":"","astra-migrate-meta-layouts":"default","ast-page-background-enabled":"default","ast-page-background-meta":{"desktop":{"background-color":"var(--ast-global-color-5)","background-image":"","background-repeat":"repeat","background-position":"center center","background-size":"auto","background-attachment":"scroll","background-type":"","background-media":"","overlay-type":"","overlay-color":"","overlay-opacity":"","overlay-gradient":""},"tablet":{"background-color":"","background-image":"","background-repeat":"repeat","background-position":"center center","background-size":"auto","background-attachment":"scroll","background-type":"","background-media":"","overlay-type":"","overlay-color":"","overlay-opacity":"","overlay-gradient":""},"mobile":{"background-color":"","background-image":"","background-repeat":"repeat","background-position":"center center","background-size":"auto","background-attachment":"scroll","background-type":"","background-media":"","overlay-type":"","overlay-color":"","overlay-opacity":"","overlay-gradient":""}},"ast-content-background-meta":{"desktop":{"background-color":"var(--ast-global-color-4)","background-image":"","background-repeat":"repeat","background-position":"center center","background-size":"auto","background-attachment":"scroll","background-type":"","background-media":"","overlay-type":"","overlay-color":"","overlay-opacity":"","overlay-gradient":""},"tablet":{"background-color":"var(--ast-global-color-4)","background-image":"","background-repeat":"repeat","background-position":"center center","background-size":"auto","background-attachment":"scroll","background-type":"","background-media":"","overlay-type":"","overlay-color":"","overlay-opacity":"","overlay-gradient":""},"mobile":{"background-color":"var(--ast-global-color-4)","background-image":"","background-repeat":"repeat","background-position":"center center","background-size":"auto","background-attachment":"scroll","background-type":"","background-media":"","overlay-type":"","overlay-color":"","overlay-opacity":"","overlay-gradient":""}}},"product_brand":[],"product_cat":[130],"product_tag":[],"class_list":{"0":"post-109781","1":"product","2":"type-product","3":"status-publish","4":"has-post-thumbnail","6":"product_cat-protektorok","7":"desktop-align-left","8":"tablet-align-left","9":"mobile-align-left","11":"first","12":"instock","13":"sale","14":"shipping-taxable","15":"purchasable","16":"product-type-simple"},"jetpack_sharing_enabled":true,"_links":{"self":[{"href":"https:\/\/zatureczkimarcell.ddns.net\/wordpress\/wp-json\/wp\/v2\/product\/109781","targetHints":{"allow":["GET"]}}],"collection":[{"href":"https:\/\/zatureczkimarcell.ddns.net\/wordpress\/wp-json\/wp\/v2\/product"}],"about":[{"href":"https:\/\/zatureczkimarcell.ddns.net\/wordpress\/wp-json\/wp\/v2\/types\/product"}],"wp:featuredmedia":[{"embeddable":true,"href":"https:\/\/zatureczkimarcell.ddns.net\/wordpress\/wp-json\/wp\/v2\/media\/107830"}],"wp:attachment":[{"href":"https:\/\/zatureczkimarcell.ddns.net\/wordpress\/wp-json\/wp\/v2\/media?parent=109781"}],"wp:term":[{"taxonomy":"product_brand","embeddable":true,"href":"https:\/\/zatureczkimarcell.ddns.net\/wordpress\/wp-json\/wp\/v2\/product_brand?post=109781"},{"taxonomy":"product_cat","embeddable":true,"href":"https:\/\/zatureczkimarcell.ddns.net\/wordpress\/wp-json\/wp\/v2\/product_cat?post=109781"},{"taxonomy":"product_tag","embeddable":true,"href":"https:\/\/zatureczkimarcell.ddns.net\/wordpress\/wp-json\/wp\/v2\/product_tag?post=109781"}],"curies":[{"name":"wp","href":"https:\/\/api.w.org\/{rel}","templated":true}]}}