{"id":109776,"date":"2026-04-01T10:37:45","date_gmt":"2026-04-01T08:37:45","guid":{"rendered":"https:\/\/zatureczkimarcell.ddns.net\/wordpress\/?post_type=product&#038;p=109776"},"modified":"2026-04-01T10:38:07","modified_gmt":"2026-04-01T08:38:07","slug":"sas-tec-sc-1-05-konyok-terd-protektor-par-level-2-legmagasabb-vedelmi-szint","status":"publish","type":"product","link":"https:\/\/zatureczkimarcell.ddns.net\/wordpress\/termek\/sas-tec-sc-1-05-konyok-terd-protektor-par-level-2-legmagasabb-vedelmi-szint\/","title":{"rendered":"SAS-TEC\u00ae SC-1\/05 K\u00f6ny\u00f6k\/T\u00e9rd protektor p\u00e1r LEVEL 2! Legmagasabb v\u00e9delmi szint!"},"content":{"rendered":"<p><span style=\"color:#FF0000;\"><strong>Professzion&aacute;lis v&eacute;gtagprotektor<\/strong><\/span><span style=\"color:#000000;\"><strong> amely t&eacute;rd illetve k&ouml;ny&ouml;k v&eacute;d\u0151k&eacute;nt illeszthet\u0151 motoros ruh&aacute;zatba<\/strong><\/span><br \/>\n&nbsp;<\/p>\n<p><span style=\"color:#000000;\"><strong>Val&oacute;di 3 Dimenzi&oacute;s mozg&aacute;st lehet\u0151v&eacute; t&eacute;v\u0151&nbsp;elasztikus l&aacute;gy&nbsp;<\/strong><\/span><span style=\"color:#FF0000;\"><strong>&uuml;t&eacute;selnyel\u0151<\/strong><\/span><span style=\"color:#000000;\"><strong> protektor<\/strong><\/span><\/p>\n<p><span style=\"color: rgb(255, 0, 0);\"><strong>Level 2-es (Legmagasabb szint\u0171 v&eacute;delem)<\/strong><\/span><br \/>\n<span style=\"color:#000000;\"><strong>Anat&oacute;miailag t&ouml;k&eacute;letesen illeszked\u0151, visel&eacute;s k&ouml;zben alig &eacute;szrevehet\u0151.&nbsp;<\/strong><\/span><\/p>\n<p><span style=\"color:#000000;\"><strong>Jellemz\u0151i:<\/strong><br \/>\n<strong>Egy esetleges behat&aacute;st k&ouml;vet\u0151en a protektor tov&aacute;bb haszn&aacute;lhat&oacute;<\/strong><\/span><\/p>\n<p><span style=\"color:#000000;\"><strong>Tiszt&iacute;t&aacute;sa nedves ronggyal&nbsp;<\/strong><\/span><\/p>\n<p><font color=\"#000000\"><b>Az &aacute;r egy p&aacute;rra&nbsp;&eacute;rtend\u0151&nbsp;<\/b><\/font><\/p>\n<p><strong style=\"color: rgb(0, 0, 0); font-family: Arial, Helvetica, sans-serif; box-sizing: border-box; font-size: 16px;\">Koll&eacute;g&aacute;ink is a SAS-TEC protektorokat haszn&aacute;lj&aacute;k! V&eacute;lem&eacute;ny&uuml;ket a saj&aacute;t tesztel&eacute;s\u0171 term&eacute;kek men\u0171pont alatt olvashatod az al&aacute;bbi linkre kattintva :<a href=\"https:\/\/darazsgarazs.hu\/termek\/sas-tec-protektor.825.html\">https:\/\/darazsgarazs.hu\/termek\/sas-tec-protektor.825.html<\/a><\/strong><\/p>\n<\/p>\n<p><strong style=\"font-family: Roboto, sans-serif; font-size: 16px; box-sizing: border-box; max-width: 100%;\">Haszn&aacute;lati &eacute;s kezel&eacute;si &uacute;tmutat&oacute; a term&eacute;khez&nbsp;el&eacute;rhet\u0151 ide kattintva:&nbsp;<a href=\"https:\/\/darazsgarazs.hu\/index.php\/termek\/hasznalati-utmutato-protektorokhoz.1411.html\">https:\/\/darazsgarazs.hu\/index.php\/termek\/hasznalati-utmutato-protektorokhoz.1411.html<\/a><\/strong><\/p>\n","protected":false},"excerpt":{"rendered":"<p>Professzion&aacute;lis v&eacute;gtagprotektor amely t&eacute;rd illetve k&ouml;ny&ouml;k v&eacute;d\u0151k&eacute;nt illeszthet\u0151 motoros ruh&aacute;zatba &nbsp; Val&oacute;di 3 Dimenzi&oacute;s mozg&aacute;st lehet\u0151v&eacute; t&eacute;v\u0151&nbsp;elasztikus l&aacute;gy&nbsp;&uuml;t&eacute;selnyel\u0151 protektor Level [&hellip;]<\/p>\n","protected":false},"featured_media":108263,"template":"","meta":{"site-sidebar-layout":"default","site-content-layout":"","ast-site-content-layout":"default","site-content-style":"default","site-sidebar-style":"default","ast-global-header-display":"","ast-banner-title-visibility":"","ast-main-header-display":"","ast-hfb-above-header-display":"","ast-hfb-below-header-display":"","ast-hfb-mobile-header-display":"","site-post-title":"","ast-breadcrumbs-content":"","ast-featured-img":"","footer-sml-layout":"","ast-disable-related-posts":"","theme-transparent-header-meta":"","adv-header-id-meta":"","stick-header-meta":"","header-above-stick-meta":"","header-main-stick-meta":"","header-below-stick-meta":"","astra-migrate-meta-layouts":"default","ast-page-background-enabled":"default","ast-page-background-meta":{"desktop":{"background-color":"var(--ast-global-color-5)","background-image":"","background-repeat":"repeat","background-position":"center center","background-size":"auto","background-attachment":"scroll","background-type":"","background-media":"","overlay-type":"","overlay-color":"","overlay-opacity":"","overlay-gradient":""},"tablet":{"background-color":"","background-image":"","background-repeat":"repeat","background-position":"center center","background-size":"auto","background-attachment":"scroll","background-type":"","background-media":"","overlay-type":"","overlay-color":"","overlay-opacity":"","overlay-gradient":""},"mobile":{"background-color":"","background-image":"","background-repeat":"repeat","background-position":"center center","background-size":"auto","background-attachment":"scroll","background-type":"","background-media":"","overlay-type":"","overlay-color":"","overlay-opacity":"","overlay-gradient":""}},"ast-content-background-meta":{"desktop":{"background-color":"var(--ast-global-color-4)","background-image":"","background-repeat":"repeat","background-position":"center center","background-size":"auto","background-attachment":"scroll","background-type":"","background-media":"","overlay-type":"","overlay-color":"","overlay-opacity":"","overlay-gradient":""},"tablet":{"background-color":"var(--ast-global-color-4)","background-image":"","background-repeat":"repeat","background-position":"center center","background-size":"auto","background-attachment":"scroll","background-type":"","background-media":"","overlay-type":"","overlay-color":"","overlay-opacity":"","overlay-gradient":""},"mobile":{"background-color":"var(--ast-global-color-4)","background-image":"","background-repeat":"repeat","background-position":"center center","background-size":"auto","background-attachment":"scroll","background-type":"","background-media":"","overlay-type":"","overlay-color":"","overlay-opacity":"","overlay-gradient":""}}},"product_brand":[],"product_cat":[130],"product_tag":[],"class_list":{"0":"post-109776","1":"product","2":"type-product","3":"status-publish","4":"has-post-thumbnail","6":"product_cat-protektorok","7":"desktop-align-left","8":"tablet-align-left","9":"mobile-align-left","11":"first","12":"instock","13":"shipping-taxable","14":"purchasable","15":"product-type-simple"},"jetpack_sharing_enabled":true,"_links":{"self":[{"href":"https:\/\/zatureczkimarcell.ddns.net\/wordpress\/wp-json\/wp\/v2\/product\/109776","targetHints":{"allow":["GET"]}}],"collection":[{"href":"https:\/\/zatureczkimarcell.ddns.net\/wordpress\/wp-json\/wp\/v2\/product"}],"about":[{"href":"https:\/\/zatureczkimarcell.ddns.net\/wordpress\/wp-json\/wp\/v2\/types\/product"}],"wp:featuredmedia":[{"embeddable":true,"href":"https:\/\/zatureczkimarcell.ddns.net\/wordpress\/wp-json\/wp\/v2\/media\/108263"}],"wp:attachment":[{"href":"https:\/\/zatureczkimarcell.ddns.net\/wordpress\/wp-json\/wp\/v2\/media?parent=109776"}],"wp:term":[{"taxonomy":"product_brand","embeddable":true,"href":"https:\/\/zatureczkimarcell.ddns.net\/wordpress\/wp-json\/wp\/v2\/product_brand?post=109776"},{"taxonomy":"product_cat","embeddable":true,"href":"https:\/\/zatureczkimarcell.ddns.net\/wordpress\/wp-json\/wp\/v2\/product_cat?post=109776"},{"taxonomy":"product_tag","embeddable":true,"href":"https:\/\/zatureczkimarcell.ddns.net\/wordpress\/wp-json\/wp\/v2\/product_tag?post=109776"}],"curies":[{"name":"wp","href":"https:\/\/api.w.org\/{rel}","templated":true}]}}