{"id":109773,"date":"2026-04-01T10:37:42","date_gmt":"2026-04-01T08:37:42","guid":{"rendered":"https:\/\/zatureczkimarcell.ddns.net\/wordpress\/?post_type=product&#038;p=109773"},"modified":"2026-04-01T10:38:05","modified_gmt":"2026-04-01T08:38:05","slug":"forcefield-thermo-maszk-tartosteszt","status":"publish","type":"product","link":"https:\/\/zatureczkimarcell.ddns.net\/wordpress\/termek\/forcefield-thermo-maszk-tartosteszt\/","title":{"rendered":"Forcefield thermo maszk tart\u00f3steszt"},"content":{"rendered":"<p><strong>Koll&eacute;g&aacute;nk 8&nbsp;&eacute;ve haszn&aacute;lja a pr&eacute;mium min\u0151s&eacute;g\u0171 thermo maszkj&aacute;t &iacute;gy az itt le&iacute;rtak egy tart&oacute;stesztnek is megfelelnek. Az alakj&aacute;t a mai napig t&ouml;k&eacute;letesen tartja. A Pr&eacute;mium min\u0151s&eacute;g\u0171 Forcefield csak egy kicsit dr&aacute;g&aacute;bb mint a hagyom&aacute;nyos maszkok, de itt val&oacute;sz&iacute;n\u0171leg a v&eacute;g&eacute;n olcs&oacute;bbra j&ouml;n ki aki ilyet v&aacute;laszt, mert kultur&aacute;lt haszn&aacute;lat mellett t&ouml;bb&nbsp;&eacute;vig is viselhet\u0151 a term&eacute;k.&nbsp;<\/strong><\/p>\n<p><strong>A nyaki &eacute;s az &aacute;llr&eacute;szr\u0151l t&ouml;k&eacute;letesen leveszi a menetszelet , megakad&aacute;lyozva hogy sisak &eacute;s a kab&aacute;t k&ouml;z&ouml;tti r&eacute;szen f&aacute;zzon a motoros . Koll&eacute;g&aacute;nk 5 celsius fok k&ouml;r&uuml;li h\u0151m&eacute;rs&eacute;kletben a hideg lehellet&eacute;t sem &eacute;rzi a term&eacute;ket viselve.&nbsp;<\/strong><\/p>\n<p><strong>A fejtet\u0151n k&ouml;nny&iacute;tett t&ouml;k&eacute;letesen szell\u0151z\u0151 anyagot haszn&aacute;lt a gy&aacute;rt&oacute; .<\/strong><\/p>\n<p><strong>V&iacute;zleperget\u0151 anyaga miatt nagyon j&oacute; megold&aacute;st jelent arra is, hogy az es\u0151ben a buk&oacute;sisakr&oacute;l lefoly&oacute; v&iacute;z a nyakunkr&oacute;l ne a kab&aacute;tba jusson . Term&eacute;szetesen ilyenkor kiv&uuml;lre kell hajtanunk a term&eacute;k als&oacute; r&eacute;sz&eacute;t.&nbsp;&nbsp;<\/strong><\/p>\n<p><strong>Aj&aacute;nljuk a term&eacute;ket &eacute;s term&eacute;szetesen ahogyan minden Forcefield term&eacute;k, &uacute;gy ez is n&aacute;lunk a legolcs&oacute;bb az orsz&aacute;gban!<\/strong><\/p>\n<p><strong>A term&eacute;k honlapunkon az al&aacute;bbi linkre kattintva &eacute;rhet\u0151 el:&nbsp;<a href=\"http:\/\/darazsgarazs.hu\/termek\/forcefield-thermo-maszk.218.html\">http:\/\/darazsgarazs.hu\/termek\/forcefield-thermo-maszk.218.html<\/a><\/strong><\/p>\n<p><span style=\"color:#FF0000;\"><strong>A tart&oacute;steszt az&oacute;ta is zajlik! A legut&oacute;bbi 2021-es alpesi kir&aacute;ndul&aacute;sunkon is bizony&iacute;tott a term&eacute;k:&nbsp;<\/strong><\/span><\/p>\n<p><strong><em>&quot;Hidd el, nem fagy t&ouml;bb&eacute; arcodra a mosoly! A kab&aacute;t &eacute;s a sisak k&ouml;z&ouml;tt bes&uuml;v&iacute;t\u0151 sz&eacute;l mindig kellemetlen. Az ilyen torokfagyaszt&oacute; &nbsp;helyzet nem csak a motoroz&aacute;st tudja megkeser&iacute;teni h\u0171v&ouml;sebb id\u0151ben, de bizony sok esetben k&eacute;s\u0151bb , napokig tart&oacute; torokf&aacute;j&aacute;st is tud okozni. Ezt a term&eacute;ket haszn&aacute;lom &eacute;vek &oacute;ta ha hidegben motorozok &eacute;s soha nem &eacute;reztem menetszelet sem a tark&oacute;mon, sem pedig a torkomn&aacute;l. Majdnem a szegycsontig leny&uacute;lik, &iacute;gy biztos hogy a kab&aacute;tban sehogy nem tud bef&eacute;rk\u0151zni a sz&eacute;l. A technikai anyag ami a sz&eacute;lz&aacute;r&aacute;st megoldja, egy kisebb es\u0151t is leperget, &iacute;gy es\u0151ben &eacute;rdemes a kab&aacute;ton k&iacute;v&uuml;lre helyezni. Mindenkinek el szoktam mondani, hogy j&ouml;v\u0151re m&aacute;r 8 &eacute;ves lesz ez a maszkom. Enn&eacute;l jobb tart&oacute;steszt bizony&iacute;t&eacute;k nem kell. A fejtet\u0151n szell\u0151zik, &iacute;gy a sisakban viselve nem izzad bele a fejem. Nagyon aj&aacute;nlott, szinte k&ouml;telez\u0151 term&eacute;k azoknak akik nem akarnak f&aacute;zni a hideg napokon sem ! Nem mellesleg, n&aacute;lunk kaphat&oacute; a legjobb &aacute;rban ez a maszk, mint minden Forcefield term&eacute;k. &quot;<\/em><\/strong><\/p>\n","protected":false},"excerpt":{"rendered":"<p>Koll&eacute;g&aacute;nk 8&nbsp;&eacute;ve haszn&aacute;lja a pr&eacute;mium min\u0151s&eacute;g\u0171 thermo maszkj&aacute;t &iacute;gy az itt le&iacute;rtak egy tart&oacute;stesztnek is megfelelnek. Az alakj&aacute;t a mai [&hellip;]<\/p>\n","protected":false},"featured_media":106050,"template":"","meta":{"site-sidebar-layout":"default","site-content-layout":"","ast-site-content-layout":"default","site-content-style":"default","site-sidebar-style":"default","ast-global-header-display":"","ast-banner-title-visibility":"","ast-main-header-display":"","ast-hfb-above-header-display":"","ast-hfb-below-header-display":"","ast-hfb-mobile-header-display":"","site-post-title":"","ast-breadcrumbs-content":"","ast-featured-img":"","footer-sml-layout":"","ast-disable-related-posts":"","theme-transparent-header-meta":"","adv-header-id-meta":"","stick-header-meta":"","header-above-stick-meta":"","header-main-stick-meta":"","header-below-stick-meta":"","astra-migrate-meta-layouts":"default","ast-page-background-enabled":"default","ast-page-background-meta":{"desktop":{"background-color":"var(--ast-global-color-5)","background-image":"","background-repeat":"repeat","background-position":"center center","background-size":"auto","background-attachment":"scroll","background-type":"","background-media":"","overlay-type":"","overlay-color":"","overlay-opacity":"","overlay-gradient":""},"tablet":{"background-color":"","background-image":"","background-repeat":"repeat","background-position":"center center","background-size":"auto","background-attachment":"scroll","background-type":"","background-media":"","overlay-type":"","overlay-color":"","overlay-opacity":"","overlay-gradient":""},"mobile":{"background-color":"","background-image":"","background-repeat":"repeat","background-position":"center center","background-size":"auto","background-attachment":"scroll","background-type":"","background-media":"","overlay-type":"","overlay-color":"","overlay-opacity":"","overlay-gradient":""}},"ast-content-background-meta":{"desktop":{"background-color":"var(--ast-global-color-4)","background-image":"","background-repeat":"repeat","background-position":"center center","background-size":"auto","background-attachment":"scroll","background-type":"","background-media":"","overlay-type":"","overlay-color":"","overlay-opacity":"","overlay-gradient":""},"tablet":{"background-color":"var(--ast-global-color-4)","background-image":"","background-repeat":"repeat","background-position":"center center","background-size":"auto","background-attachment":"scroll","background-type":"","background-media":"","overlay-type":"","overlay-color":"","overlay-opacity":"","overlay-gradient":""},"mobile":{"background-color":"var(--ast-global-color-4)","background-image":"","background-repeat":"repeat","background-position":"center center","background-size":"auto","background-attachment":"scroll","background-type":"","background-media":"","overlay-type":"","overlay-color":"","overlay-opacity":"","overlay-gradient":""}}},"product_brand":[],"product_cat":[153],"product_tag":[],"class_list":{"0":"post-109773","1":"product","2":"type-product","3":"status-publish","4":"has-post-thumbnail","6":"product_cat-sajat-tesztelesu-termekek","7":"desktop-align-left","8":"tablet-align-left","9":"mobile-align-left","11":"first","12":"instock","13":"shipping-taxable","14":"product-type-simple"},"jetpack_sharing_enabled":true,"_links":{"self":[{"href":"https:\/\/zatureczkimarcell.ddns.net\/wordpress\/wp-json\/wp\/v2\/product\/109773","targetHints":{"allow":["GET"]}}],"collection":[{"href":"https:\/\/zatureczkimarcell.ddns.net\/wordpress\/wp-json\/wp\/v2\/product"}],"about":[{"href":"https:\/\/zatureczkimarcell.ddns.net\/wordpress\/wp-json\/wp\/v2\/types\/product"}],"wp:featuredmedia":[{"embeddable":true,"href":"https:\/\/zatureczkimarcell.ddns.net\/wordpress\/wp-json\/wp\/v2\/media\/106050"}],"wp:attachment":[{"href":"https:\/\/zatureczkimarcell.ddns.net\/wordpress\/wp-json\/wp\/v2\/media?parent=109773"}],"wp:term":[{"taxonomy":"product_brand","embeddable":true,"href":"https:\/\/zatureczkimarcell.ddns.net\/wordpress\/wp-json\/wp\/v2\/product_brand?post=109773"},{"taxonomy":"product_cat","embeddable":true,"href":"https:\/\/zatureczkimarcell.ddns.net\/wordpress\/wp-json\/wp\/v2\/product_cat?post=109773"},{"taxonomy":"product_tag","embeddable":true,"href":"https:\/\/zatureczkimarcell.ddns.net\/wordpress\/wp-json\/wp\/v2\/product_tag?post=109773"}],"curies":[{"name":"wp","href":"https:\/\/api.w.org\/{rel}","templated":true}]}}