{"id":109770,"date":"2026-04-01T10:37:20","date_gmt":"2026-04-01T08:37:20","guid":{"rendered":"https:\/\/zatureczkimarcell.ddns.net\/wordpress\/?post_type=product&#038;p=109770"},"modified":"2026-04-01T10:38:04","modified_gmt":"2026-04-01T08:38:04","slug":"forcefield-extreme-harness-flite-level-2-legmagasabb-vedelmi-szint","status":"publish","type":"product","link":"https:\/\/zatureczkimarcell.ddns.net\/wordpress\/termek\/forcefield-extreme-harness-flite-level-2-legmagasabb-vedelmi-szint\/","title":{"rendered":"Forcefield Extreme Harness Flite LEVEL 2! Legmagasabb v\u00e9delmi szint!"},"content":{"rendered":"<div class=\"woocommerce-product-details__short-description\" open=\"\" sans=\"\" style=\"box-sizing: inherit; margin-bottom: 25px; color: rgb(98, 98, 98); font-family: \">\n<p style=\"box-sizing: inherit; margin: 0px 0px 26px;\"><strong><span style=\"color:#000000;\">A Forcefield Extreme Harness Flite a Forcefield t&ouml;bbsz&ouml;r&ouml;s tesztnyertes PRO L2K h&aacute;tprotektor&aacute;n alapul&oacute; mellkas &eacute;s h&aacute;tprotektor amely a v&eacute;dett fel&uuml;leten<\/span><span style=\"color:#FF0000;\"> Level 2 <\/span><span style=\"color:#000000;\">v&eacute;delmet garant&aacute;l.<\/span><\/strong><\/p>\n<p style=\"box-sizing: inherit; margin: 0px 0px 26px;\"><strong><span style=\"color:#000000;\">K&uuml;l&ouml;nleges, cs&uacute;cstechnol&oacute;gi&aacute;s, kis h&aacute;romsz&ouml;geket form&aacute;z&oacute;, v&aacute;ltoz&oacute; s\u0171r\u0171s&eacute;g\u0171 energiaelnyel\u0151 anyagot (Nitrex Evo&reg;) kombin&aacute;l, s\u0171r\u0171, de m&eacute;gis k&ouml;nny\u0171 Nitril habbal. Biztons&aacute;g szempontj&aacute;b&oacute;l b&aacute;rmilyen id\u0151j&aacute;r&aacute;si k&ouml;r&uuml;lm&eacute;ny eset&eacute;n jelent\u0151sen t&uacute;lsz&aacute;rnyalja a CE szabv&aacute;nyban foglalt &eacute;rt&eacute;keket.<\/span><\/strong><\/p>\n<p style=\"box-sizing: inherit; margin: 0px 0px 26px;\"><strong><span style=\"color:#000000;\">A Forcefield Extreme Harness Flite protektor &ndash; hasonl&oacute;an a t&ouml;bbi t&ouml;bbi term&eacute;k&uuml;nkh&ouml;z &ndash; puha, hajl&eacute;kony &eacute;s k&eacute;nyelmes.<\/span><\/strong><\/p>\n<p style=\"box-sizing: inherit; margin: 0px 0px 26px;\"><strong><span style=\"color:#000000;\"><span open=\"\" sans=\"\" style=\"font-family: \">A Forcefield Extreme Harness Flite mellkas &eacute;s h&aacute;tprotektor eset&eacute;ben mind a mellkas mind pedig a h&aacute;tprotektor Level 2 (szigor&uacute;bbik szabv&aacute;ny) min\u0151s&iacute;t&eacute;s\u0171.<\/span><\/span><\/strong><\/p>\n<p style=\"box-sizing: inherit; margin: 0px 0px 26px;\"><span style=\"color:#000000;\"><strong>Biztons&aacute;g:&nbsp;<\/strong><\/span><\/p>\n<ul open=\"\" sans=\"\" style=\"box-sizing: inherit; margin: 0px 0px 26px 25px; padding-right: 0px; padding-left: 0px; list-style-position: initial; list-style-image: initial; color: rgb(98, 98, 98); font-family: \">\n<li style=\"box-sizing: inherit;\"><span style=\"color:#000000;\">mind&ouml;ssze 5,96 kN &aacute;tlagos &aacute;thatol&oacute; (h&aacute;tat &eacute;r\u0151) er\u0151 50J &uuml;tk&ouml;z&eacute;si energi&aacute;b&oacute;l norm&aacute;l k&ouml;r&uuml;lm&eacute;nyek (23 &deg;C) eset&eacute;n<\/span><\/li>\n<li style=\"box-sizing: inherit;\"><span style=\"color:#000000;\">a CE szabv&aacute;ny elv&aacute;r&aacute;sait j&oacute;val meghalad&oacute; v&eacute;delem hidegben (-10&nbsp;&deg;C),&nbsp; h\u0151s&eacute;gben (40&nbsp;&deg;C) &eacute;s nedves* k&ouml;r&uuml;lm&eacute;nyek k&ouml;z&ouml;tt is<\/span><\/li>\n<li style=\"box-sizing: inherit;\"><span style=\"color:#000000;\">t&ouml;bbr&eacute;teg\u0171 Nitrex Evo&reg;, v&aacute;ltoz&oacute; s\u0171r\u0171s&eacute;g\u0171 energiaelnyel\u0151 anyag<\/span><\/li>\n<li style=\"box-sizing: inherit;\"><span style=\"color:#000000;\">Kevlar&trade; er\u0151s&iacute;t&eacute;s\u0171 varr&aacute;sok (a kevl&aacute;r szak&iacute;t&oacute;szil&aacute;rds&aacute;ga az ac&eacute;ln&aacute;l &ouml;tsz&ouml;r nagyobb, kiv&aacute;l&oacute; a kop&aacute;s- &eacute;s v&aacute;g&aacute;s&aacute;ll&oacute;s&aacute;ga)<\/span><\/li>\n<li style=\"box-sizing: inherit;\"><span style=\"color:#000000;\">az esetleges behat&aacute;st k&ouml;vet\u0151en &ndash; ellent&eacute;tben a legt&ouml;bb protektorral &ndash; tov&aacute;bb haszn&aacute;lhat&oacute;, energiaelnyel\u0151 k&eacute;pess&eacute;ge nem cs&ouml;kken<\/span><\/li>\n<li style=\"box-sizing: inherit;\"><span style=\"color:#000000;\">a kem&eacute;nyprotektorokkal ellent&eacute;tben az energiaelnyel&eacute;s m&eacute;rt&eacute;ke a teljes v&eacute;dett fel&uuml;leten k&ouml;zel azonos<\/span><\/li>\n<li style=\"box-sizing: inherit;\"><span style=\"color:#000000;\">Level 2 v&eacute;delem (Jelenleg a legmagasabb v&eacute;delmi fokozat)<\/span><\/li>\n<li style=\"box-sizing: inherit;\"><span style=\"color:#000000;\">farcsont v&eacute;delem, &eacute;s a ves&eacute;ket is melegen tartja<\/span><\/li>\n<\/ul>\n<p open=\"\" sans=\"\" style=\"box-sizing: inherit; margin: 0px; color: rgb(98, 98, 98); font-family: \"><span style=\"color:#000000;\"><strong>K&eacute;nyelem:<\/strong><\/span>&nbsp;<\/p>\n<p open=\"\" sans=\"\" style=\"box-sizing: inherit; margin: 0px; color: rgb(98, 98, 98); font-family: \">\n<ul open=\"\" sans=\"\" style=\"box-sizing: inherit; margin: 0px 0px 26px 25px; padding-right: 0px; padding-left: 0px; list-style-position: initial; list-style-image: initial; color: rgb(98, 98, 98); font-family: \">\n<li style=\"box-sizing: inherit;\"><span style=\"color:#000000;\">a Forcefield Extreme Harness Flite protektor 3 m&eacute;retben kaphat&oacute;, hogy min&eacute;l jobban illeszkedjen a felhaszn&aacute;l&oacute;ja testi adotts&aacute;gaihoz<\/span><\/li>\n<li style=\"box-sizing: inherit;\"><span style=\"color:#000000;\">n&eacute;h&aacute;ny perc haszn&aacute;lat ut&aacute;n a testr\u0151l t&aacute;voz&oacute; h\u0151 hat&aacute;s&aacute;ra felveszi a h&aacute;t form&aacute;j&aacute;t, &iacute;gy val&oacute;di 3 dimenzi&oacute;s mozg&aacute;st tesz lehet\u0151v&eacute;<\/span><\/li>\n<li style=\"box-sizing: inherit;\"><span style=\"color:#000000;\">az elasztikus oldalp&aacute;ntok, az &aacute;ll&iacute;that&oacute;, t&eacute;p\u0151z&aacute;ras v&aacute;llp&aacute;nt, valamint a nagy fel&uuml;leten r&ouml;gz&iacute;t\u0151 t&eacute;p\u0151z&aacute;ras &ouml;v seg&iacute;ts&eacute;g&eacute;vel t&ouml;k&eacute;letesen be&aacute;ll&iacute;that&oacute;, a hely&eacute;r\u0151l haszn&aacute;lat k&ouml;zben nem mozdul el<\/span><\/li>\n<li style=\"box-sizing: inherit;\"><span style=\"color:#000000;\">anat&oacute;miai &eacute;s ergon&oacute;miai szempontok figyelembev&eacute;tel&eacute;vel tervezt&eacute;k, a mozg&aacute;sban nem akad&aacute;lyoz, k&eacute;nyelmes, szinte &eacute;szrev&eacute;tlen viseletet biztos&iacute;t<\/span><\/li>\n<li style=\"box-sizing: inherit;\"><span style=\"color:#000000;\">az energiaelnyel\u0151 r&eacute;tegek &ouml;sszevarr&aacute;sa &eacute;s perfor&aacute;ci&oacute;ja seg&iacute;ti a szell\u0151z&eacute;st, lehet\u0151v&eacute; teszi, hogy a bels\u0151 r&eacute;tegek haszn&aacute;lat k&ouml;zben egym&aacute;shoz k&eacute;pest minim&aacute;lis m&eacute;rt&eacute;kben elmozduljanak. Ennek kett\u0151s c&eacute;lja van. Az egyik a testhez t&ouml;rt&eacute;n\u0151 min&eacute;l t&ouml;k&eacute;letesebb illeszked&eacute;s el&eacute;r&eacute;se, a m&aacute;sik pedig a h\u0171t&eacute;s, ilyenkor a ventill&aacute;ci&oacute;s lyukak apr&oacute; leveg\u0151pumpak&eacute;nt funkcion&aacute;lnak, h\u0171tik a h&aacute;tat.<\/span><\/li>\n<li style=\"box-sizing: inherit;\"><span style=\"color:#000000;\">egyszer\u0171en, egy nedves szivacs seg&iacute;ts&eacute;g&eacute;vel tiszt&aacute;n tarthat&oacute;<\/span><\/li>\n<li style=\"box-sizing: inherit;\"><span style=\"color:#000000;\">a term&eacute;k vastags&aacute;ga mind&ouml;ssze 23,5mm, ami azt jelenti, hogy b\u0151rruha al&aacute; is probl&eacute;mamentesen bef&eacute;r<\/span><\/li>\n<\/ul>\n<p style=\"box-sizing: inherit;\"><strong style=\"font-family: Roboto, sans-serif; font-size: 16px; box-sizing: border-box; max-width: 100%;\">Haszn&aacute;lati &eacute;s kezel&eacute;si &uacute;tmutat&oacute; a term&eacute;khez&nbsp;el&eacute;rhet\u0151 ide kattintva:&nbsp;<a href=\"https:\/\/darazsgarazs.hu\/index.php\/termek\/hasznalati-utmutato-protektorokhoz.1411.html\">https:\/\/darazsgarazs.hu\/index.php\/termek\/hasznalati-utmutato-protektorokhoz.1411.html<\/a><\/strong><\/p>\n<\/div>\n","protected":false},"excerpt":{"rendered":"<p>A Forcefield Extreme Harness Flite a Forcefield t&ouml;bbsz&ouml;r&ouml;s tesztnyertes PRO L2K h&aacute;tprotektor&aacute;n alapul&oacute; mellkas &eacute;s h&aacute;tprotektor amely a v&eacute;dett fel&uuml;leten [&hellip;]<\/p>\n","protected":false},"featured_media":103192,"template":"","meta":{"site-sidebar-layout":"default","site-content-layout":"","ast-site-content-layout":"default","site-content-style":"default","site-sidebar-style":"default","ast-global-header-display":"","ast-banner-title-visibility":"","ast-main-header-display":"","ast-hfb-above-header-display":"","ast-hfb-below-header-display":"","ast-hfb-mobile-header-display":"","site-post-title":"","ast-breadcrumbs-content":"","ast-featured-img":"","footer-sml-layout":"","ast-disable-related-posts":"","theme-transparent-header-meta":"","adv-header-id-meta":"","stick-header-meta":"","header-above-stick-meta":"","header-main-stick-meta":"","header-below-stick-meta":"","astra-migrate-meta-layouts":"default","ast-page-background-enabled":"default","ast-page-background-meta":{"desktop":{"background-color":"var(--ast-global-color-5)","background-image":"","background-repeat":"repeat","background-position":"center center","background-size":"auto","background-attachment":"scroll","background-type":"","background-media":"","overlay-type":"","overlay-color":"","overlay-opacity":"","overlay-gradient":""},"tablet":{"background-color":"","background-image":"","background-repeat":"repeat","background-position":"center center","background-size":"auto","background-attachment":"scroll","background-type":"","background-media":"","overlay-type":"","overlay-color":"","overlay-opacity":"","overlay-gradient":""},"mobile":{"background-color":"","background-image":"","background-repeat":"repeat","background-position":"center center","background-size":"auto","background-attachment":"scroll","background-type":"","background-media":"","overlay-type":"","overlay-color":"","overlay-opacity":"","overlay-gradient":""}},"ast-content-background-meta":{"desktop":{"background-color":"var(--ast-global-color-4)","background-image":"","background-repeat":"repeat","background-position":"center center","background-size":"auto","background-attachment":"scroll","background-type":"","background-media":"","overlay-type":"","overlay-color":"","overlay-opacity":"","overlay-gradient":""},"tablet":{"background-color":"var(--ast-global-color-4)","background-image":"","background-repeat":"repeat","background-position":"center center","background-size":"auto","background-attachment":"scroll","background-type":"","background-media":"","overlay-type":"","overlay-color":"","overlay-opacity":"","overlay-gradient":""},"mobile":{"background-color":"var(--ast-global-color-4)","background-image":"","background-repeat":"repeat","background-position":"center center","background-size":"auto","background-attachment":"scroll","background-type":"","background-media":"","overlay-type":"","overlay-color":"","overlay-opacity":"","overlay-gradient":""}}},"product_brand":[],"product_cat":[130],"product_tag":[],"class_list":{"0":"post-109770","1":"product","2":"type-product","3":"status-publish","4":"has-post-thumbnail","6":"product_cat-protektorok","7":"desktop-align-left","8":"tablet-align-left","9":"mobile-align-left","11":"first","12":"instock","13":"sale","14":"shipping-taxable","15":"purchasable","16":"product-type-simple"},"jetpack_sharing_enabled":true,"_links":{"self":[{"href":"https:\/\/zatureczkimarcell.ddns.net\/wordpress\/wp-json\/wp\/v2\/product\/109770","targetHints":{"allow":["GET"]}}],"collection":[{"href":"https:\/\/zatureczkimarcell.ddns.net\/wordpress\/wp-json\/wp\/v2\/product"}],"about":[{"href":"https:\/\/zatureczkimarcell.ddns.net\/wordpress\/wp-json\/wp\/v2\/types\/product"}],"wp:featuredmedia":[{"embeddable":true,"href":"https:\/\/zatureczkimarcell.ddns.net\/wordpress\/wp-json\/wp\/v2\/media\/103192"}],"wp:attachment":[{"href":"https:\/\/zatureczkimarcell.ddns.net\/wordpress\/wp-json\/wp\/v2\/media?parent=109770"}],"wp:term":[{"taxonomy":"product_brand","embeddable":true,"href":"https:\/\/zatureczkimarcell.ddns.net\/wordpress\/wp-json\/wp\/v2\/product_brand?post=109770"},{"taxonomy":"product_cat","embeddable":true,"href":"https:\/\/zatureczkimarcell.ddns.net\/wordpress\/wp-json\/wp\/v2\/product_cat?post=109770"},{"taxonomy":"product_tag","embeddable":true,"href":"https:\/\/zatureczkimarcell.ddns.net\/wordpress\/wp-json\/wp\/v2\/product_tag?post=109770"}],"curies":[{"name":"wp","href":"https:\/\/api.w.org\/{rel}","templated":true}]}}