{"id":109763,"date":"2026-04-01T10:37:14","date_gmt":"2026-04-01T08:37:14","guid":{"rendered":"https:\/\/zatureczkimarcell.ddns.net\/wordpress\/?post_type=product&#038;p=109763"},"modified":"2026-04-01T10:37:39","modified_gmt":"2026-04-01T08:37:39","slug":"modeka-panamericana-vasarloi-teszt-velemeny","status":"publish","type":"product","link":"https:\/\/zatureczkimarcell.ddns.net\/wordpress\/termek\/modeka-panamericana-vasarloi-teszt-velemeny\/","title":{"rendered":"Modeka Panamericana v\u00e1s\u00e1rl\u00f3i teszt-v\u00e9lem\u00e9ny"},"content":{"rendered":"<div data-block=\"true\" data-editor=\"dq9ii\" data-offset-key=\"5c4g1-0-0\" style=\"font-family: Helvetica, Arial, sans-serif; color: rgb(29, 33, 41); font-size: 14px; white-space: pre-wrap;\">\n<div class=\"_1mf _1mj\" data-offset-key=\"5c4g1-0-0\" style=\"position: relative; direction: ltr; font-family: inherit;\">\n<p style=\"margin: 0px 0px 6px; font-family: Helvetica, Arial, sans-serif; color: rgb(29, 33, 41); font-size: 14px;\"><strong>Az el&eacute;gedett &uuml;gyf&eacute;l a legjobb rekl&aacute;m:<\/strong><\/p>\n<p style=\"margin: 6px 0px; font-family: Helvetica, Arial, sans-serif; color: rgb(29, 33, 41); font-size: 14px;\"><strong>&quot; Sziasztok!<br \/>\nAhogyan &iacute;g&eacute;rtem, &iacute;rok egy r&ouml;vid besz&aacute;mol&oacute;t a ruh&aacute;r&oacute;l, hogyan teljes&iacute;tett a t&uacute;ra alatt. A t&uacute;ra nem a legjobb sz&oacute;, ink&aacute;bb h&iacute;vn&aacute;m es\u0151futamnak:)<br \/>\nSor ker&uuml;lt a Panamericana szett tesztre egy 4 napos Transzfogaras, Transzalpina t&uacute;ra keret&eacute;ben. Az id\u0151j&aacute;r&aacute;st megn&eacute;zve l&aacute;tszott, hogy az es\u0151 b&eacute;l&eacute;s fontos szerepet fog kapni, ez&eacute;rt m&aacute;r &uacute;gy indultam h&eacute;tf\u0151 reggel, hogy be is tettem a kab&aacute;tba &eacute;s a nadr&aacute;gba. Az&eacute;rt esett a v&aacute;laszt&aacute;som erre a ru<span class=\"text_exposed_show\" style=\"display: inline; font-family: inherit;\">h&aacute;ra, mert nem szeretem a k&uuml;l&ouml;n&aacute;ll&oacute; es\u0151ruh&aacute;t. Olyan, mint a f&oacute;lias&aacute;tor:) Ahogy a t&ouml;bbieket eln&eacute;ztem, v&eacute;g&eacute;re megut&aacute;lt&aacute;k \u0151k is a napi 3-4 le- &eacute;s felv&eacute;telt.&nbsp;<br \/>\nAz els\u0151 kiad&oacute;s es\u0151h&ouml;z nem kellett sokat menni, Gy&aacute;l magass&aacute;g&aacute;ban leszakadt az &eacute;g. Ez az &aacute;llapot jellemezte a t&uacute;ra teljes id\u0151tartam&aacute;t a haza&uacute;tig. Azon az egy napon nem esett. A 4 nap alatt megtett t&aacute;v 1770km volt, ebb\u0151l kb. 1000km es\u0151ben kisebb megszak&iacute;t&aacute;sokkal.<br \/>\nA ruha nekem nagyon k&eacute;nyelmes, a sok &aacute;ll&iacute;t&aacute;si lehet\u0151s&eacute;ggel j&oacute;l testre szabhat&oacute;. Mivel izzad&oacute;s t&iacute;pus vagyok j&oacute;l j&ouml;tt a sok szell\u0151z\u0151 rajta, amit v&eacute;gig nyitva is hagytam. M&eacute;g az es\u0151ben sem csuktam be, mert az es\u0151b&eacute;l&eacute;snek k&ouml;sz&ouml;nhet\u0151en k&ouml;zel &aacute;lland&oacute; h\u0151m&eacute;rs&eacute;klet volt a kab&aacute;t alatt. A motoros ruha alatt egy HH comfort dry al&aacute;&ouml;lt&ouml;z\u0151t hordtam, hogy jobban elvezesse az izzads&aacute;got. A ruha eg&eacute;sz t&uacute;ra alatt nem &aacute;zott &aacute;t, amit nagyra &eacute;rt&eacute;keltem. Mivel &eacute;jjel is sokszor esett, annyira p&aacute;r&aacute;s volt a leveg\u0151, hogy a ruh&aacute;zat nem tudott rendesen megsz&aacute;radni. A membr&aacute;nt este kivettem, hogy k&ouml;nnyebben szell\u0151zz&ouml;n &aacute;t a k&uuml;ls\u0151 r&eacute;teg, de t&ouml;k&eacute;letesen sz&aacute;raz csak a haza vezet\u0151 naps&uuml;t&eacute;ses &uacute;ton lett. Viszont a membr&aacute;n gyorsan megsz&aacute;radt, &iacute;gy nem nedves ruh&aacute;ba kellett m&aacute;snap beleb&uacute;jni.<br \/>\nA t&uacute;ra nagy r&eacute;sz&eacute;ben 9-25 fok volt, amihez az es\u0151b&eacute;l&eacute;s sz&aacute;momra elegend\u0151 volt. A hegytet\u0151n sem f&aacute;ztam a ruh&aacute;ban, olyan h\u0151m&eacute;rs&eacute;klet uralkodott bent, mint 20 fok k&ouml;rny&eacute;k&eacute;n. A haza &uacute;ton vettem ki csak a membr&aacute;nt a hat&aacute;rhoz k&ouml;zel, mert m&aacute;r 30 fok f&ouml;l&eacute; emelkedett a h\u0151m&eacute;rs&eacute;klet &eacute;s l&aacute;tszott, hogy nem lesz es\u0151. Kivett b&eacute;l&eacute;ssel a szell\u0151z&eacute;s is jobban &eacute;rezhet\u0151 lett. A v&aacute;rosi araszol&aacute;sokban volt csak melegem a kab&aacute;tban.<br \/>\nB&aacute;tran aj&aacute;nlom a ruh&aacute;t azoknak, akik nem szeretnek b&iacute;bel\u0151dni az es\u0151ruh&aacute;val, hanem csak motorozni m&eacute;g es\u0151ben is. Term&eacute;szetesen 30 fok f&ouml;l&ouml;tt m&aacute;r meleg lesz, de ott m&aacute;r minden meleg szerintem:)<\/span><\/strong><\/p>\n<div class=\"text_exposed_show\" style=\"display: inline; font-family: Helvetica, Arial, sans-serif; color: rgb(29, 33, 41); font-size: 14px;\">\n<p style=\"margin: 0px 0px 6px; font-family: inherit;\"><strong>&Uuml;dv,<br \/>\nFeri &quot;<\/strong><\/p>\n<p style=\"margin: 0px 0px 6px; font-family: inherit;\"><strong>&Uuml;gyfel&uuml;nk BMW 1200RT motorker&eacute;kp&aacute;ron haszn&aacute;lta a szettet. <\/strong><\/p>\n<p style=\"margin: 0px 0px 6px; font-family: inherit;\"><strong>A Modeka Panamericana term&eacute;keket ide kattintva tudod megtekinteni oldalunkon: <a href=\"http:\/\/darazsgarazs.hu\/search_in?search_for=panamericana\">http:\/\/darazsgarazs.hu\/search_in?search_for=panamericana<\/a><\/strong><\/p>\n<\/div>\n<\/div>\n<\/div>\n","protected":false},"excerpt":{"rendered":"<p>Az el&eacute;gedett &uuml;gyf&eacute;l a legjobb rekl&aacute;m: &quot; Sziasztok! Ahogyan &iacute;g&eacute;rtem, &iacute;rok egy r&ouml;vid besz&aacute;mol&oacute;t a ruh&aacute;r&oacute;l, hogyan teljes&iacute;tett a t&uacute;ra [&hellip;]<\/p>\n","protected":false},"featured_media":102813,"template":"","meta":{"site-sidebar-layout":"default","site-content-layout":"","ast-site-content-layout":"default","site-content-style":"default","site-sidebar-style":"default","ast-global-header-display":"","ast-banner-title-visibility":"","ast-main-header-display":"","ast-hfb-above-header-display":"","ast-hfb-below-header-display":"","ast-hfb-mobile-header-display":"","site-post-title":"","ast-breadcrumbs-content":"","ast-featured-img":"","footer-sml-layout":"","ast-disable-related-posts":"","theme-transparent-header-meta":"","adv-header-id-meta":"","stick-header-meta":"","header-above-stick-meta":"","header-main-stick-meta":"","header-below-stick-meta":"","astra-migrate-meta-layouts":"default","ast-page-background-enabled":"default","ast-page-background-meta":{"desktop":{"background-color":"var(--ast-global-color-5)","background-image":"","background-repeat":"repeat","background-position":"center center","background-size":"auto","background-attachment":"scroll","background-type":"","background-media":"","overlay-type":"","overlay-color":"","overlay-opacity":"","overlay-gradient":""},"tablet":{"background-color":"","background-image":"","background-repeat":"repeat","background-position":"center center","background-size":"auto","background-attachment":"scroll","background-type":"","background-media":"","overlay-type":"","overlay-color":"","overlay-opacity":"","overlay-gradient":""},"mobile":{"background-color":"","background-image":"","background-repeat":"repeat","background-position":"center center","background-size":"auto","background-attachment":"scroll","background-type":"","background-media":"","overlay-type":"","overlay-color":"","overlay-opacity":"","overlay-gradient":""}},"ast-content-background-meta":{"desktop":{"background-color":"var(--ast-global-color-4)","background-image":"","background-repeat":"repeat","background-position":"center center","background-size":"auto","background-attachment":"scroll","background-type":"","background-media":"","overlay-type":"","overlay-color":"","overlay-opacity":"","overlay-gradient":""},"tablet":{"background-color":"var(--ast-global-color-4)","background-image":"","background-repeat":"repeat","background-position":"center center","background-size":"auto","background-attachment":"scroll","background-type":"","background-media":"","overlay-type":"","overlay-color":"","overlay-opacity":"","overlay-gradient":""},"mobile":{"background-color":"var(--ast-global-color-4)","background-image":"","background-repeat":"repeat","background-position":"center center","background-size":"auto","background-attachment":"scroll","background-type":"","background-media":"","overlay-type":"","overlay-color":"","overlay-opacity":"","overlay-gradient":""}}},"product_brand":[],"product_cat":[153],"product_tag":[],"class_list":{"0":"post-109763","1":"product","2":"type-product","3":"status-publish","4":"has-post-thumbnail","6":"product_cat-sajat-tesztelesu-termekek","7":"desktop-align-left","8":"tablet-align-left","9":"mobile-align-left","11":"first","12":"instock","13":"shipping-taxable","14":"product-type-simple"},"jetpack_sharing_enabled":true,"_links":{"self":[{"href":"https:\/\/zatureczkimarcell.ddns.net\/wordpress\/wp-json\/wp\/v2\/product\/109763","targetHints":{"allow":["GET"]}}],"collection":[{"href":"https:\/\/zatureczkimarcell.ddns.net\/wordpress\/wp-json\/wp\/v2\/product"}],"about":[{"href":"https:\/\/zatureczkimarcell.ddns.net\/wordpress\/wp-json\/wp\/v2\/types\/product"}],"wp:featuredmedia":[{"embeddable":true,"href":"https:\/\/zatureczkimarcell.ddns.net\/wordpress\/wp-json\/wp\/v2\/media\/102813"}],"wp:attachment":[{"href":"https:\/\/zatureczkimarcell.ddns.net\/wordpress\/wp-json\/wp\/v2\/media?parent=109763"}],"wp:term":[{"taxonomy":"product_brand","embeddable":true,"href":"https:\/\/zatureczkimarcell.ddns.net\/wordpress\/wp-json\/wp\/v2\/product_brand?post=109763"},{"taxonomy":"product_cat","embeddable":true,"href":"https:\/\/zatureczkimarcell.ddns.net\/wordpress\/wp-json\/wp\/v2\/product_cat?post=109763"},{"taxonomy":"product_tag","embeddable":true,"href":"https:\/\/zatureczkimarcell.ddns.net\/wordpress\/wp-json\/wp\/v2\/product_tag?post=109763"}],"curies":[{"name":"wp","href":"https:\/\/api.w.org\/{rel}","templated":true}]}}