{"id":109761,"date":"2026-04-01T10:37:12","date_gmt":"2026-04-01T08:37:12","guid":{"rendered":"https:\/\/zatureczkimarcell.ddns.net\/wordpress\/?post_type=product&#038;p=109761"},"modified":"2026-04-01T10:37:37","modified_gmt":"2026-04-01T08:37:37","slug":"modeka-mondello-motoros-cipo-videoval","status":"publish","type":"product","link":"https:\/\/zatureczkimarcell.ddns.net\/wordpress\/termek\/modeka-mondello-motoros-cipo-videoval\/","title":{"rendered":"Modeka Mondello motoros cip\u0151-vide\u00f3val!"},"content":{"rendered":"<p style=\"box-sizing: border-box; margin: 0px 0px 10px; font-family: Roboto, sans-serif; font-size: 16px;\"><strong style=\"box-sizing: border-box;\"><span style=\"color:#FF0000;\">K&eacute;nyelmes<\/span> motoros cip\u0151 <span style=\"color:#FF0000;\">extra boka v&eacute;delemmel<\/span> &eacute;s f&eacute;nyvisszaver\u0151 bet&eacute;tekkel.&nbsp;<\/strong><\/p>\n<p style=\"box-sizing: border-box; margin: 0px 0px 10px; font-family: Roboto, sans-serif; font-size: 16px;\"><strong style=\"font-size: 16px; font-family: Roboto, sans-serif; box-sizing: border-box;\">Mivel a term&eacute;k alapanyaga <span style=\"color:#FF0000;\">magas min\u0151s&eacute;g\u0171 eredeti marhab\u0151r<\/span> speci&aacute;lis bevonattal, &iacute;gy <span style=\"color:#FF0000;\">sokkal tart&oacute;sabb mint az &aacute;tlag motoros cip\u0151k.<\/span><\/strong><\/p>\n<p style=\"box-sizing: border-box; margin: 0px 0px 10px; font-family: Roboto, sans-serif; font-size: 16px;\"><strong style=\"box-sizing: border-box;\">Hipora <span style=\"color:#FF0000;\">sz&eacute;l &eacute;s es\u0151&aacute;ll&oacute;, l&eacute;legz\u0151<\/span> membr&aacute;nnal ell&aacute;tott&nbsp;term&eacute;k.&nbsp;<\/strong><strong><span style=\"font-size: 13px;\">(A Hipora membr&aacute;n 5.000mm v&iacute;zoszlop nyom&aacute;s&aacute;nak &aacute;ll ellen 24 &oacute;r&aacute;n kereszt&uuml;l)&nbsp;<\/span><\/strong><\/p>\n<p style=\"box-sizing: border-box; margin: 0px 0px 10px; font-family: Roboto, sans-serif; font-size: 16px;\"><strong style=\"box-sizing: border-box;\">K&eacute;nyelmes textil b&eacute;l&eacute;s<\/strong><\/p>\n<p style=\"box-sizing: border-box; margin: 0px 0px 10px; font-family: Roboto, sans-serif; font-size: 16px;\"><strong style=\"box-sizing: border-box;\">A v&aacute;lt&oacute; &eacute;s az orr&eacute;szn&eacute;l meger\u0151s&iacute;tett<\/strong><\/p>\n<p style=\"box-sizing: border-box; margin: 0px 0px 10px; font-family: Roboto, sans-serif; font-size: 16px;\"><strong style=\"box-sizing: border-box;\">El&eacute;rhet\u0151 m&eacute;retek: 41,42,43.&nbsp;<\/strong><\/p>\n<p style=\"box-sizing: border-box; margin: 0px 0px 10px; font-family: Roboto, sans-serif; font-size: 16px;\"><strong style=\"box-sizing: border-box;\">Figyelem! Koll&eacute;g&aacute;nk is a Modeka Mondello cip\u0151t haszn&aacute;lja! V&eacute;lem&eacute;nye a &quot; Saj&aacute;t tesztel&eacute;s\u0171 term&eacute;kek &quot; men&uuml;pontban ide kattintva olvashat&oacute;:&nbsp;<\/strong><\/p>\n<p style=\"box-sizing: border-box; margin: 0px 0px 10px; font-family: Roboto, sans-serif; font-size: 16px;\"><a href=\"https:\/\/darazsgarazs.hu\/index.php\/termek\/modeka-mondello-motoros-cipo-teszt.1145.html\"><strong style=\"box-sizing: border-box;\">https:\/\/darazsgarazs.hu\/index.php\/termek\/modeka-mondello-motoros-cipo-teszt.1145.html<\/strong><\/a><\/p>\n<p style=\"box-sizing: border-box; margin: 0px 0px 10px; font-family: Roboto, sans-serif; font-size: 16px;\">Tov&aacute;bbi term&eacute;ktulajdons&aacute;gok&eacute;rt l&aacute;togasd meg az anyaglexikon men&uuml;pontunkat !<\/p>\n<p style=\"box-sizing: border-box; margin: 0px 0px 10px; font-family: Roboto, sans-serif; font-size: 16px;\"><strong style=\"box-sizing: border-box; max-width: 100%; font-family: Roboto, sans-serif; font-size: 16px;\">Haszn&aacute;lati &eacute;s kezel&eacute;si &uacute;tmutat&oacute; a term&eacute;khez&nbsp;el&eacute;rhet\u0151 ide kattintva:&nbsp;<a href=\"https:\/\/darazsgarazs.hu\/index.php\/termek\/hasznalati-utmutato.1155.html\">https:\/\/darazsgarazs.hu\/index.php\/termek\/hasznalati-utmutato.1155.html<\/a><\/strong><\/p>\n<div style=\"position:relative;padding-bottom:56.25%;padding-top:30px;height:0;overflow:hidden;\"><iframe loading=\"lazy\" allowfullscreen=\"\" frameborder=\"0\" height=\"360\" src=\"\/\/www.youtube.com\/embed\/b7sYWJbPd5c?rel=0\" style=\"position: absolute;top: 0;left: 0;width: 100%;height: 100%;\" width=\"640\"><\/iframe><\/div><\/p>\n","protected":false},"excerpt":{"rendered":"<p>K&eacute;nyelmes motoros cip\u0151 extra boka v&eacute;delemmel &eacute;s f&eacute;nyvisszaver\u0151 bet&eacute;tekkel.&nbsp; Mivel a term&eacute;k alapanyaga magas min\u0151s&eacute;g\u0171 eredeti marhab\u0151r speci&aacute;lis bevonattal, &iacute;gy [&hellip;]<\/p>\n","protected":false},"featured_media":103682,"template":"","meta":{"site-sidebar-layout":"default","site-content-layout":"","ast-site-content-layout":"default","site-content-style":"default","site-sidebar-style":"default","ast-global-header-display":"","ast-banner-title-visibility":"","ast-main-header-display":"","ast-hfb-above-header-display":"","ast-hfb-below-header-display":"","ast-hfb-mobile-header-display":"","site-post-title":"","ast-breadcrumbs-content":"","ast-featured-img":"","footer-sml-layout":"","ast-disable-related-posts":"","theme-transparent-header-meta":"","adv-header-id-meta":"","stick-header-meta":"","header-above-stick-meta":"","header-main-stick-meta":"","header-below-stick-meta":"","astra-migrate-meta-layouts":"default","ast-page-background-enabled":"default","ast-page-background-meta":{"desktop":{"background-color":"var(--ast-global-color-5)","background-image":"","background-repeat":"repeat","background-position":"center center","background-size":"auto","background-attachment":"scroll","background-type":"","background-media":"","overlay-type":"","overlay-color":"","overlay-opacity":"","overlay-gradient":""},"tablet":{"background-color":"","background-image":"","background-repeat":"repeat","background-position":"center center","background-size":"auto","background-attachment":"scroll","background-type":"","background-media":"","overlay-type":"","overlay-color":"","overlay-opacity":"","overlay-gradient":""},"mobile":{"background-color":"","background-image":"","background-repeat":"repeat","background-position":"center center","background-size":"auto","background-attachment":"scroll","background-type":"","background-media":"","overlay-type":"","overlay-color":"","overlay-opacity":"","overlay-gradient":""}},"ast-content-background-meta":{"desktop":{"background-color":"var(--ast-global-color-4)","background-image":"","background-repeat":"repeat","background-position":"center center","background-size":"auto","background-attachment":"scroll","background-type":"","background-media":"","overlay-type":"","overlay-color":"","overlay-opacity":"","overlay-gradient":""},"tablet":{"background-color":"var(--ast-global-color-4)","background-image":"","background-repeat":"repeat","background-position":"center center","background-size":"auto","background-attachment":"scroll","background-type":"","background-media":"","overlay-type":"","overlay-color":"","overlay-opacity":"","overlay-gradient":""},"mobile":{"background-color":"var(--ast-global-color-4)","background-image":"","background-repeat":"repeat","background-position":"center center","background-size":"auto","background-attachment":"scroll","background-type":"","background-media":"","overlay-type":"","overlay-color":"","overlay-opacity":"","overlay-gradient":""}}},"product_brand":[],"product_cat":[148,146],"product_tag":[],"class_list":{"0":"post-109761","1":"product","2":"type-product","3":"status-publish","4":"has-post-thumbnail","6":"product_cat-cipok-csizmak","7":"product_cat-orias-meretu-motoros-ruhazat","8":"desktop-align-left","9":"tablet-align-left","10":"mobile-align-left","12":"first","13":"instock","14":"shipping-taxable","15":"purchasable","16":"product-type-simple"},"jetpack_sharing_enabled":true,"_links":{"self":[{"href":"https:\/\/zatureczkimarcell.ddns.net\/wordpress\/wp-json\/wp\/v2\/product\/109761","targetHints":{"allow":["GET"]}}],"collection":[{"href":"https:\/\/zatureczkimarcell.ddns.net\/wordpress\/wp-json\/wp\/v2\/product"}],"about":[{"href":"https:\/\/zatureczkimarcell.ddns.net\/wordpress\/wp-json\/wp\/v2\/types\/product"}],"wp:featuredmedia":[{"embeddable":true,"href":"https:\/\/zatureczkimarcell.ddns.net\/wordpress\/wp-json\/wp\/v2\/media\/103682"}],"wp:attachment":[{"href":"https:\/\/zatureczkimarcell.ddns.net\/wordpress\/wp-json\/wp\/v2\/media?parent=109761"}],"wp:term":[{"taxonomy":"product_brand","embeddable":true,"href":"https:\/\/zatureczkimarcell.ddns.net\/wordpress\/wp-json\/wp\/v2\/product_brand?post=109761"},{"taxonomy":"product_cat","embeddable":true,"href":"https:\/\/zatureczkimarcell.ddns.net\/wordpress\/wp-json\/wp\/v2\/product_cat?post=109761"},{"taxonomy":"product_tag","embeddable":true,"href":"https:\/\/zatureczkimarcell.ddns.net\/wordpress\/wp-json\/wp\/v2\/product_tag?post=109761"}],"curies":[{"name":"wp","href":"https:\/\/api.w.org\/{rel}","templated":true}]}}