{"id":109758,"date":"2026-04-01T10:37:10","date_gmt":"2026-04-01T08:37:10","guid":{"rendered":"https:\/\/zatureczkimarcell.ddns.net\/wordpress\/?post_type=product&#038;p=109758"},"modified":"2026-04-01T10:37:35","modified_gmt":"2026-04-01T08:37:35","slug":"modeka-blaker-motoros-csizma-bemutato-videoval","status":"publish","type":"product","link":"https:\/\/zatureczkimarcell.ddns.net\/wordpress\/termek\/modeka-blaker-motoros-csizma-bemutato-videoval\/","title":{"rendered":"Modeka Blaker motoros csizma-Bemutat\u00f3 vide\u00f3val"},"content":{"rendered":"<p style=\"box-sizing: border-box; margin: 0px 0px 10px; font-family: Roboto, sans-serif; font-size: 16px;\"><strong style=\"box-sizing: border-box;\"><span style=\"color:#FF0000;\">K&eacute;nyelmes<\/span> t&uacute;ra motoros csizma<\/strong><\/p>\n<p style=\"box-sizing: border-box; margin: 0px 0px 10px; font-family: Roboto, sans-serif; font-size: 16px;\"><strong style=\"box-sizing: border-box;\"><span style=\"color:#FF0000;\">Magas min\u0151s&eacute;g\u0171 b\u0151r<\/span>, speci&aacute;lis bevonattal<\/strong><\/p>\n<p style=\"box-sizing: border-box; margin: 0px 0px 10px; font-family: Roboto, sans-serif; font-size: 16px;\"><strong style=\"font-size: 16px; font-family: Roboto, sans-serif; box-sizing: border-box;\">Mivel a term&eacute;k alapanyaga magas min\u0151s&eacute;g\u0171 eredeti b\u0151r, &iacute;gy <span style=\"color:#FF0000;\">sokkal tart&oacute;sabb mint az &aacute;tlag motoros csizm&aacute;k&nbsp;<\/span><\/strong><\/p>\n<p style=\"box-sizing: border-box; margin: 0px 0px 10px; font-family: Roboto, sans-serif; font-size: 16px;\"><strong style=\"box-sizing: border-box;\">Hipora&reg; membr&aacute;n: 100% v&iacute;z&nbsp;&eacute;s sz&eacute;l&aacute;ll&oacute;, l&eacute;legz\u0151 membr&aacute;n<br style=\"box-sizing: border-box;\" \/><br \/>\nEr\u0151s&iacute;tett orr &eacute;s sarokr&eacute;sz&nbsp;<br style=\"box-sizing: border-box;\" \/><br \/>\nBoka protektorok<br style=\"box-sizing: border-box;\" \/><br \/>\nF&eacute;nyvisszaver\u0151 bet&eacute;tek<br style=\"box-sizing: border-box;\" \/><br \/>\nK&eacute;nyelmes textilb&eacute;l&eacute;s<br style=\"box-sizing: border-box;\" \/><br \/>\nA sz&aacute;r magass&aacute;ga kb. 25 cm<\/strong><\/p>\n<p style=\"box-sizing: border-box; margin: 0px 0px 10px; font-family: Roboto, sans-serif; font-size: 16px;\"><strong style=\"font-family: Roboto, sans-serif; font-size: 16px; box-sizing: border-box;\">M&eacute;retek: 37,38,39,40,41,42,43,44,45,46,47,48<\/strong><\/p>\n<p style=\"box-sizing: border-box; margin: 0px 0px 10px; font-family: Roboto, sans-serif; font-size: 16px;\"><strong style=\"box-sizing: border-box;\">Sz&iacute;n : Fekete&nbsp;<\/strong><\/p>\n<p style=\"box-sizing: border-box; margin: 0px 0px 10px; font-family: Roboto, sans-serif; font-size: 16px;\"><strong style=\"box-sizing: border-box;\"><span style=\"color:#FF0000;\">Figyelem! A term&eacute;kr\u0151l bemutat&oacute; vide&oacute; itt tekinthet\u0151 meg<\/span> :&nbsp;<a href=\"https:\/\/youtube.com\/shorts\/o87kiIFnc7c?feature=share\">https:\/\/youtube.com\/shorts\/o87kiIFnc7c?feature=share<\/a><\/strong><\/p>\n<p style=\"box-sizing: border-box; margin: 0px 0px 10px; font-family: Roboto, sans-serif; font-size: 16px;\">\n<p style=\"box-sizing: border-box; margin: 0px 0px 10px; font-family: Roboto, sans-serif; font-size: 16px;\">Tov&aacute;bbi term&eacute;ktulajdons&aacute;gok&eacute;rt l&aacute;togasd meg az anyaglexikon men&uuml;pontunkat !<\/p>\n<p style=\"box-sizing: border-box; margin: 0px 0px 10px; font-family: Roboto, sans-serif; font-size: 16px;\"><strong style=\"box-sizing: border-box; max-width: 100%; font-family: Roboto, sans-serif; font-size: 16px;\">Haszn&aacute;lati &eacute;s kezel&eacute;si &uacute;tmutat&oacute; a term&eacute;khez&nbsp;el&eacute;rhet\u0151 ide kattintva:&nbsp;<a href=\"https:\/\/darazsgarazs.hu\/index.php\/termek\/hasznalati-utmutato.1155.html\">https:\/\/darazsgarazs.hu\/index.php\/termek\/hasznalati-utmutato.1155.html<\/a><\/strong><\/p>\n<p style=\"box-sizing: border-box; margin: 0cm 0cm 7.5pt; font-family: Roboto, sans-serif; font-size: 16px; background-image: initial; background-position: initial; background-size: initial; background-repeat: initial; background-attachment: initial; background-origin: initial; background-clip: initial;\"><span style=\"box-sizing: border-box; font-family: Arial, sans-serif;\">A term&eacute;k haszn&aacute;lat&aacute;hoz aj&aacute;nljuk a MODEKA M&eacute;hviaszos b\u0151r &aacute;pol&oacute; term&eacute;k&eacute;t! A speci&aacute;lis k&eacute;sz&iacute;tm&eacute;ny haszn&aacute;lat&aacute;val a motoros term&eacute;kek megv&eacute;dhet\u0151ek az id\u0151 el\u0151tti elhaszn&aacute;l&oacute;d&aacute;st&oacute;l, es\u0151 ut&aacute;ni sz&aacute;rad&aacute;sn&aacute;l a kirepedez&eacute;st\u0151l!<o:p style=\"box-sizing: border-box;\"><\/o:p><\/span><\/p>\n<p style=\"box-sizing: border-box; margin: 0cm 0cm 7.5pt; font-family: Roboto, sans-serif; font-size: 16px; background-image: initial; background-position: initial; background-size: initial; background-repeat: initial; background-attachment: initial; background-origin: initial; background-clip: initial;\"><span style=\"box-sizing: border-box; font-family: Arial, sans-serif;\">A Modeka m&eacute;hviaszos term&eacute;k el&eacute;rhet\u0151 az al&aacute;bbi linkre kattintva :<a href=\"http:\/\/darazsgarazs.hu\/termek\/modeka-borapolo-50ml-motoros-ruhazat-apolas-bortisztitas-borruha.378.html\">http:\/\/darazsgarazs.hu\/termek\/modeka-borapolo-50ml-motoros-ruhazat-apolas-bortisztitas-borruha.378.html<\/a><\/span><\/p>\n","protected":false},"excerpt":{"rendered":"<p>K&eacute;nyelmes t&uacute;ra motoros csizma Magas min\u0151s&eacute;g\u0171 b\u0151r, speci&aacute;lis bevonattal Mivel a term&eacute;k alapanyaga magas min\u0151s&eacute;g\u0171 eredeti b\u0151r, &iacute;gy sokkal tart&oacute;sabb [&hellip;]<\/p>\n","protected":false},"featured_media":103055,"template":"","meta":{"site-sidebar-layout":"default","site-content-layout":"","ast-site-content-layout":"default","site-content-style":"default","site-sidebar-style":"default","ast-global-header-display":"","ast-banner-title-visibility":"","ast-main-header-display":"","ast-hfb-above-header-display":"","ast-hfb-below-header-display":"","ast-hfb-mobile-header-display":"","site-post-title":"","ast-breadcrumbs-content":"","ast-featured-img":"","footer-sml-layout":"","ast-disable-related-posts":"","theme-transparent-header-meta":"","adv-header-id-meta":"","stick-header-meta":"","header-above-stick-meta":"","header-main-stick-meta":"","header-below-stick-meta":"","astra-migrate-meta-layouts":"default","ast-page-background-enabled":"default","ast-page-background-meta":{"desktop":{"background-color":"var(--ast-global-color-5)","background-image":"","background-repeat":"repeat","background-position":"center center","background-size":"auto","background-attachment":"scroll","background-type":"","background-media":"","overlay-type":"","overlay-color":"","overlay-opacity":"","overlay-gradient":""},"tablet":{"background-color":"","background-image":"","background-repeat":"repeat","background-position":"center center","background-size":"auto","background-attachment":"scroll","background-type":"","background-media":"","overlay-type":"","overlay-color":"","overlay-opacity":"","overlay-gradient":""},"mobile":{"background-color":"","background-image":"","background-repeat":"repeat","background-position":"center center","background-size":"auto","background-attachment":"scroll","background-type":"","background-media":"","overlay-type":"","overlay-color":"","overlay-opacity":"","overlay-gradient":""}},"ast-content-background-meta":{"desktop":{"background-color":"var(--ast-global-color-4)","background-image":"","background-repeat":"repeat","background-position":"center center","background-size":"auto","background-attachment":"scroll","background-type":"","background-media":"","overlay-type":"","overlay-color":"","overlay-opacity":"","overlay-gradient":""},"tablet":{"background-color":"var(--ast-global-color-4)","background-image":"","background-repeat":"repeat","background-position":"center center","background-size":"auto","background-attachment":"scroll","background-type":"","background-media":"","overlay-type":"","overlay-color":"","overlay-opacity":"","overlay-gradient":""},"mobile":{"background-color":"var(--ast-global-color-4)","background-image":"","background-repeat":"repeat","background-position":"center center","background-size":"auto","background-attachment":"scroll","background-type":"","background-media":"","overlay-type":"","overlay-color":"","overlay-opacity":"","overlay-gradient":""}}},"product_brand":[],"product_cat":[148,139,146],"product_tag":[],"class_list":{"0":"post-109758","1":"product","2":"type-product","3":"status-publish","4":"has-post-thumbnail","6":"product_cat-cipok-csizmak","7":"product_cat-motoros-ruhazat","8":"product_cat-orias-meretu-motoros-ruhazat","9":"desktop-align-left","10":"tablet-align-left","11":"mobile-align-left","13":"first","14":"instock","15":"shipping-taxable","16":"purchasable","17":"product-type-simple"},"jetpack_sharing_enabled":true,"_links":{"self":[{"href":"https:\/\/zatureczkimarcell.ddns.net\/wordpress\/wp-json\/wp\/v2\/product\/109758","targetHints":{"allow":["GET"]}}],"collection":[{"href":"https:\/\/zatureczkimarcell.ddns.net\/wordpress\/wp-json\/wp\/v2\/product"}],"about":[{"href":"https:\/\/zatureczkimarcell.ddns.net\/wordpress\/wp-json\/wp\/v2\/types\/product"}],"wp:featuredmedia":[{"embeddable":true,"href":"https:\/\/zatureczkimarcell.ddns.net\/wordpress\/wp-json\/wp\/v2\/media\/103055"}],"wp:attachment":[{"href":"https:\/\/zatureczkimarcell.ddns.net\/wordpress\/wp-json\/wp\/v2\/media?parent=109758"}],"wp:term":[{"taxonomy":"product_brand","embeddable":true,"href":"https:\/\/zatureczkimarcell.ddns.net\/wordpress\/wp-json\/wp\/v2\/product_brand?post=109758"},{"taxonomy":"product_cat","embeddable":true,"href":"https:\/\/zatureczkimarcell.ddns.net\/wordpress\/wp-json\/wp\/v2\/product_cat?post=109758"},{"taxonomy":"product_tag","embeddable":true,"href":"https:\/\/zatureczkimarcell.ddns.net\/wordpress\/wp-json\/wp\/v2\/product_tag?post=109758"}],"curies":[{"name":"wp","href":"https:\/\/api.w.org\/{rel}","templated":true}]}}