{"id":109757,"date":"2026-04-01T10:37:09","date_gmt":"2026-04-01T08:37:09","guid":{"rendered":"https:\/\/zatureczkimarcell.ddns.net\/wordpress\/?post_type=product&#038;p=109757"},"modified":"2026-04-01T10:37:34","modified_gmt":"2026-04-01T08:37:34","slug":"modeka-x-air-nyari-motoros-kesztyu-teszt","status":"publish","type":"product","link":"https:\/\/zatureczkimarcell.ddns.net\/wordpress\/termek\/modeka-x-air-nyari-motoros-kesztyu-teszt\/","title":{"rendered":"Modeka X-Air ny\u00e1ri motoros keszty\u0171 teszt"},"content":{"rendered":"<p><strong>X-Air..Val&oacute;j&aacute;ban nem tudjuk pontosan mit takar az X, de a keszty\u0171t kipr&oacute;b&aacute;lva mi az extra sz&oacute;ra gyanakodn&aacute;nk. <\/strong><\/p>\n<p><strong>Extra szell\u0151z&eacute;st biztos&iacute;t&oacute; protektoros keszty\u0171 aminek a teny&eacute;rr&eacute;sze &nbsp;eredeti b\u0151r, m&iacute;g a k&eacute;zfejen &eacute;s az &uacute;jjakn&aacute;l h&aacute;l&oacute;s fel&uuml;let biztos&iacute;tja hogy a legnagyobb k&aacute;nikulai melegben is j&oacute;kedv\u0171en, megizzad&aacute;s n&eacute;lk&uuml;l tudjuk haszn&aacute;lni ezt a keszty\u0171t a motoron. Jelenlegi k&iacute;n&aacute;latunkban az egyik legjobban szell\u0151z\u0151 term&eacute;k. <\/strong><\/p>\n<p><strong>Az &aacute;ra is rendk&iacute;v&uuml;l kedvez\u0151, &iacute;gy biztosak vagyunk benne hogy nagyon sokak v&aacute;lasztj&aacute;k majd az X-air keszty\u0171t &uuml;zlet&uuml;nkben &eacute;s nyugt&aacute;zz&aacute;k majd a d&uuml;b&ouml;rg\u0151 h\u0151s&eacute;gben hogy itt az X t&eacute;nyleg az extra, az Air-t meg &uacute;gyis &eacute;rtitek \ud83d\ude42&nbsp;<\/strong><\/p>\n<p><strong>A Modeka X-Air keszty\u0171t a honlapunkon itt tal&aacute;lod:&nbsp;<a href=\"http:\/\/darazsgarazs.hu\/termek\/x-air-nyari-halos-kesztyu.736.html\">http:\/\/darazsgarazs.hu\/termek\/x-air-nyari-halos-kesztyu.736.html<\/a><\/strong><\/p>\n","protected":false},"excerpt":{"rendered":"<p>X-Air..Val&oacute;j&aacute;ban nem tudjuk pontosan mit takar az X, de a keszty\u0171t kipr&oacute;b&aacute;lva mi az extra sz&oacute;ra gyanakodn&aacute;nk. Extra szell\u0151z&eacute;st biztos&iacute;t&oacute; [&hellip;]<\/p>\n","protected":false},"featured_media":106997,"template":"","meta":{"site-sidebar-layout":"default","site-content-layout":"","ast-site-content-layout":"default","site-content-style":"default","site-sidebar-style":"default","ast-global-header-display":"","ast-banner-title-visibility":"","ast-main-header-display":"","ast-hfb-above-header-display":"","ast-hfb-below-header-display":"","ast-hfb-mobile-header-display":"","site-post-title":"","ast-breadcrumbs-content":"","ast-featured-img":"","footer-sml-layout":"","ast-disable-related-posts":"","theme-transparent-header-meta":"","adv-header-id-meta":"","stick-header-meta":"","header-above-stick-meta":"","header-main-stick-meta":"","header-below-stick-meta":"","astra-migrate-meta-layouts":"default","ast-page-background-enabled":"default","ast-page-background-meta":{"desktop":{"background-color":"var(--ast-global-color-5)","background-image":"","background-repeat":"repeat","background-position":"center center","background-size":"auto","background-attachment":"scroll","background-type":"","background-media":"","overlay-type":"","overlay-color":"","overlay-opacity":"","overlay-gradient":""},"tablet":{"background-color":"","background-image":"","background-repeat":"repeat","background-position":"center center","background-size":"auto","background-attachment":"scroll","background-type":"","background-media":"","overlay-type":"","overlay-color":"","overlay-opacity":"","overlay-gradient":""},"mobile":{"background-color":"","background-image":"","background-repeat":"repeat","background-position":"center center","background-size":"auto","background-attachment":"scroll","background-type":"","background-media":"","overlay-type":"","overlay-color":"","overlay-opacity":"","overlay-gradient":""}},"ast-content-background-meta":{"desktop":{"background-color":"var(--ast-global-color-4)","background-image":"","background-repeat":"repeat","background-position":"center center","background-size":"auto","background-attachment":"scroll","background-type":"","background-media":"","overlay-type":"","overlay-color":"","overlay-opacity":"","overlay-gradient":""},"tablet":{"background-color":"var(--ast-global-color-4)","background-image":"","background-repeat":"repeat","background-position":"center center","background-size":"auto","background-attachment":"scroll","background-type":"","background-media":"","overlay-type":"","overlay-color":"","overlay-opacity":"","overlay-gradient":""},"mobile":{"background-color":"var(--ast-global-color-4)","background-image":"","background-repeat":"repeat","background-position":"center center","background-size":"auto","background-attachment":"scroll","background-type":"","background-media":"","overlay-type":"","overlay-color":"","overlay-opacity":"","overlay-gradient":""}}},"product_brand":[],"product_cat":[153],"product_tag":[],"class_list":{"0":"post-109757","1":"product","2":"type-product","3":"status-publish","4":"has-post-thumbnail","6":"product_cat-sajat-tesztelesu-termekek","7":"desktop-align-left","8":"tablet-align-left","9":"mobile-align-left","11":"first","12":"instock","13":"shipping-taxable","14":"product-type-simple"},"jetpack_sharing_enabled":true,"_links":{"self":[{"href":"https:\/\/zatureczkimarcell.ddns.net\/wordpress\/wp-json\/wp\/v2\/product\/109757","targetHints":{"allow":["GET"]}}],"collection":[{"href":"https:\/\/zatureczkimarcell.ddns.net\/wordpress\/wp-json\/wp\/v2\/product"}],"about":[{"href":"https:\/\/zatureczkimarcell.ddns.net\/wordpress\/wp-json\/wp\/v2\/types\/product"}],"wp:featuredmedia":[{"embeddable":true,"href":"https:\/\/zatureczkimarcell.ddns.net\/wordpress\/wp-json\/wp\/v2\/media\/106997"}],"wp:attachment":[{"href":"https:\/\/zatureczkimarcell.ddns.net\/wordpress\/wp-json\/wp\/v2\/media?parent=109757"}],"wp:term":[{"taxonomy":"product_brand","embeddable":true,"href":"https:\/\/zatureczkimarcell.ddns.net\/wordpress\/wp-json\/wp\/v2\/product_brand?post=109757"},{"taxonomy":"product_cat","embeddable":true,"href":"https:\/\/zatureczkimarcell.ddns.net\/wordpress\/wp-json\/wp\/v2\/product_cat?post=109757"},{"taxonomy":"product_tag","embeddable":true,"href":"https:\/\/zatureczkimarcell.ddns.net\/wordpress\/wp-json\/wp\/v2\/product_tag?post=109757"}],"curies":[{"name":"wp","href":"https:\/\/api.w.org\/{rel}","templated":true}]}}