{"id":109756,"date":"2026-04-01T10:37:08","date_gmt":"2026-04-01T08:37:08","guid":{"rendered":"https:\/\/zatureczkimarcell.ddns.net\/wordpress\/?post_type=product&#038;p=109756"},"modified":"2026-04-01T10:37:33","modified_gmt":"2026-04-01T08:37:33","slug":"modeka-alexius-kevlaros-farmer-teszt-tartosteszt","status":"publish","type":"product","link":"https:\/\/zatureczkimarcell.ddns.net\/wordpress\/termek\/modeka-alexius-kevlaros-farmer-teszt-tartosteszt\/","title":{"rendered":"Modeka Alexius kevl\u00e1ros farmer teszt-tart\u00f3steszt!"},"content":{"rendered":"<p><strong>Divatos &eacute;s k&eacute;nyelmes .<\/strong><\/p>\n<p><strong>A Motoron is lehet j&oacute;l kin&eacute;zni &uacute;gy, hogy k&ouml;zben a v&eacute;delemr\u0151l sem kell lemondani.<\/strong><\/p>\n<p><strong>A Kevl&aacute;ros motoros farmerek k&ouml;z&ouml;tt az Alexius &nbsp;kimondottan j&oacute; megjelen&eacute;s\u0171nek sz&aacute;m&iacute;t. A test mozg&aacute;s&aacute;t teljes m&eacute;rt&eacute;kben k&ouml;vet\u0151 &nbsp;k&eacute;nyelmes anyaghaszn&aacute;lat, nem csak azt biztos&iacute;tja hogy a nadr&aacute;g sehol ne szor&iacute;tson, hanem azt is hogy a protektorok minden eddigi kevl&aacute;ros farmern&eacute;l jobban a hely&uuml;k&ouml;n maradjanak.<\/strong><\/p>\n<p><strong>K&eacute;nyelmes &eacute;s biztons&aacute;gos nadr&aacute;g, ami az adriai tengerpart &oacute;v&aacute;rosi utc&aacute;in s&eacute;t&aacute;lva sem volt meleg, nem szor&iacute;tott, nem nyomott &eacute;s olyan &eacute;rz&eacute;s volt viselni, mintha a saj&aacute;t civil farmeremben s&eacute;t&aacute;ln&eacute;k. &nbsp;A kevl&aacute;r bet&eacute;tek a cs&uacute;sz&aacute;si pontokon vannak a nadr&aacute;gban elhelyezve, pont az&eacute;rt, hogy a szell\u0151z&eacute;se a term&eacute;knek biztos&iacute;tva legyen.<\/strong><\/p>\n<p><strong>Ugye milyen j&oacute;&nbsp;az amikor nem egy &quot;szkafanderben&quot; susog a combunk a motoros t&uacute;r&aacute;n ha meg kell n&eacute;zni egy-egy gyalogosan megk&ouml;zel&iacute;thet\u0151 nevezetess&eacute;get?&nbsp;<\/strong><\/p>\n<p><strong>A Modeka Alexius&nbsp; kevl&aacute;ros motoros farmerben k&eacute;nyelemben &eacute;s biztons&aacute;gban tudsz motorozni.<\/strong><\/p>\n<p><strong>Nagyobb sebess&eacute;g\u0171 cs&uacute;sz&aacute;sn&aacute;l a kevl&aacute;r bet&eacute;tek gondoskodnak r&oacute;la, hogy semmi ne &eacute;gjen bele a b\u0151r&uuml;nkbe. Egy kedves &uuml;gyfel&uuml;nk tesztelte is m&aacute;r sajnos a nadr&aacute;got &eacute;s &ouml;r&ouml;mmel sz&aacute;molt be r&oacute;la, hogy 80km\/ &oacute;r&aacute;s es&eacute;s ut&aacute;n, a nadr&aacute;gon sem keletkezett s&eacute;r&uuml;l&eacute;s, nemhogy a b\u0151r&eacute;n!<\/strong><\/p>\n<p><strong>A term&eacute;ket oldalunkon az al&aacute;bbi linkre kattintva tal&aacute;lod:&nbsp;<a href=\"http:\/\/darazsgarazs.hu\/termek\/alexius-kevlaros-farmer.740.html\">http:\/\/darazsgarazs.hu\/termek\/alexius-kevlaros-farmer.740.html<\/a><\/strong><\/p>\n<p><strong style=\"box-sizing: border-box; max-width: 100%; font-family: Roboto, sans-serif; font-size: 16px;\">Tekintsd meg extr&eacute;m cs&uacute;sz&aacute;sos balesetet szimul&aacute;l&oacute; vide&oacute;nkat, melyben a Modeka Alexius t&ouml;k&eacute;letesen vizsg&aacute;zott:&nbsp;<\/strong><\/p>\n<div style=\"padding-bottom:0;padding-top:0px;height:0;overflow:hidden;\"><strong style=\"box-sizing: border-box; max-width: 100%; font-family: Roboto, sans-serif; font-size: 16px;\">A term&eacute;k ebben a durva tesztvide&oacute;ban is t&ouml;k&eacute;letesen teljes&iacute;tett! Megv&eacute;dte koll&eacute;g&aacute;nkat. A k&uuml;l&ouml;n&ouml;sen r&uuml;csk&ouml;s aszfalt szinte t&eacute;pte az anyagot, de j&oacute;l l&aacute;that&oacute; hogy a Modeka Alexius kevl&aacute;ros farmer b&iacute;rta a pr&oacute;b&aacute;t &eacute;s ahogyan az a teszt ut&aacute;ni k&eacute;pen is l&aacute;tszik, a bels\u0151 kevl&aacute;r r&eacute;teg is s&eacute;rtetlen!&nbsp;A teszt ut&aacute;ni k&eacute;pek a term&eacute;kfot&oacute;k k&ouml;z&ouml;tt tekinthet\u0151ek meg.<\/strong><\/div>\n<div style=\"padding-bottom:360px;padding-top:30px;height:0;overflow:hidden;\"><iframe loading=\"lazy\" allowfullscreen=\"\" frameborder=\"0\" height=\"360\" scrolling=\"no\" src=\"\/\/www.youtube.com\/embed\/Sajw_zXzcyo?rel=0\" style=\"width: 640px;height: 360px;\" width=\"640\"><\/iframe><\/div>\n<div style=\"padding-bottom:30px;padding-top:30px;\">\n<p><span style=\"font-size:16px;\"><strong>Koll&eacute;g&aacute;nk a legut&oacute;bbi alpesi tesztmotoroz&aacute;sra is a Modeka Alexiusban j&ouml;tt. Tart&oacute;steszt v&eacute;lem&eacute;nye itt olvashat&oacute;:<\/strong><\/span><\/p>\n<p><strong>&Eacute;vek &oacute;ta a Modeka Alexius kevl&aacute;ros farmert haszn&aacute;lom. Az el\u0151z\u0151t, a sokak &aacute;ltal megtekintett, cs&uacute;sz&aacute;sos balesetet szimul&aacute;l&oacute; vide&oacute;ban tett&uuml;k pr&oacute;b&aacute;ra, sikerrel teljes&iacute;tett &eacute;s megv&eacute;dett.&nbsp;<\/strong><\/p>\n<p><strong>A Modeka Alexius st&iacute;lus&aacute;ban a mai kor divatj&aacute;t k&ouml;veti, k&iacute;v&uuml;lr\u0151l n&eacute;zve meg sem lehet &aacute;llap&iacute;tani hogy egy komoly v&eacute;delmet ad&oacute; kevl&aacute;ros, protektoros farmerben van a motoros. B&aacute;tran le lehet &uuml;lni vele ak&aacute;r egy k&aacute;v&eacute;z&oacute; terasz&aacute;n is, nem fogj&aacute;k &eacute;szrevenni hogy motoros nadr&aacute;g van rajtad. Anyag&aacute;ban &bdquo;Slim fit&rdquo; kialak&iacute;t&aacute;s&uacute; &iacute;gy kellemesen k&ouml;veti a test minden mozdulat&aacute;t. K&eacute;pzeld el, ahogy a k&eacute;nyelmes farmerodban motorozol,de a biztons&aacute;gr&oacute;l sem kell lemondanod. Ezt &uacute;gy &eacute;ri el, hogy m&aacute;s gy&aacute;rt&oacute;kkal ellent&eacute;tben, nem a teljes fel&uuml;let alatt van kevl&aacute;r bet&eacute;t, hanem a cs&uacute;sz&aacute;si pontokon, &iacute;gy biztos&iacute;tva a kellemes &aacute;tszell\u0151z&eacute;s lehet\u0151s&eacute;g&eacute;t. &Iacute;gy kb. &uacute;gy fogod &eacute;rezni magad a motoron szell\u0151z&eacute;s szempontj&aacute;b&oacute;l, mintha a saj&aacute;t, otthoni farmerodban motorozn&aacute;l.A v&eacute;delem viszont ott van!&nbsp; A kevl&aacute;r b&eacute;l&eacute;s nem engedi hogy egy cs&uacute;sz&aacute;sn&aacute;l a b\u0151r&ouml;d megs&eacute;r&uuml;lj&ouml;n, a t&eacute;rdv&eacute;d\u0151k pedig &aacute;ll&iacute;that&oacute; helyzet\u0171ek a nadr&aacute;gban. &Eacute;n kieg&eacute;sz&iacute;tettem egy Level 2-es (A Level 2 jelenleg a legmagasabb v&eacute;delmi szint) cs&iacute;p\u0151protektorral, amely a nadr&aacute;gban protektorzsebben elhelyezhet\u0151. K&eacute;nyelmes , st&iacute;lusos , biztons&aacute;gos.&nbsp;<\/strong><\/p>\n<\/div>\n","protected":false},"excerpt":{"rendered":"<p>Divatos &eacute;s k&eacute;nyelmes . A Motoron is lehet j&oacute;l kin&eacute;zni &uacute;gy, hogy k&ouml;zben a v&eacute;delemr\u0151l sem kell lemondani. A Kevl&aacute;ros [&hellip;]<\/p>\n","protected":false},"featured_media":107449,"template":"","meta":{"site-sidebar-layout":"default","site-content-layout":"","ast-site-content-layout":"default","site-content-style":"default","site-sidebar-style":"default","ast-global-header-display":"","ast-banner-title-visibility":"","ast-main-header-display":"","ast-hfb-above-header-display":"","ast-hfb-below-header-display":"","ast-hfb-mobile-header-display":"","site-post-title":"","ast-breadcrumbs-content":"","ast-featured-img":"","footer-sml-layout":"","ast-disable-related-posts":"","theme-transparent-header-meta":"","adv-header-id-meta":"","stick-header-meta":"","header-above-stick-meta":"","header-main-stick-meta":"","header-below-stick-meta":"","astra-migrate-meta-layouts":"default","ast-page-background-enabled":"default","ast-page-background-meta":{"desktop":{"background-color":"var(--ast-global-color-5)","background-image":"","background-repeat":"repeat","background-position":"center center","background-size":"auto","background-attachment":"scroll","background-type":"","background-media":"","overlay-type":"","overlay-color":"","overlay-opacity":"","overlay-gradient":""},"tablet":{"background-color":"","background-image":"","background-repeat":"repeat","background-position":"center center","background-size":"auto","background-attachment":"scroll","background-type":"","background-media":"","overlay-type":"","overlay-color":"","overlay-opacity":"","overlay-gradient":""},"mobile":{"background-color":"","background-image":"","background-repeat":"repeat","background-position":"center center","background-size":"auto","background-attachment":"scroll","background-type":"","background-media":"","overlay-type":"","overlay-color":"","overlay-opacity":"","overlay-gradient":""}},"ast-content-background-meta":{"desktop":{"background-color":"var(--ast-global-color-4)","background-image":"","background-repeat":"repeat","background-position":"center center","background-size":"auto","background-attachment":"scroll","background-type":"","background-media":"","overlay-type":"","overlay-color":"","overlay-opacity":"","overlay-gradient":""},"tablet":{"background-color":"var(--ast-global-color-4)","background-image":"","background-repeat":"repeat","background-position":"center center","background-size":"auto","background-attachment":"scroll","background-type":"","background-media":"","overlay-type":"","overlay-color":"","overlay-opacity":"","overlay-gradient":""},"mobile":{"background-color":"var(--ast-global-color-4)","background-image":"","background-repeat":"repeat","background-position":"center center","background-size":"auto","background-attachment":"scroll","background-type":"","background-media":"","overlay-type":"","overlay-color":"","overlay-opacity":"","overlay-gradient":""}}},"product_brand":[],"product_cat":[153],"product_tag":[],"class_list":{"0":"post-109756","1":"product","2":"type-product","3":"status-publish","4":"has-post-thumbnail","6":"product_cat-sajat-tesztelesu-termekek","7":"desktop-align-left","8":"tablet-align-left","9":"mobile-align-left","11":"first","12":"instock","13":"shipping-taxable","14":"product-type-simple"},"jetpack_sharing_enabled":true,"_links":{"self":[{"href":"https:\/\/zatureczkimarcell.ddns.net\/wordpress\/wp-json\/wp\/v2\/product\/109756","targetHints":{"allow":["GET"]}}],"collection":[{"href":"https:\/\/zatureczkimarcell.ddns.net\/wordpress\/wp-json\/wp\/v2\/product"}],"about":[{"href":"https:\/\/zatureczkimarcell.ddns.net\/wordpress\/wp-json\/wp\/v2\/types\/product"}],"wp:featuredmedia":[{"embeddable":true,"href":"https:\/\/zatureczkimarcell.ddns.net\/wordpress\/wp-json\/wp\/v2\/media\/107449"}],"wp:attachment":[{"href":"https:\/\/zatureczkimarcell.ddns.net\/wordpress\/wp-json\/wp\/v2\/media?parent=109756"}],"wp:term":[{"taxonomy":"product_brand","embeddable":true,"href":"https:\/\/zatureczkimarcell.ddns.net\/wordpress\/wp-json\/wp\/v2\/product_brand?post=109756"},{"taxonomy":"product_cat","embeddable":true,"href":"https:\/\/zatureczkimarcell.ddns.net\/wordpress\/wp-json\/wp\/v2\/product_cat?post=109756"},{"taxonomy":"product_tag","embeddable":true,"href":"https:\/\/zatureczkimarcell.ddns.net\/wordpress\/wp-json\/wp\/v2\/product_tag?post=109756"}],"curies":[{"name":"wp","href":"https:\/\/api.w.org\/{rel}","templated":true}]}}