{"id":109754,"date":"2026-04-01T10:37:07","date_gmt":"2026-04-01T08:37:07","guid":{"rendered":"https:\/\/zatureczkimarcell.ddns.net\/wordpress\/?post_type=product&#038;p=109754"},"modified":"2026-04-01T10:37:32","modified_gmt":"2026-04-01T08:37:32","slug":"modeka-breeze-nyari-motoros-kabat-teszt","status":"publish","type":"product","link":"https:\/\/zatureczkimarcell.ddns.net\/wordpress\/termek\/modeka-breeze-nyari-motoros-kabat-teszt\/","title":{"rendered":"Modeka Breeze ny\u00e1ri motoros kab\u00e1t teszt"},"content":{"rendered":"<p><strong>A Modeka Breeze nagyon komfortos, k&eacute;nyelmes anyagb&oacute;l k&eacute;sz&uuml;lt ny&aacute;ri kab&aacute;t , j&oacute; min\u0151s&eacute;g\u0171 es\u0151 &eacute;s sz&eacute;lz&aacute;r&oacute; bet&eacute;ttel. Ide&aacute;lisnak mutatkozott egy tengerparti kir&aacute;ndul&aacute;sra, ahol v&aacute;rhat&oacute;an az id\u0151j&aacute;r&aacute;s a szebbik arc&aacute;t mutatja majd. <\/strong><\/p>\n<p><strong>A nagy m&eacute;ret\u0171 h&aacute;l&oacute;s fel&uuml;leten a menetsz&eacute;l &uacute;gy s&uuml;v&iacute;t &aacute;t, mintha ventil&aacute;tor el\u0151tt &aacute;lln&aacute;nk. Itt nincs megizzad&aacute;s, itt nincs bef&uuml;lled&eacute;s mert nem csak a h&aacute;l&oacute;s fel&uuml;let, hanem a t&ouml;bbi r&eacute;sz is nagyon j&oacute;l szell\u0151zik. Csak a gondtalan motoroz&aacute;st k&iacute;n&aacute;lja a kab&aacute;t a kellemes naps&uuml;t&ouml;tte, k&aacute;nikulai napokon. <\/strong><\/p>\n<p><strong>Viszont! Hib&aacute;tlanul teljes&iacute;tett a magas min\u0151s&eacute;g\u0171 HUMAX &nbsp;es\u0151 &eacute;s sz&eacute;lz&aacute;r&oacute; membr&aacute;n, hiszen nem szabad elfelejteni hogy az indul&aacute;s &eacute;s a hazat&eacute;r&eacute;s napj&aacute;n is hajnalban &uuml;lt&uuml;nk motorra , amikor 10-11 Celsius volt. <\/strong><\/p>\n<p><strong>A kab&aacute;t megjelen&eacute;s&eacute;r\u0151l csak annyit, hogy&nbsp; m&eacute;g az MV Augusta mellett is figyelmet kapott &uacute;t k&ouml;zben a b&aacute;m&eacute;szkod&oacute;kt&oacute;l. Pedig a ritka Agusta Rivale m&eacute;g azoknak a tekintet&eacute;t is vonzza akiket egy&eacute;bk&eacute;nt a k&eacute;tkerek\u0171ek kev&eacute;sb&eacute; &eacute;rdekelnek. &nbsp;<\/strong><\/p>\n<p><strong>A term&eacute;ket oldalunkon az al&aacute;bbi linkre kattintva &eacute;rheted el:&nbsp;<a href=\"http:\/\/darazsgarazs.hu\/search_in?search_for=breeze\">http:\/\/darazsgarazs.hu\/search_in?search_for=breeze<\/a><\/strong><\/p>\n","protected":false},"excerpt":{"rendered":"<p>A Modeka Breeze nagyon komfortos, k&eacute;nyelmes anyagb&oacute;l k&eacute;sz&uuml;lt ny&aacute;ri kab&aacute;t , j&oacute; min\u0151s&eacute;g\u0171 es\u0151 &eacute;s sz&eacute;lz&aacute;r&oacute; bet&eacute;ttel. Ide&aacute;lisnak mutatkozott egy [&hellip;]<\/p>\n","protected":false},"featured_media":103013,"template":"","meta":{"site-sidebar-layout":"default","site-content-layout":"","ast-site-content-layout":"default","site-content-style":"default","site-sidebar-style":"default","ast-global-header-display":"","ast-banner-title-visibility":"","ast-main-header-display":"","ast-hfb-above-header-display":"","ast-hfb-below-header-display":"","ast-hfb-mobile-header-display":"","site-post-title":"","ast-breadcrumbs-content":"","ast-featured-img":"","footer-sml-layout":"","ast-disable-related-posts":"","theme-transparent-header-meta":"","adv-header-id-meta":"","stick-header-meta":"","header-above-stick-meta":"","header-main-stick-meta":"","header-below-stick-meta":"","astra-migrate-meta-layouts":"default","ast-page-background-enabled":"default","ast-page-background-meta":{"desktop":{"background-color":"var(--ast-global-color-5)","background-image":"","background-repeat":"repeat","background-position":"center center","background-size":"auto","background-attachment":"scroll","background-type":"","background-media":"","overlay-type":"","overlay-color":"","overlay-opacity":"","overlay-gradient":""},"tablet":{"background-color":"","background-image":"","background-repeat":"repeat","background-position":"center center","background-size":"auto","background-attachment":"scroll","background-type":"","background-media":"","overlay-type":"","overlay-color":"","overlay-opacity":"","overlay-gradient":""},"mobile":{"background-color":"","background-image":"","background-repeat":"repeat","background-position":"center center","background-size":"auto","background-attachment":"scroll","background-type":"","background-media":"","overlay-type":"","overlay-color":"","overlay-opacity":"","overlay-gradient":""}},"ast-content-background-meta":{"desktop":{"background-color":"var(--ast-global-color-4)","background-image":"","background-repeat":"repeat","background-position":"center center","background-size":"auto","background-attachment":"scroll","background-type":"","background-media":"","overlay-type":"","overlay-color":"","overlay-opacity":"","overlay-gradient":""},"tablet":{"background-color":"var(--ast-global-color-4)","background-image":"","background-repeat":"repeat","background-position":"center center","background-size":"auto","background-attachment":"scroll","background-type":"","background-media":"","overlay-type":"","overlay-color":"","overlay-opacity":"","overlay-gradient":""},"mobile":{"background-color":"var(--ast-global-color-4)","background-image":"","background-repeat":"repeat","background-position":"center center","background-size":"auto","background-attachment":"scroll","background-type":"","background-media":"","overlay-type":"","overlay-color":"","overlay-opacity":"","overlay-gradient":""}}},"product_brand":[],"product_cat":[153],"product_tag":[],"class_list":{"0":"post-109754","1":"product","2":"type-product","3":"status-publish","4":"has-post-thumbnail","6":"product_cat-sajat-tesztelesu-termekek","7":"desktop-align-left","8":"tablet-align-left","9":"mobile-align-left","11":"first","12":"instock","13":"shipping-taxable","14":"product-type-simple"},"jetpack_sharing_enabled":true,"_links":{"self":[{"href":"https:\/\/zatureczkimarcell.ddns.net\/wordpress\/wp-json\/wp\/v2\/product\/109754","targetHints":{"allow":["GET"]}}],"collection":[{"href":"https:\/\/zatureczkimarcell.ddns.net\/wordpress\/wp-json\/wp\/v2\/product"}],"about":[{"href":"https:\/\/zatureczkimarcell.ddns.net\/wordpress\/wp-json\/wp\/v2\/types\/product"}],"wp:featuredmedia":[{"embeddable":true,"href":"https:\/\/zatureczkimarcell.ddns.net\/wordpress\/wp-json\/wp\/v2\/media\/103013"}],"wp:attachment":[{"href":"https:\/\/zatureczkimarcell.ddns.net\/wordpress\/wp-json\/wp\/v2\/media?parent=109754"}],"wp:term":[{"taxonomy":"product_brand","embeddable":true,"href":"https:\/\/zatureczkimarcell.ddns.net\/wordpress\/wp-json\/wp\/v2\/product_brand?post=109754"},{"taxonomy":"product_cat","embeddable":true,"href":"https:\/\/zatureczkimarcell.ddns.net\/wordpress\/wp-json\/wp\/v2\/product_cat?post=109754"},{"taxonomy":"product_tag","embeddable":true,"href":"https:\/\/zatureczkimarcell.ddns.net\/wordpress\/wp-json\/wp\/v2\/product_tag?post=109754"}],"curies":[{"name":"wp","href":"https:\/\/api.w.org\/{rel}","templated":true}]}}