{"id":109751,"date":"2026-04-01T10:37:05","date_gmt":"2026-04-01T08:37:05","guid":{"rendered":"https:\/\/zatureczkimarcell.ddns.net\/wordpress\/?post_type=product&#038;p=109751"},"modified":"2026-04-01T10:37:30","modified_gmt":"2026-04-01T08:37:30","slug":"motor-akkumulator","status":"publish","type":"product","link":"https:\/\/zatureczkimarcell.ddns.net\/wordpress\/termek\/motor-akkumulator\/","title":{"rendered":"Motor akkumul\u00e1tor"},"content":{"rendered":"<p><span style=\"font-size:16px;\"><strong>&Uuml;zlet&uuml;nk kedvez\u0151 &aacute;rban k&iacute;n&aacute;lja a vezet\u0151 akkumul&aacute;tor gy&aacute;rt&oacute;k term&eacute;keit.&nbsp;<\/strong><\/span><\/p>\n<p><span style=\"font-size:16px;\"><strong>Szak&eacute;rt\u0151 koll&eacute;g&aacute;ink seg&iacute;tenek kiv&aacute;lasztani a motorodba megfelel\u0151 akkumul&aacute;tort &eacute;s folyamatosan t&ouml;reksz&uuml;nk r&aacute; hogy piacvezet\u0151 &aacute;rat k&iacute;n&aacute;ljunk ! <span style=\"color:#FF0000;\">&Eacute;rdekl\u0151dj el&eacute;rhet\u0151s&eacute;geinken, k&eacute;rj &aacute;raj&aacute;nlatot!&nbsp;<\/span><\/strong><\/span><\/p>\n<p><span style=\"font-size:16px;\"><strong>Forglamazott t&iacute;pusok:&nbsp;<\/strong><\/span><\/p>\n<p><span style=\"font-size:16px;\"><strong>-JP<\/strong><\/span><\/p>\n<p><span style=\"font-size:16px;\"><strong>-Yuasa&nbsp;<\/strong><\/span><\/p>\n<p><span style=\"font-size:16px;\"><strong>-Bosch<\/strong><\/span><\/p>\n<p><span style=\"font-size:16px;\"><strong>-Varta&nbsp;<\/strong><\/span><\/p>\n<p><span style=\"font-size:16px;\"><strong>-Exide&nbsp;<\/strong><\/span><\/p>\n<p><span style=\"font-size:16px;\"><strong>-4Ride&nbsp;<\/strong><\/span><\/p>\n<\/p>\n<p><strong style=\"box-sizing: border-box; max-width: 100%; font-family: Roboto, sans-serif; font-size: 16px;\">Haszn&aacute;lati &eacute;s kezel&eacute;si &uacute;tmutat&oacute; a term&eacute;khez el&eacute;rhet\u0151 ide kattintva:&nbsp;<a href=\"https:\/\/darazsgarazs.hu\/index.php\/termek\/hasznalati-utmutato-alkatreszek.1158.html\">https:\/\/darazsgarazs.hu\/index.php\/termek\/hasznalati-utmutato-alkatreszek.1158.html<\/a><\/strong><\/p><\/p>\n","protected":false},"excerpt":{"rendered":"<p>&Uuml;zlet&uuml;nk kedvez\u0151 &aacute;rban k&iacute;n&aacute;lja a vezet\u0151 akkumul&aacute;tor gy&aacute;rt&oacute;k term&eacute;keit.&nbsp; Szak&eacute;rt\u0151 koll&eacute;g&aacute;ink seg&iacute;tenek kiv&aacute;lasztani a motorodba megfelel\u0151 akkumul&aacute;tort &eacute;s folyamatosan t&ouml;reksz&uuml;nk [&hellip;]<\/p>\n","protected":false},"featured_media":106352,"template":"","meta":{"site-sidebar-layout":"default","site-content-layout":"","ast-site-content-layout":"default","site-content-style":"default","site-sidebar-style":"default","ast-global-header-display":"","ast-banner-title-visibility":"","ast-main-header-display":"","ast-hfb-above-header-display":"","ast-hfb-below-header-display":"","ast-hfb-mobile-header-display":"","site-post-title":"","ast-breadcrumbs-content":"","ast-featured-img":"","footer-sml-layout":"","ast-disable-related-posts":"","theme-transparent-header-meta":"","adv-header-id-meta":"","stick-header-meta":"","header-above-stick-meta":"","header-main-stick-meta":"","header-below-stick-meta":"","astra-migrate-meta-layouts":"default","ast-page-background-enabled":"default","ast-page-background-meta":{"desktop":{"background-color":"var(--ast-global-color-5)","background-image":"","background-repeat":"repeat","background-position":"center center","background-size":"auto","background-attachment":"scroll","background-type":"","background-media":"","overlay-type":"","overlay-color":"","overlay-opacity":"","overlay-gradient":""},"tablet":{"background-color":"","background-image":"","background-repeat":"repeat","background-position":"center center","background-size":"auto","background-attachment":"scroll","background-type":"","background-media":"","overlay-type":"","overlay-color":"","overlay-opacity":"","overlay-gradient":""},"mobile":{"background-color":"","background-image":"","background-repeat":"repeat","background-position":"center center","background-size":"auto","background-attachment":"scroll","background-type":"","background-media":"","overlay-type":"","overlay-color":"","overlay-opacity":"","overlay-gradient":""}},"ast-content-background-meta":{"desktop":{"background-color":"var(--ast-global-color-4)","background-image":"","background-repeat":"repeat","background-position":"center center","background-size":"auto","background-attachment":"scroll","background-type":"","background-media":"","overlay-type":"","overlay-color":"","overlay-opacity":"","overlay-gradient":""},"tablet":{"background-color":"var(--ast-global-color-4)","background-image":"","background-repeat":"repeat","background-position":"center center","background-size":"auto","background-attachment":"scroll","background-type":"","background-media":"","overlay-type":"","overlay-color":"","overlay-opacity":"","overlay-gradient":""},"mobile":{"background-color":"var(--ast-global-color-4)","background-image":"","background-repeat":"repeat","background-position":"center center","background-size":"auto","background-attachment":"scroll","background-type":"","background-media":"","overlay-type":"","overlay-color":"","overlay-opacity":"","overlay-gradient":""}}},"product_brand":[],"product_cat":[124,126],"product_tag":[],"class_list":{"0":"post-109751","1":"product","2":"type-product","3":"status-publish","4":"has-post-thumbnail","6":"product_cat-akkumulatorok","7":"product_cat-alkatreszek","8":"desktop-align-left","9":"tablet-align-left","10":"mobile-align-left","12":"first","13":"instock","14":"shipping-taxable","15":"product-type-simple"},"jetpack_sharing_enabled":true,"_links":{"self":[{"href":"https:\/\/zatureczkimarcell.ddns.net\/wordpress\/wp-json\/wp\/v2\/product\/109751","targetHints":{"allow":["GET"]}}],"collection":[{"href":"https:\/\/zatureczkimarcell.ddns.net\/wordpress\/wp-json\/wp\/v2\/product"}],"about":[{"href":"https:\/\/zatureczkimarcell.ddns.net\/wordpress\/wp-json\/wp\/v2\/types\/product"}],"wp:featuredmedia":[{"embeddable":true,"href":"https:\/\/zatureczkimarcell.ddns.net\/wordpress\/wp-json\/wp\/v2\/media\/106352"}],"wp:attachment":[{"href":"https:\/\/zatureczkimarcell.ddns.net\/wordpress\/wp-json\/wp\/v2\/media?parent=109751"}],"wp:term":[{"taxonomy":"product_brand","embeddable":true,"href":"https:\/\/zatureczkimarcell.ddns.net\/wordpress\/wp-json\/wp\/v2\/product_brand?post=109751"},{"taxonomy":"product_cat","embeddable":true,"href":"https:\/\/zatureczkimarcell.ddns.net\/wordpress\/wp-json\/wp\/v2\/product_cat?post=109751"},{"taxonomy":"product_tag","embeddable":true,"href":"https:\/\/zatureczkimarcell.ddns.net\/wordpress\/wp-json\/wp\/v2\/product_tag?post=109751"}],"curies":[{"name":"wp","href":"https:\/\/api.w.org\/{rel}","templated":true}]}}