{"id":109745,"date":"2026-04-01T10:36:40","date_gmt":"2026-04-01T08:36:40","guid":{"rendered":"https:\/\/zatureczkimarcell.ddns.net\/wordpress\/?post_type=product&#038;p=109745"},"modified":"2026-04-01T10:37:25","modified_gmt":"2026-04-01T08:37:25","slug":"modeka-jayce-bemutato-videoval-3","status":"publish","type":"product","link":"https:\/\/zatureczkimarcell.ddns.net\/wordpress\/termek\/modeka-jayce-bemutato-videoval-3\/","title":{"rendered":"Modeka Jayce-Bemutat\u00f3 vide\u00f3val"},"content":{"rendered":"<div class=\"col-sm-14\" style=\"box-sizing: border-box; position: relative; min-height: 1px; padding-left: 8px; padding-right: 7px; float: left; width: 647.5px; font-family: Roboto, sans-serif; font-size: 14px;\">\n<div class=\"row\" style=\"box-sizing: border-box; margin-left: -7px; margin-right: -8px;\">\n<div class=\"col-xs-24\" style=\"box-sizing: border-box; position: relative; min-height: 1px; padding-left: 8px; padding-right: 7px; float: left; width: 647.5px;\">\n<div class=\"product-description\" style=\"box-sizing: border-box; font-size: 16px;\">\n<p style=\"box-sizing: border-box; margin: 0px 0px 10px;\"><strong style=\"box-sizing: border-box;\">Hossz&uacute;sz&aacute;r&uacute; protektoros keszty\u0171<\/strong><\/p>\n<p style=\"box-sizing: border-box; margin: 0px 0px 10px;\"><strong style=\"box-sizing: border-box;\">Kiv&aacute;l&oacute; min\u0151s&eacute;g\u0171 kecskeb\u0151r amely az &aacute;tlagn&aacute;l sokkal magasabb szint\u0171 k&eacute;nyelmet biztos&iacute;t.&nbsp;<\/strong><\/p>\n<p style=\"box-sizing: border-box; margin: 0px 0px 10px;\"><strong style=\"box-sizing: border-box; max-width: 100%; font-family: Roboto, sans-serif; font-size: 16px;\">A kecskeb\u0151r keszty\u0171k, m&aacute;r az els\u0151 felv&eacute;telkor is azonnal &eacute;rezhet\u0151en sokkal k&eacute;nyelmesebbek mint a marhab\u0151rb\u0151l k&eacute;sz&uuml;ltek.&nbsp;<\/strong><\/p>\n<p style=\"box-sizing: border-box; margin: 0px 0px 10px;\"><strong style=\"box-sizing: border-box;\">DuPont &trade; KEVLAR &reg; anyag er\u0151s&iacute;t&eacute;s a teny&eacute;ren<\/strong><\/p>\n<p style=\"box-sizing: border-box; margin: 0px 0px 10px;\"><strong style=\"box-sizing: border-box;\">A csukl&oacute; r&eacute;szen is er\u0151s&iacute;tett v&eacute;delemmel ell&aacute;tva<\/strong><\/p>\n<p style=\"box-sizing: border-box; margin: 0px 0px 10px;\"><strong style=\"box-sizing: border-box; max-width: 100%; font-family: Roboto, sans-serif; font-size: 16px; color: rgb(255, 0, 0);\">Az egyik legnagyobb biztons&aacute;got k&iacute;n&aacute;l&oacute; motoros keszty\u0171! Extra mennyis&eacute;g\u0171 er\u0151s protektorok nem csak a megszokott r&eacute;szeken, hanem a teny&eacute;rr&eacute;szen is.&nbsp;<\/strong><\/p>\n<p style=\"box-sizing: border-box; margin: 0px 0px 10px;\"><strong style=\"box-sizing: border-box;\">Szell\u0151z&eacute;s az ujjakon<\/strong><\/p>\n<p style=\"box-sizing: border-box; margin: 0px 0px 10px;\"><strong style=\"box-sizing: border-box;\">A csukl&oacute;n&aacute;l &eacute;s a mandzsetta r&eacute;szen t&eacute;p\u0151z&aacute;rral &aacute;ll&iacute;that&oacute;&nbsp;<\/strong><\/p>\n<p style=\"box-sizing: border-box; margin: 0px 0px 10px;\"><strong style=\"box-sizing: border-box;\">El&eacute;rhet\u0151 sz&iacute;n: Fekete, Fekete-l&aacute;that&oacute;s&aacute;gi , Fekete-Feh&eacute;r&nbsp;<\/strong><\/p>\n<p style=\"box-sizing: border-box; margin: 0px 0px 10px;\"><strong style=\"box-sizing: border-box;\">El&eacute;rhet\u0151 m&eacute;retek: 10,11,12<\/strong><\/p>\n<p style=\"box-sizing: border-box; margin: 0px 0px 10px;\"><strong style=\"color: rgb(255, 0, 0); font-family: Roboto, sans-serif; font-size: 16px;\">Figyelem! A term&eacute;kr\u0151l bemutat&oacute; vide&oacute; l&aacute;that&oacute; itt:&nbsp;<a href=\"https:\/\/youtube.com\/shorts\/L2nEWy7tMsw?feature=share\">https:\/\/youtube.com\/shorts\/L2nEWy7tMsw?feature=share<\/a><\/strong><\/p>\n<p style=\"box-sizing: border-box; margin: 0px 0px 10px;\">Tov&aacute;bbi term&eacute;ktulajdons&aacute;gok&eacute;rt l&aacute;togasd meg az anyaglexikon men&uuml;pontunkat !<\/p>\n<p style=\"box-sizing: border-box; margin: 0px 0px 10px;\"><strong style=\"box-sizing: border-box; max-width: 100%; font-family: Roboto, sans-serif; font-size: 16px;\">Haszn&aacute;lati &eacute;s kezel&eacute;si &uacute;tmutat&oacute; a term&eacute;khez&nbsp;el&eacute;rhet\u0151 ide kattintva:&nbsp;<a href=\"https:\/\/darazsgarazs.hu\/index.php\/termek\/hasznalati-utmutato.1155.html\">https:\/\/darazsgarazs.hu\/index.php\/termek\/hasznalati-utmutato.1155.html<\/a><\/strong><\/p>\n<p style=\"box-sizing: border-box; margin: 0px 0px 10px;\">A term&eacute;k haszn&aacute;lat&aacute;hoz aj&aacute;nljuk a MODEKA M&eacute;hviaszos b\u0151r &aacute;pol&oacute; term&eacute;k&eacute;t! A speci&aacute;lis k&eacute;sz&iacute;tm&eacute;ny haszn&aacute;lat&aacute;val a motoros term&eacute;kek megv&eacute;dhet\u0151ek az id\u0151 el\u0151tti elhaszn&aacute;l&oacute;d&aacute;st&oacute;l, es\u0151 ut&aacute;ni sz&aacute;rad&aacute;sn&aacute;l a kirepedez&eacute;st\u0151l!<\/p>\n<p style=\"box-sizing: border-box; margin: 0px 0px 10px;\">A Modeka m&eacute;hviaszos term&eacute;k el&eacute;rhet\u0151 az al&aacute;bbi linkre kattintva :<\/p>\n<p style=\"box-sizing: border-box; margin: 0px 0px 10px;\"><a href=\"http:\/\/darazsgarazs.hu\/termek\/modeka-borapolo-50ml-motoros-ruhazat-apolas-bortisztitas-borruha.378.html\" style=\"box-sizing: border-box; background-color: transparent; color: rgb(51, 122, 183); text-decoration-line: none;\">http:\/\/darazsgarazs.hu\/termek\/modeka-borapolo-50ml-motoros-ruhazat-apolas-bortisztitas-borruha.378.html<\/a><\/p>\n<\/div>\n<\/div>\n<\/div>\n<\/div>\n<div class=\"col-sm-24\" style=\"box-sizing: border-box; position: relative; min-height: 1px; padding-left: 8px; padding-right: 7px; float: left; width: 1110px; font-family: Roboto, sans-serif; font-size: 14px;\">\n<div class=\"product-recommended\" style=\"box-sizing: border-box; padding: 15px;\">\n<div class=\"row\" style=\"box-sizing: border-box; margin-left: -7px; margin-right: -8px;\"><\/div>\n<\/div>\n<\/div>\n","protected":false},"excerpt":{"rendered":"<p>Hossz&uacute;sz&aacute;r&uacute; protektoros keszty\u0171 Kiv&aacute;l&oacute; min\u0151s&eacute;g\u0171 kecskeb\u0151r amely az &aacute;tlagn&aacute;l sokkal magasabb szint\u0171 k&eacute;nyelmet biztos&iacute;t.&nbsp; A kecskeb\u0151r keszty\u0171k, m&aacute;r az els\u0151 [&hellip;]<\/p>\n","protected":false},"featured_media":105874,"template":"","meta":{"site-sidebar-layout":"default","site-content-layout":"","ast-site-content-layout":"default","site-content-style":"default","site-sidebar-style":"default","ast-global-header-display":"","ast-banner-title-visibility":"","ast-main-header-display":"","ast-hfb-above-header-display":"","ast-hfb-below-header-display":"","ast-hfb-mobile-header-display":"","site-post-title":"","ast-breadcrumbs-content":"","ast-featured-img":"","footer-sml-layout":"","ast-disable-related-posts":"","theme-transparent-header-meta":"","adv-header-id-meta":"","stick-header-meta":"","header-above-stick-meta":"","header-main-stick-meta":"","header-below-stick-meta":"","astra-migrate-meta-layouts":"default","ast-page-background-enabled":"default","ast-page-background-meta":{"desktop":{"background-color":"var(--ast-global-color-5)","background-image":"","background-repeat":"repeat","background-position":"center center","background-size":"auto","background-attachment":"scroll","background-type":"","background-media":"","overlay-type":"","overlay-color":"","overlay-opacity":"","overlay-gradient":""},"tablet":{"background-color":"","background-image":"","background-repeat":"repeat","background-position":"center center","background-size":"auto","background-attachment":"scroll","background-type":"","background-media":"","overlay-type":"","overlay-color":"","overlay-opacity":"","overlay-gradient":""},"mobile":{"background-color":"","background-image":"","background-repeat":"repeat","background-position":"center center","background-size":"auto","background-attachment":"scroll","background-type":"","background-media":"","overlay-type":"","overlay-color":"","overlay-opacity":"","overlay-gradient":""}},"ast-content-background-meta":{"desktop":{"background-color":"var(--ast-global-color-4)","background-image":"","background-repeat":"repeat","background-position":"center center","background-size":"auto","background-attachment":"scroll","background-type":"","background-media":"","overlay-type":"","overlay-color":"","overlay-opacity":"","overlay-gradient":""},"tablet":{"background-color":"var(--ast-global-color-4)","background-image":"","background-repeat":"repeat","background-position":"center center","background-size":"auto","background-attachment":"scroll","background-type":"","background-media":"","overlay-type":"","overlay-color":"","overlay-opacity":"","overlay-gradient":""},"mobile":{"background-color":"var(--ast-global-color-4)","background-image":"","background-repeat":"repeat","background-position":"center center","background-size":"auto","background-attachment":"scroll","background-type":"","background-media":"","overlay-type":"","overlay-color":"","overlay-opacity":"","overlay-gradient":""}}},"product_brand":[],"product_cat":[143,139],"product_tag":[],"class_list":{"0":"post-109745","1":"product","2":"type-product","3":"status-publish","4":"has-post-thumbnail","6":"product_cat-kesztyuk","7":"product_cat-motoros-ruhazat","8":"desktop-align-left","9":"tablet-align-left","10":"mobile-align-left","12":"first","13":"instock","14":"shipping-taxable","15":"purchasable","16":"product-type-simple"},"jetpack_sharing_enabled":true,"_links":{"self":[{"href":"https:\/\/zatureczkimarcell.ddns.net\/wordpress\/wp-json\/wp\/v2\/product\/109745","targetHints":{"allow":["GET"]}}],"collection":[{"href":"https:\/\/zatureczkimarcell.ddns.net\/wordpress\/wp-json\/wp\/v2\/product"}],"about":[{"href":"https:\/\/zatureczkimarcell.ddns.net\/wordpress\/wp-json\/wp\/v2\/types\/product"}],"wp:featuredmedia":[{"embeddable":true,"href":"https:\/\/zatureczkimarcell.ddns.net\/wordpress\/wp-json\/wp\/v2\/media\/105874"}],"wp:attachment":[{"href":"https:\/\/zatureczkimarcell.ddns.net\/wordpress\/wp-json\/wp\/v2\/media?parent=109745"}],"wp:term":[{"taxonomy":"product_brand","embeddable":true,"href":"https:\/\/zatureczkimarcell.ddns.net\/wordpress\/wp-json\/wp\/v2\/product_brand?post=109745"},{"taxonomy":"product_cat","embeddable":true,"href":"https:\/\/zatureczkimarcell.ddns.net\/wordpress\/wp-json\/wp\/v2\/product_cat?post=109745"},{"taxonomy":"product_tag","embeddable":true,"href":"https:\/\/zatureczkimarcell.ddns.net\/wordpress\/wp-json\/wp\/v2\/product_tag?post=109745"}],"curies":[{"name":"wp","href":"https:\/\/api.w.org\/{rel}","templated":true}]}}