{"id":109739,"date":"2026-04-01T10:36:35","date_gmt":"2026-04-01T08:36:35","guid":{"rendered":"https:\/\/zatureczkimarcell.ddns.net\/wordpress\/?post_type=product&#038;p=109739"},"modified":"2026-04-01T10:37:01","modified_gmt":"2026-04-01T08:37:01","slug":"x-air-nyari-halos-kesztyu-altalunk-is-tesztelt-termek","status":"publish","type":"product","link":"https:\/\/zatureczkimarcell.ddns.net\/wordpress\/termek\/x-air-nyari-halos-kesztyu-altalunk-is-tesztelt-termek\/","title":{"rendered":"X-Air Ny\u00e1ri h\u00e1l\u00f3s keszty\u0171 -\u00c1ltalunk is tesztelt term\u00e9k!"},"content":{"rendered":"<p style=\"box-sizing: border-box; margin: 0px 0px 10px; font-family: Roboto, sans-serif; font-size: 16px;\"><strong><span style=\"font-size: 16px;\">Magas min\u0151s&eacute;g\u0171 nappab\u0151rb\u0151l k&eacute;sz&uuml;lt <span style=\"color:#FF0000;\">k&eacute;nyelmes<\/span>,&nbsp;&nbsp;protektoros&nbsp;ny&aacute;ri motoros keszty\u0171.<\/span><\/strong><\/p>\n<p><span style=\"color:#FF0000;\"><strong><span style=\"font-size: 16px;\">A H&aacute;l&oacute;s szell\u0151z\u0151 r&eacute;szek&nbsp;a legnagyobb k&aacute;nikul&aacute;ban is megfelel\u0151 szell\u0151z&eacute;st biztos&iacute;tanak.&nbsp;<\/span><\/strong><\/span><\/p>\n<p><strong><span style=\"font-size: 16px;\">K&eacute;nyelmes textil b&eacute;l&eacute;s<\/span><\/strong><\/p>\n<p><span style=\"font-size:16px;\"><strong>M&eacute;retek: 6, 7, 8, 9, 10, 11, 12<\/strong><\/span><\/p>\n<p style=\"box-sizing: border-box; margin: 0px 0px 10px; font-family: Roboto, sans-serif; font-size: 16px;\"><span style=\"font-size:16px;\">Tov&aacute;bbi term&eacute;ktulajdons&aacute;gok&eacute;rt l&aacute;togasd meg az anyaglexikon men&uuml;pontunkat !<\/span><\/p>\n<p><span style=\"font-size:16px;\"><span style=\"color: rgb(255, 0, 0);\"><strong>Figyelem! &Uuml;zlet&uuml;nk munkat&aacute;rsai is haszn&aacute;lj&aacute;k a term&eacute;ket!&nbsp;<\/strong><\/span><\/span><\/p>\n<p><span style=\"font-size:16px;\"><span style=\"color: rgb(255, 0, 0);\"><strong>A saj&aacute;t tesztel&eacute;s\u0171 term&eacute;kek men&uuml;pontban olvashatod el szem&eacute;lyes&nbsp;v&eacute;lem&eacute;ny&uuml;ket!&nbsp;<\/strong><\/span><\/span><\/p>\n<p><span style=\"font-size:16px;\"><span style=\"color: rgb(255, 0, 0);\"><strong>Kattints ide:&nbsp;<a href=\"https:\/\/darazsgarazs.hu\/index.php\/termek\/modeka-x-air-nyari-motoros-kesztyu-teszt.782.html\">https:\/\/darazsgarazs.hu\/index.php\/termek\/modeka-x-air-nyari-motoros-kesztyu-teszt.782.html<\/a><\/strong><\/span><\/span><\/p>\n<\/p>\n<p><strong style=\"box-sizing: border-box; max-width: 100%; font-family: Roboto, sans-serif; font-size: 16px;\">Haszn&aacute;lati &eacute;s kezel&eacute;si &uacute;tmutat&oacute; a term&eacute;khez&nbsp;el&eacute;rhet\u0151 ide kattintva:&nbsp;<a href=\"https:\/\/darazsgarazs.hu\/index.php\/termek\/hasznalati-utmutato.1155.html\">https:\/\/darazsgarazs.hu\/index.php\/termek\/hasznalati-utmutato.1155.html<\/a><\/strong><\/p>\n","protected":false},"excerpt":{"rendered":"<p>Magas min\u0151s&eacute;g\u0171 nappab\u0151rb\u0151l k&eacute;sz&uuml;lt k&eacute;nyelmes,&nbsp;&nbsp;protektoros&nbsp;ny&aacute;ri motoros keszty\u0171. A H&aacute;l&oacute;s szell\u0151z\u0151 r&eacute;szek&nbsp;a legnagyobb k&aacute;nikul&aacute;ban is megfelel\u0151 szell\u0151z&eacute;st biztos&iacute;tanak.&nbsp; K&eacute;nyelmes textil b&eacute;l&eacute;s [&hellip;]<\/p>\n","protected":false},"featured_media":107996,"template":"","meta":{"site-sidebar-layout":"default","site-content-layout":"","ast-site-content-layout":"default","site-content-style":"default","site-sidebar-style":"default","ast-global-header-display":"","ast-banner-title-visibility":"","ast-main-header-display":"","ast-hfb-above-header-display":"","ast-hfb-below-header-display":"","ast-hfb-mobile-header-display":"","site-post-title":"","ast-breadcrumbs-content":"","ast-featured-img":"","footer-sml-layout":"","ast-disable-related-posts":"","theme-transparent-header-meta":"","adv-header-id-meta":"","stick-header-meta":"","header-above-stick-meta":"","header-main-stick-meta":"","header-below-stick-meta":"","astra-migrate-meta-layouts":"default","ast-page-background-enabled":"default","ast-page-background-meta":{"desktop":{"background-color":"var(--ast-global-color-5)","background-image":"","background-repeat":"repeat","background-position":"center center","background-size":"auto","background-attachment":"scroll","background-type":"","background-media":"","overlay-type":"","overlay-color":"","overlay-opacity":"","overlay-gradient":""},"tablet":{"background-color":"","background-image":"","background-repeat":"repeat","background-position":"center center","background-size":"auto","background-attachment":"scroll","background-type":"","background-media":"","overlay-type":"","overlay-color":"","overlay-opacity":"","overlay-gradient":""},"mobile":{"background-color":"","background-image":"","background-repeat":"repeat","background-position":"center center","background-size":"auto","background-attachment":"scroll","background-type":"","background-media":"","overlay-type":"","overlay-color":"","overlay-opacity":"","overlay-gradient":""}},"ast-content-background-meta":{"desktop":{"background-color":"var(--ast-global-color-4)","background-image":"","background-repeat":"repeat","background-position":"center center","background-size":"auto","background-attachment":"scroll","background-type":"","background-media":"","overlay-type":"","overlay-color":"","overlay-opacity":"","overlay-gradient":""},"tablet":{"background-color":"var(--ast-global-color-4)","background-image":"","background-repeat":"repeat","background-position":"center center","background-size":"auto","background-attachment":"scroll","background-type":"","background-media":"","overlay-type":"","overlay-color":"","overlay-opacity":"","overlay-gradient":""},"mobile":{"background-color":"var(--ast-global-color-4)","background-image":"","background-repeat":"repeat","background-position":"center center","background-size":"auto","background-attachment":"scroll","background-type":"","background-media":"","overlay-type":"","overlay-color":"","overlay-opacity":"","overlay-gradient":""}}},"product_brand":[],"product_cat":[143,139],"product_tag":[],"class_list":{"0":"post-109739","1":"product","2":"type-product","3":"status-publish","4":"has-post-thumbnail","6":"product_cat-kesztyuk","7":"product_cat-motoros-ruhazat","8":"desktop-align-left","9":"tablet-align-left","10":"mobile-align-left","12":"first","13":"instock","14":"shipping-taxable","15":"purchasable","16":"product-type-simple"},"jetpack_sharing_enabled":true,"_links":{"self":[{"href":"https:\/\/zatureczkimarcell.ddns.net\/wordpress\/wp-json\/wp\/v2\/product\/109739","targetHints":{"allow":["GET"]}}],"collection":[{"href":"https:\/\/zatureczkimarcell.ddns.net\/wordpress\/wp-json\/wp\/v2\/product"}],"about":[{"href":"https:\/\/zatureczkimarcell.ddns.net\/wordpress\/wp-json\/wp\/v2\/types\/product"}],"wp:featuredmedia":[{"embeddable":true,"href":"https:\/\/zatureczkimarcell.ddns.net\/wordpress\/wp-json\/wp\/v2\/media\/107996"}],"wp:attachment":[{"href":"https:\/\/zatureczkimarcell.ddns.net\/wordpress\/wp-json\/wp\/v2\/media?parent=109739"}],"wp:term":[{"taxonomy":"product_brand","embeddable":true,"href":"https:\/\/zatureczkimarcell.ddns.net\/wordpress\/wp-json\/wp\/v2\/product_brand?post=109739"},{"taxonomy":"product_cat","embeddable":true,"href":"https:\/\/zatureczkimarcell.ddns.net\/wordpress\/wp-json\/wp\/v2\/product_cat?post=109739"},{"taxonomy":"product_tag","embeddable":true,"href":"https:\/\/zatureczkimarcell.ddns.net\/wordpress\/wp-json\/wp\/v2\/product_tag?post=109739"}],"curies":[{"name":"wp","href":"https:\/\/api.w.org\/{rel}","templated":true}]}}