{"id":109737,"date":"2026-04-01T10:36:33","date_gmt":"2026-04-01T08:36:33","guid":{"rendered":"https:\/\/zatureczkimarcell.ddns.net\/wordpress\/?post_type=product&#038;p=109737"},"modified":"2026-04-01T10:36:58","modified_gmt":"2026-04-01T08:36:58","slug":"modeka-panamericana-hatszoros-tesztgyoztes-sot-altalunk-is-tesztelt-termek-videoval","status":"publish","type":"product","link":"https:\/\/zatureczkimarcell.ddns.net\/wordpress\/termek\/modeka-panamericana-hatszoros-tesztgyoztes-sot-altalunk-is-tesztelt-termek-videoval\/","title":{"rendered":"Modeka Panamericana hatszoros tesztgy\u0151ztes-S\u0151t! \u00c1ltalunk is tesztelt term\u00e9k!-Vide\u00f3val"},"content":{"rendered":"<p><span style=\"color:#FF0000;\"><strong>A term&eacute;k a Nemzetk&ouml;zi Motorrad magazinban Sehr Gut min\u0151s&iacute;t&eacute;st szerzett &eacute;s &aacute;r-&eacute;rt&eacute;k versenyt is&nbsp; nyert! A szak&eacute;rt\u0151k&nbsp;v&eacute;lem&eacute;nye: &quot;A Modeka Panamericana k&eacute;nyelme ,biztons&aacute;ga &eacute;s t&aacute;rol&aacute;sra kialak&iacute;tott r&eacute;szei p&eacute;ldamutat&oacute;ak! &quot;&nbsp;&nbsp;A teszt k&eacute;peit mell&eacute;kelt&uuml;k!&nbsp;<\/strong><\/span><\/p>\n<p><font color=\"#ff0000\"><b>A Motorrad magazin 2023-as tesztj&eacute;n is sikerrel szerepelt a Modeka Panamericana.&nbsp;<\/b><\/font><\/p>\n<p><strong>A tesztben a ruha minden r&eacute;szlet&eacute;t k&uuml;l&ouml;n is d&iacute;cs&eacute;rt&eacute;k amellett, hogy kihangs&uacute;lyozt&aacute;k azt a t&eacute;nyt, hogy minden id\u0151j&aacute;r&aacute;si k&ouml;r&uuml;lm&eacute;nyben kimagasl&oacute; komfortot k&eacute;pvisel. A bels\u0151 thermo b&eacute;l&eacute;s eleganci&aacute;ja tov&aacute;bbra is p&aacute;ratlan a piacon. K&uuml;l&ouml;n sportosan eleg&aacute;ns&nbsp;kab&aacute;tk&eacute;nt is viselhet\u0151. A tesztben arr&oacute;l is elismer\u0151en sz&oacute;ltak, hogy a kab&aacute;t LEVEL 2-es, teh&aacute;t a legbiztons&aacute;gosabb protektoroz&aacute;st kapta.&nbsp;<\/strong><\/p>\n<p><strong style=\"color: rgb(255, 0, 0); font-family: Roboto, sans-serif; font-size: 16px;\">Figyelem! Koll&eacute;g&aacute;ink is tesztelt&eacute;k a Modeka Panamericana szettet. A Tesztet &eacute;s a tesztr\u0151l k&eacute;sz&uuml;lt vide&oacute;t ide kattintva tekintheted meg:&nbsp;<a href=\"https:\/\/darazsgarazs.hu\/termek\/modeka-panamericana-szett-teszt.829.html\">https:\/\/darazsgarazs.hu\/termek\/modeka-panamericana-szett-teszt.829.html<\/a><\/strong><\/p>\n<p><strong style=\"color: rgb(255, 0, 0); font-family: Roboto, sans-serif; font-size: 16px;\">Koll&eacute;g&aacute;nk Hollandi&aacute;ig tart&oacute; Modeka Panamericana teszt&uacute;tj&aacute;r&oacute;l&nbsp;itt olvashatsz:&nbsp;<a href=\"https:\/\/darazsgarazs.hu\/index.php\/termek\/modeka-panamericana-tesztut-hollandiaba.1215.html\">https:\/\/darazsgarazs.hu\/index.php\/termek\/modeka-panamericana-tesztut-hollandiaba.1215.html<\/a><\/strong><\/p>\n<\/p>\n<p><strong>El&eacute;gedett &uuml;gyfeleink k&eacute;pei is megtal&aacute;lhat&oacute;ak a k&eacute;pek k&ouml;z&ouml;tt, s\u0151t! Egy n&eacute;pszer\u0171 Facebook t&uacute;racsoportb&oacute;l is l&aacute;tni a k&eacute;pek k&ouml;z&ouml;tt egy lementett &uuml;zenetv&aacute;lt&aacute;st ! &Eacute;rdemes elolvasni!&nbsp;<\/strong><\/p>\n<p><span style=\"color: rgb(255, 0, 0);\"><strong>A Panamericana kab&aacute;t &eacute;s nadr&aacute;g az Enduro magazinban is sikerrel szerepelt! &Aacute;r- &Eacute;rt&eacute;k versenyt nyert ! A magazinban a Panamericana kab&aacute;t &eacute;s nadr&aacute;g szell\u0151z&eacute;s&eacute;t emelt&eacute;k ki &eacute;s az &ouml;tletes kialak&iacute;t&aacute;s&aacute;t!&nbsp;<\/strong><\/span><\/p>\n<p><span style=\"color: rgb(255, 0, 0);\"><strong>A Motorrad TIPP&nbsp;szint&eacute;n kimagasl&oacute;an j&oacute;nak tal&aacute;lta a Panamericana szettet!&nbsp;<\/strong><\/span><\/p>\n<p><span style=\"color: rgb(255, 0, 0);\"><strong>A Motorrad &amp;Reisen magazin&nbsp;az al&aacute;bbiakat k&ouml;z&ouml;lte a tesztgy\u0151ztes term&eacute;kr\u0151l:&quot; A Modeka Panamericana egy nagyon j&oacute;l &aacute;tgondolt, &ouml;tletes r&eacute;szleteket tartalmaz&oacute; , eg&eacute;sz &eacute;vben haszn&aacute;lhat&oacute; n&eacute;gy &eacute;vszakos motoros term&eacute;k!&quot;&nbsp;<\/strong><\/span><\/p>\n<p><span style=\"color: rgb(255, 0, 0);\"><span style=\"box-sizing: border-box; max-width: 100%;\"><strong style=\"box-sizing: border-box; max-width: 100%;\">Frankfurter Allgemeine:&nbsp;<\/strong><\/span><\/span><\/p>\n<p style=\"box-sizing: border-box; margin: 0px 0px 10px; max-width: 100%; font-family: Roboto, sans-serif;\"><span style=\"color: rgb(255, 0, 0);\"><b><font size=\"1\"><span style=\"font-family: Arial, Helvetica, sans-serif;\">&bdquo;Ennek a kalandruh&aacute;nak a sokoldal&uacute;s&aacute;g&aacute;t nem lehet fel&uuml;lm&uacute;lni&quot;&nbsp;<\/span><\/font><\/b><\/span><\/p>\n<p style=\"box-sizing: border-box; margin: 0px 0px 10px; font-family: Roboto, sans-serif; font-size: 16px;\"><span style=\"color:#FF0000;\"><span style=\"box-sizing: border-box;\"><strong style=\"box-sizing: border-box;\">K&uuml;l&ouml;n&ouml;sen k&eacute;nyelmes , er\u0151s szak&iacute;t&oacute;szil&aacute;rds&aacute;g&uacute; Tactel anyagb&oacute;l k&eacute;sz&uuml;lt pr&eacute;mium min\u0151s&eacute;g\u0171 n&eacute;gy &eacute;vszakos motoros nadr&aacute;g&nbsp;<\/strong><\/span><\/span><\/p>\n<p style=\"box-sizing: border-box; margin: 0px 0px 10px; font-family: Roboto, sans-serif; font-size: 16px;\"><span style=\"box-sizing: border-box;\"><strong style=\"box-sizing: border-box;\">Az er\u0151sen ig&eacute;nybevett r&eacute;szeken 1000D Cordura meger\u0151s&iacute;t&eacute;ssel!<\/strong><\/span><\/p>\n<p style=\"box-sizing: border-box; margin: 0px 0px 10px; font-family: Roboto, sans-serif; font-size: 16px;\"><span style=\"box-sizing: border-box;\"><strong style=\"box-sizing: border-box;\">DuPont Kevl&aacute;r h\u0151v&eacute;delem a l&aacute;bsz&aacute;r r&eacute;szen.<\/strong><\/span><\/p>\n<p style=\"box-sizing: border-box; margin: 0px 0px 10px; font-family: Roboto, sans-serif; font-size: 16px;\"><span style=\"box-sizing: border-box;\"><strong style=\"box-sizing: border-box;\">Cs&uacute;sz&aacute;sg&aacute;tl&oacute; anyag az &uuml;l\u0151 fel&uuml;leten.<\/strong><\/span><\/p>\n<p style=\"box-sizing: border-box; margin: 0px 0px 10px; font-family: Roboto, sans-serif; font-size: 16px;\"><span style=\"box-sizing: border-box;\"><strong style=\"box-sizing: border-box;\">&quot;Air Draft &quot;&nbsp;Szell\u0151ztet\u0151 zsebek &eacute;s nyithat&oacute; Airvent szell\u0151z\u0151 cipz&aacute;rak<\/strong><\/span><\/p>\n<p style=\"box-sizing: border-box; margin: 0px 0px 10px; font-family: Roboto, sans-serif; font-size: 16px;\"><span style=\"box-sizing: border-box;\"><strong style=\"box-sizing: border-box;\">F&eacute;nyvisszaver\u0151 3M &trade; Scotchlite &trade; bet&eacute;tekkel<\/strong><\/span><\/p>\n<p style=\"box-sizing: border-box; margin: 0px 0px 10px; font-family: Roboto, sans-serif;\"><span style=\"box-sizing: border-box;\"><strong style=\"box-sizing: border-box;\"><span style=\"font-size: 16px;\">Kivehet\u0151 Sympatex&reg; membr&aacute;n: 100% v&iacute;z&aacute;ll&oacute; &eacute;s sz&eacute;l&aacute;ll&oacute;, l&eacute;legz\u0151, dinamikus kl&iacute;mamembr&aacute;n .<\/span><\/strong><\/span><strong style=\"font-family: Roboto, sans-serif; box-sizing: border-box;\"><span style=\"font-size: 16px; color: rgb(255, 0, 0);\">Err\u0151l a legmagasabb tud&aacute;s&uacute; (45.000mm) membr&aacute;nr&oacute;l lejjebb r&eacute;szletesen is olvashatsz! FIGYELEM! A LEGMAGASABB TUD&Aacute;S&Uacute; DINAMIKUS L&Eacute;LEGZ\u0150 MEMBR&Aacute;NTECHNOL&Oacute;GIA JELENLEG A VIL&Aacute;GON!&nbsp;<\/span><\/strong><br style=\"box-sizing: border-box;\" \/><br \/>\n<span style=\"box-sizing: border-box;\"><strong style=\"box-sizing: border-box;\"><span style=\"font-size: 16px;\">Kivehet\u0151&nbsp; termikus b&eacute;l&eacute;s<\/span><br style=\"box-sizing: border-box;\" \/><br \/>\n<span style=\"font-size: 16px;\">SAS-TEC t&eacute;rdv&eacute;d\u0151 .<span style=\"color:#FF0000;\">A jelenlegi legmagasabb LEVEL2&nbsp;v&eacute;delmi szint\u0171 t&eacute;rd v&eacute;delem<\/span>.<\/span><span style=\"font-size: 13px;\">&nbsp;<\/span><\/strong><\/span><strong><span style=\"font-size:16px;\">A nadr&aacute;gban a t&eacute;rdprotektor helyzete &aacute;ll&iacute;that&oacute;, &iacute;gy a be&aacute;ll&iacute;t&aacute;st k&ouml;vet\u0151en <span style=\"color:#FF0000;\">mindenki sz&aacute;m&aacute;ra azonnal t&ouml;k&eacute;letes helyen lesz a protektor .<\/span><\/span><\/strong><\/p>\n<p style=\"box-sizing: border-box; margin: 0px 0px 10px; font-family: Roboto, sans-serif; font-size: 16px;\"><strong style=\"color: rgb(255, 0, 0); font-family: Roboto, sans-serif; font-size: 16px; box-sizing: border-box;\">JELENLEG A LEVEL 2 A L&Eacute;TEZ\u0150 LEGMAGASABB V&Eacute;DELMI SZABV&Aacute;NY! A MODEKA PANAMERICANA&nbsp;RUH&Aacute;ZATBAN A LEGJOBB T&Eacute;RDV&Eacute;DELMET KAPOD!&nbsp;<\/strong><br style=\"box-sizing: border-box;\" \/><br \/>\n<span style=\"box-sizing: border-box;\"><strong style=\"box-sizing: border-box;\">SAS-TEC cs&iacute;p\u0151v&eacute;d\u0151k&nbsp;<br style=\"box-sizing: border-box;\" \/><br \/>\n2 v&iacute;z&aacute;ll&oacute; k&uuml;ls\u0151 zsebbel<br style=\"box-sizing: border-box;\" \/><br \/>\n&quot;Safety&quot; biztons&aacute;gi varr&aacute;ssal k&eacute;sz&uuml;lt term&eacute;k<\/strong><\/span><\/p>\n<p style=\"box-sizing: border-box; margin: 0px 0px 10px; font-family: Roboto, sans-serif; font-size: 16px;\"><span style=\"box-sizing: border-box;\"><strong style=\"box-sizing: border-box;\">Levehet\u0151 kant&aacute;rral&nbsp;<\/strong><\/span><\/p>\n<p style=\"box-sizing: border-box; margin: 0px 0px 10px; font-family: Roboto, sans-serif; font-size: 16px;\"><strong style=\"font-family: Roboto, sans-serif; font-size: 16px; box-sizing: border-box;\">M&eacute;retek: S, M, L, XL, 2XL, 3XL, 4XL, 5XL<\/strong><\/p>\n<p style=\"box-sizing: border-box; margin: 0px 0px 10px; font-family: Roboto, sans-serif; font-size: 16px;\"><span style=\"box-sizing: border-box;\"><strong style=\"box-sizing: border-box;\">(Figyelem! Az 5XL m&eacute;ret &aacute;ra az alap&aacute;rn&aacute;l 10%-al magasabb!)&nbsp;<\/strong><\/span><\/p>\n<p style=\"box-sizing: border-box; margin: 0px 0px 10px; font-family: Roboto, sans-serif; font-size: 16px;\"><span style=\"box-sizing: border-box;\"><strong style=\"box-sizing: border-box;\">Hossz&iacute;tott l&aacute;b&uacute; fazon: LM-t\u0151l,L3XL-ig&nbsp;<\/strong><\/span><\/p>\n<p style=\"box-sizing: border-box; margin: 0px 0px 10px; font-family: Roboto, sans-serif; font-size: 16px;\"><span style=\"box-sizing: border-box;\"><strong style=\"box-sizing: border-box;\">R&ouml;vid&iacute;tett l&aacute;b&uacute; fazon: KM-t\u0151l,K5XL-ig<\/strong><\/span><\/p>\n<p style=\"box-sizing: border-box; margin: 0px 0px 10px; font-family: Roboto, sans-serif; font-size: 16px;\"><strong>A term&eacute;kr\u0151l v&aacute;s&aacute;rl&oacute;i v&eacute;lem&eacute;ny olvashat&oacute; ide kattintva:&nbsp;<a href=\"http:\/\/darazsgarazs.hu\/termek\/modeka-panamericana-vasarloi-teszt.796.html\">http:\/\/darazsgarazs.hu\/termek\/modeka-panamericana-vasarloi-teszt.796.html<\/a><\/strong><\/p>\n<p style=\"box-sizing: border-box; margin: 0px 0px 10px; font-family: Roboto, sans-serif; font-size: 16px;\"><span style=\"box-sizing: border-box;\"><strong style=\"box-sizing: border-box;\">Kab&aacute;ttal &ouml;sszecipz&aacute;razhat&oacute;<\/strong><\/span><\/p>\n<p style=\"box-sizing: border-box; margin: 0px 0px 10px; font-family: Roboto, sans-serif; font-size: 16px;\"><span style=\"box-sizing: border-box;\"><strong style=\"box-sizing: border-box;\">A term&eacute;khez el&eacute;rhet\u0151 a Panamericana kab&aacute;t , az al&aacute;bbi linkekre kattintva:&nbsp;<a href=\"http:\/\/darazsgarazs.hu\/termek\/modeka-panamericana-negy-evszakos-motoros-kabat-sympatex-membrannal.735.html\">http:\/\/darazsgarazs.hu\/termek\/modeka-panamericana-negy-evszakos-motoros-kabat-sympatex-membrannal.735.html<\/a><\/strong><\/span><\/p>\n<p style=\"box-sizing: border-box; margin: 0px 0px 10px; font-family: Roboto, sans-serif; font-size: 16px;\"><span style=\"box-sizing: border-box;\"><strong style=\"box-sizing: border-box;\">A Panamericana term&eacute;kcsal&aacute;d keszty\u0171j&eacute;t az al&aacute;bbi linkre kattintva tekintheted meg:&nbsp;<\/strong><\/span><\/p>\n<p style=\"box-sizing: border-box; margin: 0px 0px 10px; font-family: Roboto, sans-serif; font-size: 16px;\"><span style=\"box-sizing: border-box;\"><strong style=\"box-sizing: border-box;\"><a href=\"https:\/\/darazsgarazs.hu\/termek\/modeka-panamericana-motoros-kesztyu.750.html\">https:\/\/darazsgarazs.hu\/termek\/modeka-panamericana-motoros-kesztyu.750.html<\/a><\/strong><\/span><\/p>\n<p style=\"box-sizing: border-box; margin: 0px 0px 10px; font-family: Roboto, sans-serif; font-size: 16px;\"><span style=\"color:#FF0000;\"><strong>Figyelem! Amit a Sympatex membr&aacute;nr&oacute;l tudni &eacute;rdemes:&nbsp;<\/strong><\/span><\/p>\n<p style=\"box-sizing: border-box; margin: 0px 0px 10px; font-family: Roboto, sans-serif; font-size: 16px;\"><span style=\"font-family: Roboto, sans-serif; font-size: 16px; box-sizing: border-box; color: rgb(255, 0, 0);\"><strong style=\"box-sizing: border-box;\">Sympatex membr&aacute;n&reg;&nbsp;<\/strong><\/span><span style=\"font-family: Roboto, sans-serif; font-size: 16px;\"><strong><span segoe=\"\" style=\"color: rgb(68, 68, 68);\" ui=\"\">K&ouml;nny\u0171, ultrav&eacute;kony membr&aacute;n, ami teljesen v&iacute;z- &eacute;s sz&eacute;l&aacute;ll&oacute;, valamint maxim&aacute;lisan l&eacute;legz\u0151. Ez a r&eacute;teg a b&eacute;l&eacute;s &eacute;s ruh&aacute;zat k&uuml;ls\u0151 r&eacute;tege k&ouml;z&ouml;tt egy falat jelent a nedvess&eacute;gnek de a dinamikus membr&aacute;ntechnol&oacute;gi&aacute;nak k&ouml;sz&ouml;nhet\u0151en kiengedi a p&aacute;r&aacute;t, &iacute;gy a tested teljes fel&uuml;let&eacute;n l&eacute;legezhet.&nbsp;<\/span><\/strong><\/span><span style=\"font-family: Roboto, sans-serif; font-size: 16px;\"><strong style=\"font-size: 14px; box-sizing: border-box; max-width: 100%;\"><span open=\"\" sans=\"\" style=\"box-sizing: border-box; max-width: 100%; color: rgb(0, 0, 0);\">A legt&ouml;bb membr&aacute;ntechnol&oacute;gi&aacute;val ellent&eacute;tben nem por&oacute;zus membr&aacute;n, azaz nem csak fizikai, hanem k&eacute;miai elven is m\u0171k&ouml;dik. A membr&aacute;n v&iacute;zsz&iacute;v&oacute; r&eacute;sze felveszi a nedvess&eacute;get a test fel\u0151l, &aacute;tvezeti mag&aacute;n, &eacute;s a k&uuml;ls\u0151 felsz&iacute;n&eacute;n engedi elp&aacute;rologni. Ilyenkor a molekul&aacute;ris p&aacute;raszemcs&eacute;ket hidrofil molekul&aacute;ris l&aacute;ncok sz&aacute;ll&iacute;tj&aacute;k kifel&eacute;. A membr&aacute;n molekul&aacute;ris strukt&uacute;r&aacute;ja nedvess&eacute;g hat&aacute;s&aacute;ra megduzzad, &iacute;gy&nbsp;helyet biztos&iacute;t a v&iacute;zg\u0151z gyors &aacute;thalad&aacute;s&aacute;hoz &eacute;s elp&aacute;rolg&aacute;s&aacute;hoz. Ez a hat&aacute;s a h\u0151m&eacute;rs&eacute;klet-k&uuml;l&ouml;nbs&eacute;g &eacute;s a termel\u0151d&ouml;tt p&aacute;ra mennyis&eacute;g&eacute;vel ar&aacute;nyosan fokoz&oacute;dik.<\/span><\/strong><\/span><br segoe=\"\" style=\"font-family: Roboto, sans-serif; font-size: 16px; box-sizing: inherit; color: rgb(68, 68, 68);\" ui=\"\" \/><br \/>\n<span style=\"font-family: Roboto, sans-serif; font-size: 16px;\"><strong><span segoe=\"\" style=\"color: rgb(68, 68, 68);\" ui=\"\">Teh&aacute;t a&nbsp;Sympatex membr&aacute;n &eacute;rz&eacute;keli az izzadts&aacute;got &eacute;s a&nbsp;nedvess&eacute;get t&ouml;k&eacute;letesen elvezeti a testfel&uuml;letr\u0151l. A DIN EN ISO 9237 tan&uacute;s&iacute;tv&aacute;ny szerint a membr&aacute;n teljesen sz&eacute;l&aacute;ll&oacute;&nbsp;<\/span><\/strong><\/span><strong style=\"font-family: Roboto, sans-serif; font-size: 16px;\"><span segoe=\"\" style=\"color: rgb(68, 68, 68);\" ui=\"\">(azaz 0 liter\/m&sup2;)<\/span><\/strong><span style=\"font-family: Roboto, sans-serif; font-size: 16px;\"><strong><span segoe=\"\" style=\"color: rgb(68, 68, 68);\" ui=\"\">, egy&aacute;ltal&aacute;n nem jut &aacute;t rajta a menetsz&eacute;l&nbsp;, &iacute;gy az nem mozgatja el a testet k&ouml;r&uuml;lvev\u0151 melegebb l&eacute;gr&eacute;teget. Az anyag a v&iacute;z&aacute;ll&oacute;s&aacute;g ter&eacute;n is kimagasl&oacute; tulajdons&aacute;gokkal rendelkezik. Az EN 343 szabv&aacute;ny &eacute;rtelm&eacute;ben egy membr&aacute;n akkor tekinthet\u0151 v&iacute;zhatlannak, ha ellen&aacute;ll egy 1300 mm magas v&iacute;zoszlop nyom&aacute;s&aacute;nak. Az ISO 811 tan&uacute;s&iacute;tv&aacute;ny szerint a Sympatex membr&aacute;n messze fel&uuml;lm&uacute;lja ezt a k&ouml;vetelm&eacute;nyt, hiszen 45 000 mm magas v&iacute;zoszlop nyom&aacute;s&aacute;nak is k&eacute;pes ellen&aacute;llni &iacute;gy jelenleg <\/span><span style=\"color:#FF0000;\"><span segoe=\"\" ui=\"\">a vil&aacute;g legmagasabb tud&aacute;s&uacute; membr&aacute;n technol&oacute;gi&aacute;ja!<\/span><\/span><\/strong><\/span><\/p>\n<p style=\"box-sizing: border-box; margin: 0px 0px 10px; font-family: Roboto, sans-serif; font-size: 14px; line-height: 15.6pt;\">Tov&aacute;bbi term&eacute;ktulajdons&aacute;gok&eacute;rt l&aacute;togasd meg az anyaglexikon men&uuml;pontunkat !<\/p>\n<p style=\"box-sizing: border-box; margin: 0px 0px 10px; font-family: Roboto, sans-serif; font-size: 14px; line-height: 15.6pt;\">A term&eacute;k k&eacute;nyelm&eacute;re &eacute;s kiv&aacute;l&oacute; szell\u0151z&eacute;s&eacute;re jellemz\u0151 hogy t&ouml;bb kedves &uuml;gyfel&uuml;nk a sivatagban&nbsp;is motorozott Panamericana szettben! A k&eacute;peket a term&eacute;k k&eacute;pei k&ouml;z&ouml;tt megtekintheted.&nbsp;<\/p>\n<div style=\"position:relative;padding-bottom:56.25%;padding-top:30px;height:0;overflow:hidden;\"><iframe loading=\"lazy\" allowfullscreen=\"\" frameborder=\"0\" height=\"360\" src=\"\/\/www.youtube.com\/embed\/sSKwtcw2DKc?rel=0\" style=\"position: absolute;top: 0;left: 0;width: 100%;height: 100%;\" width=\"640\"><\/iframe><\/div>\n<div style=\"position:relative;padding-bottom:56.25%;padding-top:30px;height:0;overflow:hidden;\"><strong style=\"box-sizing: border-box; color: rgb(255, 0, 0); font-family: Roboto, sans-serif; font-size: 16px;\">A Panamericana szettet &uuml;zlet&uuml;nk munkat&aacute;rsai is letesztelt&eacute;k!A teljes teszt elolvashat&oacute; a &quot;Saj&aacute;t tesztel&eacute;s\u0171 term&eacute;k men&uuml;pont&quot; alatt.&nbsp; Egy szokatlanul extr&eacute;m vide&oacute;s bemutat&oacute;&eacute;rt kattints ide:<\/strong><iframe loading=\"lazy\" allowfullscreen=\"\" frameborder=\"0\" height=\"360\" src=\"\/\/www.youtube.com\/embed\/RsYM6ZGrbmk?rel=0\" style=\"position: absolute;top: 0;left: 0;width: 100%;height: 100%;\" width=\"640\"><\/iframe><\/div>\n<div style=\"position:relative;padding-bottom:56.25%;padding-top:30px;height:0;overflow:hidden;\">\n<p style=\"font-family: Roboto, sans-serif; font-size: 16px;\"><strong style=\"box-sizing: border-box; max-width: 100%; font-family: Roboto, sans-serif; font-size: 16px;\">Haszn&aacute;lati &eacute;s kezel&eacute;si &uacute;tmutat&oacute; a term&eacute;khez&nbsp;el&eacute;rhet\u0151 ide kattintva:&nbsp;<a href=\"https:\/\/darazsgarazs.hu\/index.php\/termek\/hasznalati-utmutato.1155.html\">https:\/\/darazsgarazs.hu\/index.php\/termek\/hasznalati-utmutato.1155.html<\/a><\/strong><\/p>\n<p style=\"font-family: Roboto, sans-serif; font-size: 16px;\">A term&eacute;k rendeltet&eacute;sszer\u0171 haszn&aacute;lat sor&aacute;n&nbsp;speci&aacute;lis mos&oacute;szerrel tiszt&iacute;that&oacute; !<\/p>\n<p style=\"font-family: Roboto, sans-serif; font-size: 16px;\">A mos&oacute;szer speci&aacute;lisan technikai &ndash; motoros ruh&aacute;zathoz lett fejlesztve, haszn&aacute;lat&aacute;val a term&eacute;kek nem csak tiszt&aacute;n tarthat&oacute;ak, de v&aacute;rhat&oacute; haszn&aacute;lati idej&uuml;k is n&ouml;vekszik!<\/p>\n<p style=\"font-family: Roboto, sans-serif; font-size: 16px;\">\n<\/div>\n<div style=\"position:relative;padding-bottom:56.25%;padding-top:30px;height:0;overflow:hidden;\"><\/div><\/p>\n","protected":false},"excerpt":{"rendered":"<p>A term&eacute;k a Nemzetk&ouml;zi Motorrad magazinban Sehr Gut min\u0151s&iacute;t&eacute;st szerzett &eacute;s &aacute;r-&eacute;rt&eacute;k versenyt is&nbsp; nyert! A szak&eacute;rt\u0151k&nbsp;v&eacute;lem&eacute;nye: &quot;A Modeka Panamericana [&hellip;]<\/p>\n","protected":false},"featured_media":106754,"template":"","meta":{"site-sidebar-layout":"default","site-content-layout":"","ast-site-content-layout":"default","site-content-style":"default","site-sidebar-style":"default","ast-global-header-display":"","ast-banner-title-visibility":"","ast-main-header-display":"","ast-hfb-above-header-display":"","ast-hfb-below-header-display":"","ast-hfb-mobile-header-display":"","site-post-title":"","ast-breadcrumbs-content":"","ast-featured-img":"","footer-sml-layout":"","ast-disable-related-posts":"","theme-transparent-header-meta":"","adv-header-id-meta":"","stick-header-meta":"","header-above-stick-meta":"","header-main-stick-meta":"","header-below-stick-meta":"","astra-migrate-meta-layouts":"default","ast-page-background-enabled":"default","ast-page-background-meta":{"desktop":{"background-color":"var(--ast-global-color-5)","background-image":"","background-repeat":"repeat","background-position":"center center","background-size":"auto","background-attachment":"scroll","background-type":"","background-media":"","overlay-type":"","overlay-color":"","overlay-opacity":"","overlay-gradient":""},"tablet":{"background-color":"","background-image":"","background-repeat":"repeat","background-position":"center center","background-size":"auto","background-attachment":"scroll","background-type":"","background-media":"","overlay-type":"","overlay-color":"","overlay-opacity":"","overlay-gradient":""},"mobile":{"background-color":"","background-image":"","background-repeat":"repeat","background-position":"center center","background-size":"auto","background-attachment":"scroll","background-type":"","background-media":"","overlay-type":"","overlay-color":"","overlay-opacity":"","overlay-gradient":""}},"ast-content-background-meta":{"desktop":{"background-color":"var(--ast-global-color-4)","background-image":"","background-repeat":"repeat","background-position":"center center","background-size":"auto","background-attachment":"scroll","background-type":"","background-media":"","overlay-type":"","overlay-color":"","overlay-opacity":"","overlay-gradient":""},"tablet":{"background-color":"var(--ast-global-color-4)","background-image":"","background-repeat":"repeat","background-position":"center center","background-size":"auto","background-attachment":"scroll","background-type":"","background-media":"","overlay-type":"","overlay-color":"","overlay-opacity":"","overlay-gradient":""},"mobile":{"background-color":"var(--ast-global-color-4)","background-image":"","background-repeat":"repeat","background-position":"center center","background-size":"auto","background-attachment":"scroll","background-type":"","background-media":"","overlay-type":"","overlay-color":"","overlay-opacity":"","overlay-gradient":""}}},"product_brand":[],"product_cat":[139,138],"product_tag":[],"class_list":{"0":"post-109737","1":"product","2":"type-product","3":"status-publish","4":"has-post-thumbnail","6":"product_cat-motoros-ruhazat","7":"product_cat-nadragok","8":"desktop-align-left","9":"tablet-align-left","10":"mobile-align-left","12":"first","13":"instock","14":"sale","15":"shipping-taxable","16":"purchasable","17":"product-type-simple"},"jetpack_sharing_enabled":true,"_links":{"self":[{"href":"https:\/\/zatureczkimarcell.ddns.net\/wordpress\/wp-json\/wp\/v2\/product\/109737","targetHints":{"allow":["GET"]}}],"collection":[{"href":"https:\/\/zatureczkimarcell.ddns.net\/wordpress\/wp-json\/wp\/v2\/product"}],"about":[{"href":"https:\/\/zatureczkimarcell.ddns.net\/wordpress\/wp-json\/wp\/v2\/types\/product"}],"wp:featuredmedia":[{"embeddable":true,"href":"https:\/\/zatureczkimarcell.ddns.net\/wordpress\/wp-json\/wp\/v2\/media\/106754"}],"wp:attachment":[{"href":"https:\/\/zatureczkimarcell.ddns.net\/wordpress\/wp-json\/wp\/v2\/media?parent=109737"}],"wp:term":[{"taxonomy":"product_brand","embeddable":true,"href":"https:\/\/zatureczkimarcell.ddns.net\/wordpress\/wp-json\/wp\/v2\/product_brand?post=109737"},{"taxonomy":"product_cat","embeddable":true,"href":"https:\/\/zatureczkimarcell.ddns.net\/wordpress\/wp-json\/wp\/v2\/product_cat?post=109737"},{"taxonomy":"product_tag","embeddable":true,"href":"https:\/\/zatureczkimarcell.ddns.net\/wordpress\/wp-json\/wp\/v2\/product_tag?post=109737"}],"curies":[{"name":"wp","href":"https:\/\/api.w.org\/{rel}","templated":true}]}}