{"id":109732,"date":"2026-04-01T10:36:29","date_gmt":"2026-04-01T08:36:29","guid":{"rendered":"https:\/\/zatureczkimarcell.ddns.net\/wordpress\/?post_type=product&#038;p=109732"},"modified":"2026-04-01T10:36:53","modified_gmt":"2026-04-01T08:36:53","slug":"riasztos-tarcsafekzar-teszt","status":"publish","type":"product","link":"https:\/\/zatureczkimarcell.ddns.net\/wordpress\/termek\/riasztos-tarcsafekzar-teszt\/","title":{"rendered":"Riaszt\u00f3s t\u00e1rcsaf\u00e9kz\u00e1r teszt"},"content":{"rendered":"<p><span style=\"font-size:16px;\"><strong>Az &uuml;zlet&uuml;nk &aacute;ltal k&iacute;n&aacute;lt riaszt&oacute;s t&aacute;rcsaf&eacute;kz&aacute;rat rajtunk k&iacute;v&uuml;l t&ouml;bb bar&aacute;tunk &ndash; ismer\u0151s&uuml;nk haszn&aacute;lja nagy megel&eacute;ged&eacute;ssel ! Ez a teszt teh&aacute;t nem csak a saj&aacute;t , de az &aacute;ltalunk ismert tov&aacute;bbi felhaszn&aacute;l&oacute;k egybehangz&oacute; v&eacute;lem&eacute;ny&eacute;t summ&aacute;zza. <\/strong><\/span><\/p>\n<p><span style=\"font-size:16px;\"><strong>A riaszt&oacute;s t&aacute;rcsaf&eacute;kz&aacute;r kiv&aacute;l&oacute; megold&aacute;s ha valaki nem szeretn&eacute; megbontani &nbsp;motorj&aacute;nak az elektromos rendszer&eacute;t, illetve ha nem szeretn&eacute; kock&aacute;zatni azt hogy a hosszabb ideig ind&iacute;t&aacute;s n&eacute;lk&uuml;l &aacute;ll&oacute; motor akkumul&aacute;tor&aacute;t a riaszt&oacute; lemer&iacute;tse.&nbsp; <\/strong><\/span><\/p>\n<p><span style=\"font-size:16px;\"><strong>Gyors &eacute;s kompakt megold&aacute;s. Megb&iacute;zhat&oacute;an &uuml;zemel &eacute;s a motor legkisebb mozgat&aacute;s&aacute;ra jelez. <\/strong><\/span><\/p>\n<p><span style=\"font-size:16px;\"><strong>Az &uuml;zlet&uuml;nkben beszerezhet\u0151 term&eacute;knek van egy olyan tulajdons&aacute;ga ami a t&ouml;bbi riaszt&oacute;s t&aacute;rcsaf&eacute;kz&aacute;r k&ouml;z&uuml;l is kiemeli! A hangsz&oacute;r&oacute;ja befel&eacute; , a f&eacute;kt&aacute;rcsa ir&aacute;ny&aacute;ba &aacute;ll. Ez a l&aacute;tsz&oacute;lag jelent&eacute;ktelen dolog &nbsp;azonban egy j&oacute;l &aacute;tgondolt v&eacute;delmi kialak&iacute;t&aacute;s. A tolvaj sz&aacute;m&aacute;ra nem azonnal l&aacute;that&oacute;, teh&aacute;t nem &nbsp;egy&eacute;rtelm\u0171 hogy riaszt&oacute;val felszerelt t&aacute;rcsaf&eacute;kz&aacute;r van a motoron, &iacute;gy annak megsz&oacute;lal&aacute;sa a meglepet&eacute;s erej&eacute;vel hat. Az ilyen meglepet&eacute;s m&aacute;r &ouml;nmag&aacute;ban sokszor g&aacute;tat vet egy esetleges elk&ouml;vet&eacute;si sz&aacute;nd&eacute;knak. A hagyom&aacute;nyos k&uuml;ls\u0151 hangsz&oacute;r&oacute;s t&aacute;rcsaz&aacute;rakra ha r&aacute;k&eacute;sz&uuml;l a tolvaj, azokat k&uuml;l&ouml;nb&ouml;z\u0151 seg&eacute;deszk&ouml;z&ouml;k seg&iacute;ts&eacute;g&eacute;vel esetleg el tudja hallgattatni. Az &uuml;zlet&uuml;nkben megv&aacute;s&aacute;rolhat&oacute; term&eacute;k hangsz&oacute;r&oacute;ja az&aacute;ltal hogy befel&eacute; n&eacute;z, nem hozz&aacute;f&eacute;rhet\u0151, &iacute;gy a tolvaj nem tudja azt kiiktatni, eln&eacute;m&iacute;tani! Csak t&ouml;bb szezon ut&aacute;n kell elemet cser&eacute;lni benne egy &aacute;tlagos felhaszn&aacute;l&oacute;nak, addig marad a k&eacute;nyelmes &eacute;s biztons&aacute;gos haszn&aacute;lat. Csak felhelyezed a f&eacute;kt&aacute;rcs&aacute;ra a motoron &eacute;s m&aacute;ris &eacute;lvezed a riaszt&oacute;s v&eacute;delem minden el\u0151ny&eacute;t!<\/strong><\/span><\/p>\n<p><span style=\"font-size:16px;\"><strong>&nbsp;A t&aacute;rcsaf&eacute;kz&aacute;r r&eacute;szletes le&iacute;r&aacute;s&aacute;t ide kattintva olvashatod:&nbsp;<a href=\"http:\/\/darazsgarazs.hu\/termek\/riasztos-tarcsafekzar.101.html\">http:\/\/darazsgarazs.hu\/termek\/riasztos-tarcsafekzar.101.html<\/a><\/strong><\/span><\/p><\/p>\n","protected":false},"excerpt":{"rendered":"<p>Az &uuml;zlet&uuml;nk &aacute;ltal k&iacute;n&aacute;lt riaszt&oacute;s t&aacute;rcsaf&eacute;kz&aacute;rat rajtunk k&iacute;v&uuml;l t&ouml;bb bar&aacute;tunk &ndash; ismer\u0151s&uuml;nk haszn&aacute;lja nagy megel&eacute;ged&eacute;ssel ! Ez a teszt teh&aacute;t [&hellip;]<\/p>\n","protected":false},"featured_media":108394,"template":"","meta":{"site-sidebar-layout":"default","site-content-layout":"","ast-site-content-layout":"default","site-content-style":"default","site-sidebar-style":"default","ast-global-header-display":"","ast-banner-title-visibility":"","ast-main-header-display":"","ast-hfb-above-header-display":"","ast-hfb-below-header-display":"","ast-hfb-mobile-header-display":"","site-post-title":"","ast-breadcrumbs-content":"","ast-featured-img":"","footer-sml-layout":"","ast-disable-related-posts":"","theme-transparent-header-meta":"","adv-header-id-meta":"","stick-header-meta":"","header-above-stick-meta":"","header-main-stick-meta":"","header-below-stick-meta":"","astra-migrate-meta-layouts":"default","ast-page-background-enabled":"default","ast-page-background-meta":{"desktop":{"background-color":"var(--ast-global-color-5)","background-image":"","background-repeat":"repeat","background-position":"center center","background-size":"auto","background-attachment":"scroll","background-type":"","background-media":"","overlay-type":"","overlay-color":"","overlay-opacity":"","overlay-gradient":""},"tablet":{"background-color":"","background-image":"","background-repeat":"repeat","background-position":"center center","background-size":"auto","background-attachment":"scroll","background-type":"","background-media":"","overlay-type":"","overlay-color":"","overlay-opacity":"","overlay-gradient":""},"mobile":{"background-color":"","background-image":"","background-repeat":"repeat","background-position":"center center","background-size":"auto","background-attachment":"scroll","background-type":"","background-media":"","overlay-type":"","overlay-color":"","overlay-opacity":"","overlay-gradient":""}},"ast-content-background-meta":{"desktop":{"background-color":"var(--ast-global-color-4)","background-image":"","background-repeat":"repeat","background-position":"center center","background-size":"auto","background-attachment":"scroll","background-type":"","background-media":"","overlay-type":"","overlay-color":"","overlay-opacity":"","overlay-gradient":""},"tablet":{"background-color":"var(--ast-global-color-4)","background-image":"","background-repeat":"repeat","background-position":"center center","background-size":"auto","background-attachment":"scroll","background-type":"","background-media":"","overlay-type":"","overlay-color":"","overlay-opacity":"","overlay-gradient":""},"mobile":{"background-color":"var(--ast-global-color-4)","background-image":"","background-repeat":"repeat","background-position":"center center","background-size":"auto","background-attachment":"scroll","background-type":"","background-media":"","overlay-type":"","overlay-color":"","overlay-opacity":"","overlay-gradient":""}}},"product_brand":[],"product_cat":[153],"product_tag":[],"class_list":{"0":"post-109732","1":"product","2":"type-product","3":"status-publish","4":"has-post-thumbnail","6":"product_cat-sajat-tesztelesu-termekek","7":"desktop-align-left","8":"tablet-align-left","9":"mobile-align-left","11":"first","12":"instock","13":"shipping-taxable","14":"product-type-simple"},"jetpack_sharing_enabled":true,"_links":{"self":[{"href":"https:\/\/zatureczkimarcell.ddns.net\/wordpress\/wp-json\/wp\/v2\/product\/109732","targetHints":{"allow":["GET"]}}],"collection":[{"href":"https:\/\/zatureczkimarcell.ddns.net\/wordpress\/wp-json\/wp\/v2\/product"}],"about":[{"href":"https:\/\/zatureczkimarcell.ddns.net\/wordpress\/wp-json\/wp\/v2\/types\/product"}],"wp:featuredmedia":[{"embeddable":true,"href":"https:\/\/zatureczkimarcell.ddns.net\/wordpress\/wp-json\/wp\/v2\/media\/108394"}],"wp:attachment":[{"href":"https:\/\/zatureczkimarcell.ddns.net\/wordpress\/wp-json\/wp\/v2\/media?parent=109732"}],"wp:term":[{"taxonomy":"product_brand","embeddable":true,"href":"https:\/\/zatureczkimarcell.ddns.net\/wordpress\/wp-json\/wp\/v2\/product_brand?post=109732"},{"taxonomy":"product_cat","embeddable":true,"href":"https:\/\/zatureczkimarcell.ddns.net\/wordpress\/wp-json\/wp\/v2\/product_cat?post=109732"},{"taxonomy":"product_tag","embeddable":true,"href":"https:\/\/zatureczkimarcell.ddns.net\/wordpress\/wp-json\/wp\/v2\/product_tag?post=109732"}],"curies":[{"name":"wp","href":"https:\/\/api.w.org\/{rel}","templated":true}]}}