{"id":109731,"date":"2026-04-01T10:36:28","date_gmt":"2026-04-01T08:36:28","guid":{"rendered":"https:\/\/zatureczkimarcell.ddns.net\/wordpress\/?post_type=product&#038;p=109731"},"modified":"2026-04-01T10:36:52","modified_gmt":"2026-04-01T08:36:52","slug":"torhetetlen-napszemuveg-teszt-videos-bemutatas","status":"publish","type":"product","link":"https:\/\/zatureczkimarcell.ddns.net\/wordpress\/termek\/torhetetlen-napszemuveg-teszt-videos-bemutatas\/","title":{"rendered":"T\u00f6rhetetlen napszem\u00fcveg teszt-Vide\u00f3s bemutat\u00e1s!"},"content":{"rendered":"<p><span style=\"color:#000000;\"><strong><span style=\"font-size:16px;\">A t&ouml;rhetetlen napszem&uuml;vegeket mi magunk is haszn&aacute;ljuk, nem csak motoroz&aacute;s , de m&aacute;s szabadid\u0151s tev&eacute;kenys&eacute;g&uuml;nk , vagy aut&oacute;vezet&eacute;s k&ouml;zben is. Anyaghaszn&aacute;latuk lehet\u0151v&eacute; teszi az extr&eacute;m mutatv&aacute;nyokat is, mert b&aacute;mulatosan hajl&eacute;kony, szinte val&oacute;ban t&ouml;rhetetlen szem&uuml;vegekr\u0151l besz&eacute;l&uuml;nk.<\/span><\/strong><\/span><\/p>\n<p><span style=\"color:#000000;\"><strong><span style=\"font-size:16px;\">Nagyon j&oacute;l illeszkedik szinte minden fejform&aacute;ra &eacute;s &iacute;gy &nbsp;megg&aacute;tolja hogy a menetsz&eacute;l irrit&aacute;lja a motoron a szemet.<\/span><\/strong><\/span><\/p>\n<p><span style=\"color:#000000;\"><strong><span style=\"font-size:16px;\">H&aacute;romf&eacute;le sz&iacute;n &eacute;rhet\u0151 el boltunkban.<\/span><\/strong><\/span><\/p>\n<p><span style=\"color:#000000;\"><strong><span style=\"font-size:16px;\">A S&ouml;t&eacute;t sz&iacute;n\u0171 szem&uuml;veg, hagyom&aacute;nyos napszem&uuml;vegk&eacute;nt funkcion&aacute;l.<\/span><\/strong><\/span><\/p>\n<p><span style=\"color:#000000;\"><strong><span style=\"font-size:16px;\">A S&aacute;rga szem&uuml;veg, sz&uuml;rk&uuml;letkor, vagy rossz l&aacute;t&aacute;si viszonyok k&ouml;z&ouml;tt seg&iacute;t, mert kihegyezi a kont&uacute;rokat , sokkal jobban lehet benne l&aacute;tni .<\/span><\/strong><\/span><\/p>\n<p><span style=\"color:#000000;\"><strong><span style=\"font-size:16px;\">Az &aacute;ttetsz\u0151 kivitel azok kedvence lesz, akik nyitott sisakot haszn&aacute;lnak s&ouml;t&eacute;ted&eacute;s ut&aacute;n is. Hat&aacute;sosan v&eacute;d att&oacute;l hogy a ny&aacute;ri est&eacute;ken bogarat kapjunk a szem&uuml;nkbe.<\/span><\/strong><\/span><\/p>\n<p><span style=\"color:#000000;\"><strong><span style=\"font-size:16px;\">A Napszem&uuml;vegek bevizsg&aacute;ltan UV v&eacute;dettek!&nbsp;<\/span><\/strong><\/span><\/p>\n<p><span style=\"color:#000000;\"><strong><span style=\"font-size:16px;\">A h&aacute;rom f&eacute;le szam&uuml;veget az al&aacute;bbi linkre kattintva &eacute;red el:&nbsp;<a href=\"http:\/\/darazsgarazs.hu\/tk\/39\/kiegeszitok\">http:\/\/darazsgarazs.hu\/tk\/39\/kiegeszitok<\/a><\/span><\/strong><\/span><\/p>\n<div style=\"position:relative;padding-bottom:56.25%;padding-top:30px;height:0;overflow:hidden;\"><iframe loading=\"lazy\" allowfullscreen=\"\" frameborder=\"0\" height=\"360\" src=\"\/\/www.youtube.com\/embed\/EzTZzPPwD8g?rel=0\" style=\"position: absolute;top: 0;left: 0;width: 100%;height: 100%;\" width=\"640\"><\/iframe><\/div><\/p>\n","protected":false},"excerpt":{"rendered":"<p>A t&ouml;rhetetlen napszem&uuml;vegeket mi magunk is haszn&aacute;ljuk, nem csak motoroz&aacute;s , de m&aacute;s szabadid\u0151s tev&eacute;kenys&eacute;g&uuml;nk , vagy aut&oacute;vezet&eacute;s k&ouml;zben is. [&hellip;]<\/p>\n","protected":false},"featured_media":109226,"template":"","meta":{"site-sidebar-layout":"default","site-content-layout":"","ast-site-content-layout":"default","site-content-style":"default","site-sidebar-style":"default","ast-global-header-display":"","ast-banner-title-visibility":"","ast-main-header-display":"","ast-hfb-above-header-display":"","ast-hfb-below-header-display":"","ast-hfb-mobile-header-display":"","site-post-title":"","ast-breadcrumbs-content":"","ast-featured-img":"","footer-sml-layout":"","ast-disable-related-posts":"","theme-transparent-header-meta":"","adv-header-id-meta":"","stick-header-meta":"","header-above-stick-meta":"","header-main-stick-meta":"","header-below-stick-meta":"","astra-migrate-meta-layouts":"default","ast-page-background-enabled":"default","ast-page-background-meta":{"desktop":{"background-color":"var(--ast-global-color-5)","background-image":"","background-repeat":"repeat","background-position":"center center","background-size":"auto","background-attachment":"scroll","background-type":"","background-media":"","overlay-type":"","overlay-color":"","overlay-opacity":"","overlay-gradient":""},"tablet":{"background-color":"","background-image":"","background-repeat":"repeat","background-position":"center center","background-size":"auto","background-attachment":"scroll","background-type":"","background-media":"","overlay-type":"","overlay-color":"","overlay-opacity":"","overlay-gradient":""},"mobile":{"background-color":"","background-image":"","background-repeat":"repeat","background-position":"center center","background-size":"auto","background-attachment":"scroll","background-type":"","background-media":"","overlay-type":"","overlay-color":"","overlay-opacity":"","overlay-gradient":""}},"ast-content-background-meta":{"desktop":{"background-color":"var(--ast-global-color-4)","background-image":"","background-repeat":"repeat","background-position":"center center","background-size":"auto","background-attachment":"scroll","background-type":"","background-media":"","overlay-type":"","overlay-color":"","overlay-opacity":"","overlay-gradient":""},"tablet":{"background-color":"var(--ast-global-color-4)","background-image":"","background-repeat":"repeat","background-position":"center center","background-size":"auto","background-attachment":"scroll","background-type":"","background-media":"","overlay-type":"","overlay-color":"","overlay-opacity":"","overlay-gradient":""},"mobile":{"background-color":"var(--ast-global-color-4)","background-image":"","background-repeat":"repeat","background-position":"center center","background-size":"auto","background-attachment":"scroll","background-type":"","background-media":"","overlay-type":"","overlay-color":"","overlay-opacity":"","overlay-gradient":""}}},"product_brand":[],"product_cat":[153],"product_tag":[],"class_list":{"0":"post-109731","1":"product","2":"type-product","3":"status-publish","4":"has-post-thumbnail","6":"product_cat-sajat-tesztelesu-termekek","7":"desktop-align-left","8":"tablet-align-left","9":"mobile-align-left","11":"first","12":"instock","13":"shipping-taxable","14":"product-type-simple"},"jetpack_sharing_enabled":true,"_links":{"self":[{"href":"https:\/\/zatureczkimarcell.ddns.net\/wordpress\/wp-json\/wp\/v2\/product\/109731","targetHints":{"allow":["GET"]}}],"collection":[{"href":"https:\/\/zatureczkimarcell.ddns.net\/wordpress\/wp-json\/wp\/v2\/product"}],"about":[{"href":"https:\/\/zatureczkimarcell.ddns.net\/wordpress\/wp-json\/wp\/v2\/types\/product"}],"wp:featuredmedia":[{"embeddable":true,"href":"https:\/\/zatureczkimarcell.ddns.net\/wordpress\/wp-json\/wp\/v2\/media\/109226"}],"wp:attachment":[{"href":"https:\/\/zatureczkimarcell.ddns.net\/wordpress\/wp-json\/wp\/v2\/media?parent=109731"}],"wp:term":[{"taxonomy":"product_brand","embeddable":true,"href":"https:\/\/zatureczkimarcell.ddns.net\/wordpress\/wp-json\/wp\/v2\/product_brand?post=109731"},{"taxonomy":"product_cat","embeddable":true,"href":"https:\/\/zatureczkimarcell.ddns.net\/wordpress\/wp-json\/wp\/v2\/product_cat?post=109731"},{"taxonomy":"product_tag","embeddable":true,"href":"https:\/\/zatureczkimarcell.ddns.net\/wordpress\/wp-json\/wp\/v2\/product_tag?post=109731"}],"curies":[{"name":"wp","href":"https:\/\/api.w.org\/{rel}","templated":true}]}}