{"id":109730,"date":"2026-04-01T10:36:28","date_gmt":"2026-04-01T08:36:28","guid":{"rendered":"https:\/\/zatureczkimarcell.ddns.net\/wordpress\/?post_type=product&#038;p=109730"},"modified":"2026-04-01T10:36:51","modified_gmt":"2026-04-01T08:36:51","slug":"kipufogo-leomlo-tisztito-teszt","status":"publish","type":"product","link":"https:\/\/zatureczkimarcell.ddns.net\/wordpress\/termek\/kipufogo-leomlo-tisztito-teszt\/","title":{"rendered":"Kipufog\u00f3 le\u00f6ml\u0151 tiszt\u00edt\u00f3 teszt!"},"content":{"rendered":"<p><span style=\"color:#000000;\"><strong><span style=\"font-size:16px;\">Az &uuml;zlet&uuml;nkben megv&aacute;s&aacute;rolhat&oacute; le&ouml;ml\u0151 tiszt&iacute;t&oacute; szer tesztj&eacute;t nem szeretn&eacute;nk t&uacute;l b\u0151 l&eacute;re engedni, mert m&aacute;r az eg&eacute;sz orsz&aacute;gban j&oacute;l ismert term&eacute;k&uuml;nkr\u0151l van sz&oacute;. Amikor a ny&aacute;ri szezonban az &uuml;zlet el\u0151tt az &uuml;gyfelek motorj&aacute;n mutatjuk be a haszn&aacute;lat&aacute;t, kiv&eacute;tel n&eacute;lk&uuml;l csod&aacute;lkoznak, hogyan lehet ennyire hat&aacute;sos valami?! A hat&aacute;s azonnali &eacute;s megd&ouml;bbent\u0151! Ez val&oacute;ban m\u0171k&ouml;dik &eacute;s pillanatok alatt t&aacute;vol&iacute;t el minden szennyez\u0151d&eacute;st a kipufog&oacute; le&ouml;ml\u0151 r&eacute;sz&eacute;r\u0151l. Sok &eacute;ve &aacute;ruljuk &eacute;s csak p&aacute;r apr&oacute;s&aacute;got szeretn&eacute;nk kihangs&uacute;lyozni. Vannak olyan ban&aacute;lis k&ouml;zhelyek, mint p&eacute;ld&aacute;ul hogy szembe &ndash; sz&aacute;jba ne ker&uuml;lj&ouml;n, illetve a haszn&aacute;lat sor&aacute;n &eacute;rdemes gumikeszty\u0171t viselni. Ezen fel&uuml;l fontos megeml&iacute;teni m&eacute;g, hogy a term&eacute;k nem &eacute;rhet f&eacute;nyezett-lakkozott fel&uuml;lethez, valamint a kr&oacute;m sem k&ouml;sz&ouml;ni meg ha megsimogatjuk vele! Azoknak akik kr&oacute;m fel&uuml;letet szeretn&eacute;nek takar&iacute;tani, f&eacute;nyes&iacute;teni, m&aacute;sik term&eacute;ket aj&aacute;nlunk majd!<\/span><\/strong><\/span><\/p>\n<p><span style=\"color:#000000;\"><strong><span style=\"font-size:16px;\">Az &aacute;tlag motorok rozsdamentes kipufog&oacute;j&aacute;val ellenben csod&aacute;t csin&aacute;l! Csak felkened &eacute;s &eacute;lvezed ahogyan pillanatok alatt a r&eacute;gi f&eacute;ny&eacute;ben t&uuml;nd&ouml;k&ouml;l k&eacute;tkerek\u0171 kedvenced kipufog&oacute;ja.<\/span><\/strong><\/span><\/p>\n<p><span style=\"color:#000000;\"><strong><span style=\"font-size:16px;\">A term&eacute;k haszn&aacute;lata ut&aacute;n, nedves ruh&aacute;val &eacute;rdemes &aacute;tt&ouml;r&ouml;lni a megtiszt&iacute;tott le&ouml;ml\u0151ket, hogy semleges&iacute;ts&uuml;k a fel&uuml;leten esetleg megmaradt k&eacute;sz&iacute;tm&eacute;nyt.<\/span><\/strong><\/span><\/p>\n<p><span style=\"color:#000000;\"><strong><span style=\"font-size:16px;\">A tesztben mell&eacute;kelt k&eacute;t vide&oacute; mindenn&eacute;l besz&eacute;desebb. A term&eacute;k kiv&aacute;l&oacute;an haszn&aacute;lhat&oacute; !&nbsp;<\/span><\/strong><\/span><\/p>\n<p><strong><span style=\"color: rgb(255, 0, 0);\">A term&eacute;k honlapunkon erre a linkre kattintva &eacute;rhet\u0151 el:&nbsp;<a href=\"https:\/\/darazsgarazs.hu\/termek\/kipufogo-leomlo-tisztito.74.html\">https:\/\/darazsgarazs.hu\/termek\/kipufogo-leomlo-tisztito.74.html<\/a><\/span><\/strong><\/p>\n<div style=\"position:relative;padding-bottom:56.25%;padding-top:30px;height:0;overflow:hidden;\"><iframe loading=\"lazy\" allowfullscreen=\"\" frameborder=\"0\" height=\"360\" src=\"\/\/www.youtube.com\/embed\/C5qy39Q99K4?rel=0\" style=\"position: absolute;top: 0;left: 0;width: 100%;height: 100%;\" width=\"640\"><\/iframe><\/div>\n<div style=\"position:relative;padding-bottom:56.25%;padding-top:30px;height:0;overflow:hidden;\">\n<div style=\"position:relative;padding-bottom:56.25%;padding-top:30px;height:0;overflow:hidden;\"><span style=\"font-size:20px;\"><iframe loading=\"lazy\" allowfullscreen=\"\" frameborder=\"0\" height=\"360\" src=\"\/\/www.youtube.com\/embed\/_o4cpkrU6oA?rel=0\" style=\"position: absolute;top: 0;left: 0;width: 100%;height: 100%;\" width=\"640\"><\/iframe><\/span><\/div>\n<div style=\"position:relative;padding-bottom:56.25%;padding-top:30px;height:0;overflow:hidden;\"><span style=\"font-size:20px;\"><strong>A term&eacute;k honlapunk k&iacute;n&aacute;lat&aacute;ban az al&aacute;bbi linkre kattintva &eacute;rhet\u0151 el:<\/strong>&nbsp;<a href=\"https:\/\/darazsgarazs.hu\/termek\/kipufogo-leomlo-tisztito.74.html\">https:\/\/darazsgarazs.hu\/termek\/kipufogo-leomlo-tisztito.74.html<\/a><\/span><\/div>\n<\/div>\n","protected":false},"excerpt":{"rendered":"<p>Az &uuml;zlet&uuml;nkben megv&aacute;s&aacute;rolhat&oacute; le&ouml;ml\u0151 tiszt&iacute;t&oacute; szer tesztj&eacute;t nem szeretn&eacute;nk t&uacute;l b\u0151 l&eacute;re engedni, mert m&aacute;r az eg&eacute;sz orsz&aacute;gban j&oacute;l ismert [&hellip;]<\/p>\n","protected":false},"featured_media":104864,"template":"","meta":{"site-sidebar-layout":"default","site-content-layout":"","ast-site-content-layout":"default","site-content-style":"default","site-sidebar-style":"default","ast-global-header-display":"","ast-banner-title-visibility":"","ast-main-header-display":"","ast-hfb-above-header-display":"","ast-hfb-below-header-display":"","ast-hfb-mobile-header-display":"","site-post-title":"","ast-breadcrumbs-content":"","ast-featured-img":"","footer-sml-layout":"","ast-disable-related-posts":"","theme-transparent-header-meta":"","adv-header-id-meta":"","stick-header-meta":"","header-above-stick-meta":"","header-main-stick-meta":"","header-below-stick-meta":"","astra-migrate-meta-layouts":"default","ast-page-background-enabled":"default","ast-page-background-meta":{"desktop":{"background-color":"var(--ast-global-color-5)","background-image":"","background-repeat":"repeat","background-position":"center center","background-size":"auto","background-attachment":"scroll","background-type":"","background-media":"","overlay-type":"","overlay-color":"","overlay-opacity":"","overlay-gradient":""},"tablet":{"background-color":"","background-image":"","background-repeat":"repeat","background-position":"center center","background-size":"auto","background-attachment":"scroll","background-type":"","background-media":"","overlay-type":"","overlay-color":"","overlay-opacity":"","overlay-gradient":""},"mobile":{"background-color":"","background-image":"","background-repeat":"repeat","background-position":"center center","background-size":"auto","background-attachment":"scroll","background-type":"","background-media":"","overlay-type":"","overlay-color":"","overlay-opacity":"","overlay-gradient":""}},"ast-content-background-meta":{"desktop":{"background-color":"var(--ast-global-color-4)","background-image":"","background-repeat":"repeat","background-position":"center center","background-size":"auto","background-attachment":"scroll","background-type":"","background-media":"","overlay-type":"","overlay-color":"","overlay-opacity":"","overlay-gradient":""},"tablet":{"background-color":"var(--ast-global-color-4)","background-image":"","background-repeat":"repeat","background-position":"center center","background-size":"auto","background-attachment":"scroll","background-type":"","background-media":"","overlay-type":"","overlay-color":"","overlay-opacity":"","overlay-gradient":""},"mobile":{"background-color":"var(--ast-global-color-4)","background-image":"","background-repeat":"repeat","background-position":"center center","background-size":"auto","background-attachment":"scroll","background-type":"","background-media":"","overlay-type":"","overlay-color":"","overlay-opacity":"","overlay-gradient":""}}},"product_brand":[],"product_cat":[153],"product_tag":[],"class_list":{"0":"post-109730","1":"product","2":"type-product","3":"status-publish","4":"has-post-thumbnail","6":"product_cat-sajat-tesztelesu-termekek","7":"desktop-align-left","8":"tablet-align-left","9":"mobile-align-left","11":"first","12":"instock","13":"shipping-taxable","14":"product-type-simple"},"jetpack_sharing_enabled":true,"_links":{"self":[{"href":"https:\/\/zatureczkimarcell.ddns.net\/wordpress\/wp-json\/wp\/v2\/product\/109730","targetHints":{"allow":["GET"]}}],"collection":[{"href":"https:\/\/zatureczkimarcell.ddns.net\/wordpress\/wp-json\/wp\/v2\/product"}],"about":[{"href":"https:\/\/zatureczkimarcell.ddns.net\/wordpress\/wp-json\/wp\/v2\/types\/product"}],"wp:featuredmedia":[{"embeddable":true,"href":"https:\/\/zatureczkimarcell.ddns.net\/wordpress\/wp-json\/wp\/v2\/media\/104864"}],"wp:attachment":[{"href":"https:\/\/zatureczkimarcell.ddns.net\/wordpress\/wp-json\/wp\/v2\/media?parent=109730"}],"wp:term":[{"taxonomy":"product_brand","embeddable":true,"href":"https:\/\/zatureczkimarcell.ddns.net\/wordpress\/wp-json\/wp\/v2\/product_brand?post=109730"},{"taxonomy":"product_cat","embeddable":true,"href":"https:\/\/zatureczkimarcell.ddns.net\/wordpress\/wp-json\/wp\/v2\/product_cat?post=109730"},{"taxonomy":"product_tag","embeddable":true,"href":"https:\/\/zatureczkimarcell.ddns.net\/wordpress\/wp-json\/wp\/v2\/product_tag?post=109730"}],"curies":[{"name":"wp","href":"https:\/\/api.w.org\/{rel}","templated":true}]}}