{"id":109729,"date":"2026-04-01T10:36:27","date_gmt":"2026-04-01T08:36:27","guid":{"rendered":"https:\/\/zatureczkimarcell.ddns.net\/wordpress\/?post_type=product&#038;p=109729"},"modified":"2026-04-01T10:36:51","modified_gmt":"2026-04-01T08:36:51","slug":"akkumulator-csepptolto-tartosteszt","status":"publish","type":"product","link":"https:\/\/zatureczkimarcell.ddns.net\/wordpress\/termek\/akkumulator-csepptolto-tartosteszt\/","title":{"rendered":"Akkumul\u00e1tor cseppt\u00f6lt\u0151 Tart\u00f3steszt"},"content":{"rendered":"<p><span style=\"font-size:16px;\"><strong>A boltunkban beszerezhet\u0151 akkumul&aacute;tor cseppt&ouml;lt\u0151t, 2006-&oacute;ta haszn&aacute;ljuk . Az&oacute;ta teszi a dolg&aacute;t minden hiba n&eacute;lk&uuml;l, a lehet\u0151 legegyszer\u0171bben amit csak felhaszn&aacute;l&oacute; k&iacute;v&aacute;nhat!<\/strong><\/span><\/p>\n<p><span style=\"font-size:16px;\"><strong>A piros vezet&eacute;ket az akku pozit&iacute;v , m&iacute;g a fekete vezet&eacute;ket a &bdquo; test&rdquo; oldalra csatlakoztatva, a h&aacute;l&oacute;zatba dugva, m&aacute;ris mindent megtett&uuml;nk ami az akkumul&aacute;tor hossz&uacute; &eacute;let&eacute;hez sz&uuml;ks&eacute;ges. Mi magunk, \u0151sszel r&aacute;tessz&uuml;k az akkumul&aacute;torra , tavasszal pedig levessz&uuml;k a kiszerelt akkur&oacute;l &eacute;s gond n&eacute;lk&uuml;l indul a motoros szezon. A t&ouml;lt\u0151, teljesen automata &eacute;s t&uacute;lt&ouml;lt&eacute;s ellen is v&eacute;dett! Ez a gyakorlatban azt jelenti, hogy amikor fesz&uuml;lts&eacute;ges&eacute;st &eacute;szlel az akkumul&aacute;torban, r&aacute;t&ouml;lt, amikor pedig &eacute;rz&eacute;keli hogy fel van t&ouml;ltve , mag&aacute;t&oacute;l kikapcsol. Nek&uuml;nk eg&eacute;sz t&eacute;len semmi dolgunk , m&eacute;gis t&ouml;k&eacute;letesen karbantartott akkumul&aacute;torral v&aacute;ghatunk neki a szezonnak . A t&ouml;lt\u0151 &aacute;ra eleny&eacute;sz\u0151 egy &uacute;j akku&eacute;hoz k&eacute;pest! Volt olyan akkumul&aacute;torunk haszn&aacute;latban ami t&ouml;bb mint kilenc &eacute;vig teljes&iacute;tett , megh&aacute;l&aacute;lva a t&eacute;li karbantart&aacute;st. Azoknak is &eacute;rdemes megv&aacute;s&aacute;rolni&nbsp; a term&eacute;ket, akik a szezonban , ritk&aacute;n tudnak motorra &uuml;lni! Az akkumul&aacute;tor ugyanis, &aacute;ll&oacute; helyzetben , mindig mag&aacute;t&oacute;l is mer&uuml;l. Ha teh&aacute;t kev&eacute;s id\u0151nk jut motorozni, szint&eacute;n &eacute;rdemes csatlakoztatni ezt az okos kis szerkezetet, hogy elker&uuml;lhess&uuml;k az akkumul&aacute;tor id\u0151 el\u0151tti elhaszn&aacute;l&oacute;d&aacute;s&aacute;t.<\/strong><\/span><\/p>\n<p><span style=\"font-size:16px;\"><strong>N&eacute;pszer\u0171 &eacute;s megb&iacute;zhat&oacute; term&eacute;k amit mindig &ouml;r&ouml;mmel aj&aacute;nlunk azoknak is , akik hasznos aj&aacute;nd&eacute;kkal szeretn&eacute;k meglepni motoros ismer\u0151s&uuml;ket .&nbsp;<\/strong><\/span><\/p>\n<p><span style=\"font-size:16px;\"><strong>A term&eacute;k honlapunkon az al&aacute;bbi linkre kattintva &eacute;rhet\u0151 el:&nbsp;<a href=\"http:\/\/darazsgarazs.hu\/termek\/akkumulator-csepptolto.41.html\">http:\/\/darazsgarazs.hu\/termek\/akkumulator-csepptolto.41.html<\/a><\/strong><\/span><\/p>\n","protected":false},"excerpt":{"rendered":"<p>A boltunkban beszerezhet\u0151 akkumul&aacute;tor cseppt&ouml;lt\u0151t, 2006-&oacute;ta haszn&aacute;ljuk . Az&oacute;ta teszi a dolg&aacute;t minden hiba n&eacute;lk&uuml;l, a lehet\u0151 legegyszer\u0171bben amit csak [&hellip;]<\/p>\n","protected":false},"featured_media":105015,"template":"","meta":{"site-sidebar-layout":"default","site-content-layout":"","ast-site-content-layout":"default","site-content-style":"default","site-sidebar-style":"default","ast-global-header-display":"","ast-banner-title-visibility":"","ast-main-header-display":"","ast-hfb-above-header-display":"","ast-hfb-below-header-display":"","ast-hfb-mobile-header-display":"","site-post-title":"","ast-breadcrumbs-content":"","ast-featured-img":"","footer-sml-layout":"","ast-disable-related-posts":"","theme-transparent-header-meta":"","adv-header-id-meta":"","stick-header-meta":"","header-above-stick-meta":"","header-main-stick-meta":"","header-below-stick-meta":"","astra-migrate-meta-layouts":"default","ast-page-background-enabled":"default","ast-page-background-meta":{"desktop":{"background-color":"var(--ast-global-color-5)","background-image":"","background-repeat":"repeat","background-position":"center center","background-size":"auto","background-attachment":"scroll","background-type":"","background-media":"","overlay-type":"","overlay-color":"","overlay-opacity":"","overlay-gradient":""},"tablet":{"background-color":"","background-image":"","background-repeat":"repeat","background-position":"center center","background-size":"auto","background-attachment":"scroll","background-type":"","background-media":"","overlay-type":"","overlay-color":"","overlay-opacity":"","overlay-gradient":""},"mobile":{"background-color":"","background-image":"","background-repeat":"repeat","background-position":"center center","background-size":"auto","background-attachment":"scroll","background-type":"","background-media":"","overlay-type":"","overlay-color":"","overlay-opacity":"","overlay-gradient":""}},"ast-content-background-meta":{"desktop":{"background-color":"var(--ast-global-color-4)","background-image":"","background-repeat":"repeat","background-position":"center center","background-size":"auto","background-attachment":"scroll","background-type":"","background-media":"","overlay-type":"","overlay-color":"","overlay-opacity":"","overlay-gradient":""},"tablet":{"background-color":"var(--ast-global-color-4)","background-image":"","background-repeat":"repeat","background-position":"center center","background-size":"auto","background-attachment":"scroll","background-type":"","background-media":"","overlay-type":"","overlay-color":"","overlay-opacity":"","overlay-gradient":""},"mobile":{"background-color":"var(--ast-global-color-4)","background-image":"","background-repeat":"repeat","background-position":"center center","background-size":"auto","background-attachment":"scroll","background-type":"","background-media":"","overlay-type":"","overlay-color":"","overlay-opacity":"","overlay-gradient":""}}},"product_brand":[],"product_cat":[153],"product_tag":[],"class_list":{"0":"post-109729","1":"product","2":"type-product","3":"status-publish","4":"has-post-thumbnail","6":"product_cat-sajat-tesztelesu-termekek","7":"desktop-align-left","8":"tablet-align-left","9":"mobile-align-left","11":"first","12":"instock","13":"shipping-taxable","14":"product-type-simple"},"jetpack_sharing_enabled":true,"_links":{"self":[{"href":"https:\/\/zatureczkimarcell.ddns.net\/wordpress\/wp-json\/wp\/v2\/product\/109729","targetHints":{"allow":["GET"]}}],"collection":[{"href":"https:\/\/zatureczkimarcell.ddns.net\/wordpress\/wp-json\/wp\/v2\/product"}],"about":[{"href":"https:\/\/zatureczkimarcell.ddns.net\/wordpress\/wp-json\/wp\/v2\/types\/product"}],"wp:featuredmedia":[{"embeddable":true,"href":"https:\/\/zatureczkimarcell.ddns.net\/wordpress\/wp-json\/wp\/v2\/media\/105015"}],"wp:attachment":[{"href":"https:\/\/zatureczkimarcell.ddns.net\/wordpress\/wp-json\/wp\/v2\/media?parent=109729"}],"wp:term":[{"taxonomy":"product_brand","embeddable":true,"href":"https:\/\/zatureczkimarcell.ddns.net\/wordpress\/wp-json\/wp\/v2\/product_brand?post=109729"},{"taxonomy":"product_cat","embeddable":true,"href":"https:\/\/zatureczkimarcell.ddns.net\/wordpress\/wp-json\/wp\/v2\/product_cat?post=109729"},{"taxonomy":"product_tag","embeddable":true,"href":"https:\/\/zatureczkimarcell.ddns.net\/wordpress\/wp-json\/wp\/v2\/product_tag?post=109729"}],"curies":[{"name":"wp","href":"https:\/\/api.w.org\/{rel}","templated":true}]}}