{"id":109728,"date":"2026-04-01T10:36:26","date_gmt":"2026-04-01T08:36:26","guid":{"rendered":"https:\/\/zatureczkimarcell.ddns.net\/wordpress\/?post_type=product&#038;p=109728"},"modified":"2026-04-01T10:36:50","modified_gmt":"2026-04-01T08:36:50","slug":"modeka-teli-esonadrag-tartosteszt","status":"publish","type":"product","link":"https:\/\/zatureczkimarcell.ddns.net\/wordpress\/termek\/modeka-teli-esonadrag-tartosteszt\/","title":{"rendered":"Modeka t\u00e9li es\u0151nadr\u00e1g tart\u00f3steszt"},"content":{"rendered":"<p><span style=\"color:#000000;\"><span style=\"font-size:16px;\"><strong>A Modeka t&eacute;li es\u0151nadr&aacute;gj&aacute;t m&aacute;r &eacute;vek &oacute;ta haszn&aacute;ljuk, &iacute;gy&nbsp;t&ouml;k&eacute;letes inform&aacute;ci&oacute;t tudunk &aacute;tadni a term&eacute;kr\u0151l!&nbsp;<\/strong><\/span><\/span><\/p>\n<p><span style=\"color:#000000;\"><span style=\"font-size:16px;\"><strong>Motoroztunk benne h\u0171v&ouml;s reggeleken a v&aacute;rosban, kir&aacute;ndultunk \u0151szi erdei t&uacute;r&aacute;n &eacute;s j&oacute;l teljes&iacute;tett az Alpok h&aacute;g&oacute;in is. <\/strong><\/span><\/span><\/p>\n<p><span style=\"color:#000000;\"><span style=\"font-size:16px;\"><strong>Az Alpok h&aacute;g&oacute;in nem csak es\u0151t, de j&eacute;ges\u0151t is kaptunk a term&eacute;kben, mindezek ellen&eacute;re a hideget egy&aacute;ltal&aacute;n nem &eacute;rezt&uuml;k. <\/strong><\/span><\/span><\/p>\n<p><span style=\"color:#000000;\"><span style=\"font-size:16px;\"><strong>\u0150sszel a h\u0171v&ouml;s reggeleken a motoros protektoros farmerig&nbsp;nem jutott el a hideg sz&eacute;l, k&ouml;sz&ouml;nhet\u0151en a bels\u0151 j&oacute; min\u0151s&eacute;g\u0171 meleg, szteppelt b&eacute;l&eacute;snek. <\/strong><\/span><\/span><\/p>\n<p><span style=\"color:#000000;\"><span style=\"font-size:16px;\"><strong>Azoknak akik nem motoron szeretn&eacute;k haszn&aacute;lni a term&eacute;ket hanem robog&oacute;n, j&oacute; h&iacute;r hogy a robog&oacute;s t&eacute;rdtakar&oacute; haszn&aacute;lata kiv&aacute;lthat&oacute; ezzel a term&eacute;kkel. Sokkal k&ouml;nnyebb benne mozogni, mint a t&eacute;rdtakar&oacute;val. <\/strong><\/span><\/span><\/p>\n<p><span style=\"color:#000000;\"><span style=\"font-size:16px;\"><strong>Fontos tan&aacute;cs, hogy mindig a sz&uuml;ks&eacute;ges ruham&eacute;retn&eacute;l legal&aacute;bb egy sz&aacute;mmal nagyobbat v&aacute;lasszunk a Modeka t&eacute;li es\u0151nadr&aacute;gb&oacute;l, mert a ruh&aacute;nk f&ouml;l&eacute; kell felvegy&uuml;k, ezen fel&uuml;l a mozg&aacute;sunk is k&ouml;nnyedebb lesz &iacute;gy , mint egy fesz&uuml;l\u0151 term&eacute;kben. A fesz&uuml;l&eacute;st &eacute;rdemes a term&eacute;k v&eacute;delm&eacute;ben is elker&uuml;lni, hogy a sz&eacute;l &eacute;s es\u0151z&aacute;r&oacute; membr&aacute;n ne s&eacute;r&uuml;lj&ouml;n, &eacute;s sok&aacute;ig v&eacute;delmet ny&uacute;jtson a nadr&aacute;g visel\u0151j&eacute;nek. <\/strong><\/span><\/span><\/p>\n<p><font color=\"#000000\"><span style=\"font-size: 16px;\"><b>A term&eacute;k honlapunkon el&eacute;rhet\u0151 ide kattintva:&nbsp;<a href=\"https:\/\/www.darazsgarazs.hu\/termek\/esonadrag-modeka-teli-thermo.514.html\">https:\/\/www.darazsgarazs.hu\/termek\/esonadrag-modeka-teli-thermo.514.html<\/a>&nbsp;<\/b><\/span><\/font><\/p>\n<p><span style=\"color:#FF0000;\"><span style=\"font-size: 16px;\"><b>A legut&oacute;bbi alpesi tesztmotoroz&aacute;s sor&aacute;n is ezt a term&eacute;ket haszn&aacute;lta koll&eacute;g&aacute;nk:&nbsp;<\/b><\/span><\/span><\/p>\n<p><strong><em>&quot;Alpesi utunkon kor&aacute;n reggel indul&aacute;skor a farmerre vettem fel a k&uuml;ls\u0151 h\u0151m&eacute;rs&eacute;klet (10celsius) miatt, hogy ne &eacute;rezzem a menetszelet. Nem csak es\u0151ben hat&aacute;sos, hanem a hideg napokon is. Civil ruh&aacute;ra felv&eacute;ve is v&eacute;delmet ad az es\u0151, a hideg &eacute;s az &uacute;t pora ellen is. A motoros ruh&aacute;ra is k&ouml;nnyed&eacute;n vehet\u0151 fel, mert az alja sz&eacute;lesre nyithat&oacute;. T&ouml;bb &eacute;ve haszn&aacute;lom el&eacute;gedetten ezt a term&eacute;k&uuml;nket. Nem csak nagymotorra, de a v&aacute;rosi robog&oacute;z&aacute;shoz is szoktam aj&aacute;nlani, mert a robog&oacute;s &bdquo;hentesk&ouml;t&eacute;nyn&eacute;l&rdquo; is jobb alternat&iacute;va szerintem..Nem korl&aacute;toz a mozg&aacute;sban &eacute;s b&aacute;rmilyen motoron-robog&oacute;n viselhet\u0151. Emellett jelent\u0151sen kedvez\u0151bb az &aacute;ra is mint a robog&oacute;s t&eacute;rdtakar&oacute;knak. &quot;<\/em><\/strong><\/p><\/p>\n","protected":false},"excerpt":{"rendered":"<p>A Modeka t&eacute;li es\u0151nadr&aacute;gj&aacute;t m&aacute;r &eacute;vek &oacute;ta haszn&aacute;ljuk, &iacute;gy&nbsp;t&ouml;k&eacute;letes inform&aacute;ci&oacute;t tudunk &aacute;tadni a term&eacute;kr\u0151l!&nbsp; Motoroztunk benne h\u0171v&ouml;s reggeleken a v&aacute;rosban, [&hellip;]<\/p>\n","protected":false},"featured_media":103143,"template":"","meta":{"site-sidebar-layout":"default","site-content-layout":"","ast-site-content-layout":"default","site-content-style":"default","site-sidebar-style":"default","ast-global-header-display":"","ast-banner-title-visibility":"","ast-main-header-display":"","ast-hfb-above-header-display":"","ast-hfb-below-header-display":"","ast-hfb-mobile-header-display":"","site-post-title":"","ast-breadcrumbs-content":"","ast-featured-img":"","footer-sml-layout":"","ast-disable-related-posts":"","theme-transparent-header-meta":"","adv-header-id-meta":"","stick-header-meta":"","header-above-stick-meta":"","header-main-stick-meta":"","header-below-stick-meta":"","astra-migrate-meta-layouts":"default","ast-page-background-enabled":"default","ast-page-background-meta":{"desktop":{"background-color":"var(--ast-global-color-5)","background-image":"","background-repeat":"repeat","background-position":"center center","background-size":"auto","background-attachment":"scroll","background-type":"","background-media":"","overlay-type":"","overlay-color":"","overlay-opacity":"","overlay-gradient":""},"tablet":{"background-color":"","background-image":"","background-repeat":"repeat","background-position":"center center","background-size":"auto","background-attachment":"scroll","background-type":"","background-media":"","overlay-type":"","overlay-color":"","overlay-opacity":"","overlay-gradient":""},"mobile":{"background-color":"","background-image":"","background-repeat":"repeat","background-position":"center center","background-size":"auto","background-attachment":"scroll","background-type":"","background-media":"","overlay-type":"","overlay-color":"","overlay-opacity":"","overlay-gradient":""}},"ast-content-background-meta":{"desktop":{"background-color":"var(--ast-global-color-4)","background-image":"","background-repeat":"repeat","background-position":"center center","background-size":"auto","background-attachment":"scroll","background-type":"","background-media":"","overlay-type":"","overlay-color":"","overlay-opacity":"","overlay-gradient":""},"tablet":{"background-color":"var(--ast-global-color-4)","background-image":"","background-repeat":"repeat","background-position":"center center","background-size":"auto","background-attachment":"scroll","background-type":"","background-media":"","overlay-type":"","overlay-color":"","overlay-opacity":"","overlay-gradient":""},"mobile":{"background-color":"var(--ast-global-color-4)","background-image":"","background-repeat":"repeat","background-position":"center center","background-size":"auto","background-attachment":"scroll","background-type":"","background-media":"","overlay-type":"","overlay-color":"","overlay-opacity":"","overlay-gradient":""}}},"product_brand":[],"product_cat":[153],"product_tag":[],"class_list":{"0":"post-109728","1":"product","2":"type-product","3":"status-publish","4":"has-post-thumbnail","6":"product_cat-sajat-tesztelesu-termekek","7":"desktop-align-left","8":"tablet-align-left","9":"mobile-align-left","11":"first","12":"instock","13":"shipping-taxable","14":"product-type-simple"},"jetpack_sharing_enabled":true,"_links":{"self":[{"href":"https:\/\/zatureczkimarcell.ddns.net\/wordpress\/wp-json\/wp\/v2\/product\/109728","targetHints":{"allow":["GET"]}}],"collection":[{"href":"https:\/\/zatureczkimarcell.ddns.net\/wordpress\/wp-json\/wp\/v2\/product"}],"about":[{"href":"https:\/\/zatureczkimarcell.ddns.net\/wordpress\/wp-json\/wp\/v2\/types\/product"}],"wp:featuredmedia":[{"embeddable":true,"href":"https:\/\/zatureczkimarcell.ddns.net\/wordpress\/wp-json\/wp\/v2\/media\/103143"}],"wp:attachment":[{"href":"https:\/\/zatureczkimarcell.ddns.net\/wordpress\/wp-json\/wp\/v2\/media?parent=109728"}],"wp:term":[{"taxonomy":"product_brand","embeddable":true,"href":"https:\/\/zatureczkimarcell.ddns.net\/wordpress\/wp-json\/wp\/v2\/product_brand?post=109728"},{"taxonomy":"product_cat","embeddable":true,"href":"https:\/\/zatureczkimarcell.ddns.net\/wordpress\/wp-json\/wp\/v2\/product_cat?post=109728"},{"taxonomy":"product_tag","embeddable":true,"href":"https:\/\/zatureczkimarcell.ddns.net\/wordpress\/wp-json\/wp\/v2\/product_tag?post=109728"}],"curies":[{"name":"wp","href":"https:\/\/api.w.org\/{rel}","templated":true}]}}