{"id":109718,"date":"2026-04-01T10:36:00","date_gmt":"2026-04-01T08:36:00","guid":{"rendered":"https:\/\/zatureczkimarcell.ddns.net\/wordpress\/?post_type=product&#038;p=109718"},"modified":"2026-04-01T10:36:24","modified_gmt":"2026-04-01T08:36:24","slug":"forcefield-isolator-vall-protektor-par-level-2-legmagasabb-vedelmi-szint","status":"publish","type":"product","link":"https:\/\/zatureczkimarcell.ddns.net\/wordpress\/termek\/forcefield-isolator-vall-protektor-par-level-2-legmagasabb-vedelmi-szint\/","title":{"rendered":"Forcefield Isolator v\u00e1ll protektor p\u00e1r LEVEL 2! Legmagasabb v\u00e9delmi szint!"},"content":{"rendered":"<p><strong>Level 2 v&eacute;delmi fokozat&uacute; v&aacute;llprotektor, amit a kab&aacute;tban kialak&iacute;tott protektorzsebbe kell tenni.<\/strong><\/p>\n<p><span style=\"font-size:14px;\">BIZTONS&Aacute;G:<br \/>\nmind&ouml;ssze 11kN &aacute;tlagos &aacute;thatol&oacute; er\u0151 50J &uuml;tk&ouml;z&eacute;si energi&aacute;b&oacute;l, amely l&eacute;nyegesen kedvez\u0151bb mint a tesztben foglalt, maxim&aacute;lisan megengedett 20kN. A CE tesztet mind a 4 vizsg&aacute;lt id\u0151j&aacute;r&aacute;si k&ouml;r&uuml;lm&eacute;ny (norm&aacute;l, meleg,hideg, nedves) eset&eacute;n teljes&iacute;ti.<br \/>\naz esetleges behat&aacute;st k&ouml;vet\u0151en &#8211; ellent&eacute;tben a legt&ouml;bb protektorral &#8211; tov&aacute;bb haszn&aacute;lhat&oacute;, energiaelnyel\u0151 k&eacute;pess&eacute;ge nem cs&ouml;kken sz&aacute;mottev\u0151en<br \/>\nsaj&aacute;t CE azonos m&eacute;r&eacute;seink szerint 8 egym&aacute;st k&ouml;vet\u0151 behat&aacute;s ut&aacute;n is k&ouml;nnyed&eacute;n teljes&iacute;ti a tesztben foglaltakat<br \/>\na kem&eacute;nyprotektorokkal ellent&eacute;tben az energiaelnyel&eacute;s m&eacute;rt&eacute;ke a teljes v&eacute;dett fel&uuml;leten k&ouml;zel azonos<\/span><\/p>\n<p><span style=\"font-size:14px;\">K&Eacute;NYELEM:<\/span><\/p>\n<p><span style=\"font-size:14px;\">mind&ouml;ssze 12mm vastag<br \/>\ns&uacute;lya csup&aacute;n 96gr<br \/>\nanat&oacute;miai &eacute;s ergon&oacute;miai szempontok figyelembev&eacute;tel&eacute;vel tervezt&eacute;k, a mozg&aacute;sban nem akad&aacute;lyoz<br \/>\nval&oacute;di 3 dimenzi&oacute;s mozg&aacute;st tesz lehet\u0151v&eacute;, n&eacute;h&aacute;ny perc haszn&aacute;lat ut&aacute;n a testr\u0151l t&aacute;voz&oacute; h\u0151 hat&aacute;s&aacute;ra felveszi a test form&aacute;j&aacute;t<br \/>\negyszer\u0171en tiszt&aacute;n tarthat&oacute;<\/span><br \/>\n&nbsp;<\/p>\n<p><strong style=\"font-family: Roboto, sans-serif; font-size: 16px; box-sizing: border-box; max-width: 100%;\">Haszn&aacute;lati &eacute;s kezel&eacute;si &uacute;tmutat&oacute; a term&eacute;khez&nbsp;el&eacute;rhet\u0151 ide kattintva:&nbsp;<a href=\"https:\/\/darazsgarazs.hu\/index.php\/termek\/hasznalati-utmutato-protektorokhoz.1411.html\">https:\/\/darazsgarazs.hu\/index.php\/termek\/hasznalati-utmutato-protektorokhoz.1411.html<\/a><\/strong><\/p>\n","protected":false},"excerpt":{"rendered":"<p>Level 2 v&eacute;delmi fokozat&uacute; v&aacute;llprotektor, amit a kab&aacute;tban kialak&iacute;tott protektorzsebbe kell tenni. BIZTONS&Aacute;G: mind&ouml;ssze 11kN &aacute;tlagos &aacute;thatol&oacute; er\u0151 50J &uuml;tk&ouml;z&eacute;si [&hellip;]<\/p>\n","protected":false},"featured_media":105983,"template":"","meta":{"site-sidebar-layout":"default","site-content-layout":"","ast-site-content-layout":"default","site-content-style":"default","site-sidebar-style":"default","ast-global-header-display":"","ast-banner-title-visibility":"","ast-main-header-display":"","ast-hfb-above-header-display":"","ast-hfb-below-header-display":"","ast-hfb-mobile-header-display":"","site-post-title":"","ast-breadcrumbs-content":"","ast-featured-img":"","footer-sml-layout":"","ast-disable-related-posts":"","theme-transparent-header-meta":"","adv-header-id-meta":"","stick-header-meta":"","header-above-stick-meta":"","header-main-stick-meta":"","header-below-stick-meta":"","astra-migrate-meta-layouts":"default","ast-page-background-enabled":"default","ast-page-background-meta":{"desktop":{"background-color":"var(--ast-global-color-5)","background-image":"","background-repeat":"repeat","background-position":"center center","background-size":"auto","background-attachment":"scroll","background-type":"","background-media":"","overlay-type":"","overlay-color":"","overlay-opacity":"","overlay-gradient":""},"tablet":{"background-color":"","background-image":"","background-repeat":"repeat","background-position":"center center","background-size":"auto","background-attachment":"scroll","background-type":"","background-media":"","overlay-type":"","overlay-color":"","overlay-opacity":"","overlay-gradient":""},"mobile":{"background-color":"","background-image":"","background-repeat":"repeat","background-position":"center center","background-size":"auto","background-attachment":"scroll","background-type":"","background-media":"","overlay-type":"","overlay-color":"","overlay-opacity":"","overlay-gradient":""}},"ast-content-background-meta":{"desktop":{"background-color":"var(--ast-global-color-4)","background-image":"","background-repeat":"repeat","background-position":"center center","background-size":"auto","background-attachment":"scroll","background-type":"","background-media":"","overlay-type":"","overlay-color":"","overlay-opacity":"","overlay-gradient":""},"tablet":{"background-color":"var(--ast-global-color-4)","background-image":"","background-repeat":"repeat","background-position":"center center","background-size":"auto","background-attachment":"scroll","background-type":"","background-media":"","overlay-type":"","overlay-color":"","overlay-opacity":"","overlay-gradient":""},"mobile":{"background-color":"var(--ast-global-color-4)","background-image":"","background-repeat":"repeat","background-position":"center center","background-size":"auto","background-attachment":"scroll","background-type":"","background-media":"","overlay-type":"","overlay-color":"","overlay-opacity":"","overlay-gradient":""}}},"product_brand":[],"product_cat":[130],"product_tag":[],"class_list":{"0":"post-109718","1":"product","2":"type-product","3":"status-publish","4":"has-post-thumbnail","6":"product_cat-protektorok","7":"desktop-align-left","8":"tablet-align-left","9":"mobile-align-left","11":"first","12":"instock","13":"sale","14":"shipping-taxable","15":"purchasable","16":"product-type-simple"},"jetpack_sharing_enabled":true,"_links":{"self":[{"href":"https:\/\/zatureczkimarcell.ddns.net\/wordpress\/wp-json\/wp\/v2\/product\/109718","targetHints":{"allow":["GET"]}}],"collection":[{"href":"https:\/\/zatureczkimarcell.ddns.net\/wordpress\/wp-json\/wp\/v2\/product"}],"about":[{"href":"https:\/\/zatureczkimarcell.ddns.net\/wordpress\/wp-json\/wp\/v2\/types\/product"}],"wp:featuredmedia":[{"embeddable":true,"href":"https:\/\/zatureczkimarcell.ddns.net\/wordpress\/wp-json\/wp\/v2\/media\/105983"}],"wp:attachment":[{"href":"https:\/\/zatureczkimarcell.ddns.net\/wordpress\/wp-json\/wp\/v2\/media?parent=109718"}],"wp:term":[{"taxonomy":"product_brand","embeddable":true,"href":"https:\/\/zatureczkimarcell.ddns.net\/wordpress\/wp-json\/wp\/v2\/product_brand?post=109718"},{"taxonomy":"product_cat","embeddable":true,"href":"https:\/\/zatureczkimarcell.ddns.net\/wordpress\/wp-json\/wp\/v2\/product_cat?post=109718"},{"taxonomy":"product_tag","embeddable":true,"href":"https:\/\/zatureczkimarcell.ddns.net\/wordpress\/wp-json\/wp\/v2\/product_tag?post=109718"}],"curies":[{"name":"wp","href":"https:\/\/api.w.org\/{rel}","templated":true}]}}