{"id":109716,"date":"2026-04-01T10:35:58","date_gmt":"2026-04-01T08:35:58","guid":{"rendered":"https:\/\/zatureczkimarcell.ddns.net\/wordpress\/?post_type=product&#038;p=109716"},"modified":"2026-04-01T10:36:23","modified_gmt":"2026-04-01T08:36:23","slug":"kabatba-rakhato-gerincprotektor-level-2-legmagasabb-vedelmi-szint-1-11","status":"publish","type":"product","link":"https:\/\/zatureczkimarcell.ddns.net\/wordpress\/termek\/kabatba-rakhato-gerincprotektor-level-2-legmagasabb-vedelmi-szint-1-11\/","title":{"rendered":"Kab\u00e1tba rakhat\u00f3 gerincprotektor LEVEL 2! Legmagasabb v\u00e9delmi szint! 1\/11"},"content":{"rendered":"<p style=\"box-sizing: border-box; margin: 0px 0px 10px; font-family: Roboto, sans-serif; font-size: 16px;\"><strong style=\"box-sizing: border-box;\">SC-11\/01 Kab&aacute;tba rakhat&oacute; gerincprotektor<\/strong><\/p>\n<p style=\"box-sizing: border-box; margin: 0px 0px 10px; font-family: Roboto, sans-serif; font-size: 16px;\"><strong style=\"box-sizing: border-box;\">Val&oacute;di 3 dimenzi&oacute;s mozg&aacute;st lehet\u0151v&eacute; t&eacute;v\u0151, k&eacute;nyelmes&nbsp;elasztikus protektor&nbsp;kiv&aacute;l&oacute; &uuml;t&eacute;selnyel\u0151 &eacute;rt&eacute;kekkel: Egy &uuml;t&eacute;s sor&aacute;n a h&aacute;tat el&eacute;r\u0151 er\u0151hat&aacute;s mind&ouml;ssze:9kN&nbsp;<\/strong><\/p>\n<p style=\"box-sizing: border-box; margin: 0px 0px 10px; font-family: Roboto, sans-serif; font-size: 16px;\"><strong style=\"box-sizing: border-box;\"><span style=\"color:#FF0000;\">LEVEL 2 v&eacute;delem &#8211; A legmagasabb v&eacute;delmi fokozat<\/span><br style=\"box-sizing: border-box;\" \/><br \/>\nAnat&oacute;miailag t&ouml;k&eacute;letesen illeszked\u0151 &eacute;s alig &eacute;szrevehet\u0151.<br style=\"box-sizing: border-box;\" \/><br \/>\nHigh-end technol&oacute;gia m&eacute;g nagyobb biztons&aacute;g &eacute;rdek&eacute;ben.<br style=\"box-sizing: border-box;\" \/><br \/>\n&nbsp;<br style=\"box-sizing: border-box;\" \/><br \/>\nJellemz\u0151i:<br style=\"box-sizing: border-box;\" \/><br \/>\nCikksz&aacute;m: SC-1\/11<br style=\"box-sizing: border-box;\" \/><br \/>\nT&ouml;meg: 250 g<br style=\"box-sizing: border-box;\" \/><br \/>\nM&eacute;retek : kb 400\/280\/19 mm<br style=\"box-sizing: border-box;\" \/><br \/>\nEgy esetlegesen bek&ouml;vetkez\u0151 baleset ut&aacute;n a term&eacute;k tov&aacute;bbra is haszn&aacute;lhat&oacute; marad<\/strong><\/p>\n<p style=\"box-sizing: border-box; margin: 0px 0px 10px; font-family: Roboto, sans-serif; font-size: 16px;\">\n<p style=\"box-sizing: border-box; margin: 0px 0px 10px; font-family: Roboto, sans-serif; font-size: 16px;\"><strong>Koll&eacute;g&aacute;ink is a SAS-TEC protektorokat haszn&aacute;lj&aacute;k! V&eacute;lem&eacute;ny&uuml;ket a saj&aacute;t tesztel&eacute;s\u0171 term&eacute;kek men\u0171pont alatt olvashatod az al&aacute;bbi linkre kattintva :&nbsp;<a href=\"http:\/\/darazsgarazs.hu\/termek\/sas-tec-protektor.825.html\">http:\/\/darazsgarazs.hu\/termek\/sas-tec-protektor.825.html<\/a><\/strong><\/p>\n<p style=\"box-sizing: border-box; margin: 0px 0px 10px; font-family: Roboto, sans-serif; font-size: 16px;\">\n<p style=\"box-sizing: border-box; margin: 0px 0px 10px; font-family: Roboto, sans-serif; font-size: 16px;\"><strong style=\"font-family: Roboto, sans-serif; font-size: 16px; box-sizing: border-box; max-width: 100%;\">Haszn&aacute;lati &eacute;s kezel&eacute;si &uacute;tmutat&oacute; a term&eacute;khez&nbsp;el&eacute;rhet\u0151 ide kattintva:&nbsp;<a href=\"https:\/\/darazsgarazs.hu\/index.php\/termek\/hasznalati-utmutato-protektorokhoz.1411.html\">https:\/\/darazsgarazs.hu\/index.php\/termek\/hasznalati-utmutato-protektorokhoz.1411.html<\/a><\/strong><\/p>\n","protected":false},"excerpt":{"rendered":"<p>SC-11\/01 Kab&aacute;tba rakhat&oacute; gerincprotektor Val&oacute;di 3 dimenzi&oacute;s mozg&aacute;st lehet\u0151v&eacute; t&eacute;v\u0151, k&eacute;nyelmes&nbsp;elasztikus protektor&nbsp;kiv&aacute;l&oacute; &uuml;t&eacute;selnyel\u0151 &eacute;rt&eacute;kekkel: Egy &uuml;t&eacute;s sor&aacute;n a h&aacute;tat el&eacute;r\u0151 [&hellip;]<\/p>\n","protected":false},"featured_media":102551,"template":"","meta":{"site-sidebar-layout":"default","site-content-layout":"","ast-site-content-layout":"default","site-content-style":"default","site-sidebar-style":"default","ast-global-header-display":"","ast-banner-title-visibility":"","ast-main-header-display":"","ast-hfb-above-header-display":"","ast-hfb-below-header-display":"","ast-hfb-mobile-header-display":"","site-post-title":"","ast-breadcrumbs-content":"","ast-featured-img":"","footer-sml-layout":"","ast-disable-related-posts":"","theme-transparent-header-meta":"","adv-header-id-meta":"","stick-header-meta":"","header-above-stick-meta":"","header-main-stick-meta":"","header-below-stick-meta":"","astra-migrate-meta-layouts":"default","ast-page-background-enabled":"default","ast-page-background-meta":{"desktop":{"background-color":"var(--ast-global-color-5)","background-image":"","background-repeat":"repeat","background-position":"center center","background-size":"auto","background-attachment":"scroll","background-type":"","background-media":"","overlay-type":"","overlay-color":"","overlay-opacity":"","overlay-gradient":""},"tablet":{"background-color":"","background-image":"","background-repeat":"repeat","background-position":"center center","background-size":"auto","background-attachment":"scroll","background-type":"","background-media":"","overlay-type":"","overlay-color":"","overlay-opacity":"","overlay-gradient":""},"mobile":{"background-color":"","background-image":"","background-repeat":"repeat","background-position":"center center","background-size":"auto","background-attachment":"scroll","background-type":"","background-media":"","overlay-type":"","overlay-color":"","overlay-opacity":"","overlay-gradient":""}},"ast-content-background-meta":{"desktop":{"background-color":"var(--ast-global-color-4)","background-image":"","background-repeat":"repeat","background-position":"center center","background-size":"auto","background-attachment":"scroll","background-type":"","background-media":"","overlay-type":"","overlay-color":"","overlay-opacity":"","overlay-gradient":""},"tablet":{"background-color":"var(--ast-global-color-4)","background-image":"","background-repeat":"repeat","background-position":"center center","background-size":"auto","background-attachment":"scroll","background-type":"","background-media":"","overlay-type":"","overlay-color":"","overlay-opacity":"","overlay-gradient":""},"mobile":{"background-color":"var(--ast-global-color-4)","background-image":"","background-repeat":"repeat","background-position":"center center","background-size":"auto","background-attachment":"scroll","background-type":"","background-media":"","overlay-type":"","overlay-color":"","overlay-opacity":"","overlay-gradient":""}}},"product_brand":[],"product_cat":[130],"product_tag":[],"class_list":{"0":"post-109716","1":"product","2":"type-product","3":"status-publish","4":"has-post-thumbnail","6":"product_cat-protektorok","7":"desktop-align-left","8":"tablet-align-left","9":"mobile-align-left","11":"first","12":"instock","13":"shipping-taxable","14":"purchasable","15":"product-type-simple"},"jetpack_sharing_enabled":true,"_links":{"self":[{"href":"https:\/\/zatureczkimarcell.ddns.net\/wordpress\/wp-json\/wp\/v2\/product\/109716","targetHints":{"allow":["GET"]}}],"collection":[{"href":"https:\/\/zatureczkimarcell.ddns.net\/wordpress\/wp-json\/wp\/v2\/product"}],"about":[{"href":"https:\/\/zatureczkimarcell.ddns.net\/wordpress\/wp-json\/wp\/v2\/types\/product"}],"wp:featuredmedia":[{"embeddable":true,"href":"https:\/\/zatureczkimarcell.ddns.net\/wordpress\/wp-json\/wp\/v2\/media\/102551"}],"wp:attachment":[{"href":"https:\/\/zatureczkimarcell.ddns.net\/wordpress\/wp-json\/wp\/v2\/media?parent=109716"}],"wp:term":[{"taxonomy":"product_brand","embeddable":true,"href":"https:\/\/zatureczkimarcell.ddns.net\/wordpress\/wp-json\/wp\/v2\/product_brand?post=109716"},{"taxonomy":"product_cat","embeddable":true,"href":"https:\/\/zatureczkimarcell.ddns.net\/wordpress\/wp-json\/wp\/v2\/product_cat?post=109716"},{"taxonomy":"product_tag","embeddable":true,"href":"https:\/\/zatureczkimarcell.ddns.net\/wordpress\/wp-json\/wp\/v2\/product_tag?post=109716"}],"curies":[{"name":"wp","href":"https:\/\/api.w.org\/{rel}","templated":true}]}}