{"id":109715,"date":"2026-04-01T10:35:57","date_gmt":"2026-04-01T08:35:57","guid":{"rendered":"https:\/\/zatureczkimarcell.ddns.net\/wordpress\/?post_type=product&#038;p=109715"},"modified":"2026-04-01T10:36:22","modified_gmt":"2026-04-01T08:36:22","slug":"kabatba-rakhato-gerincprotektor-level-2-legmagasabb-vedelmi-szint-1-15","status":"publish","type":"product","link":"https:\/\/zatureczkimarcell.ddns.net\/wordpress\/termek\/kabatba-rakhato-gerincprotektor-level-2-legmagasabb-vedelmi-szint-1-15\/","title":{"rendered":"Kab\u00e1tba rakhat\u00f3 gerincprotektor LEVEL 2! Legmagasabb v\u00e9delmi szint! 1\/15"},"content":{"rendered":"<\/p>\n<div class=\"col-xs-24\" style=\"box-sizing: border-box; position: relative; min-height: 1px; padding-left: 8px; padding-right: 7px; float: left; width: 647.5px; font-family: Roboto, sans-serif; font-size: 14px;\">\n<div class=\"price-box\" style=\"box-sizing: border-box; font-size: 20px; font-weight: bold; line-height: 30px;\"><\/div>\n<\/div>\n<div class=\"col-xs-24\" style=\"box-sizing: border-box; position: relative; min-height: 1px; padding-left: 8px; padding-right: 7px; float: left; width: 647.5px; font-family: Roboto, sans-serif; font-size: 14px;\">\n<div class=\"product-description\" style=\"box-sizing: border-box; font-size: 16px;\">\n<p style=\"box-sizing: border-box; margin: 0px 0px 5px; border: 0px none; outline: none 0px; padding: 0px; vertical-align: baseline; color: rgb(0, 0, 0); font-family: Arial, Helvetica, sans-serif; line-height: 20px;\"><strong style=\"box-sizing: border-box;\">Val&oacute;di 3 Dimenzi&oacute;s mozg&aacute;st lehet\u0151v&eacute; t&eacute;v\u0151&nbsp;elasztikus l&aacute;gy&nbsp;&uuml;t&eacute;selnyel\u0151 protektor<\/strong><\/p>\n<p style=\"box-sizing: border-box; margin: 0px 0px 5px; border: 0px none; outline: none 0px; padding: 0px; vertical-align: baseline; color: rgb(0, 0, 0); font-family: Arial, Helvetica, sans-serif; line-height: 20px;\"><strong style=\"box-sizing: border-box;\"><span style=\"color:#FF0000;\">Level 2-es (Legmagasabb szint\u0171 v&eacute;delem)<\/span><br style=\"box-sizing: border-box;\" \/><br \/>\nAnat&oacute;miailag t&ouml;k&eacute;letesen illeszked\u0151, visel&eacute;s k&ouml;zben alig &eacute;szrevehet\u0151.&nbsp;<\/strong><\/p>\n<p style=\"box-sizing: border-box; margin: 0px 0px 5px; border: 0px none; outline: none 0px; padding: 0px; vertical-align: baseline; color: rgb(0, 0, 0); font-family: Arial, Helvetica, sans-serif; line-height: 20px;\"><strong style=\"box-sizing: border-box;\">Jellemz\u0151i:<br style=\"box-sizing: border-box;\" \/><br \/>\nEgy esetleges behat&aacute;st k&ouml;vet\u0151en a protektor tov&aacute;bb haszn&aacute;lhat&oacute;<\/strong><\/p>\n<p style=\"box-sizing: border-box; margin: 0px 0px 5px; border: 0px none; outline: none 0px; padding: 0px; vertical-align: baseline; color: rgb(0, 0, 0); font-family: Arial, Helvetica, sans-serif; line-height: 20px;\"><strong style=\"box-sizing: border-box;\">Tiszt&iacute;t&aacute;sa nedves rongyal&nbsp;<\/strong><\/p>\n<p style=\"box-sizing: border-box; margin: 0px 0px 5px; border: 0px none; outline: none 0px; padding: 0px; vertical-align: baseline; color: rgb(0, 0, 0); font-family: Arial, Helvetica, sans-serif; line-height: 20px;\"><strong style=\"box-sizing: border-box;\">M&eacute;retek: 410 hossz, 280 sz&eacute;less&eacute;g,19mm vastags&aacute;g.<\/strong><\/p>\n<p style=\"box-sizing: border-box; margin: 0px 0px 5px; border: 0px none; outline: none 0px; padding: 0px; vertical-align: baseline; color: rgb(0, 0, 0); font-family: Arial, Helvetica, sans-serif; line-height: 20px;\">\n<p style=\"box-sizing: border-box; margin: 0px 0px 5px; border: 0px none; outline: none 0px; padding: 0px; vertical-align: baseline; color: rgb(0, 0, 0); font-family: Arial, Helvetica, sans-serif; line-height: 20px;\"><strong>Koll&eacute;g&aacute;ink is a SAS-TEC protektorokat haszn&aacute;lj&aacute;k! V&eacute;lem&eacute;ny&uuml;ket a saj&aacute;t tesztel&eacute;s\u0171 term&eacute;kek men\u0171pont alatt olvashatod az al&aacute;bbi linkre kattintva :&nbsp;<a href=\"http:\/\/darazsgarazs.hu\/termek\/sas-tec-protektor.825.html\">http:\/\/darazsgarazs.hu\/termek\/sas-tec-protektor.825.html<\/a><\/strong><\/p>\n<p style=\"box-sizing: border-box; margin: 0px 0px 5px; border: 0px none; outline: none 0px; padding: 0px; vertical-align: baseline; color: rgb(0, 0, 0); font-family: Arial, Helvetica, sans-serif; line-height: 20px;\">\n<p style=\"box-sizing: border-box; margin: 0px 0px 5px; border: 0px none; outline: none 0px; padding: 0px; vertical-align: baseline; color: rgb(0, 0, 0); font-family: Arial, Helvetica, sans-serif; line-height: 20px;\"><strong style=\"font-family: Roboto, sans-serif; font-size: 16px; box-sizing: border-box; max-width: 100%;\">Haszn&aacute;lati &eacute;s kezel&eacute;si &uacute;tmutat&oacute; a term&eacute;khez&nbsp;el&eacute;rhet\u0151 ide kattintva:&nbsp;<a href=\"https:\/\/darazsgarazs.hu\/index.php\/termek\/hasznalati-utmutato-protektorokhoz.1411.html\">https:\/\/darazsgarazs.hu\/index.php\/termek\/hasznalati-utmutato-protektorokhoz.1411.html<\/a><\/strong><\/p>\n<\/div>\n<\/div>\n","protected":false},"excerpt":{"rendered":"<p>Val&oacute;di 3 Dimenzi&oacute;s mozg&aacute;st lehet\u0151v&eacute; t&eacute;v\u0151&nbsp;elasztikus l&aacute;gy&nbsp;&uuml;t&eacute;selnyel\u0151 protektor Level 2-es (Legmagasabb szint\u0171 v&eacute;delem) Anat&oacute;miailag t&ouml;k&eacute;letesen illeszked\u0151, visel&eacute;s k&ouml;zben alig &eacute;szrevehet\u0151.&nbsp; [&hellip;]<\/p>\n","protected":false},"featured_media":108652,"template":"","meta":{"site-sidebar-layout":"default","site-content-layout":"","ast-site-content-layout":"default","site-content-style":"default","site-sidebar-style":"default","ast-global-header-display":"","ast-banner-title-visibility":"","ast-main-header-display":"","ast-hfb-above-header-display":"","ast-hfb-below-header-display":"","ast-hfb-mobile-header-display":"","site-post-title":"","ast-breadcrumbs-content":"","ast-featured-img":"","footer-sml-layout":"","ast-disable-related-posts":"","theme-transparent-header-meta":"","adv-header-id-meta":"","stick-header-meta":"","header-above-stick-meta":"","header-main-stick-meta":"","header-below-stick-meta":"","astra-migrate-meta-layouts":"default","ast-page-background-enabled":"default","ast-page-background-meta":{"desktop":{"background-color":"var(--ast-global-color-5)","background-image":"","background-repeat":"repeat","background-position":"center center","background-size":"auto","background-attachment":"scroll","background-type":"","background-media":"","overlay-type":"","overlay-color":"","overlay-opacity":"","overlay-gradient":""},"tablet":{"background-color":"","background-image":"","background-repeat":"repeat","background-position":"center center","background-size":"auto","background-attachment":"scroll","background-type":"","background-media":"","overlay-type":"","overlay-color":"","overlay-opacity":"","overlay-gradient":""},"mobile":{"background-color":"","background-image":"","background-repeat":"repeat","background-position":"center center","background-size":"auto","background-attachment":"scroll","background-type":"","background-media":"","overlay-type":"","overlay-color":"","overlay-opacity":"","overlay-gradient":""}},"ast-content-background-meta":{"desktop":{"background-color":"var(--ast-global-color-4)","background-image":"","background-repeat":"repeat","background-position":"center center","background-size":"auto","background-attachment":"scroll","background-type":"","background-media":"","overlay-type":"","overlay-color":"","overlay-opacity":"","overlay-gradient":""},"tablet":{"background-color":"var(--ast-global-color-4)","background-image":"","background-repeat":"repeat","background-position":"center center","background-size":"auto","background-attachment":"scroll","background-type":"","background-media":"","overlay-type":"","overlay-color":"","overlay-opacity":"","overlay-gradient":""},"mobile":{"background-color":"var(--ast-global-color-4)","background-image":"","background-repeat":"repeat","background-position":"center center","background-size":"auto","background-attachment":"scroll","background-type":"","background-media":"","overlay-type":"","overlay-color":"","overlay-opacity":"","overlay-gradient":""}}},"product_brand":[],"product_cat":[130],"product_tag":[],"class_list":{"0":"post-109715","1":"product","2":"type-product","3":"status-publish","4":"has-post-thumbnail","6":"product_cat-protektorok","7":"desktop-align-left","8":"tablet-align-left","9":"mobile-align-left","11":"first","12":"instock","13":"shipping-taxable","14":"purchasable","15":"product-type-simple"},"jetpack_sharing_enabled":true,"_links":{"self":[{"href":"https:\/\/zatureczkimarcell.ddns.net\/wordpress\/wp-json\/wp\/v2\/product\/109715","targetHints":{"allow":["GET"]}}],"collection":[{"href":"https:\/\/zatureczkimarcell.ddns.net\/wordpress\/wp-json\/wp\/v2\/product"}],"about":[{"href":"https:\/\/zatureczkimarcell.ddns.net\/wordpress\/wp-json\/wp\/v2\/types\/product"}],"wp:featuredmedia":[{"embeddable":true,"href":"https:\/\/zatureczkimarcell.ddns.net\/wordpress\/wp-json\/wp\/v2\/media\/108652"}],"wp:attachment":[{"href":"https:\/\/zatureczkimarcell.ddns.net\/wordpress\/wp-json\/wp\/v2\/media?parent=109715"}],"wp:term":[{"taxonomy":"product_brand","embeddable":true,"href":"https:\/\/zatureczkimarcell.ddns.net\/wordpress\/wp-json\/wp\/v2\/product_brand?post=109715"},{"taxonomy":"product_cat","embeddable":true,"href":"https:\/\/zatureczkimarcell.ddns.net\/wordpress\/wp-json\/wp\/v2\/product_cat?post=109715"},{"taxonomy":"product_tag","embeddable":true,"href":"https:\/\/zatureczkimarcell.ddns.net\/wordpress\/wp-json\/wp\/v2\/product_tag?post=109715"}],"curies":[{"name":"wp","href":"https:\/\/api.w.org\/{rel}","templated":true}]}}