{"id":109714,"date":"2026-04-01T10:35:56","date_gmt":"2026-04-01T08:35:56","guid":{"rendered":"https:\/\/zatureczkimarcell.ddns.net\/wordpress\/?post_type=product&#038;p=109714"},"modified":"2026-04-01T10:36:21","modified_gmt":"2026-04-01T08:36:21","slug":"motul-scooter-expert-2t-technoszintetikus-ketutemu-motorolaj","status":"publish","type":"product","link":"https:\/\/zatureczkimarcell.ddns.net\/wordpress\/termek\/motul-scooter-expert-2t-technoszintetikus-ketutemu-motorolaj\/","title":{"rendered":"Motul Scooter Expert 2T Technoszintetikus\u00ae k\u00e9t\u00fctem\u0171 motorolaj"},"content":{"rendered":"<p><strong><span style=\"font-size:14px;\">Speci&aacute;lisan a robog&oacute; motorok k&uuml;l&ouml;nleges ig&eacute;nyeihez kifejlesztett z&ouml;ld sz&iacute;nez&eacute;s\u0171 alacsony f&uuml;st&ouml;l&eacute;s\u0171 technoszintetikus&reg; k&eacute;t&uuml;tem\u0171 motorolaj.<br \/>\n&Ouml;sszet&eacute;tele gondoskodik az &eacute;g&eacute;st&eacute;rben &eacute;s a kifufog&oacute;rendszerben t&ouml;rt&eacute;n\u0151 teljes&iacute;tm&eacute;nycs&ouml;kkent\u0151 lerakod&aacute;s megakad&aacute;lyoz&aacute;s&aacute;r&oacute;l.<br \/>\nValamennyi olaj befecskendez&eacute;ses vagy benzin-olaj kever&eacute;k&uuml;zem\u0171 robog&oacute;hoz norm&aacute;l &eacute;s &oacute;lommentes benzinhez is aj&aacute;nlhat&oacute; motorolaj.<\/span><\/strong><\/p>\n<p><strong><span style=\"font-size:14px;\">Szabv&aacute;ny:&nbsp; API TC, JASO FC<\/span><\/strong><\/p>\n<\/p>\n<p><strong style=\"box-sizing: border-box; max-width: 100%; font-family: Roboto, sans-serif; font-size: 16px;\">Haszn&aacute;lati &eacute;s kezel&eacute;si &uacute;tmutat&oacute; a term&eacute;khez el&eacute;rhet\u0151 ide kattintva:&nbsp;<a href=\"https:\/\/darazsgarazs.hu\/index.php\/termek\/hasznalati-utmutato-alkatreszek.1158.html\">https:\/\/darazsgarazs.hu\/index.php\/termek\/hasznalati-utmutato-alkatreszek.1158.html<\/a><\/strong><\/p>\n","protected":false},"excerpt":{"rendered":"<p>Speci&aacute;lisan a robog&oacute; motorok k&uuml;l&ouml;nleges ig&eacute;nyeihez kifejlesztett z&ouml;ld sz&iacute;nez&eacute;s\u0171 alacsony f&uuml;st&ouml;l&eacute;s\u0171 technoszintetikus&reg; k&eacute;t&uuml;tem\u0171 motorolaj. &Ouml;sszet&eacute;tele gondoskodik az &eacute;g&eacute;st&eacute;rben &eacute;s a [&hellip;]<\/p>\n","protected":false},"featured_media":104486,"template":"","meta":{"site-sidebar-layout":"default","site-content-layout":"","ast-site-content-layout":"default","site-content-style":"default","site-sidebar-style":"default","ast-global-header-display":"","ast-banner-title-visibility":"","ast-main-header-display":"","ast-hfb-above-header-display":"","ast-hfb-below-header-display":"","ast-hfb-mobile-header-display":"","site-post-title":"","ast-breadcrumbs-content":"","ast-featured-img":"","footer-sml-layout":"","ast-disable-related-posts":"","theme-transparent-header-meta":"","adv-header-id-meta":"","stick-header-meta":"","header-above-stick-meta":"","header-main-stick-meta":"","header-below-stick-meta":"","astra-migrate-meta-layouts":"default","ast-page-background-enabled":"default","ast-page-background-meta":{"desktop":{"background-color":"var(--ast-global-color-5)","background-image":"","background-repeat":"repeat","background-position":"center center","background-size":"auto","background-attachment":"scroll","background-type":"","background-media":"","overlay-type":"","overlay-color":"","overlay-opacity":"","overlay-gradient":""},"tablet":{"background-color":"","background-image":"","background-repeat":"repeat","background-position":"center center","background-size":"auto","background-attachment":"scroll","background-type":"","background-media":"","overlay-type":"","overlay-color":"","overlay-opacity":"","overlay-gradient":""},"mobile":{"background-color":"","background-image":"","background-repeat":"repeat","background-position":"center center","background-size":"auto","background-attachment":"scroll","background-type":"","background-media":"","overlay-type":"","overlay-color":"","overlay-opacity":"","overlay-gradient":""}},"ast-content-background-meta":{"desktop":{"background-color":"var(--ast-global-color-4)","background-image":"","background-repeat":"repeat","background-position":"center center","background-size":"auto","background-attachment":"scroll","background-type":"","background-media":"","overlay-type":"","overlay-color":"","overlay-opacity":"","overlay-gradient":""},"tablet":{"background-color":"var(--ast-global-color-4)","background-image":"","background-repeat":"repeat","background-position":"center center","background-size":"auto","background-attachment":"scroll","background-type":"","background-media":"","overlay-type":"","overlay-color":"","overlay-opacity":"","overlay-gradient":""},"mobile":{"background-color":"var(--ast-global-color-4)","background-image":"","background-repeat":"repeat","background-position":"center center","background-size":"auto","background-attachment":"scroll","background-type":"","background-media":"","overlay-type":"","overlay-color":"","overlay-opacity":"","overlay-gradient":""}}},"product_brand":[],"product_cat":[129],"product_tag":[],"class_list":{"0":"post-109714","1":"product","2":"type-product","3":"status-publish","4":"has-post-thumbnail","6":"product_cat-akcios-kenoanyagok-es-apolasi-termekek","7":"desktop-align-left","8":"tablet-align-left","9":"mobile-align-left","11":"first","12":"instock","13":"shipping-taxable","14":"purchasable","15":"product-type-simple"},"jetpack_sharing_enabled":true,"_links":{"self":[{"href":"https:\/\/zatureczkimarcell.ddns.net\/wordpress\/wp-json\/wp\/v2\/product\/109714","targetHints":{"allow":["GET"]}}],"collection":[{"href":"https:\/\/zatureczkimarcell.ddns.net\/wordpress\/wp-json\/wp\/v2\/product"}],"about":[{"href":"https:\/\/zatureczkimarcell.ddns.net\/wordpress\/wp-json\/wp\/v2\/types\/product"}],"wp:featuredmedia":[{"embeddable":true,"href":"https:\/\/zatureczkimarcell.ddns.net\/wordpress\/wp-json\/wp\/v2\/media\/104486"}],"wp:attachment":[{"href":"https:\/\/zatureczkimarcell.ddns.net\/wordpress\/wp-json\/wp\/v2\/media?parent=109714"}],"wp:term":[{"taxonomy":"product_brand","embeddable":true,"href":"https:\/\/zatureczkimarcell.ddns.net\/wordpress\/wp-json\/wp\/v2\/product_brand?post=109714"},{"taxonomy":"product_cat","embeddable":true,"href":"https:\/\/zatureczkimarcell.ddns.net\/wordpress\/wp-json\/wp\/v2\/product_cat?post=109714"},{"taxonomy":"product_tag","embeddable":true,"href":"https:\/\/zatureczkimarcell.ddns.net\/wordpress\/wp-json\/wp\/v2\/product_tag?post=109714"}],"curies":[{"name":"wp","href":"https:\/\/api.w.org\/{rel}","templated":true}]}}