{"id":109712,"date":"2026-04-01T10:35:55","date_gmt":"2026-04-01T08:35:55","guid":{"rendered":"https:\/\/zatureczkimarcell.ddns.net\/wordpress\/?post_type=product&#038;p=109712"},"modified":"2026-04-01T10:36:20","modified_gmt":"2026-04-01T08:36:20","slug":"modeka-lane-es-black-city-rider-cipok-tartosteszt","status":"publish","type":"product","link":"https:\/\/zatureczkimarcell.ddns.net\/wordpress\/termek\/modeka-lane-es-black-city-rider-cipok-tartosteszt\/","title":{"rendered":"MODEKA LANE \u00c9S BLACK CITY RIDER CIP\u0150K &#8211; Tart\u00f3steszt"},"content":{"rendered":"<p><strong>MODEKA LANE &eacute;s BLACK CITY RIDER motoros cip\u0151 teszt<\/strong><\/p>\n<p><strong>&Uuml;zlet&uuml;nk munkat&aacute;rsai a MODEKA LANE illetve a MODEKA BLACK CITY RIDER motoros cip\u0151ket v&aacute;lasztott&aacute;k saj&aacute;t haszn&aacute;latra! <\/strong><\/p>\n<p><strong>Mindk&eacute;t term&eacute;k tesztgy\u0151ztes &eacute;s nemzetk&ouml;zi magazinok &aacute;ltal is aj&aacute;nlott !&nbsp;<\/strong><\/p>\n<p><strong>A MODEKA LANE b\u0151r motoros cip\u0151 a v&aacute;rosias megjelen&eacute;st t&aacute;mogatja. Ak&aacute;r egy motoros farmerrel kombin&aacute;lva, a motorr&oacute;l lesz&aacute;llva a belv&aacute;ros forgatag&aacute;ban sem t\u0171nik fel senkinek hogy motorker&eacute;kp&aacute;rral &eacute;rkezt&uuml;nk a helysz&iacute;nre . Csak a v&aacute;lt&oacute;n&aacute;l az er\u0151s&iacute;t&eacute;s, az ami avatott szemnek el&aacute;rulja hogy motoros cip\u0151 van a l&aacute;bunkon. Nagyon k&eacute;nyelmes viselet! A nemzetk&ouml;zi MOTORRAD magazin &eacute;s a TOURENFAHRER magazin is aj&aacute;nlott term&eacute;kk&eacute;nt mutatja be!&nbsp;<\/strong><\/p>\n<p><span style=\"color:#FF0000;\"><strong>Tart&oacute;steszt eredm&eacute;ny:&nbsp;<\/strong><\/span><\/p>\n<p><span style=\"color:#FF0000;\"><strong>Koll&eacute;g&aacute;nk k&eacute;t &eacute;ve haszn&aacute;lja a Modeka Lane motoros cip\u0151t. Nem csak motoroz&aacute;s k&ouml;zben, hanem amikor a munk&aacute;ba is motorral &eacute;rkezik, napk&ouml;zben az &uuml;zletben is sokszor ebben l&aacute;thatj&aacute;tok. Rendk&iacute;v&uuml;l k&eacute;nyelmes cip\u0151 , a h&eacute;tk&ouml;znapokban is k&ouml;nnyed viselet. <\/strong><\/span><\/p>\n<p><span style=\"color:#FF0000;\"><strong>A fel&uuml;let&eacute;n a b\u0151r sz&iacute;ne egy &aacute;rnyalatnyit tal&aacute;n fakult, de ez csak kedvez a mostan&aacute;ban&nbsp;divatos &quot;vintage&quot; megjelen&eacute;snek. Szerint&uuml;nk &iacute;gy bej&aacute;ratva sokkal jobban n&eacute;z ki a Lane! Aki a divatos &eacute;s k&eacute;nyelmes megjelen&eacute;st keresi, akinek sz&aacute;m&iacute;t egy term&eacute;kn&eacute;l a &quot;cool faktor&quot; az ne habozzon megvenni!&nbsp;<\/strong><\/span><\/p>\n<p><strong>A MODEKA BLACK&nbsp;CITY RIDER szint&eacute;n kiv&aacute;l&oacute; aj&aacute;nl&oacute;lev&eacute;llel l&eacute;pett be &uuml;zlet&uuml;nk k&iacute;n&aacute;lat&aacute;ba, hiszen a nemzetk&ouml;zi DREAM MACHINE magazin teszt gy\u0151ztes term&eacute;kek&eacute;nt ker&uuml;lt a polcainkra! A magazin az extra szell\u0151z&eacute;st &eacute;s a kiv&aacute;l&oacute; &aacute;r-&eacute;rt&eacute;k ar&aacute;nyt emelte ki.<\/strong><\/p>\n<p><strong>A teljes fel&uuml;let&eacute;n szell\u0151z&eacute;st biztos&iacute;t&oacute; motoros cip\u0151 t&ouml;bb ponton biztons&aacute;gi meger\u0151s&iacute;t&eacute;seket &eacute;s protektoros v&eacute;delmet kapott. <\/strong><\/p>\n<p><strong>Mindk&eacute;t term&eacute;k j&oacute;l vizsg&aacute;zott hosszabb &uacute;ton is &eacute;s ha az es\u0151 &ndash; j&eacute;ges\u0151 eleredt , es\u0151csizm&aacute;t haszn&aacute;lva sz&aacute;raz maradt! Az es\u0151csizma a hidegebb id\u0151ben a sz&eacute;lv&eacute;delme miatt m&eacute;g a l&aacute;bfej&nbsp; &aacute;tf&aacute;z&aacute;s&aacute;t is megakad&aacute;lyozta . <\/strong><\/p>\n<p><strong>Nem kell teh&aacute;t a megjelen&eacute;s miatt t&ouml;bb&eacute; fel&aacute;ldozni a praktikumot &eacute;s ford&iacute;tva! <\/strong><\/p>\n<p><span style=\"color:#FF0000;\"><strong>Tart&oacute;steszt eredm&eacute;ny:&nbsp;<\/strong><\/span><\/p>\n<p><span style=\"color:#FF0000;\"><b>A hossz&uacute; haszn&aacute;lati id\u0151 ut&aacute;n mi jut eszembe el\u0151sz&ouml;r a Black City Rider-r\u0151l? Tal&aacute;n a legels\u0151 az a pillanat amikor a horv&aacute;torsz&aacute;gi szikl&aacute;s r&eacute;szeken a perzsel\u0151, k&aacute;nikulai naps&uuml;t&eacute;sben a cip\u0151 olyan szell\u0151z&eacute;st biztos&iacute;tott&nbsp;mintha ventill&aacute;tor f&uacute;jn&aacute; a l&aacute;bfejemet. A k&ouml;vetkez\u0151 meg&aacute;ll&aacute;sn&aacute;l meg is n&eacute;ztem hogy a talp&aacute;n is vannak e szell\u0151z\u0151k? \ud83d\ude42 A City Rider-em az eltelt id\u0151 ut&aacute;n&nbsp;tal&aacute;n mondhatom ugyan&uacute;gy n&eacute;z ki mint &uacute;j kor&aacute;ban! Ez nagyban k&ouml;sz&ouml;nhet\u0151 annak is, hogy a Modeka m&eacute;hviaszos &aacute;pol&oacute;j&aacute;val rendszeresen &aacute;tkenem a fel&uuml;let&eacute;t. K&eacute;nyelmes &eacute;s val&oacute;ban kiv&aacute;l&oacute; szell\u0151z&eacute;st biztos&iacute;t&oacute; term&eacute;k!&nbsp;<\/b><\/span><\/p>\n<p><strong>Mindk&eacute;t cip\u0151 eredeti b\u0151r &eacute;s protektoros meger\u0151s&iacute;t&eacute;st tartalmaz<\/strong><\/p>\n<p><strong>A MODEKA LANE&nbsp; &eacute;s a BLACK&nbsp;CITY RIDER term&eacute;kek minden k&ouml;r&uuml;lm&eacute;nynek meg tudnak felelni. <\/strong><\/p>\n<\/p>\n<p><strong>A k&eacute;t cip\u0151r\u0151l az al&aacute;bbi linkeken olvashat: <\/strong><\/p>\n<p><strong>MODEKA LANE<\/strong>: <a href=\"http:\/\/darazsgarazs.hu\/termek\/modeka-lane-motoros-cipo.455.html\">http:\/\/darazsgarazs.hu\/termek\/modeka-lane-motoros-cipo.455.html<\/a><\/p>\n<p><strong>MODEKA BLACK CITY RIDER<\/strong>: <a href=\"http:\/\/darazsgarazs.hu\/termek\/city-rider-motoros-cipo-szellozo-motoros-cipo-nyari.379.html\">http:\/\/darazsgarazs.hu\/termek\/city-rider-motoros-cipo-szellozo-motoros-cipo-nyari.379.html<\/a><\/p><\/p>\n","protected":false},"excerpt":{"rendered":"<p>MODEKA LANE &eacute;s BLACK CITY RIDER motoros cip\u0151 teszt &Uuml;zlet&uuml;nk munkat&aacute;rsai a MODEKA LANE illetve a MODEKA BLACK CITY RIDER [&hellip;]<\/p>\n","protected":false},"featured_media":106400,"template":"","meta":{"site-sidebar-layout":"default","site-content-layout":"","ast-site-content-layout":"default","site-content-style":"default","site-sidebar-style":"default","ast-global-header-display":"","ast-banner-title-visibility":"","ast-main-header-display":"","ast-hfb-above-header-display":"","ast-hfb-below-header-display":"","ast-hfb-mobile-header-display":"","site-post-title":"","ast-breadcrumbs-content":"","ast-featured-img":"","footer-sml-layout":"","ast-disable-related-posts":"","theme-transparent-header-meta":"","adv-header-id-meta":"","stick-header-meta":"","header-above-stick-meta":"","header-main-stick-meta":"","header-below-stick-meta":"","astra-migrate-meta-layouts":"default","ast-page-background-enabled":"default","ast-page-background-meta":{"desktop":{"background-color":"var(--ast-global-color-5)","background-image":"","background-repeat":"repeat","background-position":"center center","background-size":"auto","background-attachment":"scroll","background-type":"","background-media":"","overlay-type":"","overlay-color":"","overlay-opacity":"","overlay-gradient":""},"tablet":{"background-color":"","background-image":"","background-repeat":"repeat","background-position":"center center","background-size":"auto","background-attachment":"scroll","background-type":"","background-media":"","overlay-type":"","overlay-color":"","overlay-opacity":"","overlay-gradient":""},"mobile":{"background-color":"","background-image":"","background-repeat":"repeat","background-position":"center center","background-size":"auto","background-attachment":"scroll","background-type":"","background-media":"","overlay-type":"","overlay-color":"","overlay-opacity":"","overlay-gradient":""}},"ast-content-background-meta":{"desktop":{"background-color":"var(--ast-global-color-4)","background-image":"","background-repeat":"repeat","background-position":"center center","background-size":"auto","background-attachment":"scroll","background-type":"","background-media":"","overlay-type":"","overlay-color":"","overlay-opacity":"","overlay-gradient":""},"tablet":{"background-color":"var(--ast-global-color-4)","background-image":"","background-repeat":"repeat","background-position":"center center","background-size":"auto","background-attachment":"scroll","background-type":"","background-media":"","overlay-type":"","overlay-color":"","overlay-opacity":"","overlay-gradient":""},"mobile":{"background-color":"var(--ast-global-color-4)","background-image":"","background-repeat":"repeat","background-position":"center center","background-size":"auto","background-attachment":"scroll","background-type":"","background-media":"","overlay-type":"","overlay-color":"","overlay-opacity":"","overlay-gradient":""}}},"product_brand":[],"product_cat":[153],"product_tag":[],"class_list":{"0":"post-109712","1":"product","2":"type-product","3":"status-publish","4":"has-post-thumbnail","6":"product_cat-sajat-tesztelesu-termekek","7":"desktop-align-left","8":"tablet-align-left","9":"mobile-align-left","11":"first","12":"instock","13":"shipping-taxable","14":"product-type-simple"},"jetpack_sharing_enabled":true,"_links":{"self":[{"href":"https:\/\/zatureczkimarcell.ddns.net\/wordpress\/wp-json\/wp\/v2\/product\/109712","targetHints":{"allow":["GET"]}}],"collection":[{"href":"https:\/\/zatureczkimarcell.ddns.net\/wordpress\/wp-json\/wp\/v2\/product"}],"about":[{"href":"https:\/\/zatureczkimarcell.ddns.net\/wordpress\/wp-json\/wp\/v2\/types\/product"}],"wp:featuredmedia":[{"embeddable":true,"href":"https:\/\/zatureczkimarcell.ddns.net\/wordpress\/wp-json\/wp\/v2\/media\/106400"}],"wp:attachment":[{"href":"https:\/\/zatureczkimarcell.ddns.net\/wordpress\/wp-json\/wp\/v2\/media?parent=109712"}],"wp:term":[{"taxonomy":"product_brand","embeddable":true,"href":"https:\/\/zatureczkimarcell.ddns.net\/wordpress\/wp-json\/wp\/v2\/product_brand?post=109712"},{"taxonomy":"product_cat","embeddable":true,"href":"https:\/\/zatureczkimarcell.ddns.net\/wordpress\/wp-json\/wp\/v2\/product_cat?post=109712"},{"taxonomy":"product_tag","embeddable":true,"href":"https:\/\/zatureczkimarcell.ddns.net\/wordpress\/wp-json\/wp\/v2\/product_tag?post=109712"}],"curies":[{"name":"wp","href":"https:\/\/api.w.org\/{rel}","templated":true}]}}