{"id":109711,"date":"2026-04-01T10:35:54","date_gmt":"2026-04-01T08:35:54","guid":{"rendered":"https:\/\/zatureczkimarcell.ddns.net\/wordpress\/?post_type=product&#038;p=109711"},"modified":"2026-04-01T10:36:19","modified_gmt":"2026-04-01T08:36:19","slug":"marushin-999-bukosisak-tartosteszt","status":"publish","type":"product","link":"https:\/\/zatureczkimarcell.ddns.net\/wordpress\/termek\/marushin-999-bukosisak-tartosteszt\/","title":{"rendered":"MARUSHIN 999 BUK\u00d3SISAK TART\u00d3STESZT"},"content":{"rendered":"<p><strong>Koll&eacute;g&aacute;nk m&aacute;r t&ouml;bb mint k&eacute;t &eacute;ve haszn&aacute;lja a Jap&aacute;n Marushin gy&aacute;rt&oacute; Karbon &ndash; &uuml;vegsz&aacute;l sisakj&aacute;t a 999-et-&iacute;gy mondhatjuk teljes joggal hogy tart&oacute;stesztet v&eacute;gezt&uuml;nk a sisakon.<\/strong><\/p>\n<p><strong>K&uuml;l&ouml;nlegesen k&ouml;nnyed sisak , p&aacute;rj&aacute;t ritk&iacute;t&oacute; 1100grammos s&uacute;ly&aacute;val &iacute;gy &nbsp;m&eacute;g a hossz&uacute; t&uacute;r&aacute;kon viselve is maxim&aacute;lis komfort&eacute;rzetet biztos&iacute;t. <\/strong><\/p>\n<p><strong>A tesztgy\u0151ztes sisak amely olyan nagynev\u0171 gy&aacute;rt&oacute;kat utas&iacute;tott maga m&ouml;g&eacute; mint a Nolan , a Caberg illetve az AGV. Maxim&aacute;lis 5 csillagos nemzetk&ouml;zi t&ouml;r&eacute;steszt eredm&eacute;nnyel rendelkezik. A MARUSHIN balesetv&eacute;delmi szabadalma az M. A.R. O. Technol&oacute;gia amit az&oacute;ta a Schubert is alkalmaz. <\/strong><\/p>\n<p><strong>Mindezen tulajdons&aacute;gok &ouml;sszess&eacute;ge miatt szavazott bizalmat a sisaknak a koll&eacute;ga. Besz&eacute;des lehet tal&aacute;n hogy &uuml;zlet&uuml;nk dolgoz&oacute;i sz&aacute;m&aacute;ra lehet\u0151s&eacute;g van b&aacute;rmilyen sisakot v&aacute;lasztani, illetve napk&ouml;zben sok term&eacute;ket fel tudunk pr&oacute;b&aacute;lni, de m&eacute;gis a MARUSHIN 999-re esett a v&aacute;laszt&aacute;s. <\/strong><\/p>\n<p><strong>A hossz&uacute; utak megfigyel&eacute;se hogy a sisak semmif&eacute;le terhet nem r&oacute; a nyakcsigoly&aacute;ra &eacute;s a nyaki izmokra. 17 &oacute;ra motoroz&aacute;s ut&aacute;n is k&eacute;nyelmes sisakr&oacute;l besz&eacute;l&uuml;nk. S&ouml;t&eacute;t&iacute;tett &nbsp;plexivel a t\u0171z\u0151 nap sugarainak is ellen&aacute;ll. Ahogyan az a fot&oacute;kon is l&aacute;tszik , csak eg&eacute;szen s&ouml;t&eacute;tben , j&oacute;val naplemente ut&aacute;n kell a plexit esetleg v&iacute;ztiszt&aacute;ra lecser&eacute;lni. Az &uuml;zlet&uuml;nkben beszerezhet\u0151 &aacute;ttetsz\u0151 szem&uuml;veggel sp&oacute;rolta meg a koll&eacute;ga a plexi cser&eacute;j&eacute;t.<\/strong><\/p>\n<p><strong>A sisak p&aacute;r&aacute;sod&aacute;sa nem jellemz\u0151, csak eg&eacute;szen sz&eacute;ls\u0151s&eacute;ges id\u0151j&aacute;r&aacute;sban, &nbsp;10-20Km\/h sebess&eacute;g mellett &nbsp;kellett a plexin egy kicsi r&eacute;st nyitnia. Nagyobb temp&oacute;n&aacute;l pedig egy&aacute;ltal&aacute;n nem jellemz\u0151 a plexi p&aacute;r&aacute;sod&aacute;sa. <\/strong><\/p>\n<p><strong>A sisak &uuml;gyfeleink visszajelz&eacute;se &eacute;s a teszt eredm&eacute;nyek &nbsp;alapj&aacute;n kifejezetten csendes. A teljes b&eacute;l&eacute;se kivehet\u0151 &eacute;s moshat&oacute; antibakteri&aacute;lis b&eacute;l&eacute;s. <\/strong><\/p>\n<p><strong>Csak&uacute;gy mint &uuml;gyfeleink, &nbsp;a koll&eacute;ga is maxim&aacute;lisan el&eacute;gedett a Marushin 999-el! Nem hi&aacute;ba, hiszen a sisak a 2-300 ezer Ft-os &aacute;rkateg&oacute;ri&aacute;ban tal&aacute;l csak vet&eacute;lyt&aacute;rsakat ! <\/strong><\/p>\n<p><strong>Ism&eacute;t egy olyan term&eacute;k amit szem&eacute;lyes meggy\u0151z\u0151d&eacute;ssel tudunk &aacute;tadni &uuml;gyfeleink r&eacute;sz&eacute;re mert:<\/strong><\/p>\n<p><strong>-Min\u0151s&eacute;gi Jap&aacute;n gy&aacute;rt&oacute; <\/strong><\/p>\n<p><strong>-Csendes<\/strong><\/p>\n<p><strong>-Maxim&aacute;lis t&ouml;r&eacute;steszt eredm&eacute;nyt &eacute;rt el<\/strong><\/p>\n<p><strong>&#8211; A s&uacute;ly&aacute;t m&eacute;g az &aacute;tlag Karbon sisakok sem tudj&aacute;k megk&ouml;zel&iacute;teni. <em>(* Egy &aacute;tlagos karbon buk&oacute;sisak &nbsp;&nbsp;&nbsp;&nbsp;&nbsp;&nbsp;1200-1300 gramm) &nbsp;<\/em><\/strong><\/p>\n<p><strong>-Teszt &eacute;s &aacute;r-&eacute;rt&eacute;k ar&aacute;ny gy\u0151ztes! <\/strong><\/p>\n<p><strong>A MARUSHIN&nbsp; 999-r\u0151l oldalunkon olvashatsz technikai inform&aacute;ci&oacute;kat: <\/strong><\/p>\n<p><a href=\"http:\/\/darazsgarazs.hu\/tk\/6\/zart-bukosisakok\">http:\/\/darazsgarazs.hu\/tk\/6\/zart-bukosisakok<\/a><\/p>\n<\/p>\n<p><span style=\"color:#FF0000;\"><strong>Tart&oacute;steszt eredm&eacute;ny:&nbsp;<\/strong><\/span><\/p>\n<p><span style=\"color:#FF0000;\"><strong>Nem csak a kezdetekben, hanem az&oacute;ta is t&ouml;k&eacute;letesen teljes&iacute;t a Marushin 999. <\/strong><\/span><\/p>\n<p><span style=\"color:#FF0000;\"><strong>Norm&aacute;l haszn&aacute;lat mellett, sz&aacute;mottev\u0151 kop&aacute;sr&oacute;l nem besz&eacute;lhet&uuml;nk ami a bels\u0151r&eacute;szt illeti. <\/strong><\/span><\/p>\n<p><span style=\"color:#FF0000;\"><strong>Megfelel\u0151en haszn&aacute;lt sisakr&oacute;l van sz&oacute; &iacute;gy a k&uuml;ls\u0151 fel&uuml;leten is &uacute;jszer\u0171 &aacute;llapotot mutat. Nem tervezem a cser&eacute;j&eacute;t, m&eacute;g 2-3 &eacute;vig biztosan ebben a p&aacute;ratlan k&eacute;nyelm\u0171 sisakban fogok motorozni!&nbsp;<\/strong><\/span><\/p>\n<\/p><\/p>\n","protected":false},"excerpt":{"rendered":"<p>Koll&eacute;g&aacute;nk m&aacute;r t&ouml;bb mint k&eacute;t &eacute;ve haszn&aacute;lja a Jap&aacute;n Marushin gy&aacute;rt&oacute; Karbon &ndash; &uuml;vegsz&aacute;l sisakj&aacute;t a 999-et-&iacute;gy mondhatjuk teljes joggal [&hellip;]<\/p>\n","protected":false},"featured_media":106518,"template":"","meta":{"site-sidebar-layout":"default","site-content-layout":"","ast-site-content-layout":"default","site-content-style":"default","site-sidebar-style":"default","ast-global-header-display":"","ast-banner-title-visibility":"","ast-main-header-display":"","ast-hfb-above-header-display":"","ast-hfb-below-header-display":"","ast-hfb-mobile-header-display":"","site-post-title":"","ast-breadcrumbs-content":"","ast-featured-img":"","footer-sml-layout":"","ast-disable-related-posts":"","theme-transparent-header-meta":"","adv-header-id-meta":"","stick-header-meta":"","header-above-stick-meta":"","header-main-stick-meta":"","header-below-stick-meta":"","astra-migrate-meta-layouts":"default","ast-page-background-enabled":"default","ast-page-background-meta":{"desktop":{"background-color":"var(--ast-global-color-5)","background-image":"","background-repeat":"repeat","background-position":"center center","background-size":"auto","background-attachment":"scroll","background-type":"","background-media":"","overlay-type":"","overlay-color":"","overlay-opacity":"","overlay-gradient":""},"tablet":{"background-color":"","background-image":"","background-repeat":"repeat","background-position":"center center","background-size":"auto","background-attachment":"scroll","background-type":"","background-media":"","overlay-type":"","overlay-color":"","overlay-opacity":"","overlay-gradient":""},"mobile":{"background-color":"","background-image":"","background-repeat":"repeat","background-position":"center center","background-size":"auto","background-attachment":"scroll","background-type":"","background-media":"","overlay-type":"","overlay-color":"","overlay-opacity":"","overlay-gradient":""}},"ast-content-background-meta":{"desktop":{"background-color":"var(--ast-global-color-4)","background-image":"","background-repeat":"repeat","background-position":"center center","background-size":"auto","background-attachment":"scroll","background-type":"","background-media":"","overlay-type":"","overlay-color":"","overlay-opacity":"","overlay-gradient":""},"tablet":{"background-color":"var(--ast-global-color-4)","background-image":"","background-repeat":"repeat","background-position":"center center","background-size":"auto","background-attachment":"scroll","background-type":"","background-media":"","overlay-type":"","overlay-color":"","overlay-opacity":"","overlay-gradient":""},"mobile":{"background-color":"var(--ast-global-color-4)","background-image":"","background-repeat":"repeat","background-position":"center center","background-size":"auto","background-attachment":"scroll","background-type":"","background-media":"","overlay-type":"","overlay-color":"","overlay-opacity":"","overlay-gradient":""}}},"product_brand":[],"product_cat":[153],"product_tag":[],"class_list":{"0":"post-109711","1":"product","2":"type-product","3":"status-publish","4":"has-post-thumbnail","6":"product_cat-sajat-tesztelesu-termekek","7":"desktop-align-left","8":"tablet-align-left","9":"mobile-align-left","11":"first","12":"instock","13":"shipping-taxable","14":"product-type-simple"},"jetpack_sharing_enabled":true,"_links":{"self":[{"href":"https:\/\/zatureczkimarcell.ddns.net\/wordpress\/wp-json\/wp\/v2\/product\/109711","targetHints":{"allow":["GET"]}}],"collection":[{"href":"https:\/\/zatureczkimarcell.ddns.net\/wordpress\/wp-json\/wp\/v2\/product"}],"about":[{"href":"https:\/\/zatureczkimarcell.ddns.net\/wordpress\/wp-json\/wp\/v2\/types\/product"}],"wp:featuredmedia":[{"embeddable":true,"href":"https:\/\/zatureczkimarcell.ddns.net\/wordpress\/wp-json\/wp\/v2\/media\/106518"}],"wp:attachment":[{"href":"https:\/\/zatureczkimarcell.ddns.net\/wordpress\/wp-json\/wp\/v2\/media?parent=109711"}],"wp:term":[{"taxonomy":"product_brand","embeddable":true,"href":"https:\/\/zatureczkimarcell.ddns.net\/wordpress\/wp-json\/wp\/v2\/product_brand?post=109711"},{"taxonomy":"product_cat","embeddable":true,"href":"https:\/\/zatureczkimarcell.ddns.net\/wordpress\/wp-json\/wp\/v2\/product_cat?post=109711"},{"taxonomy":"product_tag","embeddable":true,"href":"https:\/\/zatureczkimarcell.ddns.net\/wordpress\/wp-json\/wp\/v2\/product_tag?post=109711"}],"curies":[{"name":"wp","href":"https:\/\/api.w.org\/{rel}","templated":true}]}}