{"id":109710,"date":"2026-04-01T10:35:53","date_gmt":"2026-04-01T08:35:53","guid":{"rendered":"https:\/\/zatureczkimarcell.ddns.net\/wordpress\/?post_type=product&#038;p=109710"},"modified":"2026-04-01T10:36:18","modified_gmt":"2026-04-01T08:36:18","slug":"baali-es-sahara-short-kesztyuk-tesztje","status":"publish","type":"product","link":"https:\/\/zatureczkimarcell.ddns.net\/wordpress\/termek\/baali-es-sahara-short-kesztyuk-tesztje\/","title":{"rendered":"BAALI \u00c9S SAHARA SHORT KESZTY\u0170K TESZTJE"},"content":{"rendered":"<p style=\"color: rgb(34, 34, 34); font-family: arial, sans-serif; font-size: 12.8px;\"><strong>Az Osztr&aacute;k Alpok kanyarjaiban motorozva tesztelt&uuml;nk a n&aacute;lunk kaphat&oacute; keszty\u0171kb\u0151l is p&aacute;rat!<\/strong><\/p>\n<p style=\"color: rgb(34, 34, 34); font-family: arial, sans-serif; font-size: 12.8px;\"><strong>A MODEKA BAALI , &eacute;s a MODEKA SAHARA SHORT keszty\u0171k voltak vel&uuml;nk utunk sor&aacute;n.<\/strong><\/p>\n<p style=\"color: rgb(34, 34, 34); font-family: arial, sans-serif; font-size: 12.8px;\"><strong>A BAALI k&eacute;tf&eacute;le sz&iacute;nben el&eacute;rhet\u0151 &eacute;s azonnal szembet\u0171nik az &aacute;tlagn&aacute;l komolyabb protektoros v&eacute;delem a keszty\u0171n. Szerencs&eacute;re a v&eacute;delmi k&eacute;pess&eacute;geit a term&eacute;knek nem kellett &eacute;lesben kipr&oacute;b&aacute;lnunk. &nbsp;A k&eacute;nyelmes kecskeb\u0151r term&eacute;ken nem el&eacute;gedett meg a N&eacute;met gy&aacute;rt&oacute; a k&uuml;ls\u0151 oldalon l&eacute;v\u0151 kem&eacute;ny protektorok elhelyez&eacute;s&eacute;vel, de m&eacute;g a teny&eacute;r r&eacute;szen, a jellemz\u0151 cs&uacute;sz&aacute;si ponton is merev protektoros v&eacute;delmet alkalmazott. A keszty\u0171 a komoly v&eacute;delmi elemek ellen&eacute;re k&eacute;nyelmes maradt &eacute;s a mostan&aacute;ban n&eacute;pszer\u0171 r&ouml;vid kialak&iacute;t&aacute;s is elnyerte a v&aacute;s&aacute;rl&oacute;k tetsz&eacute;s&eacute;t.<\/strong><\/p>\n<p style=\"color: rgb(34, 34, 34); font-family: arial, sans-serif; font-size: 12.8px;\"><strong>A SAHARA SHORT a m&aacute;r eddig is n&eacute;pszer\u0171 SAHARA TRAVELLER keszty\u0171&nbsp;r&ouml;vid&iacute;tett v&aacute;ltozata. &nbsp;Mivel az id\u0151 v&aacute;ltoz&eacute;kony volt, &iacute;gy nagyon &eacute;rdekes megfigyel&eacute;st osztott meg vel&uuml;nk koll&eacute;g&aacute;nk. A keszty\u0171 melegben (30Celsius k&ouml;r&uuml;l)&nbsp; nem volt izzaszt&oacute;, ugyanakkor a zordabb id\u0151j&aacute;r&aacute;si k&ouml;r&uuml;lm&eacute;nyek k&ouml;z&ouml;tt is nagyszer\u0171en vizsg&aacute;zott egy es\u0151keszty\u0171vel kieg&eacute;sz&iacute;tve. P&aacute;ratlannak mondhat&oacute; az hogy egy motoros keszty\u0171ben nem izzad a k&eacute;z +30 fokn&aacute;l &eacute;s nem f&aacute;zik 5-7 Celsiusn&aacute;l es\u0151keszty\u0171vel t&aacute;mogatva. Teny&eacute;rr&eacute;szen &eacute;s m&aacute;s ig&eacute;nybevett pontokon meger\u0151s&iacute;tve, de ez nem megy a k&eacute;nyelem rov&aacute;s&aacute;ra. Nagyon j&oacute;l &eacute;rezni benne a motor kezel\u0151szerveit, miut&aacute;n a keszty\u0171 &bdquo;bet&ouml;rik&rdquo;.<\/strong><\/p>\n<p style=\"color: rgb(34, 34, 34); font-family: arial, sans-serif; font-size: 12.8px;\"><strong>Mindk&eacute;t term&eacute;k nagyon j&oacute; alternat&iacute;v&aacute;t k&iacute;n&aacute;l azok sz&aacute;m&aacute;ra akik szeretn&eacute;nek megfelel\u0151 v&eacute;delmet, ugyanakkor a k&eacute;nyelemr\u0151l sem szeretn&eacute;nek lemondani.<\/strong><\/p>\n<p style=\"color: rgb(34, 34, 34); font-family: arial, sans-serif; font-size: 12.8px;\">\n<p style=\"color: rgb(34, 34, 34); font-family: arial, sans-serif; font-size: 12.8px;\"><strong>A keszty\u0171kr\u0151l az oldalunkon technikai inform&aacute;ci&oacute;t az al&aacute;bbi linkekre kattintva tal&aacute;l a kedves &eacute;rdekl\u0151d\u0151:<\/strong><\/p>\n<p style=\"color: rgb(34, 34, 34); font-family: arial, sans-serif; font-size: 12.8px;\"><strong>BAALI FEH&Eacute;R:<\/strong>&nbsp;<a data-saferedirecturl=\"https:\/\/www.google.com\/url?hl=hu&amp;q=http:\/\/darazsgarazs.hu\/termek\/modeka-baali-ujdonsag-2017.613.html&amp;source=gmail&amp;ust=1497423112604000&amp;usg=AFQjCNEw8GimgEyvLgdiXz4sx4tqcUQTUw\" href=\"http:\/\/darazsgarazs.hu\/termek\/modeka-baali-ujdonsag-2017.613.html\" style=\"color: rgb(17, 85, 204);\" target=\"_blank\">http:\/\/darazsgarazs.hu\/termek\/<wbr \/>modeka-baali-ujdonsag-2017.<wbr \/>613.html<\/a><\/p>\n<p style=\"color: rgb(34, 34, 34); font-family: arial, sans-serif; font-size: 12.8px;\"><strong>BAALI FEKETE:<\/strong>&nbsp;<a data-saferedirecturl=\"https:\/\/www.google.com\/url?hl=hu&amp;q=http:\/\/darazsgarazs.hu\/termek\/modeka-baali-ujdonsag-2017.612.html&amp;source=gmail&amp;ust=1497423112605000&amp;usg=AFQjCNEgIyo8Hbwh5v8N4wBZVx4hjci5qw\" href=\"http:\/\/darazsgarazs.hu\/termek\/modeka-baali-ujdonsag-2017.612.html\" style=\"color: rgb(17, 85, 204);\" target=\"_blank\">http:\/\/darazsgarazs.hu\/termek\/<wbr \/>modeka-baali-ujdonsag-2017.<wbr \/>612.html<\/a><\/p>\n<p style=\"color: rgb(34, 34, 34); font-family: arial, sans-serif; font-size: 12.8px;\"><strong>SAHARA SHORT:<\/strong>&nbsp;&nbsp;<a data-saferedirecturl=\"https:\/\/www.google.com\/url?hl=hu&amp;q=http:\/\/darazsgarazs.hu\/termek\/sahara-short-ujdonsag-2017.594.html&amp;source=gmail&amp;ust=1497423112605000&amp;usg=AFQjCNFxurs4kY6psuHCbHp8fZLmDC5LRw\" href=\"http:\/\/darazsgarazs.hu\/termek\/sahara-short-ujdonsag-2017.594.html\" style=\"color: rgb(17, 85, 204);\" target=\"_blank\">http:\/\/darazsgarazs.hu\/termek\/<wbr \/>sahara-short-ujdonsag-2017.<wbr \/>594.html<\/a><\/p>\n","protected":false},"excerpt":{"rendered":"<p>Az Osztr&aacute;k Alpok kanyarjaiban motorozva tesztelt&uuml;nk a n&aacute;lunk kaphat&oacute; keszty\u0171kb\u0151l is p&aacute;rat! A MODEKA BAALI , &eacute;s a MODEKA SAHARA [&hellip;]<\/p>\n","protected":false},"featured_media":102532,"template":"","meta":{"site-sidebar-layout":"default","site-content-layout":"","ast-site-content-layout":"default","site-content-style":"default","site-sidebar-style":"default","ast-global-header-display":"","ast-banner-title-visibility":"","ast-main-header-display":"","ast-hfb-above-header-display":"","ast-hfb-below-header-display":"","ast-hfb-mobile-header-display":"","site-post-title":"","ast-breadcrumbs-content":"","ast-featured-img":"","footer-sml-layout":"","ast-disable-related-posts":"","theme-transparent-header-meta":"","adv-header-id-meta":"","stick-header-meta":"","header-above-stick-meta":"","header-main-stick-meta":"","header-below-stick-meta":"","astra-migrate-meta-layouts":"default","ast-page-background-enabled":"default","ast-page-background-meta":{"desktop":{"background-color":"var(--ast-global-color-5)","background-image":"","background-repeat":"repeat","background-position":"center center","background-size":"auto","background-attachment":"scroll","background-type":"","background-media":"","overlay-type":"","overlay-color":"","overlay-opacity":"","overlay-gradient":""},"tablet":{"background-color":"","background-image":"","background-repeat":"repeat","background-position":"center center","background-size":"auto","background-attachment":"scroll","background-type":"","background-media":"","overlay-type":"","overlay-color":"","overlay-opacity":"","overlay-gradient":""},"mobile":{"background-color":"","background-image":"","background-repeat":"repeat","background-position":"center center","background-size":"auto","background-attachment":"scroll","background-type":"","background-media":"","overlay-type":"","overlay-color":"","overlay-opacity":"","overlay-gradient":""}},"ast-content-background-meta":{"desktop":{"background-color":"var(--ast-global-color-4)","background-image":"","background-repeat":"repeat","background-position":"center center","background-size":"auto","background-attachment":"scroll","background-type":"","background-media":"","overlay-type":"","overlay-color":"","overlay-opacity":"","overlay-gradient":""},"tablet":{"background-color":"var(--ast-global-color-4)","background-image":"","background-repeat":"repeat","background-position":"center center","background-size":"auto","background-attachment":"scroll","background-type":"","background-media":"","overlay-type":"","overlay-color":"","overlay-opacity":"","overlay-gradient":""},"mobile":{"background-color":"var(--ast-global-color-4)","background-image":"","background-repeat":"repeat","background-position":"center center","background-size":"auto","background-attachment":"scroll","background-type":"","background-media":"","overlay-type":"","overlay-color":"","overlay-opacity":"","overlay-gradient":""}}},"product_brand":[],"product_cat":[153],"product_tag":[],"class_list":{"0":"post-109710","1":"product","2":"type-product","3":"status-publish","4":"has-post-thumbnail","6":"product_cat-sajat-tesztelesu-termekek","7":"desktop-align-left","8":"tablet-align-left","9":"mobile-align-left","11":"first","12":"instock","13":"shipping-taxable","14":"product-type-simple"},"jetpack_sharing_enabled":true,"_links":{"self":[{"href":"https:\/\/zatureczkimarcell.ddns.net\/wordpress\/wp-json\/wp\/v2\/product\/109710","targetHints":{"allow":["GET"]}}],"collection":[{"href":"https:\/\/zatureczkimarcell.ddns.net\/wordpress\/wp-json\/wp\/v2\/product"}],"about":[{"href":"https:\/\/zatureczkimarcell.ddns.net\/wordpress\/wp-json\/wp\/v2\/types\/product"}],"wp:featuredmedia":[{"embeddable":true,"href":"https:\/\/zatureczkimarcell.ddns.net\/wordpress\/wp-json\/wp\/v2\/media\/102532"}],"wp:attachment":[{"href":"https:\/\/zatureczkimarcell.ddns.net\/wordpress\/wp-json\/wp\/v2\/media?parent=109710"}],"wp:term":[{"taxonomy":"product_brand","embeddable":true,"href":"https:\/\/zatureczkimarcell.ddns.net\/wordpress\/wp-json\/wp\/v2\/product_brand?post=109710"},{"taxonomy":"product_cat","embeddable":true,"href":"https:\/\/zatureczkimarcell.ddns.net\/wordpress\/wp-json\/wp\/v2\/product_cat?post=109710"},{"taxonomy":"product_tag","embeddable":true,"href":"https:\/\/zatureczkimarcell.ddns.net\/wordpress\/wp-json\/wp\/v2\/product_tag?post=109710"}],"curies":[{"name":"wp","href":"https:\/\/api.w.org\/{rel}","templated":true}]}}