{"id":109709,"date":"2026-04-01T10:35:52","date_gmt":"2026-04-01T08:35:52","guid":{"rendered":"https:\/\/zatureczkimarcell.ddns.net\/wordpress\/?post_type=product&#038;p=109709"},"modified":"2026-04-01T10:36:18","modified_gmt":"2026-04-01T08:36:18","slug":"nyeregtaska-hengertaska-es-combtaska-teszt-tartosteszt","status":"publish","type":"product","link":"https:\/\/zatureczkimarcell.ddns.net\/wordpress\/termek\/nyeregtaska-hengertaska-es-combtaska-teszt-tartosteszt\/","title":{"rendered":"NYEREGT\u00c1SKA, HENGERT\u00c1SKA  \u00c9S COMBT\u00c1SKA TESZT- TART\u00d3STESZT"},"content":{"rendered":"<p style=\"color: rgb(34, 34, 34); font-family: arial, sans-serif; font-size: 12.8px;\"><strong>Motoros term&eacute;kek amelyek extr&eacute;m k&ouml;r&uuml;lm&eacute;nyek k&ouml;z&ouml;tt 0 fokban is &eacute;s +30 fokban is t&ouml;k&eacute;letesen meg&aacute;llj&aacute;k a hely&uuml;ket!<\/strong><\/p>\n<p style=\"color: rgb(34, 34, 34); font-family: arial, sans-serif; font-size: 12.8px;\">\n<p style=\"color: rgb(34, 34, 34); font-family: arial, sans-serif; font-size: 12.8px;\"><strong>Tesztsorozatunk keret&eacute;ben a t&aacute;rol&aacute;shoz haszn&aacute;lt t&aacute;sk&aacute;kat is kipr&oacute;b&aacute;ltuk.<\/strong><\/p>\n<p style=\"color: rgb(34, 34, 34); font-family: arial, sans-serif; font-size: 12.8px;\"><strong>T&ouml;reksz&uuml;nk r&aacute; hogy &uuml;zlet&uuml;nkben olyan term&eacute;kek legyenek megv&aacute;s&aacute;rolhat&oacute;ak amelyek alkalmasak arra hogy a v&aacute;s&aacute;rl&oacute; azokat el&eacute;gedetts&eacute;ggel haszn&aacute;lja! Ez&eacute;rt id\u0151r\u0151l id\u0151re fontosnak &eacute;rezz&uuml;k hogy a term&eacute;kek tud&aacute;s&aacute;t &eacute;s tulajdons&aacute;gait mi magunk is letesztelj&uuml;k. Nem akarunk sz&aacute;raz &eacute;s semmitmond&oacute; katal&oacute;gus adatokat szajk&oacute;zni az elad&aacute;sok sor&aacute;n, hanem szem&eacute;lyes benyom&aacute;sokra &eacute;s tapasztalatokra &eacute;p&iacute;t&uuml;nk! Mi magunk , visszaj&aacute;r&oacute; kedves &uuml;gyfeleink &eacute;s bar&aacute;taink visszajelz&eacute;seire odafigyelve , nagy gondoss&aacute;ggal tervezz&uuml;k meg hogy milyen term&eacute;keket &eacute;rt&eacute;kes&iacute;ts&uuml;nk! A p&uuml;nk&ouml;sdi h&eacute;tv&eacute;ge nagyszer\u0171 alkalomnak &iacute;g&eacute;rkezett arra hogy &uacute;jabb term&eacute;keket pr&oacute;b&aacute;ljunk ki&nbsp; &bdquo;&eacute;les bevet&eacute;s&rdquo; k&ouml;zben!<\/strong><\/p>\n<p style=\"color: rgb(34, 34, 34); font-family: arial, sans-serif; font-size: 12.8px;\"><strong>Minden hosszabb motoros t&uacute;ra alap k&eacute;rd&eacute;se a csomagok elhelyez&eacute;se.<\/strong><\/p>\n<p style=\"color: rgb(34, 34, 34); font-family: arial, sans-serif; font-size: 12.8px;\"><strong>Egyik koll&eacute;g&aacute;nk a MODEKA REGULAR nyeregt&aacute;sk&aacute;t, m&iacute;g m&aacute;sik munkat&aacute;rsunk a 30 literes MODEKA ROAD BAG t&aacute;sk&aacute;t v&aacute;lasztotta csomagjai elhelyez&eacute;s&eacute;re.&nbsp; A term&eacute;kekr\u0151l az al&aacute;bbi linken olvashatsz:<\/strong><\/p>\n<p style=\"color: rgb(34, 34, 34); font-family: arial, sans-serif; font-size: 12.8px;\"><a data-saferedirecturl=\"https:\/\/www.google.com\/url?hl=hu&amp;q=http:\/\/darazsgarazs.hu\/termek\/modeka-regular-vizallo-motoros-nyeregtaska.398.html&amp;source=gmail&amp;ust=1497336711593000&amp;usg=AFQjCNFCiePirNbTqIRBI97VK7EFbzxnXw\" href=\"http:\/\/darazsgarazs.hu\/termek\/modeka-regular-vizallo-motoros-nyeregtaska.398.html\" style=\"color: rgb(17, 85, 204);\" target=\"_blank\">http:\/\/darazsgarazs.hu\/termek\/<wbr \/>modeka-regular-vizallo-<wbr \/>motoros-nyeregtaska.398.html<\/a><\/p>\n<p style=\"color: rgb(34, 34, 34); font-family: arial, sans-serif; font-size: 12.8px;\"><a data-saferedirecturl=\"https:\/\/www.google.com\/url?hl=hu&amp;q=http:\/\/darazsgarazs.hu\/termek\/modeka-road-bag-30-liter.549.html&amp;source=gmail&amp;ust=1497336711593000&amp;usg=AFQjCNE35m3qrAsvqhZFDIPUl98VWTyVJQ\" href=\"http:\/\/darazsgarazs.hu\/termek\/modeka-road-bag-30-liter.549.html\" style=\"color: rgb(17, 85, 204);\" target=\"_blank\">http:\/\/darazsgarazs.hu\/termek\/<wbr \/>modeka-road-bag-30-liter.549.<wbr \/>html<\/a><\/p>\n<p style=\"color: rgb(34, 34, 34); font-family: arial, sans-serif; font-size: 12.8px;\"><strong>3 napos &uacute;t sor&aacute;n egy &ndash; egy szem&eacute;ly r&eacute;sz&eacute;re mindk&eacute;t term&eacute;k &uacute;gy &eacute;rezt&uuml;k t&uacute;lk&iacute;n&aacute;latot biztos&iacute;t a pakol&aacute;shoz. Ami az es\u0151v&eacute;delmet illeti a csomagok teljesen sz&aacute;razak maradtak . Ez a Road Bag eset&eacute;ben egy&aacute;ltal&aacute;n nem meglep\u0151, mert szerint&uuml;nk b&aacute;rmilyen es\u0151nek ellen&aacute;ll . A REGULAR nyeregt&aacute;ska tartoz&eacute;ka az es\u0151v&eacute;d\u0151 , ami szint&eacute;n megv&eacute;dte a csomagokat az &uacute;t sor&aacute;n. A term&eacute;kek r&ouml;gz&iacute;thet\u0151s&eacute;ge minden esetben p&eacute;ld&aacute;s volt. A regular nyeregt&aacute;ska m&eacute;g konzol n&eacute;lk&uuml;l sem mozgott menet k&ouml;zben. A ROAD BAG t&aacute;ska&nbsp; a Vespa elej&eacute;n fixen volt r&ouml;gz&iacute;thet\u0151 &eacute;s egyetlen csomagr&ouml;gz&iacute;t\u0151 h&aacute;l&oacute;val is elmozdul&aacute;s n&eacute;lk&uuml;l lehetett felfogatni. A sz&uuml;ks&eacute;ges kieg&eacute;sz&iacute;t\u0151kh&ouml;z az &uacute;t sor&aacute;n (es\u0151ruh&aacute;zat stb.) egyszer\u0171 volt hozz&aacute;f&eacute;rni.<\/strong><\/p>\n<p style=\"color: rgb(34, 34, 34); font-family: arial, sans-serif; font-size: 12.8px;\"><strong>A kisebb dolgokat , kulcsok,okm&aacute;nyok, k&eacute;szp&eacute;nz a MODEKA combt&aacute;k&aacute;ba helyezt&uuml;k. Ebben is es\u0151v&eacute;d\u0151 bet&eacute;t v&eacute;dte a benne rejl\u0151 dolgokat! K&ouml;nnyen kezelhet\u0151 , k&eacute;nyelmes viselet!<\/strong><\/p>\n<p style=\"color: rgb(34, 34, 34); font-family: arial, sans-serif; font-size: 12.8px;\"><strong>Itt lehet r&oacute;la olvasni:<\/strong><\/p>\n<p style=\"color: rgb(34, 34, 34); font-family: arial, sans-serif; font-size: 12.8px;\"><a data-saferedirecturl=\"https:\/\/www.google.com\/url?hl=hu&amp;q=http:\/\/darazsgarazs.hu\/termek\/modeka-motoros-combtaska.459.html&amp;source=gmail&amp;ust=1497336711593000&amp;usg=AFQjCNE41sAiZYQcusLSBIGw9LZXT6vd1Q\" href=\"http:\/\/darazsgarazs.hu\/termek\/modeka-motoros-combtaska.459.html\" style=\"color: rgb(17, 85, 204);\" target=\"_blank\">http:\/\/darazsgarazs.hu\/termek\/<wbr \/>modeka-motoros-combtaska.459.<wbr \/>html<\/a><\/p>\n<p style=\"color: rgb(34, 34, 34); font-family: arial, sans-serif; font-size: 12.8px;\"><strong><span style=\"color: rgb(34, 34, 34); font-family: arial, sans-serif; font-size: 12.8px; background-color: rgb(255, 255, 255);\">Mindh&aacute;rom &nbsp;term&eacute;k nagyon j&oacute;l teljes&iacute;tett, meggy\u0151z\u0151d&eacute;ssel tudjuk majd aj&aacute;nlani a term&eacute;keket.<\/span><\/strong><\/p>\n<p style=\"color: rgb(34, 34, 34); font-family: arial, sans-serif; font-size: 12.8px;\"><span style=\"color:#FF0000;\"><strong><span style=\"font-family: arial, sans-serif; font-size: 12.8px; background-color: rgb(255, 255, 255);\">A Modeka Regular nyeregt&aacute;ska tart&oacute;steszt eredm&eacute;nye:&nbsp;<\/span><\/strong><\/span><\/p>\n<p style=\"color: rgb(34, 34, 34); font-family: arial, sans-serif; font-size: 12.8px;\"><strong><em>&quot;A Modeka Regular&nbsp;nyeregt&aacute;ska m&aacute;r a legels\u0151 alpesi utunk sor&aacute;n is vel&uuml;nk volt, &iacute;gy ez a term&eacute;k&uuml;nk az elm&uacute;lt 5 &eacute;v haszn&aacute;lat sor&aacute;n bizony&iacute;totta tart&oacute;ss&aacute;g&aacute;t. Ott volt a Horv&aacute;torsz&aacute;g-Szlov&eacute;nia kir&aacute;ndul&aacute;son is, &eacute;s most is \u0151 nyelte el a magammal vitt holmik 95%-&aacute;t. Nagyon egyszer\u0171 a r&ouml;gz&iacute;t&eacute;se &eacute;s mag&aacute;t&oacute;l &eacute;rtet\u0151d\u0151 minden ezen a term&eacute;k&uuml;nk&ouml;n. Megfelel\u0151 r&ouml;gz&iacute;t&eacute;ssel m&eacute;g tart&oacute;konzol n&eacute;lk&uuml;l sem mozdul el &eacute;s nem lifeg. Ez nem lenne nagy sz&aacute;m egy t&uacute;raend&uacute;r&oacute;n, de az&eacute;rt egy izmos gyors&iacute;t&aacute;sokra &eacute;s temp&oacute;s kanyarokra termett MV Agusta eset&eacute;ben konzol n&eacute;lk&uuml;l , ez egy igaz&aacute;n meggy\u0151z\u0151 tulajdons&aacute;g. Nagyon szeretem, mert minden eddigi motoromra egy pillanat alatt lehetett feltenni &eacute;s az utic&eacute;lhoz meg&eacute;rkezve levenni a motorr&oacute;l. A t&aacute;rol&oacute;kapacit&aacute;s t&ouml;bb napos t&uacute;ra eset&eacute;ben is elegend\u0151nek bizonyult. B&aacute;tran aj&aacute;nlom ezt a term&eacute;k&uuml;nket. Kinyitva a b\u0151v&iacute;t&eacute;si lehet\u0151s&eacute;get k&iacute;n&aacute;l&oacute; cipz&aacute;ras r&eacute;szt, azt gondolom mindenki elegend\u0151 t&aacute;rol&oacute;kapacit&aacute;st fog tal&aacute;lni benne m&eacute;g t&ouml;bb napos t&uacute;r&aacute;ra is. &quot;<\/em><\/strong><\/p>\n<p style=\"color: rgb(34, 34, 34); font-family: arial, sans-serif; font-size: 12.8px;\">\n<p style=\"color: rgb(34, 34, 34); font-family: arial, sans-serif; font-size: 12.8px;\"><span style=\"color:#FF0000;\"><strong>A Modeka Road Bag tart&oacute;steszt eredm&eacute;nye:&nbsp;<\/strong><\/span><\/p>\n<p style=\"color: rgb(34, 34, 34); font-family: arial, sans-serif; font-size: 12.8px;\"><strong>Az elm&uacute;lt &eacute;vekben &eacute;s most is, f&aacute;radhatatlanul teszi a dolg&aacute;t ez a kiv&aacute;l&oacute; v&iacute;zhatlan motoros t&aacute;ska. A l&aacute;that&oacute;s&aacute;gi sz&iacute;nek plusz biztons&aacute;got jelentenek az &uacute;ton. A be &eacute;s kipakol&aacute;s a sz&eacute;les ny&iacute;l&aacute;snak k&ouml;sz&ouml;nhet\u0151en roppant egyszer\u0171. 100% v&iacute;z&aacute;ll&oacute;s&aacute;g, k&ouml;nny\u0171 r&ouml;gz&iacute;t&eacute;s jellmezte a 2021-es alpesi kir&aacute;ndul&aacute;son is!&nbsp;<\/strong><\/p>\n<p style=\"color: rgb(34, 34, 34); font-family: arial, sans-serif; font-size: 12.8px;\">\n<p style=\"color: rgb(34, 34, 34); font-family: arial, sans-serif; font-size: 12.8px;\"><span style=\"color:#FF0000;\"><strong>A Modeka motoros combt&aacute;ska tart&oacute;steszt eredm&eacute;nye:&nbsp;<\/strong><\/span><\/p>\n<p style=\"color: rgb(34, 34, 34); font-family: arial, sans-serif; font-size: 12.8px;\"><strong>Kulcs, k&eacute;szp&eacute;nz, arany Visa k&aacute;rtya&#8230;Minden amire &uacute;tk&ouml;zben azonnal sz&uuml;ks&eacute;ged lehet! Egyetlen mozdulat, mintha csak a zsebedbe ny&uacute;ln&aacute;l, annyira term&eacute;szetes. T&ouml;retlen n&eacute;pszer\u0171s&eacute;ge r&eacute;szletes kidolgoz&aacute;s&aacute;nak, &ouml;tletes kialak&iacute;t&aacute;s&aacute;nak k&ouml;sz&ouml;nhet\u0151. T&ouml;bb &eacute;ve, rendszeresen haszn&aacute;lom &eacute;s m&eacute;g mindig rajongok &eacute;rte!<\/strong><\/p>\n<p style=\"color: rgb(34, 34, 34); font-family: arial, sans-serif; font-size: 12.8px;\">\n<p style=\"color: rgb(34, 34, 34); font-family: arial, sans-serif; font-size: 12.8px;\">\n","protected":false},"excerpt":{"rendered":"<p>Motoros term&eacute;kek amelyek extr&eacute;m k&ouml;r&uuml;lm&eacute;nyek k&ouml;z&ouml;tt 0 fokban is &eacute;s +30 fokban is t&ouml;k&eacute;letesen meg&aacute;llj&aacute;k a hely&uuml;ket! Tesztsorozatunk keret&eacute;ben a [&hellip;]<\/p>\n","protected":false},"featured_media":108375,"template":"","meta":{"site-sidebar-layout":"default","site-content-layout":"","ast-site-content-layout":"default","site-content-style":"default","site-sidebar-style":"default","ast-global-header-display":"","ast-banner-title-visibility":"","ast-main-header-display":"","ast-hfb-above-header-display":"","ast-hfb-below-header-display":"","ast-hfb-mobile-header-display":"","site-post-title":"","ast-breadcrumbs-content":"","ast-featured-img":"","footer-sml-layout":"","ast-disable-related-posts":"","theme-transparent-header-meta":"","adv-header-id-meta":"","stick-header-meta":"","header-above-stick-meta":"","header-main-stick-meta":"","header-below-stick-meta":"","astra-migrate-meta-layouts":"default","ast-page-background-enabled":"default","ast-page-background-meta":{"desktop":{"background-color":"var(--ast-global-color-5)","background-image":"","background-repeat":"repeat","background-position":"center center","background-size":"auto","background-attachment":"scroll","background-type":"","background-media":"","overlay-type":"","overlay-color":"","overlay-opacity":"","overlay-gradient":""},"tablet":{"background-color":"","background-image":"","background-repeat":"repeat","background-position":"center center","background-size":"auto","background-attachment":"scroll","background-type":"","background-media":"","overlay-type":"","overlay-color":"","overlay-opacity":"","overlay-gradient":""},"mobile":{"background-color":"","background-image":"","background-repeat":"repeat","background-position":"center center","background-size":"auto","background-attachment":"scroll","background-type":"","background-media":"","overlay-type":"","overlay-color":"","overlay-opacity":"","overlay-gradient":""}},"ast-content-background-meta":{"desktop":{"background-color":"var(--ast-global-color-4)","background-image":"","background-repeat":"repeat","background-position":"center center","background-size":"auto","background-attachment":"scroll","background-type":"","background-media":"","overlay-type":"","overlay-color":"","overlay-opacity":"","overlay-gradient":""},"tablet":{"background-color":"var(--ast-global-color-4)","background-image":"","background-repeat":"repeat","background-position":"center center","background-size":"auto","background-attachment":"scroll","background-type":"","background-media":"","overlay-type":"","overlay-color":"","overlay-opacity":"","overlay-gradient":""},"mobile":{"background-color":"var(--ast-global-color-4)","background-image":"","background-repeat":"repeat","background-position":"center center","background-size":"auto","background-attachment":"scroll","background-type":"","background-media":"","overlay-type":"","overlay-color":"","overlay-opacity":"","overlay-gradient":""}}},"product_brand":[],"product_cat":[153],"product_tag":[],"class_list":{"0":"post-109709","1":"product","2":"type-product","3":"status-publish","4":"has-post-thumbnail","6":"product_cat-sajat-tesztelesu-termekek","7":"desktop-align-left","8":"tablet-align-left","9":"mobile-align-left","11":"first","12":"instock","13":"shipping-taxable","14":"purchasable","15":"product-type-simple"},"jetpack_sharing_enabled":true,"_links":{"self":[{"href":"https:\/\/zatureczkimarcell.ddns.net\/wordpress\/wp-json\/wp\/v2\/product\/109709","targetHints":{"allow":["GET"]}}],"collection":[{"href":"https:\/\/zatureczkimarcell.ddns.net\/wordpress\/wp-json\/wp\/v2\/product"}],"about":[{"href":"https:\/\/zatureczkimarcell.ddns.net\/wordpress\/wp-json\/wp\/v2\/types\/product"}],"wp:featuredmedia":[{"embeddable":true,"href":"https:\/\/zatureczkimarcell.ddns.net\/wordpress\/wp-json\/wp\/v2\/media\/108375"}],"wp:attachment":[{"href":"https:\/\/zatureczkimarcell.ddns.net\/wordpress\/wp-json\/wp\/v2\/media?parent=109709"}],"wp:term":[{"taxonomy":"product_brand","embeddable":true,"href":"https:\/\/zatureczkimarcell.ddns.net\/wordpress\/wp-json\/wp\/v2\/product_brand?post=109709"},{"taxonomy":"product_cat","embeddable":true,"href":"https:\/\/zatureczkimarcell.ddns.net\/wordpress\/wp-json\/wp\/v2\/product_cat?post=109709"},{"taxonomy":"product_tag","embeddable":true,"href":"https:\/\/zatureczkimarcell.ddns.net\/wordpress\/wp-json\/wp\/v2\/product_tag?post=109709"}],"curies":[{"name":"wp","href":"https:\/\/api.w.org\/{rel}","templated":true}]}}