{"id":109708,"date":"2026-04-01T10:35:52","date_gmt":"2026-04-01T08:35:52","guid":{"rendered":"https:\/\/zatureczkimarcell.ddns.net\/wordpress\/?post_type=product&#038;p=109708"},"modified":"2026-04-01T10:36:16","modified_gmt":"2026-04-01T08:36:16","slug":"modeka-tacoma-kabat-es-nadrag-tartosteszt","status":"publish","type":"product","link":"https:\/\/zatureczkimarcell.ddns.net\/wordpress\/termek\/modeka-tacoma-kabat-es-nadrag-tartosteszt\/","title":{"rendered":"MODEKA TACOMA KAB\u00c1T \u00c9S  NADR\u00c1G Tart\u00f3steszt!"},"content":{"rendered":"<p style=\"color: rgb(34, 34, 34); font-family: arial, sans-serif; font-size: 12.8px;\"><strong>A MODEKA TACOMA kab&aacute;t &eacute;s nadr&aacute;g &eacute;s keszty\u0171 alkotta szettr\u0151l is elmondjuk el a szem&eacute;lyes benyom&aacute;sunkat. N&eacute;gyszeres tesztgy\u0151ztes term&eacute;kekr\u0151l besz&eacute;l&uuml;nk!<\/strong><\/p>\n<p style=\"color: rgb(34, 34, 34); font-family: arial, sans-serif; font-size: 12.8px;\"><strong>T&ouml;reksz&uuml;nk r&aacute; hogy &uuml;zlet&uuml;nkben olyan term&eacute;kek legyenek megv&aacute;s&aacute;rolhat&oacute;ak amelyek alkalmasak arra hogy a v&aacute;s&aacute;rl&oacute; azokat el&eacute;gedetts&eacute;ggel haszn&aacute;lja! Ez&eacute;rt id\u0151r\u0151l id\u0151re fontosnak &eacute;rezz&uuml;k hogy a term&eacute;kek tud&aacute;s&aacute;t &eacute;s tulajdons&aacute;gait mi magunk is letesztelj&uuml;k. Nem akarunk sz&aacute;raz &eacute;s semmitmond&oacute; katal&oacute;gus adatokat szajk&oacute;zni az elad&aacute;sok sor&aacute;n, hanem szem&eacute;lyes benyom&aacute;sokra &eacute;s tapasztalatokra &eacute;p&iacute;t&uuml;nk! Mi magunk , visszaj&aacute;r&oacute; kedves &uuml;gyfeleink &eacute;s bar&aacute;taink visszajelz&eacute;seire odafigyelve , nagy gondoss&aacute;ggal tervezz&uuml;k meg hogy milyen term&eacute;keket &eacute;rt&eacute;kes&iacute;ts&uuml;nk! A p&uuml;nk&ouml;sdi h&eacute;tv&eacute;ge nagyszer\u0171 alkalomnak &iacute;g&eacute;rkezett arra hogy &uacute;jabb term&eacute;keket pr&oacute;b&aacute;ljunk ki&nbsp; &bdquo;&eacute;les bevet&eacute;s&rdquo; k&ouml;zben!<\/strong><\/p>\n<p style=\"color: rgb(34, 34, 34); font-family: arial, sans-serif; font-size: 12.8px;\"><strong>&Uuml;zlet&uuml;nk k&iacute;n&aacute;lat&aacute;nak egyik z&aacute;szl&oacute;shaj&oacute;ja a p&aacute;ratlan k&eacute;nyelm\u0171 TACOMA term&eacute;kcsal&aacute;d.<\/strong><\/p>\n<p style=\"color: rgb(34, 34, 34); font-family: arial, sans-serif; font-size: 12.8px;\"><strong>T&ouml;bb nemzetk&ouml;zi magazin tesztj&eacute;n taroltak, de ami enn&eacute;l is fontosabb sz&aacute;munkra ,az a v&aacute;s&aacute;rl&oacute;ink v&eacute;lem&eacute;nye illetve a szem&eacute;lyes tapasztalat!<\/strong><\/p>\n<p style=\"color: rgb(34, 34, 34); font-family: arial, sans-serif; font-size: 12.8px;\"><strong>H&aacute;rom r&eacute;teg\u0171 kik&eacute;pz&eacute;s hivatott biztos&iacute;tani hogy minden id\u0151j&aacute;r&aacute;si k&ouml;r&uuml;lm&eacute;nyben t&ouml;k&eacute;letesen teljes&iacute;tsen a TACOMA ruh&aacute;zat. A k&uuml;ls\u0151 r&eacute;sz szell\u0151zik, &aacute;tengedi a menetszelet. Nem csak a nyithat&oacute; r&eacute;szeken,hanem a kab&aacute;t eg&eacute;sz fel&uuml;let&eacute;n &eacute;rezni a szell\u0151z&eacute;st. A k&uuml;ls\u0151 r&eacute;sz alatt egy kivehet\u0151 es\u0151 &eacute;s sz&eacute;lz&aacute;r&oacute; membr&aacute;n , az alatt pedig egy thermo bet&eacute;t tal&aacute;lhat&oacute;. Mindk&eacute;t bels\u0151 r&eacute;teg kivehet\u0151 term&eacute;szetesen.<\/strong><\/p>\n<p style=\"color: rgb(34, 34, 34); font-family: arial, sans-serif; font-size: 12.8px;\"><strong>Voltak m&aacute;r kedvez\u0151 v&aacute;s&aacute;rl&oacute;i visszajelz&eacute;seink , de mi is &eacute;rezni akartuk azt amir\u0151l az &uuml;gyfelek levelei sz&oacute;ltak:<\/strong><\/p>\n<p style=\"color: rgb(34, 34, 34); font-family: arial, sans-serif; font-size: 12.8px;\"><strong>-&bdquo; A k&eacute;nyelem szuper, nem nyom, nem szor&iacute;t, k&ouml;nny\u0171 benne a mozg&aacute;s is. Ilyen komfortban nem tudom mikor motoroztam utolj&aacute;ra. Ha valaki igazi t&uacute;raruha megv&aacute;s&aacute;rl&aacute;s&aacute;n gondolkozik annak nyugodt sz&iacute;vvel aj&aacute;nlom, hogy pr&oacute;b&aacute;lja ki ezt a szettet miel\u0151tt d&ouml;nt.&rdquo;<\/strong><\/p>\n<p style=\"color: rgb(34, 34, 34); font-family: arial, sans-serif; font-size: 12.8px;\"><strong>-&bdquo; volt alkalmam &ouml;sszehasonl&iacute;tani a &hellip;&hellip;.. (*<em>Nem tartottuk volna korrektnek ha megjelen&iacute;tj&uuml;k a konkurens nagynev\u0171 gy&aacute;rt&oacute; nev&eacute;t<\/em>) &nbsp;ny&aacute;ri dzsekimmel a mostani 25 fok k&ouml;r&uuml;li h\u0151m&eacute;rs&eacute;kleten a ti dzsekiteket. Azt kell mondjam, hogy komfortosabban &eacute;reztem magam a Modek&aacute;ban, mint a &hellip;&hellip;..-ben . Lehet ehhez az is hozz&aacute;j&aacute;rul, hogy a &hellip;&hellip;&hellip;. dzsekim fekete, M&iacute;g a Modeka vil&aacute;gos.&rdquo;<\/strong><\/p>\n<p style=\"color: rgb(34, 34, 34); font-family: arial, sans-serif; font-size: 12.8px;\"><strong>A t&uacute;ra elej&eacute;n kellemes id\u0151nk volt, sz&eacute;p napos id\u0151 26-28 celsius , kora d&eacute;lut&aacute;n harminc f&ouml;l&eacute; is k&uacute;szott a naps&uuml;t&eacute;ses r&eacute;szeken a h\u0151m&eacute;r\u0151. A TACOMA kab&aacute;t &eacute;s nadr&aacute;g nagyon kellemes, komfortos viselet volt. Nem f&uuml;lledt bele a koll&eacute;g&aacute;nk. Amikor az Osztr&aacute;k hat&aacute;rt j&oacute;csk&aacute;n elhagytuk &eacute;s este fel&eacute; j&aacute;rt m&aacute;r az id\u0151,csak &nbsp;ekkor helyezte bele vissza a koll&eacute;ga a bels\u0151 r&eacute;szt.<\/strong><\/p>\n<p style=\"color: rgb(34, 34, 34); font-family: arial, sans-serif; font-size: 12.8px;\"><strong><span style=\"color: rgb(34, 34, 34); font-family: arial, sans-serif; font-size: 12.8px;\">A k&eacute;peken l&aacute;that&oacute; hogy m&eacute;g a h&oacute;fal sem &aacute;llhatta &uacute;tj&aacute;t ennek a nagyszer\u0171 szettnek &eacute;s az&nbsp;es\u0151ben is t&ouml;k&eacute;letesen teljes&iacute;tett, csak&uacute;gy mint a t&uacute;ra naps&uuml;t&ouml;tte r&eacute;szein! :))<\/span><\/strong><\/p>\n<p style=\"color: rgb(34, 34, 34); font-family: arial, sans-serif; font-size: 12.8px;\"><span style=\"color:#FF0000;\"><b>Tart&oacute;steszt eredm&eacute;ny:&nbsp;<\/b><\/span><\/p>\n<p style=\"color: rgb(34, 34, 34); font-family: arial, sans-serif; font-size: 12.8px;\"><span style=\"color:#FF0000;\"><strong><span style=\"font-family: Helvetica, Arial, sans-serif; font-size: 14px;\">A term&eacute;k els\u0151 heszn&aacute;latba v&eacute;tele &oacute;ta eltelt lassan k&eacute;t &eacute;v! A szettet koll&eacute;g&aacute;nk ha nem is napi szinten, (hiszen a boltban is dolgoznuk kell, sajnos nem tudunk eg&eacute;sz nap a motorjaink nyerg&eacute;ben &uuml;lni mi sem) de rendszeresen haszn&aacute;lja &eacute;s tov&aacute;bbra is maxim&aacute;lisan el&eacute;gedett! Fontosnak tartjuk elmes&eacute;lni, hogy a vil&aacute;gos r&eacute;szek nem koszol&oacute;dnak annyira mint v&aacute;rtuk &eacute;s a k&eacute;t &eacute;<\/span><span class=\"text_exposed_show\" style=\"display: inline; font-family: Helvetica, Arial, sans-serif; font-size: 14px;\">v haszn&aacute;lat ut&aacute;n is &ouml;rzi &aacute;llag&aacute;t minden pontj&aacute;n. Nincs elengedett varr&aacute;s, nincs t&ouml;nkrement patent, csak az a p&aacute;ratlan k&eacute;nyelem amit&nbsp; kb. h&uacute;sz elfogyasztott m&aacute;s ruh&aacute;zat egyik&eacute;ben sem tapasztalunk! K&eacute;t &eacute;v ut&aacute;n is ugyanaz az &eacute;rzet. Maxim&aacute;lisan el&eacute;gedett leszel te is, ha a Tacom&aacute;t v&aacute;lasztod &uuml;zlet&uuml;nk k&iacute;n&aacute;lat&aacute;b&oacute;l. Egy k&ouml;zelm&uacute;ltban rendezett BMW-s vezet&eacute;stechnikai k&eacute;pz&eacute;sen 10 emberb\u0151l 3 Tacoma szettet viselt&#8230;Besz&eacute;des ugye?<\/span><\/strong><\/span><\/p>\n<p style=\"color: rgb(34, 34, 34); font-family: arial, sans-serif; font-size: 12.8px;\"><span style=\"color:#FF0000;\"><strong><span class=\"text_exposed_show\" style=\"display: inline; font-family: Helvetica, Arial, sans-serif; font-size: 14px;\">Ha nem hiszed, gyere el, pr&oacute;b&aacute;ld fel! M&aacute;r az els\u0151 pillanatban &eacute;rezni fogod! V&aacute;runk!<\/span><\/strong><\/span><\/p>\n<p style=\"color: rgb(34, 34, 34); font-family: arial, sans-serif; font-size: 12.8px;\">\n<p style=\"color: rgb(34, 34, 34); font-family: arial, sans-serif; font-size: 12.8px;\">\n","protected":false},"excerpt":{"rendered":"<p>A MODEKA TACOMA kab&aacute;t &eacute;s nadr&aacute;g &eacute;s keszty\u0171 alkotta szettr\u0151l is elmondjuk el a szem&eacute;lyes benyom&aacute;sunkat. N&eacute;gyszeres tesztgy\u0151ztes term&eacute;kekr\u0151l besz&eacute;l&uuml;nk! [&hellip;]<\/p>\n","protected":false},"featured_media":108121,"template":"","meta":{"site-sidebar-layout":"default","site-content-layout":"","ast-site-content-layout":"default","site-content-style":"default","site-sidebar-style":"default","ast-global-header-display":"","ast-banner-title-visibility":"","ast-main-header-display":"","ast-hfb-above-header-display":"","ast-hfb-below-header-display":"","ast-hfb-mobile-header-display":"","site-post-title":"","ast-breadcrumbs-content":"","ast-featured-img":"","footer-sml-layout":"","ast-disable-related-posts":"","theme-transparent-header-meta":"","adv-header-id-meta":"","stick-header-meta":"","header-above-stick-meta":"","header-main-stick-meta":"","header-below-stick-meta":"","astra-migrate-meta-layouts":"default","ast-page-background-enabled":"default","ast-page-background-meta":{"desktop":{"background-color":"var(--ast-global-color-5)","background-image":"","background-repeat":"repeat","background-position":"center center","background-size":"auto","background-attachment":"scroll","background-type":"","background-media":"","overlay-type":"","overlay-color":"","overlay-opacity":"","overlay-gradient":""},"tablet":{"background-color":"","background-image":"","background-repeat":"repeat","background-position":"center center","background-size":"auto","background-attachment":"scroll","background-type":"","background-media":"","overlay-type":"","overlay-color":"","overlay-opacity":"","overlay-gradient":""},"mobile":{"background-color":"","background-image":"","background-repeat":"repeat","background-position":"center center","background-size":"auto","background-attachment":"scroll","background-type":"","background-media":"","overlay-type":"","overlay-color":"","overlay-opacity":"","overlay-gradient":""}},"ast-content-background-meta":{"desktop":{"background-color":"var(--ast-global-color-4)","background-image":"","background-repeat":"repeat","background-position":"center center","background-size":"auto","background-attachment":"scroll","background-type":"","background-media":"","overlay-type":"","overlay-color":"","overlay-opacity":"","overlay-gradient":""},"tablet":{"background-color":"var(--ast-global-color-4)","background-image":"","background-repeat":"repeat","background-position":"center center","background-size":"auto","background-attachment":"scroll","background-type":"","background-media":"","overlay-type":"","overlay-color":"","overlay-opacity":"","overlay-gradient":""},"mobile":{"background-color":"var(--ast-global-color-4)","background-image":"","background-repeat":"repeat","background-position":"center center","background-size":"auto","background-attachment":"scroll","background-type":"","background-media":"","overlay-type":"","overlay-color":"","overlay-opacity":"","overlay-gradient":""}}},"product_brand":[],"product_cat":[153],"product_tag":[],"class_list":{"0":"post-109708","1":"product","2":"type-product","3":"status-publish","4":"has-post-thumbnail","6":"product_cat-sajat-tesztelesu-termekek","7":"desktop-align-left","8":"tablet-align-left","9":"mobile-align-left","11":"first","12":"instock","13":"shipping-taxable","14":"product-type-simple"},"jetpack_sharing_enabled":true,"_links":{"self":[{"href":"https:\/\/zatureczkimarcell.ddns.net\/wordpress\/wp-json\/wp\/v2\/product\/109708","targetHints":{"allow":["GET"]}}],"collection":[{"href":"https:\/\/zatureczkimarcell.ddns.net\/wordpress\/wp-json\/wp\/v2\/product"}],"about":[{"href":"https:\/\/zatureczkimarcell.ddns.net\/wordpress\/wp-json\/wp\/v2\/types\/product"}],"wp:featuredmedia":[{"embeddable":true,"href":"https:\/\/zatureczkimarcell.ddns.net\/wordpress\/wp-json\/wp\/v2\/media\/108121"}],"wp:attachment":[{"href":"https:\/\/zatureczkimarcell.ddns.net\/wordpress\/wp-json\/wp\/v2\/media?parent=109708"}],"wp:term":[{"taxonomy":"product_brand","embeddable":true,"href":"https:\/\/zatureczkimarcell.ddns.net\/wordpress\/wp-json\/wp\/v2\/product_brand?post=109708"},{"taxonomy":"product_cat","embeddable":true,"href":"https:\/\/zatureczkimarcell.ddns.net\/wordpress\/wp-json\/wp\/v2\/product_cat?post=109708"},{"taxonomy":"product_tag","embeddable":true,"href":"https:\/\/zatureczkimarcell.ddns.net\/wordpress\/wp-json\/wp\/v2\/product_tag?post=109708"}],"curies":[{"name":"wp","href":"https:\/\/api.w.org\/{rel}","templated":true}]}}